{"id":17060,"date":"2021-06-01T06:13:50","date_gmt":"2021-06-01T06:13:50","guid":{"rendered":"https:\/\/www.donat.com\/?page_id=17060"},"modified":"2023-07-21T08:09:39","modified_gmt":"2023-07-21T06:09:39","slug":"regeln-und-bedingungen","status":"publish","type":"page","link":"https:\/\/www.donat.com\/at\/regeln-und-bedingungen\/","title":{"rendered":"Regeln und Bedingungen"},"content":{"rendered":"\n<h1 class=\"wp-block-heading\"><strong>Regeln und Bedingungen<\/strong> f\u00fcr die Teilnahme an der Werbeaktion der Marke Donat Mg \u201eIn 6 Tagen zur besseren Verdauung\u201c<\/h1>\n\n\n\n<h3 class=\"wp-block-heading\">1. Allgemeine Bestimmungen<\/h3>\n\n\n\n<p>1.1. Diese Allgemeinen Regeln und Bedingungen (Teilnahmebedingungen) legen die Art und Weise und die Bedingungen fest, unter denen die Werbeaktion der Marke Donat Mg in \u00d6sterreich mit dem Titel \u201eIn 6 Tagen zur besseren Verdauung\u201c (nachfolgend bezeichnet als: Aktivierung) durchgef\u00fchrt wird.<\/p>\n\n\n\n<p>1.2. Der Veranstalter der Aktivierung ist Atlantic Droga Kolinska, \u017divilska industrija, d.o.o., Kolinska ulica 1, 1000 Ljubljana, Slowenien, Registrierungsnummer 2114011000 (\u201eder Veranstalter\u201c).<\/p>\n\n\n\n<p>1.3. Der Zweck der Aktivierung besteht darin, die Marke Donat Mg auf dem \u00f6sterreichischen Markt zu f\u00f6rdern, indem die Zielgruppe dazu ermutigt wird, am Programm teilzunehmen und das Programm von Donat Mg mit dem Titel \u201eIn 6 Tagen zur besseren Verdauung\u201c abzuschlie\u00dfen. Die Aktivierung richtet sich an die Bev\u00f6lkerung, die, nachdem sie die Werbeanzeige von Donat Mg gesehen hat, sich auf der Website www.donat.com\/at freiwillig f\u00fcr die Teilnahme am Programm in elektronischer Form \u201eIn 6 Tagen zur besseren Verdauung\u201c anmeldet und durch Beantwortung des entsprechenden Fragebogens Interesse am Thema Verstopfung zeigt.\u00a0\u00a0<\/p>\n\n\n\n<p>1.4. Die Aktivierung wird vom 01.06.2021 bis zum 31.12.2022 oder bis zur Aufteilung der vorgesehenen Gesamtzahl der Proben von Donat Mg-Produkten laufen, wie in Punkt 4.1 definiert, je nachdem, was zuerst eintritt.<\/p>\n\n\n\n<p>1.5. Die Aktivierung erfolgt \u00fcber die Website von Donat Mg www.donat.com\/at.<\/p>\n\n\n\n<p>1.6. Bei Fragen zur Aktivierung k\u00f6nnen sich die Teilnehmer unter der E-Mail-Adresse info@donat.com an den Veranstalter wenden.<\/p>\n\n\n\n<p>1.7. Diese Aktivierung stellt kein Gewinnspiel, Wettbewerb, Gl\u00fccksspiel oder irgendeine andere Form von Werbeaktion dar, bei der die Teilnahme oder das Ergebnis von der F\u00e4higkeit oder Leistung des Teilnehmers oder dem Gl\u00fcck oder dem Zufall abh\u00e4ngen.<\/p>\n\n\n\n<h3 class=\"wp-block-heading\">2. Die Teilnehmer<\/h3>\n\n\n\n<p>2.1. An der Aktivierung k\u00f6nnen alle vollj\u00e4hrigen Personen mit st\u00e4ndigem Wohnsitz oder Aufenthaltsort in der Republik \u00d6sterreich teilnehmen, die der Veranstalter im Rahmen der Aktivierung gem\u00e4\u00df Ziffer 1.3 dieser Teilnahmebedingungen als Zielgruppe bewertet und ihnen die Teilnahme an der Aktivierung anbietet und die die erforderlichen Daten f\u00fcr die Zustellung von Produktprobe von Donat Mg \u00fcbermitteln und gleichzeitig diese Teilnahmebedingungen akzeptieren (\u201eTeilnehmer\u201c).<\/p>\n\n\n\n<p>2.2. Mitarbeiter des Veranstalters oder seiner verbundenen Unternehmen sowie deren unmittelbare Familienangeh\u00f6rige (Ehepartner, Lebenspartner, Eltern, Kinder) und sonstige Personen, die in irgendeiner Weise direkt an der Durchf\u00fchrung der Aktivierung beteiligt sind, d\u00fcrfen nicht an der Aktivierung teilnehmen.<\/p>\n\n\n\n<p>2.3. Die Teilnahme an der Aktivierung ist freiwillig und kostenlos.<\/p>\n\n\n\n<h3 class=\"wp-block-heading\">3. Teilnahmebedingungen und Regeln<\/h3>\n\n\n\n<p>3.1. Vor der Teilnahme an der Aktivierung ist der Teilnehmer verpflichtet, sich mit diesen Teilnahmebedingungen vertraut zu machen, die auf donat.com\/at\/dopolnemolink ver\u00f6ffentlicht werden.<\/p>\n\n\n\n<p>3.2. Um an der Aktivierung teilzunehmen, muss der Teilnehmer das Formular auf der Website www.donat.com\/at ausf\u00fcllen, indem er seine pers\u00f6nlichen Daten eingibt, die f\u00fcr die Lieferung der Produktprobe von Donat Mg erforderlich sind.<\/p>\n\n\n\n<p>3.3. Durch Ausf\u00fcllen des Formulars gem\u00e4\u00df Ziffer 3.2 erkl\u00e4rt sich der Teilnehmer damit einverstanden, gem\u00e4\u00df diesen Teilnahmebedingungen an der Aktivierung teilzunehmen, einschlie\u00dflich der Verarbeitung seiner personenbezogenen Daten gem\u00e4\u00df diesen Teilnahmebedingungen und den <a href=\"https:\/\/www.donat.com\/at\/datenschutzbestimmungen\/\" target=\"_blank\" rel=\"noreferrer noopener\">Datenschutzbestimmungen<\/a>&nbsp; des Veranstalters.<\/p>\n\n\n\n<p>3.4. Jeder Teilnehmer hat das Recht, das Formular nur einmal auszuf\u00fcllen und hat nur Anspruch auf eine Produktprobe von Donat Mg. Der Teilnehmer ist verpflichtet unter eigenem Vor- und Nachnamen und mit pers\u00f6nlicher E-Mail Adresse sich f\u00fcr die Teilnahme anzumelden.<\/p>\n\n\n\n<h3 class=\"wp-block-heading\">4. Produktproben<\/h3>\n\n\n\n<p>4.1. Der Veranstalter wird an 4.500 (dreitausend) Teilnehmer, die als erste das Formular gem\u00e4\u00df Punkt 3.2 ausf\u00fcllen, ein Paket mit kostenlosen Produkten von Donat Mg in einer Version von 6 x 0,5l (\u201eProduktprobe\u201c) versenden. Der Wert der Produktprobe betr\u00e4gt EUR 3,00.<\/p>\n\n\n\n<p>4.2. Es wird vom Veranstalter empfohlen, dass die Teilnehmer, die die Produktproben erhalten, die Produkte im Rahmen der Teilnahme am Programm \u201eIn 6 Tagen zur besseren Verdauung\u201c und gem\u00e4\u00df den Anweisungen des Programms konsumieren. Der Veranstalter beh\u00e4lt sich das Recht vor, die Teilnehmer durch eine anonyme Umfrage zu kontaktieren, um Informationen \u00fcber die Zufriedenheit mit der Durchf\u00fchrung des Programms \u201eIn 6 Tagen zur besseren Verdauung\u201c zu sammeln, und zwar \u00fcber die E-Mail-Adresse der Teilnehmer, mit der sie sich zuvor f\u00fcr die Lieferung und die Teilnahme am Programm in elektronischer Form angemeldet haben.<\/p>\n\n\n\n<p>4.3. Jeder Teilnehmer wird angewiesen, die Produktdeklaration von Donat Mg nach Erhalt der Produktprobe zu \u00fcberpr\u00fcfen und sich mit etwaigen Einschr\u00e4nkungen des Produktverbrauchs vertraut zu machen.\u00a0<\/p>\n\n\n\n<p>4.4. Der Teilnehmer ist nicht berechtigt, seine Rechte an der Probe auf einen Dritten zu \u00fcbertragen.<\/p>\n\n\n\n<h3 class=\"wp-block-heading\">5. Versand von Produktproben<\/h3>\n\n\n\n<p>5.1. Die Produktproben werden vom Veranstalter innerhalb von 15 Werktagen nach erfolgreichem Ausf\u00fcllen des Formulars gem\u00e4\u00df Ziffer 3.2 versandt.<\/p>\n\n\n\n<p>5.2. Der Veranstalter haftet nicht f\u00fcr Besch\u00e4digung, Untergang oder Diebstahl der Produktproben w\u00e4hrend der Anlieferung, und der Teilnehmer hat hieraus keine Anspr\u00fcche gegen den Veranstalter. Dennoch wird sich der Veranstalter auf freiwilliger Basis in Zusammenarbeit mit dem Teilnehmer bem\u00fchen, solche Situationen optimal zu l\u00f6sen.<\/p>\n\n\n\n<h3 class=\"wp-block-heading\">6. Schutz der personenbezogenen Daten<\/h3>\n\n\n\n<p>6.1. Der Veranstalter verpflichtet sich, die personenbezogenen Daten der Teilnehmer gem\u00e4\u00df den <a href=\"https:\/\/www.donat.com\/at\/datenschutzbestimmungen\/\" target=\"_blank\" rel=\"noreferrer noopener\">Datenschutzbestimmungen<\/a>&nbsp; des Veranstalters und der Verordnung (EU) 2016\/679 des Europ\u00e4ischen Parlaments und des Rates vom 27. April 2016 zum Schutz nat\u00fcrlicher Personen bei der Verarbeitung personenbezogener Daten, zum freien Datenverkehr und zur Aufhebung der Richtlinie 95\/46\/EG (Datenschutz-Grundverordnung) (nachfolgend bezeichnet als: DSGVO) zu verarbeiten. Im Rahmen der Aktivierung verarbeitet der Veranstalter personenbezogene Daten in Form von E-Mail-Adressen, Vor- und Nachnamen, Telefonnummern und Postanschriften der Teilnehmer.<\/p>\n\n\n\n<p>6.2. Mit dem Ausf\u00fcllen des Formulars gem\u00e4\u00df Ziffer 3.2. best\u00e4tigt der Teilnehmer, dass die Verarbeitung seiner personenbezogenen Daten zum Zwecke der Durchf\u00fchrung der Aktivierung erforderlich ist.<\/p>\n\n\n\n<p>6.3. Der Veranstalter fungiert als Verantwortlicher und Auftragsverarbeiter f\u00fcr die Verarbeitung personenbezogener Daten der Teilnehmer gem\u00e4\u00df den Bedingungen und gem\u00e4\u00df den Bestimmungen der DSGVO. Bei allen Fragen im Zusammenhang mit der Verarbeitung personenbezogener Daten k\u00f6nnen sich die Teilnehmer per E-Mail unter info@donat.com oder an die in der Datenschutzrichtlinie des Veranstalters angegebene Adresse des Datenschutzbeauftragten an den Veranstalter wenden.<\/p>\n\n\n\n<p>6.4. Der Veranstalter als Verantwortlicher und Auftragsverarbeiter f\u00fcr die Verarbeitung personenbezogener Daten der Teilnehmer im Rahmen dieser Aktivierung verarbeitet personenbezogene Daten der Teilnehmer ausschlie\u00dflich zum Zwecke der Durchf\u00fchrung der Aktivierung und des Versands von Produktproben gem\u00e4\u00df diesen Teilnahmebedingungen.<\/p>\n\n\n\n<p>6.5. Die Weitergabe der personenbezogenen Daten der Teilnehmer an den Veranstalter erfolgt auf freiwilliger Basis, ist aber f\u00fcr die Teilnahme an der Aktivierung und Lieferung von Produktproben erforderlich.<\/p>\n\n\n\n<p>6.6. Der Veranstalter als Verantwortlicher f\u00fcr die Datenverarbeitung \u00fcberl\u00e4sst die Verarbeitung der personenbezogenen Daten der Teilnehmer teilweise dem ausgew\u00e4hlten Paketzustelldienstleister (Unternehmen der DPD Gruppe), ausschlie\u00dflich zum Zweck der Zustellung der Produktprobe an den Teilnehmer.<\/p>\n\n\n\n<h3 class=\"wp-block-heading\">7. Sonstige Bestimmungen<\/h3>\n\n\n\n<p>7.1. Die Auslegung dieser Teilnahmebedingungen liegt in der alleinigen Verantwortung des Veranstalters. Diese Teilnahmebedingungen und alle damit zusammenh\u00e4ngenden rechtlichen Anspr\u00fcche und\/oder Streitigkeiten unterliegen vollumf\u00e4nglich slowenischem Recht (mit Ausnahme seiner Kollisionsnormen), wobei das Gericht in Ljubljana zust\u00e4ndig ist, sofern nicht durch zwingende Bestimmungen in Bezug auf die Teilnehmer etwas anderes bestimmt ist.&nbsp;<\/p>\n\n\n\n<p>7.2. Der Veranstalter beh\u00e4lt sich das Recht vor, die Aktivierung jederzeit ohne Angabe von Gr\u00fcnden zu beenden.<\/p>\n\n\n\n<p>7.3. Der Veranstalter beh\u00e4lt sich das Recht vor, diese Teilnahmebedingungen zu \u00e4ndern, wenn dies rechtliche, technische, gesch\u00e4ftliche oder kaufm\u00e4nnische Gr\u00fcnde sowie unvorhergesehene Umst\u00e4nde h\u00f6herer Gewalt erfordern. Der Veranstalter wird alle Interessenten \u00fcber alle \u00c4nderungen und Aktualisierungen der Aktivierung \u00fcber die Website www.donat.com\/at informieren.<\/p>\n\n\n\n<p>7.4. Diese Teilnahmebedingungen treten am Tag der Ver\u00f6ffentlichung in Kraft.<\/p>\n\n\n\n<p>In Ljubljana, den 1. Juni 2021<\/p>\n\n\n\n<p>Der Veranstalter: Atlantic Droga Kolinska, \u017divilska industrija, d.o.o., Kolinska ulica 1, 1000 Ljubljana.<\/p>\n","protected":false},"excerpt":{"rendered":"<p>Regeln und Bedingungen f\u00fcr die Teilnahme an der Werbeaktion der Marke Donat Mg \u201eIn 6 Tagen zur besseren Verdauung\u201c 1. Allgemeine Bestimmungen 1.1. Diese Allgemeinen Regeln und Bedingungen (Teilnahmebedingungen) legen die Art und Weise und die Bedingungen fest, unter denen die Werbeaktion der Marke Donat Mg in \u00d6sterreich mit dem Titel \u201eIn 6 Tagen zur <a href=\"https:\/\/www.donat.com\/at\/regeln-und-bedingungen\/\" class=\"more-link\">&#8230;<\/a><\/p>\n","protected":false},"author":5,"featured_media":0,"parent":0,"menu_order":0,"comment_status":"closed","ping_status":"open","template":"","meta":{"_acf_changed":false,"footnotes":""},"class_list":["post-17060","page","type-page","status-publish","hentry"],"acf":[],"_links":{"self":[{"href":"https:\/\/www.donat.com\/at\/wp-json\/wp\/v2\/pages\/17060","targetHints":{"allow":["GET"]}}],"collection":[{"href":"https:\/\/www.donat.com\/at\/wp-json\/wp\/v2\/pages"}],"about":[{"href":"https:\/\/www.donat.com\/at\/wp-json\/wp\/v2\/types\/page"}],"author":[{"embeddable":true,"href":"https:\/\/www.donat.com\/at\/wp-json\/wp\/v2\/users\/5"}],"replies":[{"embeddable":true,"href":"https:\/\/www.donat.com\/at\/wp-json\/wp\/v2\/comments?post=17060"}],"version-history":[{"count":5,"href":"https:\/\/www.donat.com\/at\/wp-json\/wp\/v2\/pages\/17060\/revisions"}],"predecessor-version":[{"id":182261,"href":"https:\/\/www.donat.com\/at\/wp-json\/wp\/v2\/pages\/17060\/revisions\/182261"}],"wp:attachment":[{"href":"https:\/\/www.donat.com\/at\/wp-json\/wp\/v2\/media?parent=17060"}],"curies":[{"name":"wp","href":"https:\/\/api.w.org\/{rel}","templated":true}]}}