{"id":181829,"date":"2023-07-07T08:17:31","date_gmt":"2023-07-07T06:17:31","guid":{"rendered":"https:\/\/www.donat.com\/115-let-donata\/"},"modified":"2026-02-10T11:56:54","modified_gmt":"2026-02-10T09:56:54","slug":"115-jahre-donat-mg","status":"publish","type":"page","link":"https:\/\/www.donat.com\/at\/115-jahre-donat-mg\/","title":{"rendered":"115 Jahre Donat Mg"},"content":{"rendered":"<div id=\"\" class=\"ow_container_section  ms-timeline-hero-1 column-window-height move-headline-section\">\n    <div class=\"container\">\n        <div class=\"content\">\n            \n\n<div class=\"wp-block-columns column-image-absolute\">\n<div class=\"wp-block-column is-vertically-aligned-center default-column-text h64p22 column-image\"><div class=\"wp-block-image image-position-absolute\">\n<figure class=\"alignleft size-full\"><img loading=\"lazy\" decoding=\"async\" width=\"624\" height=\"623\" src=\"https:\/\/www.donat.com\/wp-content\/uploads\/2023\/07\/paviljon-levo.png\" alt=\"\" class=\"wp-image-182044\" srcset=\"https:\/\/www.donat.com\/wp-content\/uploads\/2023\/07\/paviljon-levo.png 624w, https:\/\/www.donat.com\/wp-content\/uploads\/2023\/07\/paviljon-levo-300x300.png 300w, https:\/\/www.donat.com\/wp-content\/uploads\/2023\/07\/paviljon-levo-150x150.png 150w, https:\/\/www.donat.com\/wp-content\/uploads\/2023\/07\/paviljon-levo-550x550.png 550w, https:\/\/www.donat.com\/wp-content\/uploads\/2023\/07\/paviljon-levo-100x100.png 100w\" sizes=\"auto, (max-width: 624px) 100vw, 624px\" \/><\/figure>\n<\/div>\n\n\n<h1 class=\"wp-block-heading mobile-headline\">Die nat\u00fcrliche L\u00f6sung f\u00fcr eine gute Verdauung&nbsp;<strong>seit 115 Jahren<\/strong>.<\/h1>\n<\/div>\n\n\n\n<div class=\"wp-block-column is-vertically-aligned-center default-column-text h64p22 column-text\">\n<h1 class=\"wp-block-heading\">Die nat\u00fcrliche L\u00f6sung f\u00fcr eine gute Verdauung\u00a0<strong>seit \u00fcber<\/strong> <strong>115 Jahren<\/strong> <strong>bew\u00e4hrt.<\/strong><\/h1>\n\n\n\n<p>Schon lange vor unserer Zeit wussten die Menschen von Donat Mg und seiner Wirkung auf den K\u00f6rper. Lesen Sie die spannende Geschichte \u00fcber die Entstehung von Donat Mg, wie wir ihn heute kennen.<\/p>\n\n\n\n<div class=\"wp-block-buttons\">\n<div class=\"wp-block-button parent-btn--green--16\"><a class=\"wp-block-button__link wp-element-button\" href=\"#GESCHICHTE\">ERLEBEN SIE DIE GESCHICHTE<\/a><\/div>\n<\/div>\n<\/div>\n<\/div>\n\n\n        <\/div>\n    <\/div>\n<\/div>\n\n<div id=\"GESCHICHTE\" class=\"ow_container_section  ms-timeline-hero column-window-height move-headline-section\">\n    <div class=\"container\">\n        <div class=\"content\">\n            \n        <\/div>\n    <\/div>\n<\/div>\n\n<div id=\"GESCHICHTE\" class=\"ow_container_section \">\n    <div class=\"container\">\n        <div class=\"content\">\n            \n<div id='timeline' class='ms_timeline'><div class='ms_timeline_wrapp'><div class='ms_timeline_single  pos-1 img_left first'>\n            <div class=\"ms_line_animate img_left first \">   \n               <svg xmlns=\"http:\/\/www.w3.org\/2000\/svg\" width=\"850\" height=\"400\" viewBox=\"0 0 850 400\" preserveAspectRatio=\"xMidYMid meet\">\n                  <path class=\"path\" d=\"\tM 0 0           L 0 100         C 0 200 100 200 100 200         L 750 200       C 750 200 850 200 850 300        L 850 400  \" fill=\"none\" stroke=\"#c9d5d0\" ><\/path>\n                   <text x=\"400\" y=\"234\"  text-anchor=\"middle\"          stroke=\"white\"          stroke-width=\"1px\"          >     <\/text>\n               <\/svg>                 \n            <\/div><div class='ms_timeline_single_toggle'><h2><b>Vor langer Zeit<\/b> \u2013 die Legende von Pegasus<\/h2><\/div><div class='ms_timeline_single_toggle_text'><div class='ms_timeline_single_column_wrapp'><div class='ms_timeline_single_measure'><div class='ms_timeline_single_column image_column'><p class='year-mobile'><\/p><img loading=\"lazy\" decoding=\"async\" width=\"1289\" height=\"1091\" src=\"https:\/\/www.donat.com\/wp-content\/uploads\/2021\/03\/pegasus-v2-min.png\" class=\"attachment-full size-full\" alt=\"\" srcset=\"https:\/\/www.donat.com\/wp-content\/uploads\/2021\/03\/pegasus-v2-min.png 1289w, https:\/\/www.donat.com\/wp-content\/uploads\/2021\/03\/pegasus-v2-min-300x254.png 300w, https:\/\/www.donat.com\/wp-content\/uploads\/2021\/03\/pegasus-v2-min-1024x867.png 1024w, https:\/\/www.donat.com\/wp-content\/uploads\/2021\/03\/pegasus-v2-min-118x100.png 118w, https:\/\/www.donat.com\/wp-content\/uploads\/2021\/03\/pegasus-v2-min-750x635.png 750w, https:\/\/www.donat.com\/wp-content\/uploads\/2021\/03\/pegasus-v2-min-900x762.png 900w\" sizes=\"auto, (max-width: 1289px) 100vw, 1289px\" \/><\/div><div class='ms_timeline_single_column text_column'><div class='text-wrapp default-column-text '><h2><b>Vor langer Zeit<\/b> \u2013 die Legende von Pegasus<\/h2><p>Eine uralte Legende von G\u00f6ttern und Helden besagt, dass das Fl\u00fcgelpferd Pegasus, als es Slowenien \u00fcberflog, mit einem Huf gegen einen Berg schlug, worauf die Quelle eines wunderwirkenden Mineralwassers zutage trat. Auch wenn es seltsam erscheinen mag, verbinden Forscher den griechischen Namen des Pegasus \u03a0\u03ae\u03b3\u03b1\u03c3\u03bf\u03c2 (ausgesprochen P\u00edgasos) mit dem Wort \u03c0\u03b7\u03b3\u03ae (ausgesprochen p\u00eag\u1ebf), das so viel wie Quelle bedeutet und den Ursprung der Erz\u00e4hlung erkl\u00e4rt.<\/p>\n<\/div><\/div><\/div><\/div><\/div><\/div><div class='ms_timeline_single  pos-2 img_right'>\n            <div class=\"ms_line_animate img_right \">   \n               <svg xmlns=\"http:\/\/www.w3.org\/2000\/svg\" width=\"850\" height=\"400\" viewBox=\"0 0 850 400\" preserveAspectRatio=\"xMidYMid meet\">\n                  <path class=\"path\" d=\"\tM 850 0 \t\tL 850 100 \t\tC 850 200 750 200 750 200 \t\tL 100 200 \t\tC 100 200 0 200 0 300       L 0 400 \" fill=\"none\" stroke=\"#c9d5d0\" ><\/path>\n                   <text x=\"400\" y=\"234\"  text-anchor=\"middle\"          stroke=\"white\"          stroke-width=\"1px\"          > vor 1908    <\/text>\n               <\/svg>                 \n            <\/div><div class='ms_timeline_single_toggle'><h2><b>Erste<\/b> Aufzeichnungen<\/h2><\/div><div class='ms_timeline_single_toggle_text'><div class='ms_timeline_single_column_wrapp'><div class='ms_timeline_single_measure'><div class='ms_timeline_single_column image_column'><p class='year-mobile'>vor 1908<\/p><img loading=\"lazy\" decoding=\"async\" width=\"580\" height=\"492\" src=\"https:\/\/www.donat.com\/wp-content\/uploads\/2023\/07\/history-1.jpg\" class=\"attachment-full size-full\" alt=\"\" srcset=\"https:\/\/www.donat.com\/wp-content\/uploads\/2023\/07\/history-1.jpg 580w, https:\/\/www.donat.com\/wp-content\/uploads\/2023\/07\/history-1-300x254.jpg 300w, https:\/\/www.donat.com\/wp-content\/uploads\/2023\/07\/history-1-118x100.jpg 118w\" sizes=\"auto, (max-width: 580px) 100vw, 580px\" \/><\/div><div class='ms_timeline_single_column text_column'><div class='text-wrapp default-column-text '><h2><b>Erste<\/b> Aufzeichnungen<\/h2><p>Die ersten Aufzeichnungen \u00fcber die heilenden Eigenschaften der W\u00e4sser rund um die Roga\u0161ka Slatina reichen bis ins 1572 zur\u00fcck. Ihr guter Ruf reichte bis ins Habsburgerreich, wo sie als begehrtes Heilmittel getrunken wurden.<\/p>\n<\/div><\/div><\/div><\/div><\/div><\/div><div class='ms_timeline_single  pos-3 img_left'>\n            <div class=\"ms_line_animate img_left \">   \n               <svg xmlns=\"http:\/\/www.w3.org\/2000\/svg\" width=\"850\" height=\"400\" viewBox=\"0 0 850 400\" preserveAspectRatio=\"xMidYMid meet\">\n                  <path class=\"path\" d=\"\tM 0 0           L 0 100         C 0 200 100 200 100 200         L 750 200       C 750 200 850 200 850 300        L 850 400  \" fill=\"none\" stroke=\"#c9d5d0\" ><\/path>\n                   <text x=\"400\" y=\"234\"  text-anchor=\"middle\"          stroke=\"white\"          stroke-width=\"1px\"          > 1908    <\/text>\n               <\/svg>                 \n            <\/div><div class='ms_timeline_single_toggle'><h2><b>Entdeckung<\/b> der Donatiquelle<\/h2><\/div><div class='ms_timeline_single_toggle_text'><div class='ms_timeline_single_column_wrapp'><div class='ms_timeline_single_measure'><div class='ms_timeline_single_column image_column'><p class='year-mobile'>1908<\/p><img loading=\"lazy\" decoding=\"async\" width=\"624\" height=\"623\" src=\"https:\/\/www.donat.com\/wp-content\/uploads\/2023\/07\/history001-1.png\" class=\"attachment-full size-full\" alt=\"\" srcset=\"https:\/\/www.donat.com\/wp-content\/uploads\/2023\/07\/history001-1.png 624w, https:\/\/www.donat.com\/wp-content\/uploads\/2023\/07\/history001-1-300x300.png 300w, https:\/\/www.donat.com\/wp-content\/uploads\/2023\/07\/history001-1-150x150.png 150w, https:\/\/www.donat.com\/wp-content\/uploads\/2023\/07\/history001-1-550x550.png 550w, https:\/\/www.donat.com\/wp-content\/uploads\/2023\/07\/history001-1-100x100.png 100w\" sizes=\"auto, (max-width: 624px) 100vw, 624px\" \/><\/div><div class='ms_timeline_single_column text_column'><div class='text-wrapp default-column-text '><h2><b>Entdeckung<\/b> der Donatiquelle<\/h2><p>Im Raum Roga\u0161ka Slatina waren schon einige Mineralquellen erschlossen worden, die f\u00fcr die Nutzung aber nicht besonders geeignet waren. Ein gro\u00dfer Durchbruch gelang zu Beginn des 20. Jahrhunderts, als bei einem der Bohrl\u00f6cher Wasser mit einem sehr hohen Mineralgehalt entdeckt wurde. Wegen dieser Eigenschaft und weil es in der N\u00e4he des Donatibergs (slow.: Dona\u010dka gora) entspringt, nannte man es Donat.<\/p>\n<\/div><\/div><\/div><\/div><\/div><\/div><div class='ms_timeline_single  pos-4 img_right'>\n            <div class=\"ms_line_animate img_right \">   \n               <svg xmlns=\"http:\/\/www.w3.org\/2000\/svg\" width=\"850\" height=\"400\" viewBox=\"0 0 850 400\" preserveAspectRatio=\"xMidYMid meet\">\n                  <path class=\"path\" d=\"\tM 850 0 \t\tL 850 100 \t\tC 850 200 750 200 750 200 \t\tL 100 200 \t\tC 100 200 0 200 0 300       L 0 400 \" fill=\"none\" stroke=\"#c9d5d0\" ><\/path>\n                   <text x=\"400\" y=\"234\"  text-anchor=\"middle\"          stroke=\"white\"          stroke-width=\"1px\"          > 1936    <\/text>\n               <\/svg>                 \n            <\/div><div class='ms_timeline_single_toggle'><h2><b>Erste wissenschaftliche Experimente zur<\/b> Wirkung von Donat Mg<\/h2><\/div><div class='ms_timeline_single_toggle_text'><div class='ms_timeline_single_column_wrapp'><div class='ms_timeline_single_measure'><div class='ms_timeline_single_column image_column'><p class='year-mobile'>1936<\/p><img loading=\"lazy\" decoding=\"async\" width=\"624\" height=\"623\" src=\"https:\/\/www.donat.com\/wp-content\/uploads\/2023\/07\/history002-1.png\" class=\"attachment-full size-full\" alt=\"\" srcset=\"https:\/\/www.donat.com\/wp-content\/uploads\/2023\/07\/history002-1.png 624w, https:\/\/www.donat.com\/wp-content\/uploads\/2023\/07\/history002-1-300x300.png 300w, https:\/\/www.donat.com\/wp-content\/uploads\/2023\/07\/history002-1-150x150.png 150w, https:\/\/www.donat.com\/wp-content\/uploads\/2023\/07\/history002-1-550x550.png 550w, https:\/\/www.donat.com\/wp-content\/uploads\/2023\/07\/history002-1-100x100.png 100w\" sizes=\"auto, (max-width: 624px) 100vw, 624px\" \/><\/div><div class='ms_timeline_single_column text_column'><div class='text-wrapp default-column-text '><h2><b>Erste wissenschaftliche Experimente zur<\/b> Wirkung von Donat Mg<\/h2><p>Experten aus dem In- und Ausland haben in ihren Schriften immer wieder auf die positive Wirkung des Genusses von Donat Mg hingewiesen und diesbez\u00fcgliche Trinkempfehlungen ver\u00f6ffentlicht. Prof. Dr. Leskovar, Chefarzt des Kurbads Roga\u0161ka Slatina, begann mit der Durchf\u00fchrung von Experimenten zur Wirkung von Donat Mg auf den menschlichen K\u00f6rper.<\/p>\n<\/div><\/div><\/div><\/div><\/div><\/div><div class='ms_timeline_single  pos-5 img_left'>\n            <div class=\"ms_line_animate img_left \">   \n               <svg xmlns=\"http:\/\/www.w3.org\/2000\/svg\" width=\"850\" height=\"400\" viewBox=\"0 0 850 400\" preserveAspectRatio=\"xMidYMid meet\">\n                  <path class=\"path\" d=\"\tM 0 0           L 0 100         C 0 200 100 200 100 200         L 750 200       C 750 200 850 200 850 300        L 850 400  \" fill=\"none\" stroke=\"#c9d5d0\" ><\/path>\n                   <text x=\"400\" y=\"234\"  text-anchor=\"middle\"          stroke=\"white\"          stroke-width=\"1px\"          > 1964    <\/text>\n               <\/svg>                 \n            <\/div><div class='ms_timeline_single_toggle'><h2><b>Donat Mg erh\u00e4lt<\/b> offizielle Best\u00e4tigung f\u00fcr seine heilende Wirkung<\/h2><\/div><div class='ms_timeline_single_toggle_text'><div class='ms_timeline_single_column_wrapp'><div class='ms_timeline_single_measure'><div class='ms_timeline_single_column image_column'><p class='year-mobile'>1964<\/p><img loading=\"lazy\" decoding=\"async\" width=\"624\" height=\"623\" src=\"https:\/\/www.donat.com\/wp-content\/uploads\/2023\/07\/history003-1.png\" class=\"attachment-full size-full\" alt=\"\" srcset=\"https:\/\/www.donat.com\/wp-content\/uploads\/2023\/07\/history003-1.png 624w, https:\/\/www.donat.com\/wp-content\/uploads\/2023\/07\/history003-1-300x300.png 300w, https:\/\/www.donat.com\/wp-content\/uploads\/2023\/07\/history003-1-150x150.png 150w, https:\/\/www.donat.com\/wp-content\/uploads\/2023\/07\/history003-1-550x550.png 550w, https:\/\/www.donat.com\/wp-content\/uploads\/2023\/07\/history003-1-100x100.png 100w\" sizes=\"auto, (max-width: 624px) 100vw, 624px\" \/><\/div><div class='ms_timeline_single_column text_column'><div class='text-wrapp default-column-text '><h2><b>Donat Mg erh\u00e4lt<\/b> offizielle Best\u00e4tigung f\u00fcr seine heilende Wirkung<\/h2><p>Die von Einheimischen, \u00c4rzten und Donat Mg-Trinkern geschilderten Heilwirkungen wurden 1964 erstmals offiziell bescheinigt, als ein Zertifikat \u00fcber die heilende Wirkung des nat\u00fcrlichen Mineralwassers aus der Donatiquelle ausgestellt wurde.<\/p>\n<\/div><\/div><\/div><\/div><\/div><\/div><div class='ms_timeline_single  pos-6 img_right'>\n            <div class=\"ms_line_animate img_right \">   \n               <svg xmlns=\"http:\/\/www.w3.org\/2000\/svg\" width=\"850\" height=\"400\" viewBox=\"0 0 850 400\" preserveAspectRatio=\"xMidYMid meet\">\n                  <path class=\"path\" d=\"\tM 850 0 \t\tL 850 100 \t\tC 850 200 750 200 750 200 \t\tL 100 200 \t\tC 100 200 0 200 0 300       L 0 400 \" fill=\"none\" stroke=\"#c9d5d0\" ><\/path>\n                   <text x=\"400\" y=\"234\"  text-anchor=\"middle\"          stroke=\"white\"          stroke-width=\"1px\"          > 1967    <\/text>\n               <\/svg>                 \n            <\/div><div class='ms_timeline_single_toggle'><h2><b>Er\u00f6ffnung<\/b> der Trinkanstalt<\/h2><\/div><div class='ms_timeline_single_toggle_text'><div class='ms_timeline_single_column_wrapp'><div class='ms_timeline_single_measure'><div class='ms_timeline_single_column image_column'><p class='year-mobile'>1967<\/p><img loading=\"lazy\" decoding=\"async\" width=\"624\" height=\"623\" src=\"https:\/\/www.donat.com\/wp-content\/uploads\/2023\/07\/voda.png\" class=\"attachment-full size-full\" alt=\"\" srcset=\"https:\/\/www.donat.com\/wp-content\/uploads\/2023\/07\/voda.png 624w, https:\/\/www.donat.com\/wp-content\/uploads\/2023\/07\/voda-300x300.png 300w, https:\/\/www.donat.com\/wp-content\/uploads\/2023\/07\/voda-150x150.png 150w, https:\/\/www.donat.com\/wp-content\/uploads\/2023\/07\/voda-550x550.png 550w, https:\/\/www.donat.com\/wp-content\/uploads\/2023\/07\/voda-100x100.png 100w\" sizes=\"auto, (max-width: 624px) 100vw, 624px\" \/><\/div><div class='ms_timeline_single_column text_column'><div class='text-wrapp default-column-text '><h2><b>Er\u00f6ffnung<\/b> der Trinkanstalt<\/h2><p>Nach dem verheerenden Brand, der die alte Trinkanstalt komplett zerst\u00f6rt hatte, wurde bald mit dem Bau einer neuen, gr\u00f6\u00dferen begonnen. So entstand im Jahre 1967 neben dem Kurgeb\u00e4ude in Roga\u0161ka Slatina eine moderne Trinkanstalt mit elf Zapfh\u00e4hnen, wo sich Kurg\u00e4ste und Besucher auch heute noch ihr eigenes Donat Mg zapfen k\u00f6nnen.<\/p>\n<\/div><\/div><\/div><\/div><\/div><\/div><div class='ms_timeline_single  pos-7 img_left'>\n            <div class=\"ms_line_animate img_left \">   \n               <svg xmlns=\"http:\/\/www.w3.org\/2000\/svg\" width=\"850\" height=\"400\" viewBox=\"0 0 850 400\" preserveAspectRatio=\"xMidYMid meet\">\n                  <path class=\"path\" d=\"\tM 0 0           L 0 100         C 0 200 100 200 100 200         L 750 200       C 750 200 850 200 850 300        L 850 400  \" fill=\"none\" stroke=\"#c9d5d0\" ><\/path>\n                   <text x=\"400\" y=\"234\"  text-anchor=\"middle\"          stroke=\"white\"          stroke-width=\"1px\"          > 1987    <\/text>\n               <\/svg>                 \n            <\/div><div class='ms_timeline_single_toggle'><h2><b>Gr\u00fcndung des Zentrums f\u00fcr die Entwicklung<\/b> und wissenschaftliche Erforschung von Mineralw\u00e4ssern<\/h2><\/div><div class='ms_timeline_single_toggle_text'><div class='ms_timeline_single_column_wrapp'><div class='ms_timeline_single_measure'><div class='ms_timeline_single_column image_column'><p class='year-mobile'>1987<\/p><img loading=\"lazy\" decoding=\"async\" width=\"624\" height=\"623\" src=\"https:\/\/www.donat.com\/wp-content\/uploads\/2023\/07\/history005-1.png\" class=\"attachment-full size-full\" alt=\"\" srcset=\"https:\/\/www.donat.com\/wp-content\/uploads\/2023\/07\/history005-1.png 624w, https:\/\/www.donat.com\/wp-content\/uploads\/2023\/07\/history005-1-300x300.png 300w, https:\/\/www.donat.com\/wp-content\/uploads\/2023\/07\/history005-1-150x150.png 150w, https:\/\/www.donat.com\/wp-content\/uploads\/2023\/07\/history005-1-550x550.png 550w, https:\/\/www.donat.com\/wp-content\/uploads\/2023\/07\/history005-1-100x100.png 100w\" sizes=\"auto, (max-width: 624px) 100vw, 624px\" \/><\/div><div class='ms_timeline_single_column text_column'><div class='text-wrapp default-column-text '><h2><b>Gr\u00fcndung des Zentrums f\u00fcr die Entwicklung<\/b> und wissenschaftliche Erforschung von Mineralw\u00e4ssern<\/h2><p>Das Zentrum f\u00fcr die Entwicklung und wissenschaftliche Erforschung von Mineralw\u00e4ssern spielte eine wichtige Rolle bei der Erforschung der Eigenschaften von Donat Mg und seiner Wirkung auf den menschlichen K\u00f6rper. Nach 1987 schloss sich das Zentrum dem Kurbad Roga\u0161ka Slatina an, wo die balneologischen Forschungsarbeiten fortgesetzt wurden.<\/p>\n<\/div><\/div><\/div><\/div><\/div><\/div><div class='ms_timeline_single  pos-8 img_right'>\n            <div class=\"ms_line_animate img_right \">   \n               <svg xmlns=\"http:\/\/www.w3.org\/2000\/svg\" width=\"850\" height=\"400\" viewBox=\"0 0 850 400\" preserveAspectRatio=\"xMidYMid meet\">\n                  <path class=\"path\" d=\"\tM 850 0 \t\tL 850 100 \t\tC 850 200 750 200 750 200 \t\tL 100 200 \t\tC 100 200 0 200 0 300       L 0 400 \" fill=\"none\" stroke=\"#c9d5d0\" ><\/path>\n                   <text x=\"400\" y=\"234\"  text-anchor=\"middle\"          stroke=\"white\"          stroke-width=\"1px\"          > 2015    <\/text>\n               <\/svg>                 \n            <\/div><div class='ms_timeline_single_toggle'><h2><b>Eine klinische Studie<\/b> belegt die positive Wirkung von Donat Mg auf die Verdauung<\/h2><\/div><div class='ms_timeline_single_toggle_text'><div class='ms_timeline_single_column_wrapp'><div class='ms_timeline_single_measure'><div class='ms_timeline_single_column image_column'><p class='year-mobile'>2015<\/p><img loading=\"lazy\" decoding=\"async\" width=\"400\" height=\"720\" src=\"https:\/\/www.donat.com\/wp-content\/uploads\/2023\/11\/bottle-au-05L.png\" class=\"attachment-full size-full\" alt=\"\" srcset=\"https:\/\/www.donat.com\/wp-content\/uploads\/2023\/11\/bottle-au-05L.png 400w, https:\/\/www.donat.com\/wp-content\/uploads\/2023\/11\/bottle-au-05L-167x300.png 167w, https:\/\/www.donat.com\/wp-content\/uploads\/2023\/11\/bottle-au-05L-56x100.png 56w\" sizes=\"auto, (max-width: 400px) 100vw, 400px\" \/><\/div><div class='ms_timeline_single_column text_column'><div class='text-wrapp default-column-text '><h2><b>Eine klinische Studie<\/b> belegt die positive Wirkung von Donat Mg auf die Verdauung<\/h2><p>Das Bewusstsein f\u00fcr die positiven Wirkungen von Donat Mg wurde \u00fcber Generationen hinweg weitergereicht und ist durch verschiedene wissenschaftliche Studien belegt. Am wichtigsten war eine 2015 in Deutschland durchgef\u00fchrte klinische Studie, die gezeigt hat, dass Donat Mg eine positive Wirkung auf die Verdauung von Menschen hat, die unter funktioneller Verstopfung leiden.<br \/>\nMehr zu der im European Journal of Nutrition ver\u00f6ffentlichten Studie finden Sie unter <a href=\"https:\/\/www.donat.com\/at\/die-wissenschaftlich-belegte-wirkung-von-donat-mg\/\">Die wissenschaftlich belegte Wirkung von Donat<\/a> Mg.<\/p>\n<\/div><\/div><\/div><\/div><\/div><\/div><div class='ms_timeline_single  pos-9 img_left'>\n            <div class=\"ms_line_animate img_left \">   \n               <svg xmlns=\"http:\/\/www.w3.org\/2000\/svg\" width=\"850\" height=\"400\" viewBox=\"0 0 850 400\" preserveAspectRatio=\"xMidYMid meet\">\n                  <path class=\"path\" d=\"\tM 0 0           L 0 100         C 0 200 100 200 100 200         L 750 200       C 750 200 850 200 850 300        L 850 400  \" fill=\"none\" stroke=\"#c9d5d0\" ><\/path>\n                   <text x=\"400\" y=\"234\"  text-anchor=\"middle\"          stroke=\"white\"          stroke-width=\"1px\"          > 2022    <\/text>\n               <\/svg>                 \n            <\/div><div class='ms_timeline_single_toggle'><h2><b>Nachhaltigkeit wird zum<\/b> Leitmotiv der Entwicklung<\/h2><\/div><div class='ms_timeline_single_toggle_text'><div class='ms_timeline_single_column_wrapp'><div class='ms_timeline_single_measure'><div class='ms_timeline_single_column image_column'><p class='year-mobile'>2022<\/p><img loading=\"lazy\" decoding=\"async\" width=\"867\" height=\"650\" src=\"https:\/\/www.donat.com\/wp-content\/uploads\/2022\/08\/DONAT-ENG-TRAJNOSTNO-POROCILO-AVG22-V2-s-1.png\" class=\"attachment-full size-full\" alt=\"Trajnostno poro\u010dilo\" srcset=\"https:\/\/www.donat.com\/wp-content\/uploads\/2022\/08\/DONAT-ENG-TRAJNOSTNO-POROCILO-AVG22-V2-s-1.png 867w, https:\/\/www.donat.com\/wp-content\/uploads\/2022\/08\/DONAT-ENG-TRAJNOSTNO-POROCILO-AVG22-V2-s-1-300x225.png 300w, https:\/\/www.donat.com\/wp-content\/uploads\/2022\/08\/DONAT-ENG-TRAJNOSTNO-POROCILO-AVG22-V2-s-1-133x100.png 133w, https:\/\/www.donat.com\/wp-content\/uploads\/2022\/08\/DONAT-ENG-TRAJNOSTNO-POROCILO-AVG22-V2-s-1-750x562.png 750w\" sizes=\"auto, (max-width: 867px) 100vw, 867px\" \/><\/div><div class='ms_timeline_single_column text_column'><div class='text-wrapp default-column-text '><h2><b>Nachhaltigkeit wird zum<\/b> Leitmotiv der Entwicklung<\/h2><p>Seit \u00fcber 115 Jahren steht Donat Mg f\u00fcr h\u00f6chste Standards in der nachhaltigen Entwicklung. 2022 wurden die Ziele und Aktivit\u00e4ten im Bereich der Nachhaltigkeit auch im ersten eigenst\u00e4ndigen Nachhaltigkeitsbericht klar und transparent dargelegt. Die Bestrebungen sind in vier Haupts\u00e4ulen unterteilt: Menschen, Produkte, Umwelt und Management.<\/p>\n<\/div><\/div><\/div><\/div><\/div><\/div><div><div>\n\n        <\/div>\n    <\/div>\n<\/div>","protected":false},"excerpt":{"rendered":"","protected":false},"author":5,"featured_media":0,"parent":0,"menu_order":0,"comment_status":"closed","ping_status":"closed","template":"","meta":{"_acf_changed":false,"footnotes":""},"class_list":["post-181829","page","type-page","status-publish","hentry"],"acf":[],"_links":{"self":[{"href":"https:\/\/www.donat.com\/at\/wp-json\/wp\/v2\/pages\/181829","targetHints":{"allow":["GET"]}}],"collection":[{"href":"https:\/\/www.donat.com\/at\/wp-json\/wp\/v2\/pages"}],"about":[{"href":"https:\/\/www.donat.com\/at\/wp-json\/wp\/v2\/types\/page"}],"author":[{"embeddable":true,"href":"https:\/\/www.donat.com\/at\/wp-json\/wp\/v2\/users\/5"}],"replies":[{"embeddable":true,"href":"https:\/\/www.donat.com\/at\/wp-json\/wp\/v2\/comments?post=181829"}],"version-history":[{"count":30,"href":"https:\/\/www.donat.com\/at\/wp-json\/wp\/v2\/pages\/181829\/revisions"}],"predecessor-version":[{"id":224107,"href":"https:\/\/www.donat.com\/at\/wp-json\/wp\/v2\/pages\/181829\/revisions\/224107"}],"wp:attachment":[{"href":"https:\/\/www.donat.com\/at\/wp-json\/wp\/v2\/media?parent=181829"}],"curies":[{"name":"wp","href":"https:\/\/api.w.org\/{rel}","templated":true}]}}