{"id":196517,"date":"2023-11-29T15:44:35","date_gmt":"2023-11-29T13:44:35","guid":{"rendered":"https:\/\/www.donat.com\/disclamer\/"},"modified":"2023-12-02T13:29:22","modified_gmt":"2023-12-02T11:29:22","slug":"haftungsausschluss","status":"publish","type":"page","link":"https:\/\/www.donat.com\/at\/haftungsausschluss\/","title":{"rendered":"HAFTUNGSAUSSCHLUSS"},"content":{"rendered":"\n<h1 class=\"wp-block-heading\">HAFTUNGSAUSSCHLUSS<\/h1>\n\n\n\n<p>Durch die Nutzung dieses Tools, das auf der Website www.donat.com ver\u00f6ffentlicht ist, erkl\u00e4ren Sie sich damit einverstanden und best\u00e4tigen, dass Sie mit der Datenschutzrichtlinie, die unter&nbsp;<\/p>\n\n\n\n<p><a href=\"https:\/\/www.donat.com\/at\/datenschutzbestimmungen\/\">https:\/\/www.donat.com\/at\/datenschutzbestimmungen\/<\/a> ver\u00f6ffentlicht ist, sowie mit diesem Haftungsausschluss vertraut sind und explizit beiden zustimmen, indem Sie das Tool ausschlie\u00dflich auf eigene Gefahr und gem\u00e4\u00df den in dieser Erkl\u00e4rung festgelegten Bedingungen nutzen.<\/p>\n\n\n\n<p>Dieses Tool basiert auf k\u00fcnstlicher Intelligenz, und das Unternehmen Atlantic Droga Kolinska d.o.o., Kolinska ulica 1, 1000 Ljubljana (im Folgenden als das Unternehmen bezeichnet), bem\u00fcht sich gemeinsam mit den Tool-Entwicklern, ein hochwertiges und zuverl\u00e4ssiges Tool bereitzustellen, kann jedoch unter keinen Umst\u00e4nden garantieren oder gew\u00e4hrleisten:<\/p>\n\n\n\n<ol class=\"wp-block-list\">\n<li>die Richtigkeit und Vollst\u00e4ndigkeit der vom Tool bereitgestellten Informationen,<\/li>\n\n\n\n<li>dass das Tool Ihre Anfrage versteht und Ihnen korrekte Antworten\/Informationen liefert,<\/li>\n\n\n\n<li>die fehlerfreie Funktion des Tools, f\u00fcr seine Fehler oder M\u00e4ngel, die w\u00e4hrend seiner Nutzung auftreten k\u00f6nnen.<\/li>\n\n\n\n<li>dass das Tool immer einwandfrei funktionieren und genaue Informationen liefern wird, wobei darauf hingewiesen wird, dass das Tool sich noch in der Beta-Version befindet,<\/li>\n\n\n\n<li>dass die Verwendung des Tools einen Experten ersetzt. Das Unternehmen ist nicht verantwortlich f\u00fcr etwaige Sch\u00e4den oder Verluste, die durch die Nutzung des Tools oder durch Missverst\u00e4ndnisse und die Verwendung der \u00fcber die Nutzung des Tools erhaltenen Informationen entstehen k\u00f6nnen.<\/li>\n<\/ol>\n\n\n\n<p>Die vom Tool bereitgestellten Informationen stellen nicht die Positionen\/Meinungen\/Auffassungen des Unternehmens dar.<\/p>\n\n\n\n<p>Durch die Nutzung dieses Tools \u00fcbernehmen die Benutzer ausdr\u00fccklich alle Risiken und Haftungen, die mit der Nutzung des Tools verbunden sind, und stimmen zu und sind sich dessen bewusst, dass:<\/p>\n\n\n\n<ol class=\"wp-block-list\">\n<li>alle vom Tool erhaltenen Informationen rein informativ sind, von k\u00fcnstlicher Intelligenz generiert werden und ausschlie\u00dflich f\u00fcr allgemeine Informationen bestimmt sind.<\/li>\n\n\n\n<li>Sie sich nicht ausschlie\u00dflich auf die vom Tool bereitgestellten Informationen verlassen sollten und allein und vollst\u00e4ndig daf\u00fcr verantwortlich sind, die Glaubw\u00fcrdigkeit der durch die Nutzung des Tools erhaltenen Daten zu \u00fcberpr\u00fcfen.<\/li>\n\n\n\n<li>die vom Tool bereitgestellten Informationen keine Beratung durch einen Ern\u00e4hrungsberater oder einen anderen Fachmann darstellen oder ersetzen. Bei professionellen Anfragen werden Sie sich an einen geeigneten und verantwortlichen Fachmann f\u00fcr den spezifischen Bereich, der mit der professionellen Frage zusammenh\u00e4ngt, wenden.<\/li>\n\n\n\n<li>die Nutzung dieses Tools kostenlos ist.<\/li>\n\n\n\n<li>Das Unternehmen ist nicht verantwortlich f\u00fcr etwaige Sch\u00e4den oder Verluste, die durch die Nutzung des Tools oder durch Missverst\u00e4ndnisse und die Verwendung der \u00fcber die Nutzung dieses Tools erhaltenen Informationen entstehen k\u00f6nnen. Als Benutzer \u00fcbernehmen Sie alle Risiken und Verantwortlichkeiten im Zusammenhang mit der Nutzung des Tools, und Sie werden keine Entsch\u00e4digung f\u00fcr etwaige Sch\u00e4den oder Verluste geltend machen, die Ihnen aufgrund der Nutzung dieses Tools als Folge von Nichtbefolgung oder Verletzung dieser Erkl\u00e4rung entstanden sind.<\/li>\n\n\n\n<li>dieses Tool keine Bereitstellung pers\u00f6nlicher Daten von Ihnen erfordert und auch keine automatische Erhebung pers\u00f6nlicher Daten durchf\u00fchrt, au\u00dfer Daten gem\u00e4\u00df der Datenschutzrichtlinie. Wenn Sie pers\u00f6nliche Daten innerhalb des Tools angeben, tun Sie dies auf eigene Gefahr, und das Tool und das Unternehmen sind nicht f\u00fcr die Verwaltung oder Sicherheit der Daten verantwortlich. Das Unternehmen r\u00e4t davon ab, pers\u00f6nliche Daten in das Tool einzugeben.<\/li>\n\n\n\n<li>alle vom Benutzer in das Tool eingegebenen Informationen vom Unternehmen zu internen Zwecken verwendet werden k\u00f6nnen, um den Betrieb des Tools zu optimieren.<\/li>\n\n\n\n<li>Im Falle der Nutzung des Tools durch eine Person unter 15 Jahren wird garantiert, dass das Tool in Anwesenheit von Eltern oder gesetzlichen Vertretern, die daf\u00fcr garantieren k\u00f6nnen, verwendet wird.<\/li>\n\n\n\n<li>ausschlie\u00dflich: Informationen auf eine Weise verwenden, die die Rechte Dritter oder des Unternehmens verletzt oder sich aneignet, \u00c4nderungen vornehmen, kopieren oder Informationen an Dritte f\u00fcr verschiedene Missbr\u00e4uche \u00fcbermitteln, in die Software des Tools oder die Unternehmenswebsite eingreifen, usw.<\/li>\n\n\n\n<li>Ich die Rechte des geistigen Eigentums des Unternehmens respektieren werde und in keiner Weise eingreifen werde; andernfalls bin ich dem Unternehmen f\u00fcr Sch\u00e4den verantwortlich.<\/li>\n<\/ol>\n\n\n\n<p>F\u00fcr weitere Informationen kontaktieren Sie das Unternehmen unter der E-Mail-Adresse: <a href=\"mailto:info@donat.com\">info@donat.com<\/a><\/p>\n","protected":false},"excerpt":{"rendered":"<p>HAFTUNGSAUSSCHLUSS Durch die Nutzung dieses Tools, das auf der Website www.donat.com ver\u00f6ffentlicht ist, erkl\u00e4ren Sie sich damit einverstanden und best\u00e4tigen, dass Sie mit der Datenschutzrichtlinie, die unter&nbsp; https:\/\/www.donat.com\/at\/datenschutzbestimmungen\/ ver\u00f6ffentlicht ist, sowie mit diesem Haftungsausschluss vertraut sind und explizit beiden zustimmen, indem Sie das Tool ausschlie\u00dflich auf eigene Gefahr und gem\u00e4\u00df den in dieser Erkl\u00e4rung festgelegten <a href=\"https:\/\/www.donat.com\/at\/haftungsausschluss\/\" class=\"more-link\">&#8230;<\/a><\/p>\n","protected":false},"author":38548,"featured_media":0,"parent":0,"menu_order":0,"comment_status":"closed","ping_status":"open","template":"","meta":{"_acf_changed":false,"footnotes":""},"class_list":["post-196517","page","type-page","status-publish","hentry"],"acf":[],"_links":{"self":[{"href":"https:\/\/www.donat.com\/at\/wp-json\/wp\/v2\/pages\/196517","targetHints":{"allow":["GET"]}}],"collection":[{"href":"https:\/\/www.donat.com\/at\/wp-json\/wp\/v2\/pages"}],"about":[{"href":"https:\/\/www.donat.com\/at\/wp-json\/wp\/v2\/types\/page"}],"author":[{"embeddable":true,"href":"https:\/\/www.donat.com\/at\/wp-json\/wp\/v2\/users\/38548"}],"replies":[{"embeddable":true,"href":"https:\/\/www.donat.com\/at\/wp-json\/wp\/v2\/comments?post=196517"}],"version-history":[{"count":1,"href":"https:\/\/www.donat.com\/at\/wp-json\/wp\/v2\/pages\/196517\/revisions"}],"predecessor-version":[{"id":196518,"href":"https:\/\/www.donat.com\/at\/wp-json\/wp\/v2\/pages\/196517\/revisions\/196518"}],"wp:attachment":[{"href":"https:\/\/www.donat.com\/at\/wp-json\/wp\/v2\/media?parent=196517"}],"curies":[{"name":"wp","href":"https:\/\/api.w.org\/{rel}","templated":true}]}}