{"id":213928,"date":"2024-01-26T13:30:35","date_gmt":"2024-01-26T11:30:35","guid":{"rendered":"https:\/\/www.donat.com\/?page_id=213928"},"modified":"2024-01-31T14:31:58","modified_gmt":"2024-01-31T12:31:58","slug":"entdecken-sie-donat-mg","status":"publish","type":"page","link":"https:\/\/www.donat.com\/at\/entdecken-sie-donat-mg\/","title":{"rendered":"Entdecken sie Donat MG"},"content":{"rendered":"<div id=\"\" class=\"ow_container_section  container-989 ms_hero_block column-window-height\">\n    <div class=\"container\">\n        <div class=\"content\">\n            \n\n<div class=\"wp-block-columns are-vertically-aligned-center\">\n<div class=\"wp-block-column is-vertically-aligned-center column-text default-column-text h64p22\" style=\"flex-basis:66.66%\">\n<h1 class=\"wp-block-heading\"><strong>Das Beste, was die Natur<\/strong> f\u00fcr Ihre Verdauung tun kann.<\/h1>\n\n\n\n<p>Donat Mg ist ein nat\u00fcrliches Mineralwasser mit einer einzigartigen Mineralienkombination, das die Verdauung reguliert und f\u00fcr Wohlbefinden sorgt.<\/p>\n\n\n\n<div class=\"wp-block-buttons\">\n<div class=\"wp-block-button parent-btn--green--16\"><a class=\"wp-block-button__link wp-element-button\" href=\"#probieren\">PROBIEREN SIE ES AUS<\/a><\/div>\n<\/div>\n<\/div>\n\n\n\n<div class=\"wp-block-column is-vertically-aligned-center column-image\" style=\"flex-basis:33.33%\"><div class=\"wp-block-image\">\n<figure class=\"alignright size-full\"><img loading=\"lazy\" decoding=\"async\" width=\"460\" height=\"658\" src=\"https:\/\/www.donat.com\/wp-content\/uploads\/2024\/01\/BottleBadgeAUT_NEW-6.png\" alt=\"\" class=\"wp-image-214011\" srcset=\"https:\/\/www.donat.com\/wp-content\/uploads\/2024\/01\/BottleBadgeAUT_NEW-6.png 460w, https:\/\/www.donat.com\/wp-content\/uploads\/2024\/01\/BottleBadgeAUT_NEW-6-210x300.png 210w, https:\/\/www.donat.com\/wp-content\/uploads\/2024\/01\/BottleBadgeAUT_NEW-6-70x100.png 70w\" sizes=\"auto, (max-width: 460px) 100vw, 460px\" \/><\/figure>\n<\/div><\/div>\n<\/div>\n\n\n        <\/div>\n    <\/div>\n<\/div>\n\n<div id=\"probieren\" class=\"ow_container_section  container-989 content_100_0\">\n    <div class=\"container\">\n        <div class=\"content\">\n            \n<div class='ow-widget '><div class='ow-widget-single default-column-text'><h3 class='mb16'>Wie trinkt man <strong>Donat Mg?<\/strong><\/h3><div class='ow-widget__inner'><div class='ow-widget__image'><img loading=\"lazy\" decoding=\"async\" width=\"202\" height=\"202\" src=\"https:\/\/www.donat.com\/wp-content\/uploads\/2023\/11\/DONAT-AUT-IKONE-0.5L-202x202-V2-1.png\" class=\"attachment-full size-full\" alt=\"\" srcset=\"https:\/\/www.donat.com\/wp-content\/uploads\/2023\/11\/DONAT-AUT-IKONE-0.5L-202x202-V2-1.png 202w, https:\/\/www.donat.com\/wp-content\/uploads\/2023\/11\/DONAT-AUT-IKONE-0.5L-202x202-V2-1-150x150.png 150w, https:\/\/www.donat.com\/wp-content\/uploads\/2023\/11\/DONAT-AUT-IKONE-0.5L-202x202-V2-1-100x100.png 100w\" sizes=\"auto, (max-width: 202px) 100vw, 202px\" \/><\/div><div class='ow-widget__text'><\/div><div class='wp-block-buttons'><div class='wp-block-button parent-btn--green--14'><a class='wp-block-button__link' href='#trinken' target=''>ENTDECKEN, WIE SIE DIE VERSTOPFUNG BESEITIGEN K\u00d6NNEN<\/a><\/div><\/div><\/div><\/div><div class='ow-widget-single default-column-text'><h3 class='mb16'>Wo kann man <strong>Donat Mg kaufen?<\/strong><\/h3><div class='ow-widget__inner'><div class='ow-widget__image'><img loading=\"lazy\" decoding=\"async\" width=\"202\" height=\"202\" src=\"https:\/\/www.donat.com\/wp-content\/uploads\/2023\/07\/202x202_Icon_Location_Donat.png\" class=\"attachment-full size-full\" alt=\"\" srcset=\"https:\/\/www.donat.com\/wp-content\/uploads\/2023\/07\/202x202_Icon_Location_Donat.png 202w, https:\/\/www.donat.com\/wp-content\/uploads\/2023\/07\/202x202_Icon_Location_Donat-150x150.png 150w, https:\/\/www.donat.com\/wp-content\/uploads\/2023\/07\/202x202_Icon_Location_Donat-100x100.png 100w\" sizes=\"auto, (max-width: 202px) 100vw, 202px\" \/><\/div><div class='ow-widget__text'><\/div><div class='wp-block-buttons'><div class='wp-block-button parent-btn--green--14'><a class='wp-block-button__link' href='https:\/\/www.donat.com\/at\/wo-kaufen\/' target=''>PR\u00dcFEN SIE, WO DONAT MG VERF\u00dcGBAR IST <\/a><\/div><\/div><\/div><\/div><\/div>\n\n        <\/div>\n    <\/div>\n<\/div>\n\n<div id=\"\" class=\"ow_container_section  container-989 ms-why-dring-donat column-window-height\">\n    <div class=\"container\">\n        <div class=\"content\">\n            \n\n<div class=\"wp-block-columns column-image-absolute\">\n<div class=\"wp-block-column is-vertically-aligned-center\"><div class=\"wp-block-image image-position-absolute\">\n<figure class=\"alignleft size-full\"><img loading=\"lazy\" decoding=\"async\" width=\"1463\" height=\"1281\" src=\"https:\/\/www.donat.com\/wp-content\/uploads\/2024\/01\/Donat_UrsaPremik_26300_gradient-1.png\" alt=\"\" class=\"wp-image-213930\" srcset=\"https:\/\/www.donat.com\/wp-content\/uploads\/2024\/01\/Donat_UrsaPremik_26300_gradient-1.png 1463w, https:\/\/www.donat.com\/wp-content\/uploads\/2024\/01\/Donat_UrsaPremik_26300_gradient-1-300x263.png 300w, https:\/\/www.donat.com\/wp-content\/uploads\/2024\/01\/Donat_UrsaPremik_26300_gradient-1-1024x897.png 1024w, https:\/\/www.donat.com\/wp-content\/uploads\/2024\/01\/Donat_UrsaPremik_26300_gradient-1-114x100.png 114w, https:\/\/www.donat.com\/wp-content\/uploads\/2024\/01\/Donat_UrsaPremik_26300_gradient-1-750x657.png 750w, https:\/\/www.donat.com\/wp-content\/uploads\/2024\/01\/Donat_UrsaPremik_26300_gradient-1-900x788.png 900w\" sizes=\"auto, (max-width: 1463px) 100vw, 1463px\" \/><\/figure>\n<\/div><\/div>\n\n\n\n<div class=\"wp-block-column is-vertically-aligned-center text-351 default-column-text\">\n<h2 class=\"wp-block-heading\"><strong>0,5 l pro Tag <\/strong>unterst\u00fctzt die Verdauung.<\/h2>\n\n\n\n<p>Das nat\u00fcrliche Mineralwasser Donat Mg wirkt aufgrund seiner einzigartigen Mineralienkombination als osmotisches Abf\u00fchrmittel. Schon 0,5 l Donat Mg pro Tag reichen f\u00fcr eine gute Verdauung. Verabscheiden Sie sich von der Verstopfung.<\/p>\n\n\n\n<div class=\"wp-block-buttons\">\n<div class=\"wp-block-button parent-btn--green--16\"><a class=\"wp-block-button__link wp-element-button\" href=\"#trinken\">WIE TRINKT MAN DONAT MG<\/a><\/div>\n<\/div>\n<\/div>\n<\/div>\n\n\n        <\/div>\n    <\/div>\n<\/div>\n\n<div id=\"\" class=\"ow_container_section  hide-element container-989 ms-why-dring-donat column-window-height\">\n    <div class=\"container\">\n        <div class=\"content\">\n            \n\n<div class=\"wp-block-columns column-image-absolute\">\n<div class=\"wp-block-column is-vertically-aligned-center\"><div class=\"wp-block-image image-position-absolute\">\n<figure class=\"alignleft size-full\"><img decoding=\"async\" src=\"https:\/\/donat.dev.wordpress.optiweb.si\/wp-content\/uploads\/2024\/01\/Donat_UrsaPremik_26300_gradien-4.png\" alt=\"\" class=\"wp-image-153996\"\/><\/figure>\n<\/div><\/div>\n\n\n\n<div class=\"wp-block-column is-vertically-aligned-center text-351 default-column-text\">\n<h2 class=\"wp-block-heading\">0,5 l pro Tag unterst\u00fctzt die Verdauung.<\/h2>\n\n\n\n<p>Das nat\u00fcrliche Mineralwasser Donat Mg wirkt aufgrund seiner einzigartigen Mineralienkombination als osmotisches Abf\u00fchrmittel. Schon 0,5 l Donat Mg pro Tag reichen f\u00fcr eine gute Verdauung. Verabscheiden Sie sich von der Verstopfung.<\/p>\n\n\n\n<div class=\"wp-block-buttons\">\n<div class=\"wp-block-button parent-btn--green--16\"><a class=\"wp-block-button__link wp-element-button\" href=\"#trinken\">SO TRINKT MAN DONAT MG<\/a><\/div>\n<\/div>\n<\/div>\n<\/div>\n\n\n        <\/div>\n    <\/div>\n<\/div>\n\n<div id=\"trinken\" class=\"ow_container_section \">\n    <div class=\"container\">\n        <div class=\"content\">\n            \n\n<h2 class=\"wp-block-heading has-text-align-center mb0\">Erfahren Sie, wie Sie Donat Mg richtig trinken, um Verstopfung zu beseitigen:<\/h2>\n\n\n        <\/div>\n    <\/div>\n<\/div>\n\n<div class='how-to-drink-table-with-app-section'><div class='container'><div class='how-to-drink-table-with-app-inner'><div class='wrapp'><div class='table-slider-nav'><div class='table-slider-nav-single active' data-id='0'><span>Verdauungsanregend<\/span><\/div><div class='table-slider-nav-single ' data-id='1'><span>Verstopfung<\/span><\/div><\/div><div class='table-slider-content'><div class='table-slider-content-single active' data-id='0'><div class='row-text'><div class='text description'><p><span style=\"font-weight: 400;\">Dieses Trinkregime f\u00fcr Donat Mg wurde ausgekl\u00fcgelt, um die Funktion des Verdauungssystems zu erhalten, neben der vielf\u00e4ltigen und ausgewogenen Ern\u00e4hrung als eines Teils des gesunden Lebensstils. Dieses Trinkregime kann kontinuierlich und lang eingesetzt werden.<\/span><\/p>\n<\/div><div class='text how-to-drink'><p><b>Trinkanleitung:<\/b>\u00a0<span style=\"font-weight: 400;\">Donat Mg kann laut Regime zur Verdauungsanregung kontinuierlich und lang konsumiert werden. Trinken Sie es langsam und auf Zimmertemperatur, dreimal t\u00e4glich:<\/span><\/p>\n<\/div><\/div><div class=' row-table'><div class='table'><div class='row row-0'><div class='col col-1'>Wann? \t\t<\/div><div class='col col-2 text-right'>Morgens, auf n\u00fcchternen Magen<\/div><div class='col col-3 text-right'>Vor dem Mittagessen<\/div><div class='col col-4 text-right'>Vor dem Abendessen <\/div><\/div><div class='row row-1'><div class='col col-1'>Wie viel?\t<\/div><div class='col col-2 text-right'>0,2 \u2013 0,3l \t<\/div><div class='col col-3 text-right'>0,1l<\/div><div class='col col-4 text-right'>0,1 \u2013 0,2l <\/div><\/div><\/div><\/div><\/div><div class='table-slider-content-single ' data-id='1'><div class='row-text'><div class='text description'><p><span style=\"font-weight: 400;\">Donat Mg als nat\u00fcrliches Abf\u00fchrmittel ist die beste L\u00f6sung gegen Verstopfung. Dieses Trinkregime regelt die Verstopfungsbeschwerden und sorgt f\u00fcr eine geregelte und ordnungsgem\u00e4\u00dfe Verdauung.<\/span><\/p>\n<\/div><div class='text how-to-drink'><p><b>Trinkanleitung:<\/b><span style=\"font-weight: 400;\"> Trinken Sie es schnell, erw\u00e4rmt auf 30-37\u00b0C morgens und auf Zimmertemperatur abends. Donat Mg kann nach diesem Regime regelm\u00e4\u00dfig oder wiederholend f\u00fcnf Tage hintereinander mit zwei Tagen Pause genossen werden.<\/span><\/p>\n<\/div><\/div><div class=' row-table'><div class='table'><div class='row row-0'><div class='col col-1'>Wann? \t\t<\/div><div class='col col-2 text-right'>Morgens, auf n\u00fcchternen Magen<\/div><div class='col col-3 text-right'>Vor dem Abendessen<\/div><div class='col col-4 text-right'><\/div><\/div><div class='row row-1'><div class='col col-1'>Wie viel?\t<\/div><div class='col col-2 text-right'>0,2 \u2013 0,3l <\/div><div class='col col-3 text-right'>0,2l <\/div><div class='col col-4 text-right'><\/div><\/div><\/div><\/div><\/div><\/div><div class='wp-block-columns are-vertically-aligned-center'><div class='wp-block-column is-vertically-aligned-center column-text text-447 default-column-text h40p20 first'><div class='hhb__text '><h2 id=\"app\"><strong><span style=\"font-weight: 400;\"><strong>Haben Sie sich<\/strong><br \/>\n<\/span><\/strong><span style=\"font-weight: 400;\">f\u00fcr dieses Trinkregime entschieden?<\/span><\/h2>\n<p><span style=\"font-weight: 400;\">Laden Sie die App herunter, die sicherstellen wird, dass Sie nie vergessen, Donat Mg auf die von Ihnen ausgew\u00e4hlte Art und Weise zu trinken.<\/span><\/p>\n<\/div><div class='wp-block-images'><div class='image image-apple'><a target='_blank' href='https:\/\/apps.apple.com\/at\/app\/donat-mg-moments\/id912821903'><img loading=\"lazy\" decoding=\"async\" width=\"133\" height=\"45\" src=\"https:\/\/www.donat.com\/wp-content\/uploads\/2021\/01\/apple-badge-2.png\" class=\"attachment-full size-full\" alt=\"\" \/><\/a><\/div><div class='image image-android'><a target='_blank' href='https:\/\/play.google.com\/store\/apps\/details?id=si.renderspace.donatmgmoments&#038;hl=de&#038;gl=AT'><img loading=\"lazy\" decoding=\"async\" width=\"150\" height=\"45\" src=\"https:\/\/www.donat.com\/wp-content\/uploads\/2021\/01\/google-play-badge.png\" class=\"attachment-full size-full\" alt=\"\" \/><\/a><\/div><\/div><\/div><div class='wp-block-column is-vertically-aligned-center  column-image'><div class='hhb__text default-column-text h40p20'><h2 id=\"app\"><strong><span style=\"font-weight: 400;\"><strong>Haben Sie sich<\/strong><br \/>\n<\/span><\/strong><span style=\"font-weight: 400;\">f\u00fcr dieses Trinkregime entschieden?<\/span><\/h2>\n<p><span style=\"font-weight: 400;\">Laden Sie die App herunter, die sicherstellen wird, dass Sie nie vergessen, Donat Mg auf die von Ihnen ausgew\u00e4hlte Art und Weise zu trinken.<\/span><\/p>\n<\/div><div class='wp-block-image'><img loading=\"lazy\" decoding=\"async\" width=\"365\" height=\"514\" src=\"https:\/\/www.donat.com\/wp-content\/uploads\/2021\/02\/App-Image-1.png\" class=\"attachment-full size-full\" alt=\"\" srcset=\"https:\/\/www.donat.com\/wp-content\/uploads\/2021\/02\/App-Image-1.png 365w, https:\/\/www.donat.com\/wp-content\/uploads\/2021\/02\/App-Image-1-213x300.png 213w\" sizes=\"auto, (max-width: 365px) 100vw, 365px\" \/><\/div><\/div><\/div><\/div><\/div><\/div><\/div>\n\n<div id=\"\" class=\"ow_container_section \">\n    <div class=\"container\">\n        <div class=\"content\">\n            \n<div class='detox-study-participants'><div class='dsp__row text-holder'><div class='wp-block-columns'><div class='wp-block-column is-vertically-aligned-top  default-column-text first'><div class='dsp__text '><h3>Empfehlung von Fachexperten:<\/h3>\n<\/div><\/div><div class='wp-block-column is-vertically-aligned-top second'><\/div><\/div><\/div><div class='dsp__row participants-slider'><div class=' participant-single'><div class='participant-image'><div class='shadow'><img fetchpriority=\"high\" decoding=\"async\" width=\"340\" height=\"408\" src=\"https:\/\/www.donat.com\/wp-content\/uploads\/2021\/05\/avstrijka-2.png\" class=\"attachment-full size-full\" alt=\"\" loading=\"eager\" srcset=\"https:\/\/www.donat.com\/wp-content\/uploads\/2021\/05\/avstrijka-2.png 340w, https:\/\/www.donat.com\/wp-content\/uploads\/2021\/05\/avstrijka-2-250x300.png 250w, https:\/\/www.donat.com\/wp-content\/uploads\/2021\/05\/avstrijka-2-83x100.png 83w\" sizes=\"(max-width: 340px) 100vw, 340px\" \/><\/div><\/div><div class='participant-text default-column-text participant-text-with-title'><h2>Mag. Katharina <strong>Bruner<\/strong><\/h2><p><strong>Ern\u00e4hrungswissenschafterin<\/strong><\/p><p>&#8220;Verdauungsprobleme, insbesondere chronische Verstopfung, sind nicht nur unangenehm, sondern k\u00f6nnen auch gesundheitliche und psychische Folgen haben. Daher ist es wichtig, auf die Darmgesundheit und vor allem auf eine regelm\u00e4\u00dfige Verdauung zu achten. Neben einer gesunden Ern\u00e4hrung und ausreichend Bewegung empfehle ich dringend den regelm\u00e4\u00dfigen Genuss von Donat Mg, da dieses Mineralwasser nicht nur ganz nat\u00fcrlich ist, sondern auch eine hervorragende Wirkung auf die Verdauung hat.&#8220;<\/p>\n<\/div><\/div><\/div><\/div>\n\n        <\/div>\n    <\/div>\n<\/div>\n\n<div class='latest_blog_posts_horizontal'><div class='lbph__row text-holder'><div class='wp-block-columns'><div class='wp-block-column is-vertically-aligned-top  default-column-text first'><div class='hhb__text '><h2><b>Regulieren Sie Ihre Verdauung und verbessern Sie Ihre Essgewohnheiten<\/b><\/h2>\n<p><span style=\"font-weight: 400;\">Wir haben f\u00fcr Sie n\u00fctzliche wissenschaftliche Beilagen dar\u00fcber vorbereitet, wie man eine gesunde Verdauung gew\u00e4hrleisten kann.<\/span><\/p>\n<\/div><\/div><div class='wp-block-column is-vertically-aligned-top second'><div class='wp-block-buttons desktop'><div class='wp-block-button parent-btn--green--16'><a class='wp-block-button__link' target=''href ='https:\/\/www.donat.com\/at\/gesundheit\/'>Alle Tipps <\/a><\/div><\/div><\/div><\/div><\/div><div class='lbph__row blog-posts-holder'><div class='blog_posts clearfix'><div class='blog_posts_col first one-third add-margin-right'><div class='blog_posts_item big '><div class='ms_post_card_wrapp'><a   href='https:\/\/www.donat.com\/at\/winterliche-gaumenfreuden-mit-sauerkraut\/'><div class='ms_post_card_bg '><img loading=\"lazy\" decoding=\"async\" width=\"550\" height=\"550\" src=\"https:\/\/www.donat.com\/wp-content\/uploads\/2021\/03\/zelje-zelje-squere.jpg\" class=\"attachment-blog-550-550 size-blog-550-550\" alt=\"\" srcset=\"https:\/\/www.donat.com\/wp-content\/uploads\/2021\/03\/zelje-zelje-squere.jpg 550w, https:\/\/www.donat.com\/wp-content\/uploads\/2021\/03\/zelje-zelje-squere-300x300.jpg 300w, https:\/\/www.donat.com\/wp-content\/uploads\/2021\/03\/zelje-zelje-squere-150x150.jpg 150w, https:\/\/www.donat.com\/wp-content\/uploads\/2021\/03\/zelje-zelje-squere-100x100.jpg 100w\" sizes=\"auto, (max-width: 550px) 100vw, 550px\" \/><\/div><div class='ms_post_card_text_wrapp'><div class='ms_post_card_text'><h3>Immunsystem<\/h3><h2>Winterliche Gaumenfreuden mit Sauerkraut<\/h2><\/div><div class='ms_post_card_more'><span>Mehr<\/span><\/div><\/div><\/a><\/div><\/div><\/div><div class='blog_posts_col second two-thirds'><div class='blog_posts_row first full-width add-margin-bottom clearfix'><div class='blog_posts_item first add-margin-right one-third'><div class='ms_post_card_wrapp'><a   href='https:\/\/www.donat.com\/at\/10-uberraschende-fakten-uber-deinen-darm\/'><div class='ms_post_card_bg '><img loading=\"lazy\" decoding=\"async\" width=\"550\" height=\"550\" src=\"https:\/\/www.donat.com\/wp-content\/uploads\/2025\/04\/Donat_UrsaPremik_25354_s-copy_CREVKA-2-1-1.webp\" class=\"attachment-blog-550-550 size-blog-550-550\" alt=\"\u017denska v naravi.\" srcset=\"https:\/\/www.donat.com\/wp-content\/uploads\/2025\/04\/Donat_UrsaPremik_25354_s-copy_CREVKA-2-1-1.webp 550w, https:\/\/www.donat.com\/wp-content\/uploads\/2025\/04\/Donat_UrsaPremik_25354_s-copy_CREVKA-2-1-1-300x300.webp 300w, https:\/\/www.donat.com\/wp-content\/uploads\/2025\/04\/Donat_UrsaPremik_25354_s-copy_CREVKA-2-1-1-150x150.webp 150w, https:\/\/www.donat.com\/wp-content\/uploads\/2025\/04\/Donat_UrsaPremik_25354_s-copy_CREVKA-2-1-1-100x100.webp 100w\" sizes=\"auto, (max-width: 550px) 100vw, 550px\" \/><\/div><div class='ms_post_card_text_wrapp'><div class='ms_post_card_text'><h3>Verdauung<\/h3><h2>10 \u00fcberraschende Fakten \u00fcber deinen Darm<\/h2><\/div><div class='ms_post_card_more'><span>Mehr<\/span><\/div><\/div><\/a><\/div><\/div><div class='blog_posts_item second two-thirds'><div class='ms_post_card_wrapp'><a   href='https:\/\/www.donat.com\/at\/magnesium-fuer-sportler\/'><div class='ms_post_card_bg '><img loading=\"lazy\" decoding=\"async\" width=\"553\" height=\"280\" src=\"https:\/\/www.donat.com\/wp-content\/uploads\/2025\/03\/magnezij-za-sportnike_553x280.webp\" class=\"attachment-blog-553-280 size-blog-553-280\" alt=\"Razli\u010dni viri beljakovin: ribe, rde\u010de meso, pusto meso, jajca, mle\u010dni izdelki, fi\u017eol.\" srcset=\"https:\/\/www.donat.com\/wp-content\/uploads\/2025\/03\/magnezij-za-sportnike_553x280.webp 553w, https:\/\/www.donat.com\/wp-content\/uploads\/2025\/03\/magnezij-za-sportnike_553x280-300x152.webp 300w, https:\/\/www.donat.com\/wp-content\/uploads\/2025\/03\/magnezij-za-sportnike_553x280-198x100.webp 198w\" sizes=\"auto, (max-width: 553px) 100vw, 553px\" \/><\/div><div class='ms_post_card_text_wrapp'><div class='ms_post_card_text'><h3>Mineralien<\/h3><h2>Magnesium f\u00fcr Sporttreibende: Unverzichtbar f\u00fcr den Erfolg?<\/h2><\/div><div class='ms_post_card_more'><span>Mehr<\/span><\/div><\/div><\/a><\/div><\/div><\/div><div class='blog_posts_row second full-width clearfix'><div class='blog_posts_item first two-thirds add-margin-right '><div class='ms_post_card_wrapp'><a   href='https:\/\/www.donat.com\/at\/magnesium-in-der-schwangerschaft\/'><div class='ms_post_card_bg '><img loading=\"lazy\" decoding=\"async\" width=\"553\" height=\"280\" src=\"https:\/\/www.donat.com\/wp-content\/uploads\/2025\/03\/magnezij-v-nosecnosti_553x280.webp\" class=\"attachment-blog-553-280 size-blog-553-280\" alt=\"Nose\u010dnica s kozarcem Donata, bogatim z magnezijem.\" srcset=\"https:\/\/www.donat.com\/wp-content\/uploads\/2025\/03\/magnezij-v-nosecnosti_553x280.webp 553w, https:\/\/www.donat.com\/wp-content\/uploads\/2025\/03\/magnezij-v-nosecnosti_553x280-300x152.webp 300w, https:\/\/www.donat.com\/wp-content\/uploads\/2025\/03\/magnezij-v-nosecnosti_553x280-198x100.webp 198w\" sizes=\"auto, (max-width: 553px) 100vw, 553px\" \/><\/div><div class='ms_post_card_text_wrapp'><div class='ms_post_card_text'><h3>Mineralien<\/h3><h2>Magnesium in der Schwangerschaft: Warum, wie viel und wie man es einnehmen sollte<\/h2><\/div><div class='ms_post_card_more'><span>Mehr<\/span><\/div><\/div><\/a><\/div><\/div><div class='blog_posts_item second one-third'><div class='ms_post_card_wrapp'><a   href='https:\/\/www.donat.com\/at\/kalzium-in-der-nahrung\/'><div class='ms_post_card_bg '><img loading=\"lazy\" decoding=\"async\" width=\"550\" height=\"550\" src=\"https:\/\/www.donat.com\/wp-content\/uploads\/2025\/03\/kalcij-v-hrani_550x550.webp\" class=\"attachment-blog-550-550 size-blog-550-550\" alt=\"\u017denska in mo\u0161ki pripravljata kosilo v kuhinji ob plastenki Donata.\" srcset=\"https:\/\/www.donat.com\/wp-content\/uploads\/2025\/03\/kalcij-v-hrani_550x550.webp 550w, https:\/\/www.donat.com\/wp-content\/uploads\/2025\/03\/kalcij-v-hrani_550x550-300x300.webp 300w, https:\/\/www.donat.com\/wp-content\/uploads\/2025\/03\/kalcij-v-hrani_550x550-150x150.webp 150w, https:\/\/www.donat.com\/wp-content\/uploads\/2025\/03\/kalcij-v-hrani_550x550-100x100.webp 100w\" sizes=\"auto, (max-width: 550px) 100vw, 550px\" \/><\/div><div class='ms_post_card_text_wrapp'><div class='ms_post_card_text'><h3>Mineralien<\/h3><h2>Kalzium in der Nahrung: Warum es wichtig ist und in welchen Lebensmitteln es enthalten ist<\/h2><\/div><div class='ms_post_card_more'><span>Mehr<\/span><\/div><\/div><\/a><\/div><\/div><\/div><\/div><\/div><\/div><div class='wp-block-buttons mobile'><div class='wp-block-button parent-btn--green--16'><a class='wp-block-button__link' target=''href ='https:\/\/www.donat.com\/at\/gesundheit\/'>Alle Tipps <\/a><\/div><\/div><\/div>\n\n<div id=\"\" class=\"ow_container_section  hide container-full nature-parallax-section\">\n    <div class=\"container\">\n        <div class=\"content\">\n            \n \n<div id='nature-parallax'>\n    <div class='parallax-container'>\n        <div class='parallax-layer layer layer-0' data-parallax-type='layer' data-parallax-min='unset' data-parallax-speed='12' data-max-scroll='500'><\/div>\n        <div class='parallax-layer layer layer-1' data-parallax-type='layer' data-parallax-min='unset' data-parallax-speed='16' data-max-scroll='500'><\/div>\n        <div class='parallax-layer layer layer-1-5' data-parallax-type='layer' data-parallax-min='unset' data-parallax-speed='50' data-max-scroll='500'><\/div>\n        <div class='parallax-layer layer layer-2' data-parallax-type='layer' data-parallax-min='unset' data-parallax-speed='19' data-max-scroll='500'><\/div>\n        <div class='parallax-layer layer layer-2-5' data-parallax-type='layer' data-parallax-min='unset' data-parallax-speed='15' data-max-scroll='500'><\/div>\n        <div class='parallax-layer cloud cloud-2 layer-2-6' data-parallax-type='cloud' ><\/div>\n        <div class='parallax-layer layer layer-3' data-parallax-type='layer' data-parallax-min='unset' data-parallax-speed='25' data-max-scroll='500'><\/div>\n        <div class='parallax-layer cloud cloud-1 layer-3-5' data-parallax-type='cloud' ><\/div>\n        <div class='parallax-layer layer layer-4' data-parallax-type='layer' data-parallax-min='unset' data-parallax-speed='30' data-max-scroll='500'><\/div>\n        <div class='parallax-layer layer layer-4-1' data-parallax-type='layer' data-parallax-min='unset'><\/div>\n      <div class='layer layer-5' data-parallax-speed='0' data-max-scroll='500'><\/div>\n       \n        <div class='nature-parallax-content clearfix'>\n            <div class='default-column-text'>\n                <div class='hhb__text '><p>u003ch2u003eu003cstrongu003eSorgeu003c\/strongu003e um die Naturu003c\/h2u003ernWir stellen Ihnen eine umweltvertr\u00e4gliche Flasche aus 100 %rnrecyceltem Kunststoff vor, wodurch wir diernCO-Emissionen um sogar 90 % verringern werden.<\/p>\n<\/div>\n                <div class='wp-block-buttons'><div class='wp-block-button parent-btn--green--16'><a class='wp-block-button__link' target=''href ='https:\/\/www.donat.com\/at\/sustainability\/'>Mehr zur Nachhaltigkeit<\/a><\/div><\/div>\n            <\/div>\n        <\/div>\n        \n        <div class='parallax-layer icon icon-1 ' data-parallax-type='icon' data-parallax-freeze='false' data-parallax-min='0' data-parallax-speed='1.6' data-max-scroll='265'>\n            <div class='icon-image'><img loading=\"lazy\" decoding=\"async\" width=\"1\" height=\"1\" src=\"https:\/\/www.donat.com\/wp-content\/uploads\/2021\/02\/Ico-Nature.svg\" class=\"attachment-80x80 size-80x80\" alt=\"\" \/><\/div>\n            <div class='icon-text'><span class='text-top'>Made entirely<\/span><span class='text-bottom'>by nature<\/span><\/div>\n        <\/div>\n        <div class='parallax-layer icon icon-2 ' data-parallax-type='icon' data-parallax-freeze='false' data-parallax-min='0' data-parallax-speed='0.7' data-max-scroll='265'>\n            <div class='icon-image'><img loading=\"lazy\" decoding=\"async\" width=\"1\" height=\"1\" src=\"https:\/\/www.donat.com\/wp-content\/uploads\/2021\/02\/Ico-Minerals.svg\" class=\"attachment-80x80 size-80x80\" alt=\"\" \/><\/div>\n\n            <div class='icon-text'><span class='text-top'>Unique <\/span><span class='text-bottom'>combination of minerals<\/span><\/div>\n        <\/div>\n        <div class='parallax-layer icon icon-3 ' data-parallax-type='icon' data-parallax-freeze='false' data-parallax-min='0' data-parallax-speed='1.2' data-max-scroll='265'>\n            <div class='icon-image'><img loading=\"lazy\" decoding=\"async\" width=\"1\" height=\"1\" src=\"https:\/\/www.donat.com\/wp-content\/uploads\/2021\/02\/Ico-PET.svg\" class=\"attachment-80x80 size-80x80\" alt=\"\" \/><\/div>\n            <div class='icon-text'><span class='text-top'>100%<\/span><span class='text-bottom'>rPET<\/span><\/div>\n        <\/div>\n\n    <\/div>\n<\/div>\n\n\n        <\/div>\n    <\/div>\n<\/div>","protected":false},"excerpt":{"rendered":"","protected":false},"author":38548,"featured_media":0,"parent":0,"menu_order":0,"comment_status":"closed","ping_status":"closed","template":"","meta":{"_acf_changed":false,"footnotes":""},"class_list":["post-213928","page","type-page","status-publish","hentry"],"acf":[],"_links":{"self":[{"href":"https:\/\/www.donat.com\/at\/wp-json\/wp\/v2\/pages\/213928","targetHints":{"allow":["GET"]}}],"collection":[{"href":"https:\/\/www.donat.com\/at\/wp-json\/wp\/v2\/pages"}],"about":[{"href":"https:\/\/www.donat.com\/at\/wp-json\/wp\/v2\/types\/page"}],"author":[{"embeddable":true,"href":"https:\/\/www.donat.com\/at\/wp-json\/wp\/v2\/users\/38548"}],"replies":[{"embeddable":true,"href":"https:\/\/www.donat.com\/at\/wp-json\/wp\/v2\/comments?post=213928"}],"version-history":[{"count":31,"href":"https:\/\/www.donat.com\/at\/wp-json\/wp\/v2\/pages\/213928\/revisions"}],"predecessor-version":[{"id":214074,"href":"https:\/\/www.donat.com\/at\/wp-json\/wp\/v2\/pages\/213928\/revisions\/214074"}],"wp:attachment":[{"href":"https:\/\/www.donat.com\/at\/wp-json\/wp\/v2\/media?parent=213928"}],"curies":[{"name":"wp","href":"https:\/\/api.w.org\/{rel}","templated":true}]}}