{"id":4587,"date":"2021-02-23T09:41:58","date_gmt":"2021-02-23T09:41:58","guid":{"rendered":"https:\/\/www.donat.com\/about-donat\/"},"modified":"2023-11-09T08:49:15","modified_gmt":"2023-11-09T06:49:15","slug":"ueber-donat-mg","status":"publish","type":"page","link":"https:\/\/www.donat.com\/at\/ueber-donat-mg\/","title":{"rendered":"\u00dcber Donat Mg"},"content":{"rendered":"<div id=\"\" class=\"ow_container_section  container-989 about_hero_block column-window-height\">\n    <div class=\"container\">\n        <div class=\"content\">\n            \n\n<div class=\"wp-block-columns are-vertically-aligned-center\">\n<div class=\"wp-block-column is-vertically-aligned-center column-text default-column-text h64p22\" style=\"flex-basis:66.66%\">\n<h1 class=\"wp-block-heading\" id=\"naturlicher-reichtum-fur-eine-gesunde-verdauung\"><strong>Nat\u00fcrlicher Reichtum<\/strong><br>f\u00fcr eine regelm\u00e4\u00dfige Verdauung<\/h1>\n\n\n\n<p>Das nat\u00fcrliche Mineralquellwasser Donat Mg ist mit den Mineralien aus dem sich aufl\u00f6senden Gestein angereichert, die sich auf unser Verdauungssystem und das gesamte Wohlbefinden positiv auswirken.<\/p>\n\n\n\n<div class=\"wp-block-buttons\">\n<div class=\"wp-block-button parent-btn--green--16\"><a class=\"wp-block-button__link wp-element-button\" href=\"#unique-combination-of-materials\">Lernen Sie es kennen<\/a><\/div>\n<\/div>\n<\/div>\n\n\n\n<div class=\"wp-block-column is-vertically-aligned-center column-image\" style=\"flex-basis:33.33%\"><div class=\"wp-block-image\">\n<figure class=\"alignright size-full\"><img loading=\"lazy\" decoding=\"async\" width=\"400\" height=\"720\" src=\"https:\/\/www.donat.com\/wp-content\/uploads\/2023\/11\/AUT-DONAT-05L-1908-senca_400x720.png\" alt=\"Donat Mg 0,5L plastenka\" class=\"wp-image-189442\" srcset=\"https:\/\/www.donat.com\/wp-content\/uploads\/2023\/11\/AUT-DONAT-05L-1908-senca_400x720.png 400w, https:\/\/www.donat.com\/wp-content\/uploads\/2023\/11\/AUT-DONAT-05L-1908-senca_400x720-167x300.png 167w, https:\/\/www.donat.com\/wp-content\/uploads\/2023\/11\/AUT-DONAT-05L-1908-senca_400x720-56x100.png 56w\" sizes=\"auto, (max-width: 400px) 100vw, 400px\" \/><\/figure>\n<\/div><\/div>\n<\/div>\n\n\n\n<p><\/p>\n\n\n        <\/div>\n    <\/div>\n<\/div>\n\n<div id=\"unique-combination-of-materials\" class=\"ow_container_section  container-989 about-juniqe-combination  column-window-height move-headline-section\">\n    <div class=\"container\">\n        <div class=\"content\">\n            \n\n<div class=\"wp-block-columns column-image-absolute\">\n<div class=\"wp-block-column is-vertically-aligned-center column-image default-column-text\">\n<h2 class=\"wp-block-heading mobile-headline\" id=\"einzigartige-mineralienkombination\"><strong><strong>Einzigartige <\/strong><\/strong><br>Mineralienkombination<\/h2>\n\n\n<div class=\"wp-block-image image-position-absolute\">\n<figure class=\"alignleft size-full\"><img loading=\"lazy\" decoding=\"async\" width=\"760\" height=\"604\" src=\"https:\/\/www.donat.com\/wp-content\/uploads\/2023\/07\/Minerali_Left_Donat.png\" alt=\"\" class=\"wp-image-182947\" srcset=\"https:\/\/www.donat.com\/wp-content\/uploads\/2023\/07\/Minerali_Left_Donat.png 760w, https:\/\/www.donat.com\/wp-content\/uploads\/2023\/07\/Minerali_Left_Donat-300x238.png 300w, https:\/\/www.donat.com\/wp-content\/uploads\/2023\/07\/Minerali_Left_Donat-126x100.png 126w, https:\/\/www.donat.com\/wp-content\/uploads\/2023\/07\/Minerali_Left_Donat-750x596.png 750w\" sizes=\"auto, (max-width: 760px) 100vw, 760px\" \/><\/figure>\n<\/div><\/div>\n\n\n\n<div class=\"wp-block-column is-vertically-aligned-center text-447 default-column-text column-text\">\n<h2 class=\"wp-block-heading\" id=\"einzigartige-mineralienkombination\"><strong><strong><strong>Einzigartige <\/strong><\/strong><\/strong><br>Mineralienkombination<\/h2>\n\n\n\n<p>Eine einzigartige, nat\u00fcrliche Kombination aus f\u00fcnf Mineralien stellt das verborgene Rezept f\u00fcr eine positive Wirkung von Donat Mg auf eine ordnungsgem\u00e4\u00dfe Funktion des Organismus und das gesamte Wohlbefinden dar.<\/p>\n\n\n\n<div class=\"wp-block-buttons\">\n<div class=\"wp-block-button parent-btn--green--16\"><a class=\"wp-block-button__link wp-element-button\" href=\"#how-to-drink\">Wie trinkt man Donat Mg<\/a><\/div>\n\n\n<\/div>\n<\/div>\n<\/div>\n\n\n        <\/div>\n    <\/div>\n<\/div>\n\n<div id=\"\" class=\"ow_container_section  drinking-donat-is-safe container-989\">\n    <div class=\"container\">\n        <div class=\"content\">\n            \n\n<div class=\"wp-block-columns\">\n<div class=\"wp-block-column is-vertically-aligned-center column-text default-column-text\">\n<h2 class=\"wp-block-heading\" id=\"donat-ist-von-natur-aus-trinksicher\"><strong><strong>Donat Mg ist von Natur <\/strong><\/strong><br>aus trinksicher<\/h2>\n\n\n\n<p>Unser K\u00f6rper gew\u00f6hnt sich nicht auf die Wirkung von Donat Mg, weil sie mechanisch ist. Donat Mg wirkt nach dem Osmoseprinzip \u2013 zuerst absorbieren die Sulfate das Wasser aus den Darmwandzellen, was das Volumen des Darminhalts erh\u00f6ht. Magnesium entspannt zus\u00e4tzlich die Verdauungstraktmuskulatur, wodurch es den Sulfaten hilft, die Peristaltik anzuregen und zu beschleunigen.<\/p>\n\n\n\n<div class=\"wp-block-columns\">\n<div class=\"wp-block-column\">\n<figure class=\"wp-block-image size-large\"><img decoding=\"async\" src=\"https:\/\/www.donat.com\/wp-content\/uploads\/2023\/07\/80x80_Icon_Addictive_Donat.svg\" alt=\"\" class=\"wp-image-182923\"\/><\/figure>\n\n\n\n<p class=\"has-text-align-center\">Es macht <br><strong>nicht s\u00fcchtig<\/strong><\/p>\n<\/div>\n\n\n\n<div class=\"wp-block-column\">\n<figure class=\"wp-block-image size-large\"><img decoding=\"async\" src=\"https:\/\/www.donat.com\/wp-content\/uploads\/2023\/07\/80x80_Icon_Beneficial_Donat.svg\" alt=\"\" class=\"wp-image-182931\"\/><\/figure>\n\n\n\n<p class=\"has-text-align-center\">Vorteilhaft f\u00fcr Ihre<br><strong>Gesundheit<\/strong><\/p>\n<\/div>\n\n\n\n<div class=\"wp-block-column\">\n<figure class=\"wp-block-image size-large\"><img decoding=\"async\" src=\"https:\/\/www.donat.com\/wp-content\/uploads\/2023\/07\/80x80_Icon_Leaf_Donat.svg\" alt=\"\" class=\"wp-image-182938\"\/><\/figure>\n\n\n\n<p class=\"has-text-align-center\">100%<br><strong>nat\u00fcrlich<\/strong><\/p>\n<\/div>\n<\/div>\n<\/div>\n\n\n\n<div class=\"wp-block-column is-vertically-aligned-center column-image-absolute\">\n<figure class=\"wp-block-image size-large image-position-absolute\"><img loading=\"lazy\" decoding=\"async\" width=\"527\" height=\"1024\" src=\"https:\/\/www.donat.com\/wp-content\/uploads\/2023\/08\/image-au-527x1024.png\" alt=\"\" class=\"wp-image-183654\" srcset=\"https:\/\/www.donat.com\/wp-content\/uploads\/2023\/08\/image-au-527x1024.png 527w, https:\/\/www.donat.com\/wp-content\/uploads\/2023\/08\/image-au-154x300.png 154w, https:\/\/www.donat.com\/wp-content\/uploads\/2023\/08\/image-au-51x100.png 51w, https:\/\/www.donat.com\/wp-content\/uploads\/2023\/08\/image-au.png 704w\" sizes=\"auto, (max-width: 527px) 100vw, 527px\" \/><\/figure>\n<\/div>\n<\/div>\n\n\n        <\/div>\n    <\/div>\n<\/div>\n\n<div id=\"\" class=\"ow_container_section  minerals-present  container-989\">\n    <div class=\"container\">\n        <div class=\"content\">\n            \n\n<div class=\"wp-block-columns\">\n<div class=\"wp-block-column column-text default-column-text\">\n<h2 class=\"wp-block-heading\" id=\"vorhandene-mineralien\"><strong>Vorhandene <\/strong>Mineralien<\/h2>\n<\/div>\n<\/div>\n\n\n\n<div class=\"wp-block-columns\">\n<div class=\"wp-block-column single-miniral default-column-text h20p16\">\n<div class=\"wp-block-columns\">\n<div class=\"wp-block-column\"><div class=\"wp-block-image\">\n<figure class=\"alignleft size-large\"><img loading=\"lazy\" decoding=\"async\" width=\"140\" height=\"83\" src=\"https:\/\/www.donat.com\/wp-content\/uploads\/2021\/02\/karbon-1.png\" alt=\"\" class=\"wp-image-1819\"\/><\/figure>\n<\/div><\/div>\n<\/div>\n\n\n\n<h2 class=\"wp-block-heading\" id=\"hydrogenkarbonate\"><strong><strong>Hydrogenkarbonate<\/strong><\/strong><\/h2>\n\n\n\n<p>Sie gew\u00e4hrleisten das entsprechende pH-Wert-Gleichgewicht zwischen Speiser\u00f6hre und Magen. Sie binden S\u00e4uren an sich und lindern dadurch das brennende Gef\u00fchl bei Sodbrennen.<\/p>\n<\/div>\n\n\n\n<div class=\"wp-block-column single-miniral default-column-text h20p16\">\n<div class=\"wp-block-columns\">\n<div class=\"wp-block-column\"><div class=\"wp-block-image\">\n<figure class=\"alignleft size-large\"><img loading=\"lazy\" decoding=\"async\" width=\"112\" height=\"75\" src=\"https:\/\/www.donat.com\/wp-content\/uploads\/2021\/02\/sulfati-1.png\" alt=\"\" class=\"wp-image-1826\"\/><\/figure>\n<\/div><\/div>\n<\/div>\n\n\n\n<h2 class=\"wp-block-heading\" id=\"sulfate\"><strong><strong>Sulfate<\/strong><\/strong><\/h2>\n\n\n\n<p>Sie sind f\u00fcr die Erhaltung einer gesunden Verdauung mit nat\u00fcrlichem Abf\u00fchreffekt am wichtigsten. Au\u00dferdem verbessern sie die Durchblutung der Magenschleimhaut.<\/p>\n<\/div>\n\n\n\n<div class=\"wp-block-column single-miniral default-column-text h20p16\">\n<div class=\"wp-block-columns\">\n<div class=\"wp-block-column\"><div class=\"wp-block-image\">\n<figure class=\"alignleft size-large\"><img loading=\"lazy\" decoding=\"async\" width=\"196\" height=\"67\" src=\"https:\/\/www.donat.com\/wp-content\/uploads\/2021\/02\/salt-4.png\" alt=\"\" class=\"wp-image-1833\"\/><\/figure>\n<\/div><\/div>\n<\/div>\n\n\n\n<h2 class=\"wp-block-heading\" id=\"magnesium\"><strong><strong>Magnesium<\/strong><\/strong><\/h2>\n\n\n\n<p>Es ist an mehr als 300 biochemischen Prozessen in unserem K\u00f6rper beteiligt, f\u00fcr eine geregelte Verdauung und Knochenfestigkeit unentbehrlich. Des Weiteren sorgt es um den ungest\u00f6rten Herzschlag.<\/p>\n<\/div>\n\n\n\n<div class=\"wp-block-column single-miniral default-column-text h20p16\">\n<div class=\"wp-block-columns\">\n<div class=\"wp-block-column\"><div class=\"wp-block-image\">\n<figure class=\"alignleft size-large\"><img loading=\"lazy\" decoding=\"async\" width=\"143\" height=\"80\" src=\"https:\/\/www.donat.com\/wp-content\/uploads\/2021\/02\/kreda-1.png\" alt=\"\" class=\"wp-image-1840\"\/><\/figure>\n<\/div><\/div>\n<\/div>\n\n\n\n<h2 class=\"wp-block-heading\" id=\"kalzium\"><strong><strong>Kalzium<\/strong><\/strong><\/h2>\n\n\n\n<p>Spielt eine wichtige Rolle beim Abbau von N\u00e4hrstoffen, bei der Knochengesundheit sowie beim normalen Funktionieren des Nerven-, Muskel- und Blutgef\u00e4\u00dfsystems.<\/p>\n<\/div>\n<\/div>\n\n\n        <\/div>\n    <\/div>\n<\/div>\n\n<div id=\"\" class=\"ow_container_section  container-989 ms-when-to-drink-donat  column-window-height move-headline-section\">\n    <div class=\"container\">\n        <div class=\"content\">\n            \n\n<div class=\"wp-block-columns column-image-absolute\">\n<div class=\"wp-block-column is-vertically-aligned-center column-image default-column-text\">\n<h2 class=\"wp-block-heading mobile-headline\" id=\"wann-wird-der-konsum-von-donat-empfohlen\"><strong><strong>Wann wird der <\/strong><\/strong><br>Konsum von Donat Mg empfohlen?<\/h2>\n\n\n<div class=\"wp-block-image image-position-absolute\">\n<figure class=\"alignleft size-full\"><img loading=\"lazy\" decoding=\"async\" width=\"1024\" height=\"937\" src=\"https:\/\/www.donat.com\/wp-content\/uploads\/2022\/04\/doctor-min-1024x937-1-1-1.png\" alt=\"Patient und Arzt bei einem ambulanten Gespr\u00e4ch.\" class=\"wp-image-82554\" srcset=\"https:\/\/www.donat.com\/wp-content\/uploads\/2022\/04\/doctor-min-1024x937-1-1-1.png 1024w, https:\/\/www.donat.com\/wp-content\/uploads\/2022\/04\/doctor-min-1024x937-1-1-1-300x275.png 300w, https:\/\/www.donat.com\/wp-content\/uploads\/2022\/04\/doctor-min-1024x937-1-1-1-109x100.png 109w, https:\/\/www.donat.com\/wp-content\/uploads\/2022\/04\/doctor-min-1024x937-1-1-1-750x686.png 750w, https:\/\/www.donat.com\/wp-content\/uploads\/2022\/04\/doctor-min-1024x937-1-1-1-900x824.png 900w\" sizes=\"auto, (max-width: 1024px) 100vw, 1024px\" \/><\/figure>\n<\/div><\/div>\n\n\n\n<div class=\"wp-block-column is-vertically-aligned-center text-447 default-column-text column-text\">\n<h2 class=\"wp-block-heading\" id=\"wann-wird-der-konsum-von-donat-empfohlen\"><strong><strong>Wann wird der <\/strong><\/strong><br>Konsum von Donat Mg empfohlen?<\/h2>\n\n\n\n<p>Donat Mg wird von der medizinischen fachlichen \u00d6ffentlichkeit zur L\u00f6sung unterschiedlicher Beschwerden empfohlen, insbesondere f\u00fcr den vorbeugenden Genuss und die Vorbeugung nachtr\u00e4glicher Komplikationen.<\/p>\n\n\n\n<div class=\"wp-block-buttons\">\n<div class=\"wp-block-button parent-btn--green--16\"><a class=\"wp-block-button__link wp-element-button\" href=\"#how-to-drink\">Wie trinkt man Donat Mg<\/a><\/div>\n<\/div>\n<\/div>\n<\/div>\n\n\n        <\/div>\n    <\/div>\n<\/div>\n\n<div id=\"how-to-drink\" class=\"ow_container_section  container-924 headline-spacer-h2\">\n    <div class=\"container\">\n        <div class=\"content\">\n            \n\n<h2 class=\"wp-block-heading\" id=\"schauen-sie-nach-welche-beschwerden-beseitigt-und-verhindert-werden-konnen-und-wie-soll-man-donat-geniessen-um-eine-maximale-wirkung-zu-erzielen\">Schauen Sie nach, welche Beschwerden beseitigt und verhindert werden k\u00f6nnen und wie soll man Donat Mg genie\u00dfen, um eine maximale Wirkung zu erzielen:<\/h2>\n\n\n\n<p><\/p>\n\n\n        <\/div>\n    <\/div>\n<\/div>\n\n<div class='how-to-drink-table-with-app-section'><div class='container'><div class='how-to-drink-table-with-app-inner'><div class='wrapp'><div class='table-slider-nav'><div class='table-slider-nav-single active' data-id='0'><span>Verdauungsanregend<\/span><\/div><div class='table-slider-nav-single ' data-id='1'><span>Magnesiumsubstitution<\/span><\/div><div class='table-slider-nav-single ' data-id='2'><span>Gallenausscheidung<\/span><\/div><div class='table-slider-nav-single ' data-id='3'><span>Verstopfung<\/span><\/div><div class='table-slider-nav-single ' data-id='4'><span>Sodbrennen<\/span><\/div><\/div><div class='table-slider-content'><div class='table-slider-content-single active' data-id='0'><div class='row-text'><div class='text description'><p><span style=\"font-weight: 400;\">Dieses Trinkregime f\u00fcr Donat Mg wurde ausgekl\u00fcgelt, um die Funktion des Verdauungssystems zu erhalten, neben der vielf\u00e4ltigen und ausgewogenen Ern\u00e4hrung als eines Teils des gesunden Lebensstils. Dieses Trinkregime kann kontinuierlich und lang eingesetzt werden.<\/span><\/p>\n<\/div><div class='text how-to-drink'><p><b>Trinkanleitung:<\/b>\u00a0<span style=\"font-weight: 400;\">Donat Mg kann laut Regime zur Verdauungsanregung kontinuierlich und lang konsumiert werden. Trinken Sie es langsam und auf Zimmertemperatur, dreimal t\u00e4glich:<\/span><\/p>\n<\/div><\/div><div class=' row-table'><div class='table'><div class='row row-0'><div class='col col-1'>Wann? \t\t<\/div><div class='col col-2 text-right'>Morgens, auf n\u00fcchternen Magen<\/div><div class='col col-3 text-right'>Vor dem Mittagessen<\/div><div class='col col-4 text-right'>Vor dem Abendessen <\/div><\/div><div class='row row-1'><div class='col col-1'>Wie viel?\t<\/div><div class='col col-2 text-right'>0,2 \u2013 0,3l \t<\/div><div class='col col-3 text-right'>0,1l<\/div><div class='col col-4 text-right'>0,1 \u2013 0,2l <\/div><\/div><\/div><\/div><\/div><div class='table-slider-content-single ' data-id='1'><div class='row-text'><div class='text description'><p><span style=\"font-weight: 400;\">Dieses Trinkregime f\u00fcr die Magnesiumsubstitution deckt den erh\u00f6hten t\u00e4glichen Magnesiumbedarf und gew\u00e4hrleistet eine optimale Magnesiumaufnahme. <\/span><\/p>\n<\/div><div class='text how-to-drink'><p><b>Trinkanleitung:<\/b>\u00a0<span style=\"font-weight: 400;\">Donat Mg kann laut dem Regime f\u00fcr die Magnesiumsubstitution kontinuierlich und lang konsumiert werden. Trinken Sie es langsam, gek\u00fchlt oder auf Zimmertemperatur, vor jeder Mahlzeit.<\/span><\/p>\n<\/div><\/div><div class=' row-table'><div class='table'><div class='row row-0'><div class='col col-1'>Wann?\t\t<\/div><div class='col col-2 text-right'>20 do 30 Minuten vor jeder Mahlzeit  <\/div><div class='col col-3 text-right'><\/div><div class='col col-4 text-right'><\/div><\/div><div class='row row-1'><div class='col col-1'>Wie viel?\t<\/div><div class='col col-2 text-right'>0,1 \u2013 0,2l <\/div><div class='col col-3 text-right'><\/div><div class='col col-4 text-right'><\/div><\/div><\/div><\/div><\/div><div class='table-slider-content-single ' data-id='2'><div class='row-text'><div class='text description'><p><span style=\"font-weight: 400;\">Dieses Regime beschleunigt die Gallenausscheidung, was sehr wichtig f\u00fcr den Fettstoffwechsel ist.<\/span><\/p>\n<\/div><div class='text how-to-drink'><p><b>Trinkanleitung:<\/b><span style=\"font-weight: 400;\">\u00a0 Donat Mg kann nach dem Regime f\u00fcr eine bessere Gallenausscheidung sechs Wochen lang bis zu dreimal j\u00e4hrlich konsumiert werden. Zwischen den jeweiligen Kuren m\u00fcssen mindestens vier Wochen verstreichen. Trinken Sie es langsam, dreimal t\u00e4glich; beim ersten und dritten Mal erw\u00e4rmt auf 23-25 \u200b\u200b\u00b0C und zum zweiten Mal im Laufe des Tages, auf Zimmertemperatur.<\/span><\/p>\n<\/div><\/div><div class=' row-table'><div class='table'><div class='row row-0'><div class='col col-1'>Wann?\t\t<\/div><div class='col col-2 text-right'>Morgens, auf n\u00fcchternen Magen<\/div><div class='col col-3 text-right'>Vor dem Mittagessen<\/div><div class='col col-4 text-right'>Vor dem Abendessen<\/div><\/div><div class='row row-1'><div class='col col-1'>Wie viel?\t<\/div><div class='col col-2 text-right'>0,2 \u2013 0,3l <\/div><div class='col col-3 text-right'>0,2l <\/div><div class='col col-4 text-right'>0,1 \u2013 0,2l <\/div><\/div><\/div><\/div><\/div><div class='table-slider-content-single ' data-id='3'><div class='row-text'><div class='text description'><p><span style=\"font-weight: 400;\">Donat Mg als nat\u00fcrliches Abf\u00fchrmittel ist die beste L\u00f6sung gegen Verstopfung. Dieses Trinkregime regelt die Verstopfungsbeschwerden und sorgt f\u00fcr eine geregelte und ordnungsgem\u00e4\u00dfe Verdauung.<\/span><\/p>\n<\/div><div class='text how-to-drink'><p><b>Trinkanleitung:<\/b><span style=\"font-weight: 400;\"> Trinken Sie es schnell, erw\u00e4rmt auf 30-37\u00b0C morgens und auf Zimmertemperatur abends. Donat Mg kann nach diesem Regime regelm\u00e4\u00dfig oder wiederholend f\u00fcnf Tage hintereinander mit zwei Tagen Pause genossen werden.<\/span><\/p>\n<\/div><\/div><div class=' row-table'><div class='table'><div class='row row-0'><div class='col col-1'>Wann? \t\t<\/div><div class='col col-2 text-right'>Morgens, auf n\u00fcchternen Magen<\/div><div class='col col-3 text-right'>Vor dem Abendessen<\/div><div class='col col-4 text-right'><\/div><\/div><div class='row row-1'><div class='col col-1'>Wie viel?\t<\/div><div class='col col-2 text-right'>0,2 \u2013 0,3l <\/div><div class='col col-3 text-right'>0,2l <\/div><div class='col col-4 text-right'><\/div><\/div><\/div><\/div><\/div><div class='table-slider-content-single ' data-id='4'><div class='row-text'><div class='text description'><p><span style=\"font-weight: 400;\">Das Trinkregime zur Linderung von Sodbrennen neutralisiert die Magens\u00e4ure und beseitigt das brennende Gef\u00fchl im Magen und in der Speiser\u00f6hre.<\/span><\/p>\n<\/div><div class='text how-to-drink'><p><b>Trinkanleitung<\/b><span style=\"font-weight: 400;\">: Trinken Sie es langsam, in kleinen Schlucken und auf Zimmertemperatur. Dieses Regime kann\u00a0 kontinuierlich oder mit kurzen Unterbrechungen durchgef\u00fchrt werden.<\/span><\/p>\n<\/div><\/div><div class=' row-table'><div class='table'><div class='row row-0'><div class='col col-1'>Wann?\t\t<\/div><div class='col col-2 text-right'>20 \u2013 30 Min. vor jeder Mahlzeit oder w\u00e4hrend der Mahlzeit<\/div><div class='col col-3 text-right'><\/div><div class='col col-4 text-right'><\/div><\/div><div class='row row-1'><div class='col col-1'>Wie viel?\t<\/div><div class='col col-2 text-right'>0,1 \u2013 0,2l <\/div><div class='col col-3 text-right'><\/div><div class='col col-4 text-right'><\/div><\/div><\/div><\/div><\/div><\/div><div class='wp-block-columns are-vertically-aligned-center'><div class='wp-block-column is-vertically-aligned-center column-text text-447 default-column-text h40p20 first'><div class='hhb__text '><h2 id=\"app\"><strong><span style=\"font-weight: 400;\"><strong>Haben Sie sich<\/strong><br \/>\n<\/span><\/strong><span style=\"font-weight: 400;\">f\u00fcr dieses Trinkregime entschieden?<\/span><\/h2>\n<p><span style=\"font-weight: 400;\">Laden Sie die App herunter, die sicherstellen wird, dass Sie nie vergessen, Donat Mg auf die von Ihnen ausgew\u00e4hlte Art und Weise zu trinken.<\/span><\/p>\n<\/div><div class='wp-block-images'><div class='image image-apple'><a target='_blank' href='https:\/\/apps.apple.com\/at\/app\/donat-mg-moments\/id912821903'><img loading=\"lazy\" decoding=\"async\" width=\"133\" height=\"45\" src=\"https:\/\/www.donat.com\/wp-content\/uploads\/2021\/01\/apple-badge-2.png\" class=\"attachment-full size-full\" alt=\"\" \/><\/a><\/div><div class='image image-android'><a target='_blank' href='https:\/\/play.google.com\/store\/apps\/details?id=si.renderspace.donatmgmoments&#038;hl=de&#038;gl=AT'><img loading=\"lazy\" decoding=\"async\" width=\"150\" height=\"45\" src=\"https:\/\/www.donat.com\/wp-content\/uploads\/2021\/01\/google-play-badge.png\" class=\"attachment-full size-full\" alt=\"\" \/><\/a><\/div><\/div><\/div><div class='wp-block-column is-vertically-aligned-center  column-image'><div class='hhb__text default-column-text h40p20'><h2 id=\"app\"><strong><span style=\"font-weight: 400;\"><strong>Haben Sie sich<\/strong><br \/>\n<\/span><\/strong><span style=\"font-weight: 400;\">f\u00fcr dieses Trinkregime entschieden?<\/span><\/h2>\n<p><span style=\"font-weight: 400;\">Laden Sie die App herunter, die sicherstellen wird, dass Sie nie vergessen, Donat Mg auf die von Ihnen ausgew\u00e4hlte Art und Weise zu trinken.<\/span><\/p>\n<\/div><div class='wp-block-image'><img loading=\"lazy\" decoding=\"async\" width=\"365\" height=\"514\" src=\"https:\/\/www.donat.com\/wp-content\/uploads\/2021\/02\/App-Image-1.png\" class=\"attachment-full size-full\" alt=\"\" srcset=\"https:\/\/www.donat.com\/wp-content\/uploads\/2021\/02\/App-Image-1.png 365w, https:\/\/www.donat.com\/wp-content\/uploads\/2021\/02\/App-Image-1-213x300.png 213w\" sizes=\"auto, (max-width: 365px) 100vw, 365px\" \/><\/div><\/div><\/div><\/div><\/div><\/div><\/div>","protected":false},"excerpt":{"rendered":"","protected":false},"author":1,"featured_media":0,"parent":0,"menu_order":0,"comment_status":"closed","ping_status":"closed","template":"","meta":{"_acf_changed":false,"footnotes":""},"class_list":["post-4587","page","type-page","status-publish","hentry"],"acf":[],"_links":{"self":[{"href":"https:\/\/www.donat.com\/at\/wp-json\/wp\/v2\/pages\/4587","targetHints":{"allow":["GET"]}}],"collection":[{"href":"https:\/\/www.donat.com\/at\/wp-json\/wp\/v2\/pages"}],"about":[{"href":"https:\/\/www.donat.com\/at\/wp-json\/wp\/v2\/types\/page"}],"author":[{"embeddable":true,"href":"https:\/\/www.donat.com\/at\/wp-json\/wp\/v2\/users\/1"}],"replies":[{"embeddable":true,"href":"https:\/\/www.donat.com\/at\/wp-json\/wp\/v2\/comments?post=4587"}],"version-history":[{"count":40,"href":"https:\/\/www.donat.com\/at\/wp-json\/wp\/v2\/pages\/4587\/revisions"}],"predecessor-version":[{"id":189448,"href":"https:\/\/www.donat.com\/at\/wp-json\/wp\/v2\/pages\/4587\/revisions\/189448"}],"wp:attachment":[{"href":"https:\/\/www.donat.com\/at\/wp-json\/wp\/v2\/media?parent=4587"}],"curies":[{"name":"wp","href":"https:\/\/api.w.org\/{rel}","templated":true}]}}