{"id":4611,"date":"2021-02-12T12:36:35","date_gmt":"2021-02-12T10:36:35","guid":{"rendered":"https:\/\/www.donat.com\/tradition\/"},"modified":"2023-08-02T12:13:11","modified_gmt":"2023-08-02T10:13:11","slug":"tradition","status":"publish","type":"page","link":"https:\/\/www.donat.com\/at\/tradition\/","title":{"rendered":"Tradition"},"content":{"rendered":"<div id=\"\" class=\"ow_container_section  container-989 ms-timeline-hero column-window-height move-headline-section\">\n    <div class=\"container\">\n        <div class=\"content\">\n            \n\n<div class=\"wp-block-columns column-image-absolute\">\n<div class=\"wp-block-column is-vertically-aligned-center default-column-text h64p22 column-text\">\n<h1 class=\"wp-block-heading\"><strong>Die Legende <\/strong><br>aus den Quellen von Roga\u0161ka<\/h1>\n\n\n\n<p>Die Entstehung des nat\u00fcrlichen Mineralwassers Donat Mg h\u00e4ngt mit den G\u00f6ttern der Mythologie zusammen, die seine heilbringenden Kr\u00e4fte erkannten.<\/p>\n\n\n\n<div class=\"wp-block-buttons\">\n<div class=\"wp-block-button parent-btn--green--16\"><a class=\"wp-block-button__link wp-element-button\" href=\"#timeline\">ERLEBEN SIE DIE GESCHICHTE<\/a><\/div>\n<\/div>\n<\/div>\n\n\n\n<div class=\"wp-block-column is-vertically-aligned-center default-column-text h64p22 column-image\"><div class=\"wp-block-image image-position-absolute\">\n<figure class=\"alignleft size-large\"><img loading=\"lazy\" decoding=\"async\" width=\"1024\" height=\"867\" src=\"https:\/\/www.donat.com\/wp-content\/uploads\/2021\/03\/pegasus-v2-min-1024x867.png\" alt=\"\" class=\"wp-image-6018\" srcset=\"https:\/\/www.donat.com\/wp-content\/uploads\/2021\/03\/pegasus-v2-min-1024x867.png 1024w, https:\/\/www.donat.com\/wp-content\/uploads\/2021\/03\/pegasus-v2-min-300x254.png 300w, https:\/\/www.donat.com\/wp-content\/uploads\/2021\/03\/pegasus-v2-min-118x100.png 118w, https:\/\/www.donat.com\/wp-content\/uploads\/2021\/03\/pegasus-v2-min-750x635.png 750w, https:\/\/www.donat.com\/wp-content\/uploads\/2021\/03\/pegasus-v2-min-900x762.png 900w, https:\/\/www.donat.com\/wp-content\/uploads\/2021\/03\/pegasus-v2-min.png 1289w\" sizes=\"auto, (max-width: 1024px) 100vw, 1024px\" \/><\/figure>\n<\/div>\n\n\n<h1 class=\"wp-block-heading mobile-headline\"><strong>Die Legende <\/strong><br>aus den Quellen von Roga\u0161ka<\/h1>\n<\/div>\n<\/div>\n\n\n        <\/div>\n    <\/div>\n<\/div>\n\n<div id=\"\" class=\"ow_container_section \">\n    <div class=\"container\">\n        <div class=\"content\">\n            \n<div id='timeline' class='ms_timeline'><div class='ms_timeline_wrapp'><div class='ms_timeline_single  pos-1 img_left first'>\n            <div class=\"ms_line_animate img_left first \">   \n               <svg xmlns=\"http:\/\/www.w3.org\/2000\/svg\" width=\"109\" height=\"310\" viewBox=\"0 0 109 310\" preserveAspectRatio=\"xMidYMid meet\">\n                  <path class=\"path\" d=\" M 0 0 L 0 102 C 0 155 55 155 55 155 C 55 155 108 155 108 222 L 108 310   \" fill=\"none\" stroke=\"#c9d5d0\" ><\/path>\n                  <circle cx=\"108\" cy=\"260\" r=\"16\" fill=\"#114532\" stroke=\"#ffffff\" style=\"stroke-width: 2;\">1<\/circle>\n                   <text x=\"108\" y=\"264\"  text-anchor=\"middle\"          stroke=\"white\"          stroke-width=\"1px\"          > 1    <\/text>\n               <\/svg>                 \n            <\/div><div class='ms_timeline_single_toggle'><h2>Kennen Sie die Legende? Lernen Sie die Fakten kennen.<\/h2><\/div><div class='ms_timeline_single_toggle_text'><div class='ms_timeline_single_column_wrapp'><div class='ms_timeline_single_measure'><div class='ms_timeline_single_column image_column'><img loading=\"lazy\" decoding=\"async\" width=\"671\" height=\"666\" src=\"https:\/\/www.donat.com\/wp-content\/uploads\/2021\/02\/tradition_1.jpg\" class=\"attachment-full size-full\" alt=\"\" srcset=\"https:\/\/www.donat.com\/wp-content\/uploads\/2021\/02\/tradition_1.jpg 671w, https:\/\/www.donat.com\/wp-content\/uploads\/2021\/02\/tradition_1-300x298.jpg 300w, https:\/\/www.donat.com\/wp-content\/uploads\/2021\/02\/tradition_1-150x150.jpg 150w\" sizes=\"auto, (max-width: 671px) 100vw, 671px\" \/><\/div><div class='ms_timeline_single_column text_column'><div class='text-wrapp default-column-text '><h2>Kennen Sie die Legende? Lernen Sie die Fakten kennen.<\/h2><p>Eine uralte Geschichte von G\u00f6ttern und Helden besagt, dass das Fl\u00fcgelpferd Pegasus beim \u00dcberfliegen Sloweniens mit seinem Hufe gegen einen Berg geschlagen und damit bewirkt haben soll, dass die Quelle des wundersamen Mineralwassers zutage trat. Es scheint vielleicht ungew\u00f6hnlich, doch Pegasus\u2018 griechischer Name \u03a0\u03ae\u03b3\u03b1\u03c3\u03bf\u03c2 (Ausspr. Hesiod) wird mit dem Wort \u03c0\u03b7\u03b3\u03ae (Ausspr. p\u00eag\u1ebf) verbunden, was Quelle bedeutet und den Ursprung dieser Erz\u00e4hlung erkl\u00e4rt.<\/p>\n<\/div><\/div><\/div><\/div><\/div><\/div><div class='ms_timeline_single  pos-2 img_right'>\n            <div class=\"ms_line_animate img_right \">   \n               <svg xmlns=\"http:\/\/www.w3.org\/2000\/svg\" width=\"850\" height=\"400\" viewBox=\"0 0 850 400\" preserveAspectRatio=\"xMidYMid meet\">\n                  <path class=\"path\" d=\"\tM 850 0 \t\tL 850 100 \t\tC 850 200 750 200 750 200 \t\tL 100 200 \t\tC 100 200 0 200 0 300       L 0 400 \" fill=\"none\" stroke=\"#c9d5d0\" ><\/path>\n                  <circle cx=\"0\" cy=\"320\" r=\"16\" fill=\"#114532\" stroke=\"#ffffff\" style=\"stroke-width: 2;\">2<\/circle>\n                   <text x=\"0\" y=\"324\"  text-anchor=\"middle\"          stroke=\"white\"          stroke-width=\"1px\"          > 2    <\/text>\n               <\/svg>                 \n            <\/div><div class='ms_timeline_single_toggle'><h2>Tauchen Sie in die Geschichte ein.<\/h2><\/div><div class='ms_timeline_single_toggle_text'><div class='ms_timeline_single_column_wrapp'><div class='ms_timeline_single_measure'><div class='ms_timeline_single_column image_column'><img loading=\"lazy\" decoding=\"async\" width=\"590\" height=\"689\" src=\"https:\/\/www.donat.com\/wp-content\/uploads\/2021\/02\/tradition_2.png\" class=\"attachment-full size-full\" alt=\"\" srcset=\"https:\/\/www.donat.com\/wp-content\/uploads\/2021\/02\/tradition_2.png 590w, https:\/\/www.donat.com\/wp-content\/uploads\/2021\/02\/tradition_2-257x300.png 257w\" sizes=\"auto, (max-width: 590px) 100vw, 590px\" \/><\/div><div class='ms_timeline_single_column text_column'><div class='text-wrapp default-column-text '><h2>Tauchen Sie in die Geschichte ein.<\/h2><p>Keltische Funde und M\u00fcnzen aus der R\u00f6merzeit zeugen davon, dass man schon vor Urzeiten von den gesundheitsf\u00f6rdernden Wirkungen des nat\u00fcrlichen Mineralwassers wusste und profitierte. Trotzdem dauert es bis zum Jahre 1572, dass der Schweizer Alchimist Leonhard Thurneysser das Wunderwasser zum ersten Mal wissenschaftlich analysiert und somit den Weg f\u00fcr eine genaue Beschreibung seiner Eigenschaften ebnet. Er nennt es \u201eRoga\u0161ka Mineralwasser\u201c. Erst fast ein Jahrhundert sp\u00e4ter beschreibt Dr. Paul Sorbait, Hofarzt und Professor an der Medizinischen Fakult\u00e4t in Wien, das Wasser in seinem Werk Praxis Medicae, wodurch das Mineralwasser aus Roga\u0161ka Slatina auch jenseits der Grenzen der Habsburgermonarchie ber\u00fchmt wird.<\/p>\n<p align=\"justify\">\n<\/div><\/div><\/div><\/div><\/div><\/div><div class='ms_timeline_single  pos-3 img_left'>\n            <div class=\"ms_line_animate img_left \">   \n               <svg xmlns=\"http:\/\/www.w3.org\/2000\/svg\" width=\"850\" height=\"400\" viewBox=\"0 0 850 400\" preserveAspectRatio=\"xMidYMid meet\">\n                  <path class=\"path\" d=\"\tM 0 0           L 0 100         C 0 200 100 200 100 200         L 750 200       C 750 200 850 200 850 300        L 850 400  \" fill=\"none\" stroke=\"#c9d5d0\" ><\/path>\n                  <circle cx=\"850\" cy=\"320\" r=\"16\" fill=\"#114532\" stroke=\"#ffffff\" style=\"stroke-width: 2;\">3<\/circle>\n                   <text x=\"850\" y=\"324\"  text-anchor=\"middle\"          stroke=\"white\"          stroke-width=\"1px\"          > 3    <\/text>\n               <\/svg>                 \n            <\/div><div class='ms_timeline_single_toggle'><h2>Die Quellen der Gesundheit.<\/h2><\/div><div class='ms_timeline_single_toggle_text'><div class='ms_timeline_single_column_wrapp'><div class='ms_timeline_single_measure'><div class='ms_timeline_single_column image_column'><img loading=\"lazy\" decoding=\"async\" width=\"580\" height=\"492\" src=\"https:\/\/www.donat.com\/wp-content\/uploads\/2021\/02\/tradition_3.jpg\" class=\"attachment-full size-full\" alt=\"\" srcset=\"https:\/\/www.donat.com\/wp-content\/uploads\/2021\/02\/tradition_3.jpg 580w, https:\/\/www.donat.com\/wp-content\/uploads\/2021\/02\/tradition_3-300x254.jpg 300w\" sizes=\"auto, (max-width: 580px) 100vw, 580px\" \/><\/div><div class='ms_timeline_single_column text_column'><div class='text-wrapp default-column-text '><h2>Die Quellen der Gesundheit.<\/h2><p>Den chemischen Eigenschaften des Wassers und seinem gesundheitlichen Nutzen widmet sich im 18. Jahrhundert der Mariborer Arzt J. B. Gr\u00fcndel. Dank seiner Feststellungen, die eine gro\u00dfe Entdeckung sind, wird es damals zum drittmeistverkauften Mineralwasser der Welt. Aufgrund der gro\u00dfen Nachfrage wird im Jahre 1904 eine neue Abf\u00fcllanlage errichtet, die aber noch recht einfach ist \u2013 das Wasser wird n\u00e4mlich direkt aus der Quelle in Flaschen gef\u00fcllt, markiert, in Kisten verpackt und mit Pferdewagen abtransportiert.<\/p>\n<\/div><\/div><\/div><\/div><\/div><\/div><div class='ms_timeline_single  pos-4 img_right'>\n            <div class=\"ms_line_animate img_right \">   \n               <svg xmlns=\"http:\/\/www.w3.org\/2000\/svg\" width=\"850\" height=\"400\" viewBox=\"0 0 850 400\" preserveAspectRatio=\"xMidYMid meet\">\n                  <path class=\"path\" d=\"\tM 850 0 \t\tL 850 100 \t\tC 850 200 750 200 750 200 \t\tL 100 200 \t\tC 100 200 0 200 0 300       L 0 400 \" fill=\"none\" stroke=\"#c9d5d0\" ><\/path>\n                  <circle cx=\"0\" cy=\"320\" r=\"16\" fill=\"#114532\" stroke=\"#ffffff\" style=\"stroke-width: 2;\">4<\/circle>\n                   <text x=\"0\" y=\"324\"  text-anchor=\"middle\"          stroke=\"white\"          stroke-width=\"1px\"          > 4    <\/text>\n               <\/svg>                 \n            <\/div><div class='ms_timeline_single_toggle'><h2>Magnesium entdeckt.<\/h2><\/div><div class='ms_timeline_single_toggle_text'><div class='ms_timeline_single_column_wrapp'><div class='ms_timeline_single_measure'><div class='ms_timeline_single_column image_column'><img loading=\"lazy\" decoding=\"async\" width=\"590\" height=\"701\" src=\"https:\/\/www.donat.com\/wp-content\/uploads\/2021\/02\/tradition_4.png\" class=\"attachment-full size-full\" alt=\"\" srcset=\"https:\/\/www.donat.com\/wp-content\/uploads\/2021\/02\/tradition_4.png 590w, https:\/\/www.donat.com\/wp-content\/uploads\/2021\/02\/tradition_4-252x300.png 252w\" sizes=\"auto, (max-width: 590px) 100vw, 590px\" \/><\/div><div class='ms_timeline_single_column text_column'><div class='text-wrapp default-column-text '><h2>Magnesium entdeckt.<\/h2><p>1907 beschlie\u00dft man, nach neuen Quellen zu suchen. Unter der Leitung von Dr. J. Knett wird an einem der Bohrl\u00f6cher die verbl\u00fcffende Entdeckung gemacht, dass das Wasser einen sehr hohen Magnesiumgehalt besitzt. Aus diesem Grund und wegen der N\u00e4he zum Berg Dona\u010dka Gora wird es Donat Mg benannt.<\/p>\n<\/div><\/div><\/div><\/div><\/div><\/div><div class='ms_timeline_single  pos-5 img_left'>\n            <div class=\"ms_line_animate img_left \">   \n               <svg xmlns=\"http:\/\/www.w3.org\/2000\/svg\" width=\"850\" height=\"400\" viewBox=\"0 0 850 400\" preserveAspectRatio=\"xMidYMid meet\">\n                  <path class=\"path\" d=\"\tM 0 0           L 0 100         C 0 200 100 200 100 200         L 750 200       C 750 200 850 200 850 300        L 850 400  \" fill=\"none\" stroke=\"#c9d5d0\" ><\/path>\n                  <circle cx=\"850\" cy=\"320\" r=\"16\" fill=\"#114532\" stroke=\"#ffffff\" style=\"stroke-width: 2;\">5<\/circle>\n                   <text x=\"850\" y=\"324\"  text-anchor=\"middle\"          stroke=\"white\"          stroke-width=\"1px\"          > 5    <\/text>\n               <\/svg>                 \n            <\/div><div class='ms_timeline_single_toggle'><h2>Die einzigartige Quelle im Laufe eines Jahrhunderts.<\/h2><\/div><div class='ms_timeline_single_toggle_text'><div class='ms_timeline_single_column_wrapp'><div class='ms_timeline_single_measure'><div class='ms_timeline_single_column image_column'><img loading=\"lazy\" decoding=\"async\" width=\"589\" height=\"689\" src=\"https:\/\/www.donat.com\/wp-content\/uploads\/2021\/02\/tradition_5.png\" class=\"attachment-full size-full\" alt=\"\" srcset=\"https:\/\/www.donat.com\/wp-content\/uploads\/2021\/02\/tradition_5.png 589w, https:\/\/www.donat.com\/wp-content\/uploads\/2021\/02\/tradition_5-256x300.png 256w\" sizes=\"auto, (max-width: 589px) 100vw, 589px\" \/><\/div><div class='ms_timeline_single_column text_column'><div class='text-wrapp default-column-text '><h2>Die einzigartige Quelle im Laufe eines Jahrhunderts.<\/h2><p>Kurz nach den Verw\u00fcstungen des Zweiten Weltkriegs f\u00fchrt der bekannte Hydrogeologe und Akademiker Josip Ba\u0107 das Konzept der Tiefbohrung ein, das sich schnell als \u00e4u\u00dferst effektiv erweist, denn von nun an kann das Wasser aus einer Tiefe zwischen 280 und 606 Meter gepumpt werden. In den folgenden zehn Jahren entstehen rund 41 Bohrl\u00f6cher, die mehr als die f\u00fcnffache Wassermenge liefern als zuvor.<\/p>\n<\/div><\/div><\/div><\/div><\/div><\/div><div class='ms_timeline_single  pos-6 img_right'>\n            <div class=\"ms_line_animate img_right \">   \n               <svg xmlns=\"http:\/\/www.w3.org\/2000\/svg\" width=\"850\" height=\"400\" viewBox=\"0 0 850 400\" preserveAspectRatio=\"xMidYMid meet\">\n                  <path class=\"path\" d=\"\tM 850 0 \t\tL 850 100 \t\tC 850 200 750 200 750 200 \t\tL 100 200 \t\tC 100 200 0 200 0 300       L 0 400 \" fill=\"none\" stroke=\"#c9d5d0\" ><\/path>\n                  <circle cx=\"0\" cy=\"320\" r=\"16\" fill=\"#114532\" stroke=\"#ffffff\" style=\"stroke-width: 2;\">6<\/circle>\n                   <text x=\"0\" y=\"324\"  text-anchor=\"middle\"          stroke=\"white\"          stroke-width=\"1px\"          > 6    <\/text>\n               <\/svg>                 \n            <\/div><div class='ms_timeline_single_toggle'><h2>Ein Toast auf den Mythos.<\/h2><\/div><div class='ms_timeline_single_toggle_text'><div class='ms_timeline_single_column_wrapp'><div class='ms_timeline_single_measure'><div class='ms_timeline_single_column image_column'><img loading=\"lazy\" decoding=\"async\" width=\"590\" height=\"689\" src=\"https:\/\/www.donat.com\/wp-content\/uploads\/2021\/02\/tradition_6.png\" class=\"attachment-full size-full\" alt=\"\" srcset=\"https:\/\/www.donat.com\/wp-content\/uploads\/2021\/02\/tradition_6.png 590w, https:\/\/www.donat.com\/wp-content\/uploads\/2021\/02\/tradition_6-257x300.png 257w\" sizes=\"auto, (max-width: 590px) 100vw, 590px\" \/><\/div><div class='ms_timeline_single_column text_column'><div class='text-wrapp default-column-text '><h2>Ein Toast auf den Mythos.<\/h2><p>Ein heilbringendes Wasser kann sich keinen besseren Bef\u00fcrworter w\u00fcnschen, als den Gott der Sch\u00f6nheit und Gesundheit. Auch wenn eigentlich Pegasus den Sauerbrunnen von Roga\u0161ka entdeckte, war es doch Apollo, der von dem belebenden Wasser so angetan war, dass er daf\u00fcr sogar dem Wasser aus der Quelle am heiligen Berg Helikon entsagte. Aus diesem Grund ziert Apollo noch heute jede Flasche des einzigartigen nat\u00fcrlichen Mineralwassers Donat Mg.<\/p>\n<\/div><\/div><\/div><\/div><\/div><\/div><div><div>\n\n        <\/div>\n    <\/div>\n<\/div>","protected":false},"excerpt":{"rendered":"","protected":false},"author":1,"featured_media":0,"parent":0,"menu_order":0,"comment_status":"closed","ping_status":"closed","template":"","meta":{"_acf_changed":false,"footnotes":""},"class_list":["post-4611","page","type-page","status-publish","hentry"],"acf":[],"_links":{"self":[{"href":"https:\/\/www.donat.com\/at\/wp-json\/wp\/v2\/pages\/4611","targetHints":{"allow":["GET"]}}],"collection":[{"href":"https:\/\/www.donat.com\/at\/wp-json\/wp\/v2\/pages"}],"about":[{"href":"https:\/\/www.donat.com\/at\/wp-json\/wp\/v2\/types\/page"}],"author":[{"embeddable":true,"href":"https:\/\/www.donat.com\/at\/wp-json\/wp\/v2\/users\/1"}],"replies":[{"embeddable":true,"href":"https:\/\/www.donat.com\/at\/wp-json\/wp\/v2\/comments?post=4611"}],"version-history":[{"count":11,"href":"https:\/\/www.donat.com\/at\/wp-json\/wp\/v2\/pages\/4611\/revisions"}],"predecessor-version":[{"id":183138,"href":"https:\/\/www.donat.com\/at\/wp-json\/wp\/v2\/pages\/4611\/revisions\/183138"}],"wp:attachment":[{"href":"https:\/\/www.donat.com\/at\/wp-json\/wp\/v2\/media?parent=4611"}],"curies":[{"name":"wp","href":"https:\/\/api.w.org\/{rel}","templated":true}]}}