{"id":196511,"date":"2023-11-29T15:44:35","date_gmt":"2023-11-29T13:44:35","guid":{"rendered":"https:\/\/www.donat.com\/disclamer\/"},"modified":"2023-12-02T13:26:33","modified_gmt":"2023-12-02T11:26:33","slug":"izjava-o-ogranicenju-odgovornosti","status":"publish","type":"page","link":"https:\/\/www.donat.com\/bs\/izjava-o-ogranicenju-odgovornosti\/","title":{"rendered":"IZJAVA O OGRANI\u010cENJU ODGOVORNOSTI"},"content":{"rendered":"\n<h1 class=\"wp-block-heading\">IZJAVA O OGRANI\u010cENJU ODGOVORNOSTI<\/h1>\n\n\n\n<p>Kori\u0161tenjem ovog alata objavljenog na web stranici www.donat.com, sla\u017eete se i potvr\u0111ujete da ste upoznati s Pravilima privatnosti objavljenim na <a href=\"https:\/\/www.donat.com\/bs\/pravila-zastite-privatnosti-2\/\">https:\/\/www.donat.com\/bs\/pravila-zastite-privatnosti-2\/<\/a> i ovom Izjavom o ograni\u010denju odgovornosti te eksplicitno pristajete na oboje, sla\u017eu\u0107i se koristiti alat isklju\u010divo na vlastiti rizik i u skladu s uvjetima navedenim u ovoj izjavi.<\/p>\n\n\n\n<p>Ovaj alat se temelji na umjetnoj inteligenciji, a tvrtka Atlantic Droga Kolinska d.o.o., Kolinska ulica 1, 1000 Ljubljana (u daljnjem tekstu: tvrtka), zajedno s razvojnim timom alata, nastoji pru\u017eiti visokokvalitetan i pouzdan alat, ali pod nikakvim okolnostima ne mo\u017ee jam\u010diti ili garantirati:<\/p>\n\n\n\n<ol class=\"wp-block-list\">\n<li>to\u010dnost i potpunost informacija koje pru\u017ea alat,<\/li>\n\n\n\n<li>da alat razumije va\u0161 upit i pru\u017ea vam to\u010dne odgovore\/informacije,<\/li>\n\n\n\n<li>besprijekorno funkcioniranje alata, za njegove pogre\u0161ke ili nedostatke koji se mogu pojaviti tijekom njegove upotrebe.<\/li>\n\n\n\n<li>da \u0107e alat uvijek besprijekorno raditi i pru\u017eati to\u010dne informacije, obja\u0161njavaju\u0107i da je alat jo\u0161 uvijek u beta verziji,<\/li>\n\n\n\n<li>da kori\u0161tenje alata zamjenjuje bilo kojeg stru\u010dnjaka. Tvrtka nije odgovorna za bilo kakvu \u0161tetu ili gubitak koji mogu proiza\u0107i iz kori\u0161tenja alata ili iz nesporazuma i kori\u0161tenja informacija dobivenih kori\u0161tenjem alata.<\/li>\n<\/ol>\n\n\n\n<p>Informacije koje pru\u017ea alat ne predstavljaju stavove\/mi\u0161ljenja\/pogleda tvrtke.<\/p>\n\n\n\n<p>Kori\u0161tenjem ovog alata, korisnici izri\u010dito preuzimaju sve rizike i odgovornosti povezane s kori\u0161tenjem alata, sla\u017eu\u0107i se i svjesni da:<\/p>\n\n\n\n<ol class=\"wp-block-list\">\n<li>sve informacije primljene od alata su isklju\u010divo informativne prirode, generirane umjetnom inteligencijom i namijenjene isklju\u010divo za op\u0107u informaciju.<\/li>\n\n\n\n<li>se ne biste trebali oslanjati isklju\u010divo na informacije koje pru\u017ea alat i isklju\u010divo i u potpunosti ste odgovorni za provjeru vjerodostojnosti podataka dobivenih kori\u0161tenjem alata.<\/li>\n\n\n\n<li>informacije koje pru\u017ea alat ne predstavljaju ili ne zamjenjuju savjet nutricionista ili drugih stru\u010dnjaka. U slu\u010daju stru\u010dnih upita, obratit \u0107ete se stru\u010dnjaku koji je prikladan i odgovoran za specifi\u010dno podru\u010dje povezano s stru\u010dnim pitanjem.<\/li>\n\n\n\n<li>kori\u0161tenje ovog alata je besplatno.<\/li>\n\n\n\n<li>Tvrtka nije odgovorna za bilo kakvu \u0161tetu ili gubitak koji mogu proiza\u0107i iz kori\u0161tenja alata ili iz nesporazuma i kori\u0161tenja informacija dobivenih kori\u0161tenjem ovog alata. Kao korisnik, preuzimate sve rizike i odgovornosti povezane s kori\u0161tenjem alata i ne\u0107ete tra\u017eiti nikakvu naknadu za bilo kakvu \u0161tetu ili gubitak koji vam je nastao zbog kori\u0161tenja ovog alata zbog nepo\u0161tivanja ili kr\u0161enja ove izjave.<\/li>\n\n\n\n<li>ovaj alat ne zahtijeva od vas da pru\u017eate osobne podatke, niti automatski prikuplja bilo kakve osobne podatke, osim podataka u skladu s Pravilima privatnosti. Ako odlu\u010dite pru\u017eiti osobne podatke unutar alata, to \u010dinite na vlastiti rizik, a alat i tvrtka nisu odgovorni za upravljanje ili sigurnost podataka. Tvrtka odvra\u0107a od uno\u0161enja osobnih podataka u alat.<\/li>\n\n\n\n<li>sve informacije unesene u alat od strane korisnika mogu se koristiti od strane tvrtke u interne svrhe kako bi se optimizirao rad alata.<\/li>\n\n\n\n<li>u slu\u010daju da osoba mla\u0111a od 15 godina koristi alat, garantira se da se alat koristi u prisutnosti roditelja ili zakonskih zastupnika koji za to mogu jam\u010diti.<\/li>\n\n\n\n<li>ne\u0107ete koristiti ovaj alat u zabranjene i \u0161tetne svrhe, kao \u0161to su, primjerice, ali ne ograni\u010davaju\u0107i se na: kori\u0161tenje informacija na na\u010din koji kr\u0161i ili prisvaja prava tre\u0107ih osoba ili tvrtke, mijenjanje, kopiranje ili prijenos dobivenih informacija tre\u0107im osobama u svrhu raznih zloupotreba, mije\u0161anje u softver alata ili web stranicu tvrtke, itd.<\/li>\n\n\n\n<li>Po\u0161tovat \u0107u prava intelektualnog vlasni\u0161tva tvrtke i ne\u0107u na bilo koji na\u010din naru\u0161avati ta prava; ina\u010de sam odgovoran tvrtki za \u0161tetu.<\/li>\n<\/ol>\n\n\n\n<p>Za dodatne informacije, obratite se tvrtki na adresu e-po\u0161te: <a href=\"mailto:info@donat.com\">info@donat.com<\/a><\/p>\n","protected":false},"excerpt":{"rendered":"<p>IZJAVA O OGRANI\u010cENJU ODGOVORNOSTI Kori\u0161tenjem ovog alata objavljenog na web stranici www.donat.com, sla\u017eete se i potvr\u0111ujete da ste upoznati s Pravilima privatnosti objavljenim na https:\/\/www.donat.com\/bs\/pravila-zastite-privatnosti-2\/ i ovom Izjavom o ograni\u010denju odgovornosti te eksplicitno pristajete na oboje, sla\u017eu\u0107i se koristiti alat isklju\u010divo na vlastiti rizik i u skladu s uvjetima navedenim u ovoj izjavi. Ovaj alat <a href=\"https:\/\/www.donat.com\/bs\/izjava-o-ogranicenju-odgovornosti\/\" class=\"more-link\">&#8230;<\/a><\/p>\n","protected":false},"author":38548,"featured_media":0,"parent":0,"menu_order":0,"comment_status":"closed","ping_status":"open","template":"","meta":{"_acf_changed":false,"footnotes":""},"class_list":["post-196511","page","type-page","status-publish","hentry"],"acf":[],"_links":{"self":[{"href":"https:\/\/www.donat.com\/bs\/wp-json\/wp\/v2\/pages\/196511","targetHints":{"allow":["GET"]}}],"collection":[{"href":"https:\/\/www.donat.com\/bs\/wp-json\/wp\/v2\/pages"}],"about":[{"href":"https:\/\/www.donat.com\/bs\/wp-json\/wp\/v2\/types\/page"}],"author":[{"embeddable":true,"href":"https:\/\/www.donat.com\/bs\/wp-json\/wp\/v2\/users\/38548"}],"replies":[{"embeddable":true,"href":"https:\/\/www.donat.com\/bs\/wp-json\/wp\/v2\/comments?post=196511"}],"version-history":[{"count":1,"href":"https:\/\/www.donat.com\/bs\/wp-json\/wp\/v2\/pages\/196511\/revisions"}],"predecessor-version":[{"id":196513,"href":"https:\/\/www.donat.com\/bs\/wp-json\/wp\/v2\/pages\/196511\/revisions\/196513"}],"wp:attachment":[{"href":"https:\/\/www.donat.com\/bs\/wp-json\/wp\/v2\/media?parent=196511"}],"curies":[{"name":"wp","href":"https:\/\/api.w.org\/{rel}","templated":true}]}}