{"id":432,"date":"2021-02-22T14:51:51","date_gmt":"2021-02-22T14:51:51","guid":{"rendered":"https:\/\/www.donat.com\/?page_id=432"},"modified":"2026-03-30T06:54:48","modified_gmt":"2026-03-30T04:54:48","slug":"kolacici","status":"publish","type":"page","link":"https:\/\/www.donat.com\/bs\/kolacici\/","title":{"rendered":"Kola\u010di\u0107i"},"content":{"rendered":"\n<h1 class=\"wp-block-heading\"><strong>Politika kola\u010di\u0107a<\/strong><\/h1>\n\n\n\n<p>Kako bi internetska stranica radila ispravno te kako bi ju se moglo unaprje\u0111ivati u svrhu pobolj\u0161anja va\u0161eg iskustva pregledavanja, potrebno je minimalnu koli\u010dinu informacija (cookies) spremiti na va\u0161e ra\u010dunalo. Vi\u0161e od 90% internetskih stranica koristi praksu kola\u010di\u0107a te su po pravilima Europske unije obvezne zatra\u017eiti pristanak korisnika. Kori\u0161tenjem ove internetske stranice pristajete na uporabu kola\u010di\u0107a, \u010dijim blokiranjem i dalje mo\u017eete pregledavati stranicu, no neke njezine mogu\u0107nosti ne\u0107e biti funkcionalne<\/p>\n\n\n\n<h3 class=\"wp-block-heading\"><strong>\u0160to je kola\u010di\u0107?<\/strong><\/h3>\n\n\n\n<p>Kola\u010di\u0107 je informacija spremljena na Va\u0161e ra\u010dunalo od strane web stranice koju posjetite. Kola\u010di\u0107i obi\u010dno spremaju Va\u0161e postavke, postavke za web stranicu, kao \u0161to su preferirani jezik ili adresa. Kasnije, kada opet otvorite istu web stranicu internet preglednik \u0161alje natrag kola\u010di\u0107e koji pripadaju toj stranici. Ovo omogu\u0107ava stranici da prika\u017ee informacije prilago\u0111ene Va\u0161im potrebama.<\/p>\n\n\n\n<p>Kola\u010di\u0107i mogu spremati \u0161irok pojas informacija uklju\u010duju\u0107i osobne informacije (kao \u0161to je Va\u0161e ime ili e-mail adresa). Ipak, ova informacija mo\u017ee biti spremljena jedino ako Vi to omogu\u0107ite &#8211; web stranice ne mogu dobiti pristup informacijama koji im Vi niste dali i ne mogu pristupiti drugim datotekama na Va\u0161em ra\u010dunalu ili mobilnom ure\u0111aju. Zadane aktivnosti spremanja i slanja kola\u010di\u0107a Vama nisu vidljive. Ipak, mo\u017eete promijeniti Va\u0161e postavke internet preglednika da mo\u017eete sami birati ho\u0107ete li zahtjeve za spremanje kola\u010di\u0107a odobriti ili odbiti, pobri\u0161ete spremljene kola\u010di\u0107e automatski pri zatvaranju internet preglednika i sli\u010dno.<\/p>\n\n\n\n<h3 class=\"wp-block-heading\"><strong>Kako onemogu\u0107iti kola\u010di\u0107e?<\/strong><\/h3>\n\n\n\n<p>Isklju\u010divanjem kola\u010di\u0107a odlu\u010dujete da li ho\u0107ete dopustiti pohranjivanje kola\u010di\u0107a na va\u0161em ra\u010dunalu ili mobilnom ure\u0111aju. Cookie postavke mogu se kontrolirati i konfigurirati u va\u0161em web pregledniku. Ako onemogu\u0107ite kola\u010di\u0107e, mo\u017eda ne\u0107ete mo\u0107i koristiti neke od funkcionalnosti na web stranicama.<\/p>\n\n\n\n<h3 class=\"wp-block-heading\"><strong>\u0160to su privremeni kola\u010di\u0107i?<\/strong><\/h3>\n\n\n\n<p>Privremeni kola\u010di\u0107i ili kola\u010di\u0107i sesije uklanjaju se s ra\u010dunala po zatvaranju internet preglednika. Pomo\u0107u njih web-mjesta pohranjuju privremene podatke, poput stavki u ko\u0161arici za kupnju.<\/p>\n\n\n\n<h3 class=\"wp-block-heading\"><strong>\u0160to su stalni kola\u010di\u0107i?<\/strong><\/h3>\n\n\n\n<p>Stalni ili spremljeni kola\u010di\u0107i ostaju na ra\u010dunalu nakon zatvaranja programa internet preglednika. Pomo\u0107u njih web-mjesta pohranjuju podatke, kao \u0161to su ime za prijavu i lozinka, tako da se ne morate prijavljivati prilikom svakog posjeta odre\u0111enom mjestu. Stalni kola\u010di\u0107i ostat \u0107e na ra\u010dunalu danima, mjesecima, \u010dak i godinama.<\/p>\n\n\n\n<h3 class=\"wp-block-heading\"><strong>\u0160to su kola\u010di\u0107i od prve strane?<\/strong><\/h3>\n\n\n\n<p>Kola\u010di\u0107i od prve strane dolaze s web-mjesta koje gledate, a mogu biti stalni ili privremeni. Pomo\u0107u tih kola\u010di\u0107a web-mjesta mogu pohraniti podatke koje \u0107e ponovo koristiti prilikom sljede\u0107eg posjeta tom web-mjestu.<\/p>\n\n\n\n<h3 class=\"wp-block-heading\"><strong>\u0160to su kola\u010di\u0107i tre\u0107e strane?<\/strong><\/h3>\n\n\n\n<p>Kola\u010di\u0107i tre\u0107e strane dolaze s reklama drugih web-mjesta (kao \u0161to su sko\u010dne ili druge reklame) koje se nalaze na web-mjestu koje gledate. Pomo\u0107u tih kola\u010di\u0107a web-mjesta mogu pratiti kori\u0161tenje Interneta u marketin\u0161ke svrhe.<\/p>\n\n\n\n<h3 class=\"wp-block-heading\"><strong>Koristi li ova web stranica kola\u010di\u0107e?<\/strong><\/h3>\n\n\n\n<p>Da, s primarnim ciljem kako bi na\u0161e web stranice vam omogu\u0107ile bolje korisni\u010dko iskustvo.<\/p>\n\n\n\n<h3 class=\"wp-block-heading\"><strong>Kakve kola\u010di\u0107e koristi ova web stranica&nbsp; i za\u0161to?<\/strong><\/h3>\n\n\n\n<p>Privremeni kola\u010di\u0107i (Session cookies) &#8211; su kola\u010di\u0107i koji isti\u010du (i automatski se bri\u0161u) kada zatvorite internetski preglednik. Mi koristimo &#8220;session cookies&#8221; kako bi unaprijedili korisni\u010dko iskustvo za vrijeme posjete.<\/p>\n\n\n\n<p>Trajni kola\u010di\u0107i (Persistent cookies) &#8211; obi\u010dno imaju datum isteka daleko u budu\u0107nost i tako \u0107e ostati u va\u0161em pregledniku dok ne isteknu ili dok ih ru\u010dno ne izbri\u0161ete. Mi koristimo trajne kola\u010di\u0107e kako bi bolje razumjeli navike korisnika, tako da mo\u017eemo pobolj\u0161ati internetsku stranicu prema Va\u0161im navikama. Me\u0111utim, temeljem ovako prikupljenih podataka nije mogu\u0107a identifikacija Vas kao korisnika, a prikupljeni podaci se koriste isklju\u010divo u statisti\u010dke svrhe.<\/p>\n\n\n\n<h3 class=\"wp-block-heading\"><strong>Da li na web stranici ima kola\u010di\u0107a tre\u0107e strane?<\/strong><\/h3>\n\n\n\n<p>Ima nekoliko vanjskih servisa koji korisniku spremaju limitirane kola\u010di\u0107e. Ovi kola\u010di\u0107i nisu postavljeni od strane ove internetske stranice, ali neki slu\u017ee za normalno funkcioniranje odre\u0111enih mogu\u0107nosti koje korisnicima olak\u0161avaju pristup sadr\u017eaju. Stoga informacije o za\u0161titi podataka s kojima ste ovdje upoznati vrijede samo za ovu internetsku stranicu, a za\u0161titu podataka od strane vanjskih servisa potrebno je provjeriti na njihovim slu\u017ebenim stranicama.<\/p>\n\n\n\n<p>Trenutno omogu\u0107ujemo:<\/p>\n\n\n\n<h3 class=\"wp-block-heading\"><strong>Mjerenje posje\u0107enosti<\/strong><\/h3>\n\n\n\n<p>Ova web stranica koristi servise za mjerenje posje\u0107enosti, to su: Google Analytics. Niti temeljem ovako prikupljenih podataka nije mogu\u0107a identifikacija korisnika, a prikupljeni podaci se koriste isklju\u010divo u statisti\u010dke svrhe Ako \u017eelite onemogu\u0107iti da vam navedeni servisi spremaju kola\u010di\u0107e, mo\u017eete zabraniti za svaki servis na sljede\u0107im linkovima:<\/p>\n\n\n\n<ul class=\"wp-block-list\">\n<li>Google Analytics &#8211; <a href=\"https:\/\/tools.google.com\/dlpage\/gaoptout\">https:\/\/tools.google.com\/dlpage\/gaoptout<\/a><\/li>\n<\/ul>\n\n\n\n<h3 class=\"wp-block-heading\"><strong>Dodatne informacija oko isklju\u010divanja kola\u010di\u0107a<\/strong><\/h3>\n\n\n\n<p>Trenutno postoji nekoliko web stranica za isklju\u010divanje pohranjivanja kola\u010di\u0107a za razli\u010dite servise.<\/p>\n\n\n\n<p>Vi\u0161e se mo\u017eete informirati na sljede\u0107im linkovima:<\/p>\n\n\n\n<ul class=\"wp-block-list\">\n<li><a href=\"http:\/\/www.allaboutcookies.org\/\">http:\/\/www.allaboutcookies.org\/<\/a><\/li>\n\n\n\n<li><a href=\"http:\/\/www.youronlinechoices.eu\/\">http:\/\/www.youronlinechoices.eu\/<\/a><\/li>\n<\/ul>\n\n\n\n<script id=\"CookieDeclaration\" src=\"https:\/\/consent.cookiebot.com\/77ac2b37-7535-45a6-9b61-7a76161fc6f5\/cd.js\" type=\"text\/javascript\" async><\/script>\n","protected":false},"excerpt":{"rendered":"<p>Politika kola\u010di\u0107a Kako bi internetska stranica radila ispravno te kako bi ju se moglo unaprje\u0111ivati u svrhu pobolj\u0161anja va\u0161eg iskustva pregledavanja, potrebno je minimalnu koli\u010dinu informacija (cookies) spremiti na va\u0161e ra\u010dunalo. Vi\u0161e od 90% internetskih stranica koristi praksu kola\u010di\u0107a te su po pravilima Europske unije obvezne zatra\u017eiti pristanak korisnika. Kori\u0161tenjem ove internetske stranice pristajete na <a href=\"https:\/\/www.donat.com\/bs\/kolacici\/\" class=\"more-link\">&#8230;<\/a><\/p>\n","protected":false},"author":5,"featured_media":0,"parent":0,"menu_order":0,"comment_status":"closed","ping_status":"closed","template":"","meta":{"_acf_changed":false,"footnotes":""},"class_list":["post-432","page","type-page","status-publish","hentry"],"acf":[],"_links":{"self":[{"href":"https:\/\/www.donat.com\/bs\/wp-json\/wp\/v2\/pages\/432","targetHints":{"allow":["GET"]}}],"collection":[{"href":"https:\/\/www.donat.com\/bs\/wp-json\/wp\/v2\/pages"}],"about":[{"href":"https:\/\/www.donat.com\/bs\/wp-json\/wp\/v2\/types\/page"}],"author":[{"embeddable":true,"href":"https:\/\/www.donat.com\/bs\/wp-json\/wp\/v2\/users\/5"}],"replies":[{"embeddable":true,"href":"https:\/\/www.donat.com\/bs\/wp-json\/wp\/v2\/comments?post=432"}],"version-history":[{"count":3,"href":"https:\/\/www.donat.com\/bs\/wp-json\/wp\/v2\/pages\/432\/revisions"}],"predecessor-version":[{"id":224589,"href":"https:\/\/www.donat.com\/bs\/wp-json\/wp\/v2\/pages\/432\/revisions\/224589"}],"wp:attachment":[{"href":"https:\/\/www.donat.com\/bs\/wp-json\/wp\/v2\/media?parent=432"}],"curies":[{"name":"wp","href":"https:\/\/api.w.org\/{rel}","templated":true}]}}