{"id":4588,"date":"2021-02-23T09:41:58","date_gmt":"2021-02-23T09:41:58","guid":{"rendered":"https:\/\/www.donat.com\/about-donat\/"},"modified":"2023-11-03T13:47:50","modified_gmt":"2023-11-03T11:47:50","slug":"o-donatu","status":"publish","type":"page","link":"https:\/\/www.donat.com\/bs\/o-donatu\/","title":{"rendered":"O Donatu"},"content":{"rendered":"<div id=\"\" class=\"ow_container_section  container-989 about_hero_block column-window-height\">\n    <div class=\"container\">\n        <div class=\"content\">\n            \n\n<div class=\"wp-block-columns are-vertically-aligned-center\">\n<div class=\"wp-block-column is-vertically-aligned-center column-text default-column-text h64p22\" style=\"flex-basis:66.66%\">\n<h1 class=\"wp-block-heading\" id=\"prirodno-bogatstvo-za-zdravu-probavu\"><strong><strong>Prirodno bogatstvo<\/strong><\/strong><br> za urednu probavu<\/h1>\n\n\n\n<p>Prirodna mineralna voda Donat oboga\u0107ena je mineralima iz otapaju\u0107ih stijena, koji pozitivno utje\u010du na rad na\u0161e probave i cjelokupnu dobrobit.<\/p>\n\n\n\n<div class=\"wp-block-buttons\">\n<div class=\"wp-block-button parent-btn--green--16\"><a class=\"wp-block-button__link wp-element-button\" href=\"#unique-combination-of-materials\">Upoznajte ga<\/a><\/div>\n<\/div>\n<\/div>\n\n\n\n<div class=\"wp-block-column is-vertically-aligned-center column-image\" style=\"flex-basis:33.33%\"><div class=\"wp-block-image\">\n<figure class=\"alignright size-large\"><img loading=\"lazy\" decoding=\"async\" width=\"530\" height=\"647\" src=\"https:\/\/www.donat.com\/wp-content\/uploads\/2021\/03\/Bottle-and-Glass-and-Mg-CRO.png\" alt=\"\" class=\"wp-image-5217\" srcset=\"https:\/\/www.donat.com\/wp-content\/uploads\/2021\/03\/Bottle-and-Glass-and-Mg-CRO.png 530w, https:\/\/www.donat.com\/wp-content\/uploads\/2021\/03\/Bottle-and-Glass-and-Mg-CRO-246x300.png 246w\" sizes=\"auto, (max-width: 530px) 100vw, 530px\" \/><\/figure>\n<\/div><\/div>\n<\/div>\n\n\n\n<p><\/p>\n\n\n        <\/div>\n    <\/div>\n<\/div>\n\n<div id=\"unique-combination-of-materials\" class=\"ow_container_section  container-989 about-juniqe-combination  column-window-height move-headline-section\">\n    <div class=\"container\">\n        <div class=\"content\">\n            \n\n<div class=\"wp-block-columns column-image-absolute\">\n<div class=\"wp-block-column is-vertically-aligned-center column-image default-column-text\">\n<h2 class=\"wp-block-heading mobile-headline\" id=\"jedinstvena-kombinacija-minerala\"><strong><strong>Jedinstvena <\/strong><\/strong><br>kombinacija minerala<\/h2>\n\n\n<div class=\"wp-block-image image-position-absolute\">\n<figure class=\"alignleft size-large\"><img loading=\"lazy\" decoding=\"async\" width=\"760\" height=\"604\" src=\"https:\/\/www.donat.com\/wp-content\/uploads\/2021\/03\/minerali-left.png\" alt=\"\" class=\"wp-image-5257\" srcset=\"https:\/\/www.donat.com\/wp-content\/uploads\/2021\/03\/minerali-left.png 760w, https:\/\/www.donat.com\/wp-content\/uploads\/2021\/03\/minerali-left-300x238.png 300w\" sizes=\"auto, (max-width: 760px) 100vw, 760px\" \/><\/figure>\n<\/div><\/div>\n\n\n\n<div class=\"wp-block-column is-vertically-aligned-center text-447 default-column-text column-text\">\n<h2 class=\"wp-block-heading\" id=\"jedinstvena-kombinacija-minerala\"><strong><strong>Jedinstvena <\/strong><\/strong><br>kombinacija minerala<\/h2>\n\n\n\n<p>Jedinstvena prirodna kombinacija pet minerala skriveni je recept za pozitivan u\u010dinak Donata na pravilan rad organizma i cjelokupnu dobrobit.<\/p>\n\n\n\n<div class=\"wp-block-buttons\">\n<div class=\"wp-block-button parent-btn--green--16\"><a class=\"wp-block-button__link wp-element-button\" href=\"#how-to-drink\">KAKO PITI DONAT<\/a><\/div>\n<\/div>\n<\/div>\n<\/div>\n\n\n        <\/div>\n    <\/div>\n<\/div>\n\n<div id=\"\" class=\"ow_container_section  drinking-donat-is-safe container-989\">\n    <div class=\"container\">\n        <div class=\"content\">\n            \n\n<div class=\"wp-block-columns\">\n<div class=\"wp-block-column is-vertically-aligned-center column-text default-column-text\">\n<h2 class=\"wp-block-heading\" id=\"donat-je-prirodan-i-siguran-za-pice\"><strong><strong>Donat je prirodan <\/strong><\/strong><br>i siguran za pi\u0107e<\/h2>\n\n\n\n<p>Na\u0161e se tijelo ne navikava na u\u010dinke Donata, jer su oni mehani\u010dki. Donat djeluje na principu osmoze \u2013 najprije sulfati upijaju vodu iz \u0107elija crijevne stijenke, \u0161to pove\u0107ava volumen crijevnog sadr\u017eaja. Magnezij dodatno opu\u0161ta mi\u0161i\u0107e probavnog trakta, poma\u017eu\u0107i tako sulfatima da stimuliraju i ubrzaju peristaltiku.<\/p>\n\n\n\n<div class=\"wp-block-columns\">\n<div class=\"wp-block-column\">\n<figure class=\"wp-block-image size-large is-resized\"><img decoding=\"async\" src=\"https:\/\/www.donat.com\/wp-content\/uploads\/2021\/02\/Ico-Addictive.svg\" alt=\"\" class=\"wp-image-1723\" style=\"width:80px;height:80px\"\/><\/figure>\n\n\n\n<p class=\"has-text-align-center\"><strong>Ne <\/strong><br>stvara ovisnost<\/p>\n<\/div>\n\n\n\n<div class=\"wp-block-column\">\n<figure class=\"wp-block-image size-large is-resized\"><img decoding=\"async\" src=\"https:\/\/www.donat.com\/wp-content\/uploads\/2021\/02\/Ico-Beneficial.svg\" alt=\"\" class=\"wp-image-1734\" style=\"width:80px;height:80px\"\/><\/figure>\n\n\n\n<p class=\"has-text-align-center\">Donosi samo prednosti za<br><strong>zdravlje<\/strong><\/p>\n<\/div>\n\n\n\n<div class=\"wp-block-column\">\n<figure class=\"wp-block-image size-large\"><img decoding=\"async\" src=\"https:\/\/www.donat.com\/wp-content\/uploads\/2021\/12\/Ico-DONAT-01.svg\" alt=\"\" class=\"wp-image-35989\"\/><\/figure>\n\n\n\n<p class=\"has-text-align-center\">100%<br><strong>prirodno<\/strong><\/p>\n<\/div>\n<\/div>\n<\/div>\n\n\n\n<div class=\"wp-block-column is-vertically-aligned-center column-image-absolute\">\n<figure class=\"wp-block-image size-large image-position-absolute\"><img loading=\"lazy\" decoding=\"async\" width=\"527\" height=\"1024\" src=\"https:\/\/www.donat.com\/wp-content\/uploads\/2021\/03\/sedeca-527x1024.png\" alt=\"\" class=\"wp-image-5250\" srcset=\"https:\/\/www.donat.com\/wp-content\/uploads\/2021\/03\/sedeca-527x1024.png 527w, https:\/\/www.donat.com\/wp-content\/uploads\/2021\/03\/sedeca-154x300.png 154w, https:\/\/www.donat.com\/wp-content\/uploads\/2021\/03\/sedeca.png 704w\" sizes=\"auto, (max-width: 527px) 100vw, 527px\" \/><\/figure>\n<\/div>\n<\/div>\n\n\n        <\/div>\n    <\/div>\n<\/div>\n\n<div id=\"\" class=\"ow_container_section  minerals-present  container-989\">\n    <div class=\"container\">\n        <div class=\"content\">\n            \n\n<div class=\"wp-block-columns\">\n<div class=\"wp-block-column column-text default-column-text\">\n<h2 class=\"wp-block-heading\" id=\"prisutni-minerali\"><strong>Prisutni <\/strong>minerali<\/h2>\n<\/div>\n<\/div>\n\n\n\n<div class=\"wp-block-columns\">\n<div class=\"wp-block-column single-miniral default-column-text h20p16\">\n<div class=\"wp-block-columns\">\n<div class=\"wp-block-column\"><div class=\"wp-block-image\">\n<figure class=\"alignleft size-large\"><img loading=\"lazy\" decoding=\"async\" width=\"140\" height=\"83\" src=\"https:\/\/www.donat.com\/wp-content\/uploads\/2021\/02\/karbon-1.png\" alt=\"\" class=\"wp-image-1819\"\/><\/figure>\n<\/div><\/div>\n<\/div>\n\n\n\n<h2 class=\"wp-block-heading\" id=\"hidrogenkarbonati\"><strong><strong>Hidrogenkarbonati<\/strong><\/strong><\/h2>\n\n\n\n<p>Osiguravaju odgovaraju\u0107u pH ravnote\u017eu jednjaka i \u017eeluca. Oni na sebe ve\u017eu kiseline i tako smanjuju osje\u0107aj \u017earenja kod \u017egaravice.<\/p>\n<\/div>\n\n\n\n<div class=\"wp-block-column single-miniral default-column-text h20p16\">\n<div class=\"wp-block-columns\">\n<div class=\"wp-block-column\"><div class=\"wp-block-image\">\n<figure class=\"alignleft size-large\"><img loading=\"lazy\" decoding=\"async\" width=\"112\" height=\"75\" src=\"https:\/\/www.donat.com\/wp-content\/uploads\/2021\/02\/sulfati-1.png\" alt=\"\" class=\"wp-image-1826\"\/><\/figure>\n<\/div><\/div>\n<\/div>\n\n\n\n<h2 class=\"wp-block-heading\" id=\"sulfati\"><strong><strong>Sulfati<\/strong><\/strong><\/h2>\n\n\n\n<p>Najva\u017eniji su za odr\u017eavanje zdrave probave s prirodnim laksativnim u\u010dinkom, a tako\u0111er pobolj\u0161avaju cirkulaciju krvi u \u017eelu\u010danoj sluznici.<\/p>\n<\/div>\n\n\n\n<div class=\"wp-block-column single-miniral default-column-text h20p16\">\n<div class=\"wp-block-columns\">\n<div class=\"wp-block-column\"><div class=\"wp-block-image\">\n<figure class=\"alignleft size-large\"><img loading=\"lazy\" decoding=\"async\" width=\"196\" height=\"67\" src=\"https:\/\/www.donat.com\/wp-content\/uploads\/2021\/02\/salt-4.png\" alt=\"\" class=\"wp-image-1833\"\/><\/figure>\n<\/div><\/div>\n<\/div>\n\n\n\n<h2 class=\"wp-block-heading\" id=\"magnezij\"><strong><strong>Magnezij<\/strong><\/strong><\/h2>\n\n\n\n<p>Uklju\u010den je u vi\u0161e od 300 biohemijskih procesa na\u0161eg tijela, neophodan je za pravilnu probavu, \u010dvrsto\u0107u kostiju, a brine i o neometanom otkucaju srca.<\/p>\n<\/div>\n\n\n\n<div class=\"wp-block-column single-miniral default-column-text h20p16\">\n<div class=\"wp-block-columns\">\n<div class=\"wp-block-column\"><div class=\"wp-block-image\">\n<figure class=\"alignleft size-large\"><img loading=\"lazy\" decoding=\"async\" width=\"143\" height=\"80\" src=\"https:\/\/www.donat.com\/wp-content\/uploads\/2021\/02\/kreda-1.png\" alt=\"\" class=\"wp-image-1840\"\/><\/figure>\n<\/div><\/div>\n<\/div>\n\n\n\n<h2 class=\"wp-block-heading\" id=\"kalcij\"><strong><strong>Kalcij<\/strong><\/strong><\/h2>\n\n\n\n<p>Igra va\u017enu ulogu u razgradnji hranjivih tvari, zdravlju kostiju, normalnom funkcioniranju \u017eiv\u010danog, mi\u0161i\u0107nog i kardiovaskularnog sistema.<\/p>\n<\/div>\n<\/div>\n\n\n        <\/div>\n    <\/div>\n<\/div>\n\n<div id=\"\" class=\"ow_container_section  container-989 ms-when-to-drink-donat  column-window-height move-headline-section\">\n    <div class=\"container\">\n        <div class=\"content\">\n            \n\n<div class=\"wp-block-columns column-image-absolute\">\n<div class=\"wp-block-column is-vertically-aligned-center column-image default-column-text\">\n<h2 class=\"wp-block-heading mobile-headline\" id=\"kada-preporucujemo-pijenje-donata\"><strong><strong>Kada preporu\u010dujemo <\/strong><\/strong><br>pijenje Donata?<\/h2>\n\n\n<div class=\"wp-block-image image-position-absolute\">\n<figure class=\"alignleft size-full\"><img loading=\"lazy\" decoding=\"async\" width=\"1024\" height=\"937\" src=\"https:\/\/www.donat.com\/wp-content\/uploads\/2022\/04\/doctor-min-1024x937-1-1-1.png\" alt=\"Pacijent i doktor tokom ambulantnog razgovora.\" class=\"wp-image-82555\" srcset=\"https:\/\/www.donat.com\/wp-content\/uploads\/2022\/04\/doctor-min-1024x937-1-1-1.png 1024w, https:\/\/www.donat.com\/wp-content\/uploads\/2022\/04\/doctor-min-1024x937-1-1-1-300x275.png 300w, https:\/\/www.donat.com\/wp-content\/uploads\/2022\/04\/doctor-min-1024x937-1-1-1-109x100.png 109w, https:\/\/www.donat.com\/wp-content\/uploads\/2022\/04\/doctor-min-1024x937-1-1-1-750x686.png 750w, https:\/\/www.donat.com\/wp-content\/uploads\/2022\/04\/doctor-min-1024x937-1-1-1-900x824.png 900w\" sizes=\"auto, (max-width: 1024px) 100vw, 1024px\" \/><\/figure>\n<\/div><\/div>\n\n\n\n<div class=\"wp-block-column is-vertically-aligned-center text-447 default-column-text column-text\">\n<h2 class=\"wp-block-heading\" id=\"kada-preporucujemo-pijenje-donata\"><strong><strong>Kada preporu\u010dujemo <\/strong><\/strong><br>pijenje Donata?<\/h2>\n\n\n\n<p>Donat preporu\u010duje medicinska stru\u010dna javnost za rje\u0161avanje razli\u010ditih tegoba, naro\u010dito za preventivnu upotrebu i prevenciju naknadnih komplikacija.<\/p>\n\n\n\n<div class=\"wp-block-buttons\">\n<div class=\"wp-block-button parent-btn--green--16\"><a class=\"wp-block-button__link wp-element-button\" href=\"#how-to-drink\">KAKO PITI DONAT<\/a><\/div>\n<\/div>\n<\/div>\n<\/div>\n\n\n        <\/div>\n    <\/div>\n<\/div>\n\n<div id=\"how-to-drink\" class=\"ow_container_section  container-924 headline-spacer-h2\">\n    <div class=\"container\">\n        <div class=\"content\">\n            \n\n<h2 class=\"wp-block-heading\" id=\"provjerite-koje-tegobe-rjesavamo-i-sprecavamo-te-kako-pravilno-piti-donat-za-maksimalan-ucinak\">Provjerite koje tegobe rje\u0161avamo i spre\u010davamo te kako pravilno piti Donat za maksimalan u\u010dinak:<\/h2>\n\n\n\n<p><\/p>\n\n\n        <\/div>\n    <\/div>\n<\/div>\n\n<div class='how-to-drink-table-with-app-section'><div class='container'><div class='how-to-drink-table-with-app-inner'><div class='wrapp'><div class='table-slider-nav'><div class='table-slider-nav-single active' data-id='0'><span>Podr\u017eava rad probavnog sustava<\/span><\/div><div class='table-slider-nav-single ' data-id='1'><span>Nadoknada magnezija<\/span><\/div><div class='table-slider-nav-single ' data-id='2'><span>Izlu\u010divanje \u017eu\u010di<\/span><\/div><div class='table-slider-nav-single ' data-id='3'><span>Zatvor<\/span><\/div><div class='table-slider-nav-single ' data-id='4'><span>\u017dgaravica<\/span><\/div><\/div><div class='table-slider-content'><div class='table-slider-content-single active' data-id='0'><div class='row-text'><div class='text description'><p><span style=\"font-weight: 400;\">Ovaj re\u017eim pijenja Donata osmi\u0161ljen je kako bi podr\u017eao rad probavnog sistema uz raznoliku i uravnote\u017eenu prehranu kao dio zdravog na\u010dina \u017eivota. Ovaj re\u017eim pijenja mo\u017eete primjenjivati kontinuirano i dugotrajno.<\/span><\/p>\n<\/div><div class='text how-to-drink'><p><b>Upute za pijenje: <\/b><span style=\"font-weight: 400;\">Donat se prema re\u017eimu za poticanje probave mo\u017ee piti kontinuirano i dugotrajno. Pijte ga polako i na sobnoj temperaturi tri puta dnevno:<\/span><\/p>\n<\/div><\/div><div class=' row-table'><div class='table'><div class='row row-0'><div class='col col-1'>Kada? \t<\/div><div class='col col-2 text-right'>Ujutro, nata\u0161te\t<\/div><div class='col col-3 text-right'>Prije ru\u010dka\t<\/div><div class='col col-4 text-right'>Prije ve\u010dere<\/div><\/div><div class='row row-1'><div class='col col-1'>Koliko?\t<\/div><div class='col col-2 text-right'>0,2 \u2013 0,3l <\/div><div class='col col-3 text-right'>0,1l<\/div><div class='col col-4 text-right'>0,1 \u2013 0,2l <\/div><\/div><\/div><\/div><\/div><div class='table-slider-content-single ' data-id='1'><div class='row-text'><div class='text description'><p><span style=\"font-weight: 400;\">Re\u017eim pijenja za nadoknadu magnezija zadovoljava pove\u0107ane dnevne potrebe za magnezijem i osigurava optimalnu apsorpciju magnezija.<\/span><\/p>\n<\/div><div class='text how-to-drink'><p><b>Upute za pijenje: <\/b><span style=\"font-weight: 400;\">Donat se prema re\u017eimu za nadoknadu magnezija mo\u017ee piti kontinuirano i dugotrajno. Pijte ga polako, ohla\u0111enog ili na sobnoj temperaturi prije svakog obroka.<\/span><\/p>\n<\/div><\/div><div class=' row-table'><div class='table'><div class='row row-0'><div class='col col-1'>Kada?\t<\/div><div class='col col-2 text-right'>20 do 30 minuta prije svakog obroka<\/div><div class='col col-3 text-right'><\/div><div class='col col-4 text-right'><\/div><\/div><div class='row row-1'><div class='col col-1'>Koliko?\t<\/div><div class='col col-2 text-right'>0,2 \u2013 0,3l <\/div><div class='col col-3 text-right'><\/div><div class='col col-4 text-right'><\/div><\/div><\/div><\/div><\/div><div class='table-slider-content-single ' data-id='2'><div class='row-text'><div class='text description'><p><span style=\"font-weight: 400;\">Re\u017eim ubrzava izlu\u010divanje \u017eu\u010di, \u0161to je vrlo va\u017eno za metabolizam masti.<\/span><\/p>\n<\/div><div class='text how-to-drink'><p><b>Upute za pijenje:<\/b><span style=\"font-weight: 400;\"> Donat se prema re\u017eimu za bolje izlu\u010divanje \u017eu\u010di mo\u017ee piti \u0161est sedmica do tri puta godi\u0161nje, a izme\u0111u pojedine kure treba pro\u0107i najmanje \u010detiri sedmice. Pijte ga polako, tri puta dnevno, prvi i tre\u0107i put zagrijan na 23\u201325 \u200b\u200b\u00b0C, a drugi put u toku dana na sobnoj temperaturi.<\/span><\/p>\n<\/div><\/div><div class=' row-table'><div class='table'><div class='row row-0'><div class='col col-1'>Kada?\t\t<\/div><div class='col col-2 text-right'>Ujutro, nata\u0161te\t<\/div><div class='col col-3 text-right'>Prije ru\u010dka\t<\/div><div class='col col-4 text-right'>Prije ve\u010dere<\/div><\/div><div class='row row-1'><div class='col col-1'>Koliko?\t\t<\/div><div class='col col-2 text-right'>0,2 \u2013 0,3l <\/div><div class='col col-3 text-right'>0,2l <\/div><div class='col col-4 text-right'>0,1 \u2013 0,2l <\/div><\/div><\/div><\/div><\/div><div class='table-slider-content-single ' data-id='3'><div class='row-text'><div class='text description'><p><span style=\"font-weight: 400;\">Donat kao prirodni laksativ najbolje je rje\u0161enje za uklanjanje zatvora. Ovim re\u017eimom pijenja rije\u0161it \u0107ete problem zatvora i uspostaviti redovnu i urednu probavu.<\/span><\/p>\n<\/div><div class='text how-to-drink'><p><b>Upute za pijenje:<\/b><span style=\"font-weight: 400;\"> Popijte ga brzo, ugrijanog na 30\u201337 \u00b0C ujutro i na sobnoj temperaturi nave\u010der. Donat se prema ovom re\u017eimu mo\u017ee piti redovno ili ponavljaju\u0107i pet dana uzastopno s dva dana odmora.<\/span><\/p>\n<\/div><\/div><div class=' row-table'><div class='table'><div class='row row-0'><div class='col col-1'>Kada? \t<\/div><div class='col col-2 text-right'>Ujutro, nata\u0161te\t\t<\/div><div class='col col-3 text-right'>Prije ve\u010dere<\/div><div class='col col-4 text-right'><\/div><\/div><div class='row row-1'><div class='col col-1'>Koliko?\t\t<\/div><div class='col col-2 text-right'>0,2 \u2013 0,3l <\/div><div class='col col-3 text-right'>0,2l <\/div><div class='col col-4 text-right'><\/div><\/div><\/div><\/div><\/div><div class='table-slider-content-single ' data-id='4'><div class='row-text'><div class='text description'><p><span style=\"font-weight: 400;\">Re\u017eim pijenja za ubla\u017eavanje \u017egaravice neutralizira \u017eelu\u010danu kiselinu i uklanja osje\u0107aj pe\u010denja u \u017eelucu i jednjaku.<\/span><\/p>\n<\/div><div class='text how-to-drink'><p><b>Upute za pijenje<\/b><span style=\"font-weight: 400;\">: Pijte ga polako, pojedina\u010dnim gutljajima na sobnoj temperaturi. Re\u017eim mo\u017eete provoditi kontinuirano ili s kratkim prekidima.<\/span><\/p>\n<\/div><\/div><div class=' row-table'><div class='table'><div class='row row-0'><div class='col col-1'>Kada?\t<\/div><div class='col col-2 text-right'>20\u201330 min. prije svakog obroka ili za vrijeme obroka<\/div><div class='col col-3 text-right'><\/div><div class='col col-4 text-right'><\/div><\/div><div class='row row-1'><div class='col col-1'>Koliko?\t<\/div><div class='col col-2 text-right'>0,1 \u2013 0,2l <\/div><div class='col col-3 text-right'><\/div><div class='col col-4 text-right'><\/div><\/div><\/div><\/div><\/div><\/div><div class='wp-block-columns are-vertically-aligned-center'><div class='wp-block-column is-vertically-aligned-center column-text text-447 default-column-text h40p20 first'><div class='hhb__text '><h2 id=\"app\"><strong><span style=\"font-weight: 400;\"><strong>Jeste li se odlu\u010dili za<\/strong><br \/>\n<\/span><\/strong><span style=\"font-weight: 400;\">ovaj program pijenja?<\/span><\/h2>\n<p><span style=\"font-weight: 400;\">Preuzmite aplikaciju koja \u0107e osigurati da Donat nikada ne zaboravite popiti na izabrani na\u010dini.<\/span><\/p>\n<\/div><div class='wp-block-images'><div class='image image-apple'><a target='_blank' href='https:\/\/apps.apple.com\/si\/app\/donat-mg-moments\/id912821903'><img loading=\"lazy\" decoding=\"async\" width=\"133\" height=\"45\" src=\"https:\/\/www.donat.com\/wp-content\/uploads\/2021\/01\/apple-badge-2.png\" class=\"attachment-full size-full\" alt=\"\" \/><\/a><\/div><div class='image image-android'><a target='_blank' href='https:\/\/play.google.com\/store\/apps\/details?id=si.renderspace.donatmgmoments&#038;hl=bs&#038;gl=BA'><img loading=\"lazy\" decoding=\"async\" width=\"150\" height=\"45\" src=\"https:\/\/www.donat.com\/wp-content\/uploads\/2021\/01\/google-play-badge.png\" class=\"attachment-full size-full\" alt=\"\" \/><\/a><\/div><\/div><\/div><div class='wp-block-column is-vertically-aligned-center  column-image'><div class='hhb__text default-column-text h40p20'><h2 id=\"app\"><strong><span style=\"font-weight: 400;\"><strong>Jeste li se odlu\u010dili za<\/strong><br \/>\n<\/span><\/strong><span style=\"font-weight: 400;\">ovaj program pijenja?<\/span><\/h2>\n<p><span style=\"font-weight: 400;\">Preuzmite aplikaciju koja \u0107e osigurati da Donat nikada ne zaboravite popiti na izabrani na\u010dini.<\/span><\/p>\n<\/div><div class='wp-block-image'><img loading=\"lazy\" decoding=\"async\" width=\"365\" height=\"514\" src=\"https:\/\/www.donat.com\/wp-content\/uploads\/2021\/02\/App-Image-1.png\" class=\"attachment-full size-full\" alt=\"\" srcset=\"https:\/\/www.donat.com\/wp-content\/uploads\/2021\/02\/App-Image-1.png 365w, https:\/\/www.donat.com\/wp-content\/uploads\/2021\/02\/App-Image-1-213x300.png 213w\" sizes=\"auto, (max-width: 365px) 100vw, 365px\" \/><\/div><\/div><\/div><\/div><\/div><\/div><\/div>","protected":false},"excerpt":{"rendered":"","protected":false},"author":1,"featured_media":0,"parent":0,"menu_order":0,"comment_status":"closed","ping_status":"closed","template":"","meta":{"_acf_changed":false,"footnotes":""},"class_list":["post-4588","page","type-page","status-publish","hentry"],"acf":[],"_links":{"self":[{"href":"https:\/\/www.donat.com\/bs\/wp-json\/wp\/v2\/pages\/4588","targetHints":{"allow":["GET"]}}],"collection":[{"href":"https:\/\/www.donat.com\/bs\/wp-json\/wp\/v2\/pages"}],"about":[{"href":"https:\/\/www.donat.com\/bs\/wp-json\/wp\/v2\/types\/page"}],"author":[{"embeddable":true,"href":"https:\/\/www.donat.com\/bs\/wp-json\/wp\/v2\/users\/1"}],"replies":[{"embeddable":true,"href":"https:\/\/www.donat.com\/bs\/wp-json\/wp\/v2\/comments?post=4588"}],"version-history":[{"count":22,"href":"https:\/\/www.donat.com\/bs\/wp-json\/wp\/v2\/pages\/4588\/revisions"}],"predecessor-version":[{"id":224031,"href":"https:\/\/www.donat.com\/bs\/wp-json\/wp\/v2\/pages\/4588\/revisions\/224031"}],"wp:attachment":[{"href":"https:\/\/www.donat.com\/bs\/wp-json\/wp\/v2\/media?parent=4588"}],"curies":[{"name":"wp","href":"https:\/\/api.w.org\/{rel}","templated":true}]}}