{"id":111579,"date":"2022-10-12T10:46:02","date_gmt":"2022-10-12T08:46:02","guid":{"rendered":"https:\/\/www.donat.com\/nasveti\/"},"modified":"2022-10-12T15:18:53","modified_gmt":"2022-10-12T13:18:53","slug":"savjeti","status":"publish","type":"page","link":"https:\/\/www.donat.com\/hr\/savjeti\/","title":{"rendered":"Savjeti"},"content":{"rendered":"<div id=\"\" class=\"ow_container_section  container-989  detox-page-hero column-window-height move-headline-section\">\n    <div class=\"container\">\n        <div class=\"content\">\n            \n\n<div class=\"wp-block-columns column-image-absolute\">\n<div class=\"wp-block-column is-vertically-aligned-center default-column-text h64p22 column-text\" style=\"flex-basis:60%\">\n<h1 class=\"wp-block-heading\" id=\"poskusite-vodenprogram-donat-detox\">Jednostavni koraci do <strong>zdravih \u017eivotnih navika<\/strong><\/h1>\n\n\n\n<p>\u017dao nam je \u0161to na\u0161 vo\u0111eni program zdravlja niste obavili do kraja. Usprkos tome, mo\u017eete u\u010diniti ne\u0161to za sebe. Ako se budete pridr\u017eavali ovih pet jednostavnih savjeta, u\u010dinit \u0107ete velik korak na putu do boljih i kvalitetnijih \u017eivotnih navika.<\/p>\n\n\n\n<div class=\"wp-block-buttons\">\n<div class=\"wp-block-button parent-btn--green--16\"><a class=\"wp-block-button__link\" href=\"#savjeti\">Provjerite savjete<\/a><\/div>\n<\/div>\n<\/div>\n\n\n\n<div class=\"wp-block-column is-vertically-aligned-center column-image default-column-text\"><div class=\"wp-block-image ow_hide_on_mobile image-position-absolute\">\n<figure class=\"alignleft size-large\"><img loading=\"lazy\" decoding=\"async\" width=\"1024\" height=\"1021\" src=\"https:\/\/www.donat.com\/wp-content\/uploads\/2022\/10\/Donat_Ursa_premik_0864_gradient_top_white-2-1024x1021.png\" alt=\"\" class=\"wp-image-111785\" srcset=\"https:\/\/www.donat.com\/wp-content\/uploads\/2022\/10\/Donat_Ursa_premik_0864_gradient_top_white-2-1024x1021.png 1024w, https:\/\/www.donat.com\/wp-content\/uploads\/2022\/10\/Donat_Ursa_premik_0864_gradient_top_white-2-300x300.png 300w, https:\/\/www.donat.com\/wp-content\/uploads\/2022\/10\/Donat_Ursa_premik_0864_gradient_top_white-2-150x150.png 150w, https:\/\/www.donat.com\/wp-content\/uploads\/2022\/10\/Donat_Ursa_premik_0864_gradient_top_white-2-100x100.png 100w, https:\/\/www.donat.com\/wp-content\/uploads\/2022\/10\/Donat_Ursa_premik_0864_gradient_top_white-2-750x748.png 750w, https:\/\/www.donat.com\/wp-content\/uploads\/2022\/10\/Donat_Ursa_premik_0864_gradient_top_white-2-900x897.png 900w, https:\/\/www.donat.com\/wp-content\/uploads\/2022\/10\/Donat_Ursa_premik_0864_gradient_top_white-2.png 1032w\" sizes=\"auto, (max-width: 1024px) 100vw, 1024px\" \/><\/figure>\n<\/div>\n\n\n<figure class=\"wp-block-image size-large image-position-absolute ow_hide_on_desktop\"><img loading=\"lazy\" decoding=\"async\" width=\"882\" height=\"1024\" src=\"https:\/\/www.donat.com\/wp-content\/uploads\/2022\/10\/Donat_Ursa_premik_0864_mobile_bigger-882x1024.png\" alt=\"\" class=\"wp-image-111821\" srcset=\"https:\/\/www.donat.com\/wp-content\/uploads\/2022\/10\/Donat_Ursa_premik_0864_mobile_bigger-882x1024.png 882w, https:\/\/www.donat.com\/wp-content\/uploads\/2022\/10\/Donat_Ursa_premik_0864_mobile_bigger-258x300.png 258w, https:\/\/www.donat.com\/wp-content\/uploads\/2022\/10\/Donat_Ursa_premik_0864_mobile_bigger-86x100.png 86w, https:\/\/www.donat.com\/wp-content\/uploads\/2022\/10\/Donat_Ursa_premik_0864_mobile_bigger-750x871.png 750w, https:\/\/www.donat.com\/wp-content\/uploads\/2022\/10\/Donat_Ursa_premik_0864_mobile_bigger-900x1045.png 900w, https:\/\/www.donat.com\/wp-content\/uploads\/2022\/10\/Donat_Ursa_premik_0864_mobile_bigger.png 1024w\" sizes=\"auto, (max-width: 882px) 100vw, 882px\" \/><\/figure>\n\n\n\n<h1 class=\"mobile-headline wp-block-heading\" id=\"v-60-dneh-do-bolj-vitalnega-telesa\">Jednostavni koraci do <strong>zdravih \u017eivotnih navika<\/strong><\/h1>\n<\/div>\n<\/div>\n\n\n        <\/div>\n    <\/div>\n<\/div>\n\n<div id=\"savjeti\" class=\"ow_container_section  container-989 detox-page-benefits column-window-height-v2\">\n    <div class=\"container\">\n        <div class=\"content\">\n            \n\n<div class=\"wp-block-columns column-image-absolute\">\n<div class=\"wp-block-column is-vertically-aligned-center column-image default-column-text\"><div class=\"wp-block-image image-position-absolute ow_hide_on_mobile\">\n<figure class=\"alignleft size-full\"><img loading=\"lazy\" decoding=\"async\" width=\"987\" height=\"1024\" src=\"https:\/\/www.donat.com\/wp-content\/uploads\/2022\/10\/Donat_UrsaPremik_4318_s_gradient.png\" alt=\"\" class=\"wp-image-111554\" srcset=\"https:\/\/www.donat.com\/wp-content\/uploads\/2022\/10\/Donat_UrsaPremik_4318_s_gradient.png 987w, https:\/\/www.donat.com\/wp-content\/uploads\/2022\/10\/Donat_UrsaPremik_4318_s_gradient-289x300.png 289w, https:\/\/www.donat.com\/wp-content\/uploads\/2022\/10\/Donat_UrsaPremik_4318_s_gradient-96x100.png 96w, https:\/\/www.donat.com\/wp-content\/uploads\/2022\/10\/Donat_UrsaPremik_4318_s_gradient-750x778.png 750w, https:\/\/www.donat.com\/wp-content\/uploads\/2022\/10\/Donat_UrsaPremik_4318_s_gradient-900x934.png 900w\" sizes=\"auto, (max-width: 987px) 100vw, 987px\" \/><\/figure>\n<\/div>\n\n<div class=\"wp-block-image image-position-absolute ow_hide_on_desktop\">\n<figure class=\"alignleft size-large\"><img loading=\"lazy\" decoding=\"async\" width=\"882\" height=\"1024\" src=\"https:\/\/www.donat.com\/wp-content\/uploads\/2022\/10\/Donat_UrsaPremik_4318_mobile_bigger-882x1024.png\" alt=\"\" class=\"wp-image-111829\" srcset=\"https:\/\/www.donat.com\/wp-content\/uploads\/2022\/10\/Donat_UrsaPremik_4318_mobile_bigger-882x1024.png 882w, https:\/\/www.donat.com\/wp-content\/uploads\/2022\/10\/Donat_UrsaPremik_4318_mobile_bigger-258x300.png 258w, https:\/\/www.donat.com\/wp-content\/uploads\/2022\/10\/Donat_UrsaPremik_4318_mobile_bigger-86x100.png 86w, https:\/\/www.donat.com\/wp-content\/uploads\/2022\/10\/Donat_UrsaPremik_4318_mobile_bigger-750x871.png 750w, https:\/\/www.donat.com\/wp-content\/uploads\/2022\/10\/Donat_UrsaPremik_4318_mobile_bigger-900x1045.png 900w, https:\/\/www.donat.com\/wp-content\/uploads\/2022\/10\/Donat_UrsaPremik_4318_mobile_bigger.png 1024w\" sizes=\"auto, (max-width: 882px) 100vw, 882px\" \/><\/figure>\n<\/div><\/div>\n\n\n\n<div class=\"wp-block-column is-vertically-aligned-center default-column-text column-text\">\n<h2 class=\"wp-block-heading\" id=\"kaj-vse-pridobims-programom-detox\">5 savjeta za zdrave \u017eivotne navike:<\/h2>\n\n\n\n<ul class=\"wp-block-list\"><li>Svakako <strong>poku\u0161ajte odr\u017eavati pravilan ritam obroka<\/strong>, po mogu\u0107nosti svaka \u010detiri sata. Tako \u0107ete o\u010duvati pravilno izmjenjivanje osje\u0107aja gladi i sitosti. Organizam \u0107e vas jasno obavje\u0161tavati o gladi i sitost, koje \u0107ete lako prepoznati. Jedite sporo i nemojte jesti usput, nego obroku posvetite pozornost i vrijeme.<\/li><li><strong>Izme\u0111u obroka pijte vodu ili pi\u0107a<\/strong> kao \u0161to su nezasla\u0111eni \u010dajevi i voda s iscije\u0111enim sokom limuna. Organizmu \u0107ete tako osigurati odgovaraju\u0107u hidraciju tijekom cijelog dana.<\/li><li>Za pripremu jela <strong>upotrebljavajte prehrambeno bogate namirnice, koje moraju biti svje\u017ee, kvalitetne i integralne<\/strong>. Osim toga, konzumirajte \u0161to manje industrijski prera\u0111ene hrane. Prilagodite porcije kao \u0161to ste nau\u010dili u okviru vo\u0111enih programa zdravlja Donat (Imuno, Vital, Detox).<\/li><li>Svaki dan <strong>vje\u017ebajte<\/strong>, odnosno \u0161to vi\u0161e se kre\u0107ite, bez obzira na to je li rije\u010d o svakodnevnim \u0161etnjama i hodanju stepenicama, vo\u017enji bicikla ili organiziranom vje\u017ebanju<\/li><li>Svaki dan <strong>pijte prirodnu mineralnu vodu Donat<\/strong> prema uputama koje \u0107ete prona\u0107i na mre\u017enoj stranici i u aplikaciji Donat. Tako \u0107ete ukloniti ili ubla\u017eiti neke probavne tegobe (ako ih imate), te o\u010duvati pravilan rad svih probavnih organa.<\/li><\/ul>\n\n\n\n<div class=\"wp-block-buttons\">\n<div class=\"wp-block-button parent-btn--green--16\"><a class=\"wp-block-button__link\" href=\"#savjeti-za-zdrav-\u017eivotni-stil\">Pro\u010ditajte vi\u0161e savjeta za zdrav \u017eivotni stil<\/a><\/div>\n<\/div>\n\n\n                \n                <div class=\"wp-block-buttons\">\n                    <div class=\"wp-block-button ms_user_register_forms_popup parent-btn--green--16\">\n                        <a class=\"wp-block-button__link\" href=\"#\">ZAPO\u010cNI PROGRAM<\/a>\n                    <\/div>\n                <\/div>\n                <div class=\" ms_profile_btn_small_text ms_user_login_forms_popup\" itemprop=\"text\">\n                    <p style=\"text-align: left;\">Jeste li se ve\u0107 prijavili? <a href=\"#\">PRIJAVITE SE<\/a><\/p>\n                <\/div>\n<\/div>\n<\/div>\n\n\n        <\/div>\n    <\/div>\n<\/div>\n\n<div id='aplikacija' class='use-our-app-section'><div class='container'><div class='use-our-app-inner'><div class='wp-block-columns are-vertically-aligned-center'><div class='wp-block-column is-vertically-aligned-center  column-image'><div class='wp-block-images'><div class='image-phone'><img loading=\"lazy\" decoding=\"async\" width=\"238\" height=\"480\" src=\"https:\/\/www.donat.com\/wp-content\/uploads\/2021\/02\/iphone_Pro_mockup-1.png\" class=\"attachment-full size-full\" alt=\"\" srcset=\"https:\/\/www.donat.com\/wp-content\/uploads\/2021\/02\/iphone_Pro_mockup-1.png 238w, https:\/\/www.donat.com\/wp-content\/uploads\/2021\/02\/iphone_Pro_mockup-1-149x300.png 149w\" sizes=\"auto, (max-width: 238px) 100vw, 238px\" \/><div class='image-glass'><img loading=\"lazy\" decoding=\"async\" width=\"239\" height=\"400\" src=\"https:\/\/www.donat.com\/wp-content\/uploads\/2021\/02\/glass-1.png\" class=\"attachment-full size-full\" alt=\"\" srcset=\"https:\/\/www.donat.com\/wp-content\/uploads\/2021\/02\/glass-1.png 239w, https:\/\/www.donat.com\/wp-content\/uploads\/2021\/02\/glass-1-179x300.png 179w\" sizes=\"auto, (max-width: 239px) 100vw, 239px\" \/><\/div><div class='floating-text f-1'><div class='icon'><img loading=\"lazy\" decoding=\"async\" width=\"30\" height=\"28\" src=\"https:\/\/www.donat.com\/wp-content\/uploads\/2021\/02\/Ico-Cart.png\" class=\"attachment-thumbnail size-thumbnail\" alt=\"\" \/><\/div><div class='text'><p>Asistent za kupovinu<\/p>\n<\/div><\/div><div class='floating-text f-2'><div class='icon'><img loading=\"lazy\" decoding=\"async\" width=\"1\" height=\"1\" src=\"https:\/\/www.donat.com\/wp-content\/uploads\/2021\/04\/Ico-down.svg\" class=\"attachment-thumbnail size-thumbnail\" alt=\"\" \/><\/div><div class='text'><p>Ve\u0107 vi\u0161e od<br \/>\n75 000 korisnika<\/p>\n<\/div><\/div><div class='floating-text f-3'><div class='icon'><img loading=\"lazy\" decoding=\"async\" width=\"26\" height=\"26\" src=\"https:\/\/www.donat.com\/wp-content\/uploads\/2021\/02\/Shape.png\" class=\"attachment-thumbnail size-thumbnail\" alt=\"\" \/><\/div><div class='text'><p>Podsjetnici za pijenje Donata<\/p>\n<\/div><\/div><\/div><\/div><\/div><div class='wp-block-column column-text is-vertically-aligned-center  text-447 default-column-text first'><div class='mobile-headline'><h2><strong>Upotrebljavajte <\/strong><br \/>\nna\u0161u mobilnu aplikaciju<\/h2>\n<p>Odaberite program pijenja i aplikaciju<br \/>\nkoja \u0107e vas voditi kroz dan s podsjetnicima<br \/>\ni korisnim savjetima te pripomo\u0107i<br \/>\nusvajanju zdravih \u017eivotnih navika.<\/p>\n<\/div><div class='hhb__image_mobile '><img loading=\"lazy\" decoding=\"async\" width=\"365\" height=\"514\" src=\"https:\/\/www.donat.com\/wp-content\/uploads\/2021\/02\/App-Image-1.png\" class=\"attachment-full size-full\" alt=\"\" srcset=\"https:\/\/www.donat.com\/wp-content\/uploads\/2021\/02\/App-Image-1.png 365w, https:\/\/www.donat.com\/wp-content\/uploads\/2021\/02\/App-Image-1-213x300.png 213w\" sizes=\"auto, (max-width: 365px) 100vw, 365px\" \/><\/div><div class='hhb__text '><h2><strong>Upotrebljavajte <\/strong><br \/>\nna\u0161u mobilnu aplikaciju<\/h2>\n<p>Odaberite program pijenja i aplikaciju<br \/>\nkoja \u0107e vas voditi kroz dan s podsjetnicima<br \/>\ni korisnim savjetima te pripomo\u0107i<br \/>\nusvajanju zdravih \u017eivotnih navika.<\/p>\n<\/div><div class='wp-block-images'><div class='image image-apple'><a target='_blank' href='https:\/\/apps.apple.com\/hr\/app\/donat-mg-moments\/id912821903'><img loading=\"lazy\" decoding=\"async\" width=\"133\" height=\"45\" src=\"https:\/\/www.donat.com\/wp-content\/uploads\/2021\/01\/apple-badge-2.png\" class=\"attachment-full size-full\" alt=\"\" \/><\/a><\/div><div class='image image-android'><a target='_blank' href='https:\/\/play.google.com\/store\/apps\/details?id=si.renderspace.donatmgmoments&#038;hl=hr&#038;gl=HR'><img loading=\"lazy\" decoding=\"async\" width=\"150\" height=\"45\" src=\"https:\/\/www.donat.com\/wp-content\/uploads\/2021\/01\/google-play-badge.png\" class=\"attachment-full size-full\" alt=\"\" \/><\/a><\/div><\/div><\/div><\/div><\/div><\/div><\/div>\n\n<div id=\"savjeti-za-zdrav-\u017eivotni-stil\" class=\"ow_container_section  container-1820\">\n    <div class=\"container\">\n        <div class=\"content\">\n            \n<div class='latest_blog_posts_horizontal'><div class='lbph__row text-holder'><div class='wp-block-columns'><div class='wp-block-column is-vertically-aligned-top  default-column-text first'><div class='hhb__text '><h2>Ideje i savjeti za <strong>zdrav \u017eivotni stil<\/strong><\/h2>\n<p>Stru\u010dni savjeti i preporuke za zdrav \u017eivotni stil. <\/p>\n<\/div><\/div><div class='wp-block-column is-vertically-aligned-top second'><div class='wp-block-buttons desktop'><div class='wp-block-button parent-btn--green--16'><a class='wp-block-button__link' target=''href ='https:\/\/www.donat.com\/hr\/zdravlje\/'>Svi savjeti<\/a><\/div><\/div><\/div><\/div><\/div><div class='lbph__row blog-posts-holder'><div class='blog_posts clearfix'><div class='blog_posts_col first one-third add-margin-right'><div class='blog_posts_item big '><div class='ms_post_card_wrapp'><a   href='https:\/\/www.donat.com\/hr\/10-iznenadujucih-cinjenica-o-vasim-crijevima\/'><div class='ms_post_card_bg '><img loading=\"lazy\" decoding=\"async\" width=\"550\" height=\"550\" src=\"https:\/\/www.donat.com\/wp-content\/uploads\/2025\/04\/Donat_UrsaPremik_25354_s-copy_CREVKA-2-1-1.webp\" class=\"attachment-blog-550-550 size-blog-550-550\" alt=\"\u017denska v naravi.\" srcset=\"https:\/\/www.donat.com\/wp-content\/uploads\/2025\/04\/Donat_UrsaPremik_25354_s-copy_CREVKA-2-1-1.webp 550w, https:\/\/www.donat.com\/wp-content\/uploads\/2025\/04\/Donat_UrsaPremik_25354_s-copy_CREVKA-2-1-1-300x300.webp 300w, https:\/\/www.donat.com\/wp-content\/uploads\/2025\/04\/Donat_UrsaPremik_25354_s-copy_CREVKA-2-1-1-150x150.webp 150w, https:\/\/www.donat.com\/wp-content\/uploads\/2025\/04\/Donat_UrsaPremik_25354_s-copy_CREVKA-2-1-1-100x100.webp 100w\" sizes=\"auto, (max-width: 550px) 100vw, 550px\" \/><\/div><div class='ms_post_card_text_wrapp'><div class='ms_post_card_text'><h3>Probava<\/h3><h2>10 iznena\u0111uju\u0107ih \u010dinjenica o tvom crijevu<\/h2><\/div><div class='ms_post_card_more'><span>Vi\u0161e<\/span><\/div><\/div><\/a><\/div><\/div><\/div><div class='blog_posts_col second two-thirds'><div class='blog_posts_row first full-width add-margin-bottom clearfix'><div class='blog_posts_item first add-margin-right one-third'><div class='ms_post_card_wrapp'><a   href='https:\/\/www.donat.com\/hr\/utjecaj-tjelesne-aktivnosti-na-probavni-sustav\/'><div class='ms_post_card_bg '><img loading=\"lazy\" decoding=\"async\" width=\"550\" height=\"550\" src=\"https:\/\/www.donat.com\/wp-content\/uploads\/2024\/09\/telesna-aktivnost_550x550px.png\" class=\"attachment-blog-550-550 size-blog-550-550\" alt=\"\u017dena i mu\u0161karac se kre\u0107u te time poti\u010du rad probave.\" srcset=\"https:\/\/www.donat.com\/wp-content\/uploads\/2024\/09\/telesna-aktivnost_550x550px.png 550w, https:\/\/www.donat.com\/wp-content\/uploads\/2024\/09\/telesna-aktivnost_550x550px-300x300.png 300w, https:\/\/www.donat.com\/wp-content\/uploads\/2024\/09\/telesna-aktivnost_550x550px-150x150.png 150w, https:\/\/www.donat.com\/wp-content\/uploads\/2024\/09\/telesna-aktivnost_550x550px-100x100.png 100w\" sizes=\"auto, (max-width: 550px) 100vw, 550px\" \/><\/div><div class='ms_post_card_text_wrapp'><div class='ms_post_card_text'><h3>Probava<\/h3><h2>Utjecaj tjelesne aktivnosti na probavni sustav<\/h2><\/div><div class='ms_post_card_more'><span>Vi\u0161e<\/span><\/div><\/div><\/a><\/div><\/div><div class='blog_posts_item second two-thirds'><div class='ms_post_card_wrapp'><a   href='https:\/\/www.donat.com\/hr\/prirodni-lijekovi-za-probavne-tegobe\/'><div class='ms_post_card_bg '><img loading=\"lazy\" decoding=\"async\" width=\"553\" height=\"280\" src=\"https:\/\/www.donat.com\/wp-content\/uploads\/2024\/09\/naravni-pripravki_553x280px.png\" class=\"attachment-blog-553-280 size-blog-553-280\" alt=\"\u017dena\" srcset=\"https:\/\/www.donat.com\/wp-content\/uploads\/2024\/09\/naravni-pripravki_553x280px.png 553w, https:\/\/www.donat.com\/wp-content\/uploads\/2024\/09\/naravni-pripravki_553x280px-300x152.png 300w, https:\/\/www.donat.com\/wp-content\/uploads\/2024\/09\/naravni-pripravki_553x280px-198x100.png 198w\" sizes=\"auto, (max-width: 553px) 100vw, 553px\" \/><\/div><div class='ms_post_card_text_wrapp'><div class='ms_post_card_text'><h3>Probava<\/h3><h2>Prirodni lijekovi za probavne tegobe<\/h2><\/div><div class='ms_post_card_more'><span>Vi\u0161e<\/span><\/div><\/div><\/a><\/div><\/div><\/div><div class='blog_posts_row second full-width clearfix'><div class='blog_posts_item first two-thirds add-margin-right '><div class='ms_post_card_wrapp'><a   href='https:\/\/www.donat.com\/hr\/raznolika-prehrana-kako-raznobojna-hrana-podrzava-zdravlje-crijeva\/'><div class='ms_post_card_bg '><img loading=\"lazy\" decoding=\"async\" width=\"553\" height=\"280\" src=\"https:\/\/www.donat.com\/wp-content\/uploads\/2024\/09\/barvna-zivila-008_553x280.jpeg\" class=\"attachment-blog-553-280 size-blog-553-280\" alt=\"\u0160arena hrana na tanjuru doprinosi zdravlju crijeva.\" srcset=\"https:\/\/www.donat.com\/wp-content\/uploads\/2024\/09\/barvna-zivila-008_553x280.jpeg 553w, https:\/\/www.donat.com\/wp-content\/uploads\/2024\/09\/barvna-zivila-008_553x280-300x152.jpeg 300w, https:\/\/www.donat.com\/wp-content\/uploads\/2024\/09\/barvna-zivila-008_553x280-198x100.jpeg 198w\" sizes=\"auto, (max-width: 553px) 100vw, 553px\" \/><\/div><div class='ms_post_card_text_wrapp'><div class='ms_post_card_text'><h3>Probava<\/h3><h2>Raznolika prehrana: kako \u0161arenahrana podr\u017eava zdravlje crijeva<\/h2><\/div><div class='ms_post_card_more'><span>Vi\u0161e<\/span><\/div><\/div><\/a><\/div><\/div><div class='blog_posts_item second one-third'><div class='ms_post_card_wrapp'><a   href='https:\/\/www.donat.com\/hr\/izazovi-starenja-kako-se-probavni-trakt-mijenja-s-godinama\/'><div class='ms_post_card_bg '><img loading=\"lazy\" decoding=\"async\" width=\"550\" height=\"550\" src=\"https:\/\/www.donat.com\/wp-content\/uploads\/2024\/07\/izzivi-staranja-in-prebravni-trakt-001_550x550.webp\" class=\"attachment-blog-550-550 size-blog-550-550\" alt=\"\u017denska, ki gleda v naravo.\" srcset=\"https:\/\/www.donat.com\/wp-content\/uploads\/2024\/07\/izzivi-staranja-in-prebravni-trakt-001_550x550.webp 550w, https:\/\/www.donat.com\/wp-content\/uploads\/2024\/07\/izzivi-staranja-in-prebravni-trakt-001_550x550-300x300.webp 300w, https:\/\/www.donat.com\/wp-content\/uploads\/2024\/07\/izzivi-staranja-in-prebravni-trakt-001_550x550-150x150.webp 150w, https:\/\/www.donat.com\/wp-content\/uploads\/2024\/07\/izzivi-staranja-in-prebravni-trakt-001_550x550-100x100.webp 100w\" sizes=\"auto, (max-width: 550px) 100vw, 550px\" \/><\/div><div class='ms_post_card_text_wrapp'><div class='ms_post_card_text'><h3>Probava<\/h3><h2>Izazovi starenja: Kako se tijekom godina mijenja probavni trakt<\/h2><\/div><div class='ms_post_card_more'><span>Vi\u0161e<\/span><\/div><\/div><\/a><\/div><\/div><\/div><\/div><\/div><\/div><div class='wp-block-buttons mobile'><div class='wp-block-button parent-btn--green--16'><a class='wp-block-button__link' target=''href ='https:\/\/www.donat.com\/hr\/zdravlje\/'>Svi savjeti<\/a><\/div><\/div><\/div>\n\n        <\/div>\n    <\/div>\n<\/div>","protected":false},"excerpt":{"rendered":"","protected":false},"author":5,"featured_media":0,"parent":0,"menu_order":0,"comment_status":"closed","ping_status":"closed","template":"","meta":{"_acf_changed":false,"footnotes":""},"class_list":["post-111579","page","type-page","status-publish","hentry"],"acf":[],"_links":{"self":[{"href":"https:\/\/www.donat.com\/hr\/wp-json\/wp\/v2\/pages\/111579","targetHints":{"allow":["GET"]}}],"collection":[{"href":"https:\/\/www.donat.com\/hr\/wp-json\/wp\/v2\/pages"}],"about":[{"href":"https:\/\/www.donat.com\/hr\/wp-json\/wp\/v2\/types\/page"}],"author":[{"embeddable":true,"href":"https:\/\/www.donat.com\/hr\/wp-json\/wp\/v2\/users\/5"}],"replies":[{"embeddable":true,"href":"https:\/\/www.donat.com\/hr\/wp-json\/wp\/v2\/comments?post=111579"}],"version-history":[{"count":17,"href":"https:\/\/www.donat.com\/hr\/wp-json\/wp\/v2\/pages\/111579\/revisions"}],"predecessor-version":[{"id":111837,"href":"https:\/\/www.donat.com\/hr\/wp-json\/wp\/v2\/pages\/111579\/revisions\/111837"}],"wp:attachment":[{"href":"https:\/\/www.donat.com\/hr\/wp-json\/wp\/v2\/media?parent=111579"}],"curies":[{"name":"wp","href":"https:\/\/api.w.org\/{rel}","templated":true}]}}