{"id":181837,"date":"2023-07-07T08:17:31","date_gmt":"2023-07-07T06:17:31","guid":{"rendered":"https:\/\/www.donat.com\/115-let-donata\/"},"modified":"2026-02-10T11:48:52","modified_gmt":"2026-02-10T09:48:52","slug":"115-godina-donata","status":"publish","type":"page","link":"https:\/\/www.donat.com\/hr\/115-godina-donata\/","title":{"rendered":"115 godina Donata"},"content":{"rendered":"<div id=\"\" class=\"ow_container_section  ms-timeline-hero-1 column-window-height move-headline-section\">\n    <div class=\"container\">\n        <div class=\"content\">\n            \n\n<div class=\"wp-block-columns column-image-absolute\">\n<div class=\"wp-block-column is-vertically-aligned-center default-column-text h64p22 column-image\"><div class=\"wp-block-image image-position-absolute\">\n<figure class=\"alignleft size-full\"><img loading=\"lazy\" decoding=\"async\" width=\"624\" height=\"623\" src=\"https:\/\/www.donat.com\/wp-content\/uploads\/2023\/07\/paviljon-levo.png\" alt=\"\" class=\"wp-image-182046\" srcset=\"https:\/\/www.donat.com\/wp-content\/uploads\/2023\/07\/paviljon-levo.png 624w, https:\/\/www.donat.com\/wp-content\/uploads\/2023\/07\/paviljon-levo-300x300.png 300w, https:\/\/www.donat.com\/wp-content\/uploads\/2023\/07\/paviljon-levo-150x150.png 150w, https:\/\/www.donat.com\/wp-content\/uploads\/2023\/07\/paviljon-levo-550x550.png 550w, https:\/\/www.donat.com\/wp-content\/uploads\/2023\/07\/paviljon-levo-100x100.png 100w\" sizes=\"auto, (max-width: 624px) 100vw, 624px\" \/><\/figure>\n<\/div>\n\n\n<h1 class=\"wp-block-heading mobile-headline\">Prirodno rje\u0161enje za urednu probavu&nbsp;<strong>ve\u0107 115 godina<\/strong>.<\/h1>\n<\/div>\n\n\n\n<div class=\"wp-block-column is-vertically-aligned-center default-column-text h64p22 column-text\">\n<h1 class=\"wp-block-heading\">Prirodno rje\u0161enje za urednu probavu\u00a0<strong>ve\u0107 vi\u0161e od 115 godina<\/strong>.<\/h1>\n\n\n\n<p>Davno, jo\u0161 prije na\u0161eg vremena, narod je znao za Donat i njegov u\u010dinak na tijelo. Pro\u010ditajte uzbudljivu pri\u010du o nastanku Donata kakvog danas poznajemo.<\/p>\n\n\n\n<div class=\"wp-block-buttons\">\n<div class=\"wp-block-button parent-btn--green--16\"><a class=\"wp-block-button__link wp-element-button\" href=\"#prica\">ISKUSITE PRI\u010cU<\/a><\/div>\n<\/div>\n<\/div>\n<\/div>\n\n\n        <\/div>\n    <\/div>\n<\/div>\n\n<div id=\"prica\" class=\"ow_container_section \">\n    <div class=\"container\">\n        <div class=\"content\">\n            \n<div id='timeline' class='ms_timeline'><div class='ms_timeline_wrapp'><div class='ms_timeline_single  pos-1 img_left first'>\n            <div class=\"ms_line_animate img_left first \">   \n               <svg xmlns=\"http:\/\/www.w3.org\/2000\/svg\" width=\"850\" height=\"400\" viewBox=\"0 0 850 400\" preserveAspectRatio=\"xMidYMid meet\">\n                  <path class=\"path\" d=\"\tM 0 0           L 0 100         C 0 200 100 200 100 200         L 750 200       C 750 200 850 200 850 300        L 850 400  \" fill=\"none\" stroke=\"#c9d5d0\" ><\/path>\n                   <text x=\"400\" y=\"234\"  text-anchor=\"middle\"          stroke=\"white\"          stroke-width=\"1px\"          >     <\/text>\n               <\/svg>                 \n            <\/div><div class='ms_timeline_single_toggle'><h2><b>Nekada davno<\/b> \u2013 legenda o Pegazu<\/h2><\/div><div class='ms_timeline_single_toggle_text'><div class='ms_timeline_single_column_wrapp'><div class='ms_timeline_single_measure'><div class='ms_timeline_single_column image_column'><p class='year-mobile'><\/p><img loading=\"lazy\" decoding=\"async\" width=\"1289\" height=\"1091\" src=\"https:\/\/www.donat.com\/wp-content\/uploads\/2021\/03\/pegasus-v2-min.png\" class=\"attachment-full size-full\" alt=\"\" srcset=\"https:\/\/www.donat.com\/wp-content\/uploads\/2021\/03\/pegasus-v2-min.png 1289w, https:\/\/www.donat.com\/wp-content\/uploads\/2021\/03\/pegasus-v2-min-300x254.png 300w, https:\/\/www.donat.com\/wp-content\/uploads\/2021\/03\/pegasus-v2-min-1024x867.png 1024w, https:\/\/www.donat.com\/wp-content\/uploads\/2021\/03\/pegasus-v2-min-118x100.png 118w, https:\/\/www.donat.com\/wp-content\/uploads\/2021\/03\/pegasus-v2-min-750x635.png 750w, https:\/\/www.donat.com\/wp-content\/uploads\/2021\/03\/pegasus-v2-min-900x762.png 900w\" sizes=\"auto, (max-width: 1289px) 100vw, 1289px\" \/><\/div><div class='ms_timeline_single_column text_column'><div class='text-wrapp default-column-text '><h2><b>Nekada davno<\/b> \u2013 legenda o Pegazu<\/h2><p>Pri\u010da iz davnine, u kojoj su vladali bogovi i mitolo\u0161ki junaci, pripovijeda da je krilati konj Pegaz tijekom leta iznad Slovenije kopitom udario u planinu i iz nje je izbio izvor \u010dudotvorne mineralne vode. Mo\u017eda \u0107e vam se \u010diniti neobi\u010dno, ali Pegazovo gr\u010dko ime \u03a0\u03ae\u03b3\u03b1\u03c3\u03bf\u03c2 (izg. P\u00edgasos) stru\u010dnjaci povezuju s rije\u010dju \u03c0\u03b7\u03b3\u03ae (izg. p\u00eag\u1ebf), \u0161to zna\u010di izvor te obja\u0161njava nastanak pripovijetke.<\/p>\n<\/div><\/div><\/div><\/div><\/div><\/div><div class='ms_timeline_single  pos-2 img_right'>\n            <div class=\"ms_line_animate img_right \">   \n               <svg xmlns=\"http:\/\/www.w3.org\/2000\/svg\" width=\"850\" height=\"400\" viewBox=\"0 0 850 400\" preserveAspectRatio=\"xMidYMid meet\">\n                  <path class=\"path\" d=\"\tM 850 0 \t\tL 850 100 \t\tC 850 200 750 200 750 200 \t\tL 100 200 \t\tC 100 200 0 200 0 300       L 0 400 \" fill=\"none\" stroke=\"#c9d5d0\" ><\/path>\n                   <text x=\"400\" y=\"234\"  text-anchor=\"middle\"          stroke=\"white\"          stroke-width=\"1px\"          > prije 1908    <\/text>\n               <\/svg>                 \n            <\/div><div class='ms_timeline_single_toggle'><h2><b>Prvi<\/b> zapisi<\/h2><\/div><div class='ms_timeline_single_toggle_text'><div class='ms_timeline_single_column_wrapp'><div class='ms_timeline_single_measure'><div class='ms_timeline_single_column image_column'><p class='year-mobile'>prije 1908<\/p><img loading=\"lazy\" decoding=\"async\" width=\"580\" height=\"492\" src=\"https:\/\/www.donat.com\/wp-content\/uploads\/2023\/07\/history-1.jpg\" class=\"attachment-full size-full\" alt=\"\" srcset=\"https:\/\/www.donat.com\/wp-content\/uploads\/2023\/07\/history-1.jpg 580w, https:\/\/www.donat.com\/wp-content\/uploads\/2023\/07\/history-1-300x254.jpg 300w, https:\/\/www.donat.com\/wp-content\/uploads\/2023\/07\/history-1-118x100.jpg 118w\" sizes=\"auto, (max-width: 580px) 100vw, 580px\" \/><\/div><div class='ms_timeline_single_column text_column'><div class='text-wrapp default-column-text '><h2><b>Prvi<\/b> zapisi<\/h2><p>Prvi zapisi o ljekovitim svojstvima voda na podru\u010dju Roga\u0161ke Slatine se\u017eu u 1572. godinu. Dobar glas pro\u010duo se \u010dak do habsbur\u0161kog carstva, gdje se pila kao cijenjen lijek.<\/p>\n<\/div><\/div><\/div><\/div><\/div><\/div><div class='ms_timeline_single  pos-3 img_left'>\n            <div class=\"ms_line_animate img_left \">   \n               <svg xmlns=\"http:\/\/www.w3.org\/2000\/svg\" width=\"850\" height=\"400\" viewBox=\"0 0 850 400\" preserveAspectRatio=\"xMidYMid meet\">\n                  <path class=\"path\" d=\"\tM 0 0           L 0 100         C 0 200 100 200 100 200         L 750 200       C 750 200 850 200 850 300        L 850 400  \" fill=\"none\" stroke=\"#c9d5d0\" ><\/path>\n                   <text x=\"400\" y=\"234\"  text-anchor=\"middle\"          stroke=\"white\"          stroke-width=\"1px\"          > 1908    <\/text>\n               <\/svg>                 \n            <\/div><div class='ms_timeline_single_toggle'><h2><b>Otkri\u0107e<\/b> izvora Donata<\/h2><\/div><div class='ms_timeline_single_toggle_text'><div class='ms_timeline_single_column_wrapp'><div class='ms_timeline_single_measure'><div class='ms_timeline_single_column image_column'><p class='year-mobile'>1908<\/p><img loading=\"lazy\" decoding=\"async\" width=\"624\" height=\"623\" src=\"https:\/\/www.donat.com\/wp-content\/uploads\/2023\/07\/history001-1.png\" class=\"attachment-full size-full\" alt=\"\" srcset=\"https:\/\/www.donat.com\/wp-content\/uploads\/2023\/07\/history001-1.png 624w, https:\/\/www.donat.com\/wp-content\/uploads\/2023\/07\/history001-1-300x300.png 300w, https:\/\/www.donat.com\/wp-content\/uploads\/2023\/07\/history001-1-150x150.png 150w, https:\/\/www.donat.com\/wp-content\/uploads\/2023\/07\/history001-1-550x550.png 550w, https:\/\/www.donat.com\/wp-content\/uploads\/2023\/07\/history001-1-100x100.png 100w\" sizes=\"auto, (max-width: 624px) 100vw, 624px\" \/><\/div><div class='ms_timeline_single_column text_column'><div class='text-wrapp default-column-text '><h2><b>Otkri\u0107e<\/b> izvora Donata<\/h2><p>Na podru\u010dju Roga\u0161ke Slatine u pro\u0161losti je iskopano nekoliko izvora mineralne vode, koji, me\u0111utim, nisu bili najprikladniji za uporabu. Velik prodor uspio je po\u010detkom 20. stolje\u0107a, kada je na jednoj od bu\u0161otina otkrivena voda s vrlo visokim sadr\u017eajem minerala. Dobila je ime Donat jer izvire u blizini Dona\u010dke gore.<\/p>\n<\/div><\/div><\/div><\/div><\/div><\/div><div class='ms_timeline_single  pos-4 img_right'>\n            <div class=\"ms_line_animate img_right \">   \n               <svg xmlns=\"http:\/\/www.w3.org\/2000\/svg\" width=\"850\" height=\"400\" viewBox=\"0 0 850 400\" preserveAspectRatio=\"xMidYMid meet\">\n                  <path class=\"path\" d=\"\tM 850 0 \t\tL 850 100 \t\tC 850 200 750 200 750 200 \t\tL 100 200 \t\tC 100 200 0 200 0 300       L 0 400 \" fill=\"none\" stroke=\"#c9d5d0\" ><\/path>\n                   <text x=\"400\" y=\"234\"  text-anchor=\"middle\"          stroke=\"white\"          stroke-width=\"1px\"          > 1936    <\/text>\n               <\/svg>                 \n            <\/div><div class='ms_timeline_single_toggle'><h2><b>Prvi znanstveni eksperimenti <\/b> o u\u010dincima Donata<\/h2><\/div><div class='ms_timeline_single_toggle_text'><div class='ms_timeline_single_column_wrapp'><div class='ms_timeline_single_measure'><div class='ms_timeline_single_column image_column'><p class='year-mobile'>1936<\/p><img loading=\"lazy\" decoding=\"async\" width=\"624\" height=\"623\" src=\"https:\/\/www.donat.com\/wp-content\/uploads\/2023\/07\/history002-1.png\" class=\"attachment-full size-full\" alt=\"\" srcset=\"https:\/\/www.donat.com\/wp-content\/uploads\/2023\/07\/history002-1.png 624w, https:\/\/www.donat.com\/wp-content\/uploads\/2023\/07\/history002-1-300x300.png 300w, https:\/\/www.donat.com\/wp-content\/uploads\/2023\/07\/history002-1-150x150.png 150w, https:\/\/www.donat.com\/wp-content\/uploads\/2023\/07\/history002-1-550x550.png 550w, https:\/\/www.donat.com\/wp-content\/uploads\/2023\/07\/history002-1-100x100.png 100w\" sizes=\"auto, (max-width: 624px) 100vw, 624px\" \/><\/div><div class='ms_timeline_single_column text_column'><div class='text-wrapp default-column-text '><h2><b>Prvi znanstveni eksperimenti <\/b> o u\u010dincima Donata<\/h2><p>Doma\u0107i i strani stru\u010dnjaci u literaturi su \u010desto spominjali pozitivne u\u010dinke Donata i objavljivali preporuke u vezi s pijenjem. Prof. Leskovar, dr. med., kao glavni lije\u010dnik Lje\u010dili\u0161ta Roga\u0161ka Slatina po\u010deo je provoditi eksperimente o u\u010dincima Donata na ljudski organizam.<\/p>\n<\/div><\/div><\/div><\/div><\/div><\/div><div class='ms_timeline_single  pos-5 img_left'>\n            <div class=\"ms_line_animate img_left \">   \n               <svg xmlns=\"http:\/\/www.w3.org\/2000\/svg\" width=\"850\" height=\"400\" viewBox=\"0 0 850 400\" preserveAspectRatio=\"xMidYMid meet\">\n                  <path class=\"path\" d=\"\tM 0 0           L 0 100         C 0 200 100 200 100 200         L 750 200       C 750 200 850 200 850 300        L 850 400  \" fill=\"none\" stroke=\"#c9d5d0\" ><\/path>\n                   <text x=\"400\" y=\"234\"  text-anchor=\"middle\"          stroke=\"white\"          stroke-width=\"1px\"          > 1964    <\/text>\n               <\/svg>                 \n            <\/div><div class='ms_timeline_single_toggle'><h2><b>Donat prima<\/b> slu\u017ebenu potvrdu o ljekovitosti<\/h2><\/div><div class='ms_timeline_single_toggle_text'><div class='ms_timeline_single_column_wrapp'><div class='ms_timeline_single_measure'><div class='ms_timeline_single_column image_column'><p class='year-mobile'>1964<\/p><img loading=\"lazy\" decoding=\"async\" width=\"624\" height=\"623\" src=\"https:\/\/www.donat.com\/wp-content\/uploads\/2023\/07\/history003-1.png\" class=\"attachment-full size-full\" alt=\"\" srcset=\"https:\/\/www.donat.com\/wp-content\/uploads\/2023\/07\/history003-1.png 624w, https:\/\/www.donat.com\/wp-content\/uploads\/2023\/07\/history003-1-300x300.png 300w, https:\/\/www.donat.com\/wp-content\/uploads\/2023\/07\/history003-1-150x150.png 150w, https:\/\/www.donat.com\/wp-content\/uploads\/2023\/07\/history003-1-550x550.png 550w, https:\/\/www.donat.com\/wp-content\/uploads\/2023\/07\/history003-1-100x100.png 100w\" sizes=\"auto, (max-width: 624px) 100vw, 624px\" \/><\/div><div class='ms_timeline_single_column text_column'><div class='text-wrapp default-column-text '><h2><b>Donat prima<\/b> slu\u017ebenu potvrdu o ljekovitosti<\/h2><p>Ljekoviti u\u010dinci, o kojima su pri\u010dali doma\u0107ini, lije\u010dnici i ljudi koji su pili Donat, prvi put su slu\u017ebeno potvr\u0111eni 1964. godine, kada je izdana potvrda o ljekovitosti prirodne mineralne vode iz izvora Donata.<\/p>\n<\/div><\/div><\/div><\/div><\/div><\/div><div class='ms_timeline_single  pos-6 img_right'>\n            <div class=\"ms_line_animate img_right \">   \n               <svg xmlns=\"http:\/\/www.w3.org\/2000\/svg\" width=\"850\" height=\"400\" viewBox=\"0 0 850 400\" preserveAspectRatio=\"xMidYMid meet\">\n                  <path class=\"path\" d=\"\tM 850 0 \t\tL 850 100 \t\tC 850 200 750 200 750 200 \t\tL 100 200 \t\tC 100 200 0 200 0 300       L 0 400 \" fill=\"none\" stroke=\"#c9d5d0\" ><\/path>\n                   <text x=\"400\" y=\"234\"  text-anchor=\"middle\"          stroke=\"white\"          stroke-width=\"1px\"          > 1967    <\/text>\n               <\/svg>                 \n            <\/div><div class='ms_timeline_single_toggle'><h2><b>Otvorenje<\/b> pivnice<\/h2><\/div><div class='ms_timeline_single_toggle_text'><div class='ms_timeline_single_column_wrapp'><div class='ms_timeline_single_measure'><div class='ms_timeline_single_column image_column'><p class='year-mobile'>1967<\/p><img loading=\"lazy\" decoding=\"async\" width=\"624\" height=\"623\" src=\"https:\/\/www.donat.com\/wp-content\/uploads\/2023\/07\/voda.png\" class=\"attachment-full size-full\" alt=\"\" srcset=\"https:\/\/www.donat.com\/wp-content\/uploads\/2023\/07\/voda.png 624w, https:\/\/www.donat.com\/wp-content\/uploads\/2023\/07\/voda-300x300.png 300w, https:\/\/www.donat.com\/wp-content\/uploads\/2023\/07\/voda-150x150.png 150w, https:\/\/www.donat.com\/wp-content\/uploads\/2023\/07\/voda-550x550.png 550w, https:\/\/www.donat.com\/wp-content\/uploads\/2023\/07\/voda-100x100.png 100w\" sizes=\"auto, (max-width: 624px) 100vw, 624px\" \/><\/div><div class='ms_timeline_single_column text_column'><div class='text-wrapp default-column-text '><h2><b>Otvorenje<\/b> pivnice<\/h2><p>Nakon razaraju\u0107eg po\u017eara na staroj pivnici uskoro je zapo\u010dela izgradnja nove velike pivnice. Osim zgrade Lje\u010dili\u0161ta Roga\u0161ka Slatina, 1967. godine nastala je suvremena pivnica s jedanaest fontana, gdje si gosti lje\u010dili\u0161ta i posjetitelji i danas mogu sami nato\u010diti Donat.<\/p>\n<\/div><\/div><\/div><\/div><\/div><\/div><div class='ms_timeline_single  pos-7 img_left'>\n            <div class=\"ms_line_animate img_left \">   \n               <svg xmlns=\"http:\/\/www.w3.org\/2000\/svg\" width=\"850\" height=\"400\" viewBox=\"0 0 850 400\" preserveAspectRatio=\"xMidYMid meet\">\n                  <path class=\"path\" d=\"\tM 0 0           L 0 100         C 0 200 100 200 100 200         L 750 200       C 750 200 850 200 850 300        L 850 400  \" fill=\"none\" stroke=\"#c9d5d0\" ><\/path>\n                   <text x=\"400\" y=\"234\"  text-anchor=\"middle\"          stroke=\"white\"          stroke-width=\"1px\"          > 1987    <\/text>\n               <\/svg>                 \n            <\/div><div class='ms_timeline_single_toggle'><h2><b>Osnivanje Centra za razvoj<\/b> i znanstveno istra\u017eivanje mineralnih voda<\/h2><\/div><div class='ms_timeline_single_toggle_text'><div class='ms_timeline_single_column_wrapp'><div class='ms_timeline_single_measure'><div class='ms_timeline_single_column image_column'><p class='year-mobile'>1987<\/p><img loading=\"lazy\" decoding=\"async\" width=\"624\" height=\"623\" src=\"https:\/\/www.donat.com\/wp-content\/uploads\/2023\/07\/history005-1.png\" class=\"attachment-full size-full\" alt=\"\" srcset=\"https:\/\/www.donat.com\/wp-content\/uploads\/2023\/07\/history005-1.png 624w, https:\/\/www.donat.com\/wp-content\/uploads\/2023\/07\/history005-1-300x300.png 300w, https:\/\/www.donat.com\/wp-content\/uploads\/2023\/07\/history005-1-150x150.png 150w, https:\/\/www.donat.com\/wp-content\/uploads\/2023\/07\/history005-1-550x550.png 550w, https:\/\/www.donat.com\/wp-content\/uploads\/2023\/07\/history005-1-100x100.png 100w\" sizes=\"auto, (max-width: 624px) 100vw, 624px\" \/><\/div><div class='ms_timeline_single_column text_column'><div class='text-wrapp default-column-text '><h2><b>Osnivanje Centra za razvoj<\/b> i znanstveno istra\u017eivanje mineralnih voda<\/h2><p>Centar za razvoj i znanstveno istra\u017eivanje mineralnih voda igrao je va\u017enu ulogu u istra\u017eivanju u\u010dinkovitosti Donata i njegovog utjecaja na ljudski organizam. Centar se nakon 1987. priklju\u010dio Lje\u010dili\u0161tu Roga\u0161ka Slatina, gdje su nastavljena istra\u017eivanja na podru\u010dju balneologije.<\/p>\n<\/div><\/div><\/div><\/div><\/div><\/div><div class='ms_timeline_single  pos-8 img_right'>\n            <div class=\"ms_line_animate img_right \">   \n               <svg xmlns=\"http:\/\/www.w3.org\/2000\/svg\" width=\"850\" height=\"400\" viewBox=\"0 0 850 400\" preserveAspectRatio=\"xMidYMid meet\">\n                  <path class=\"path\" d=\"\tM 850 0 \t\tL 850 100 \t\tC 850 200 750 200 750 200 \t\tL 100 200 \t\tC 100 200 0 200 0 300       L 0 400 \" fill=\"none\" stroke=\"#c9d5d0\" ><\/path>\n                   <text x=\"400\" y=\"234\"  text-anchor=\"middle\"          stroke=\"white\"          stroke-width=\"1px\"          > 2015    <\/text>\n               <\/svg>                 \n            <\/div><div class='ms_timeline_single_toggle'><h2><b>Klini\u010dka studija<\/b> dokazuje utjecaj Donata na probavu<\/h2><\/div><div class='ms_timeline_single_toggle_text'><div class='ms_timeline_single_column_wrapp'><div class='ms_timeline_single_measure'><div class='ms_timeline_single_column image_column'><p class='year-mobile'>2015<\/p><img loading=\"lazy\" decoding=\"async\" width=\"460\" height=\"658\" src=\"https:\/\/www.donat.com\/wp-content\/uploads\/2022\/09\/BottleBadge-CRO.png\" class=\"attachment-full size-full\" alt=\"\" srcset=\"https:\/\/www.donat.com\/wp-content\/uploads\/2022\/09\/BottleBadge-CRO.png 460w, https:\/\/www.donat.com\/wp-content\/uploads\/2022\/09\/BottleBadge-CRO-210x300.png 210w, https:\/\/www.donat.com\/wp-content\/uploads\/2022\/09\/BottleBadge-CRO-70x100.png 70w\" sizes=\"auto, (max-width: 460px) 100vw, 460px\" \/><\/div><div class='ms_timeline_single_column text_column'><div class='text-wrapp default-column-text '><h2><b>Klini\u010dka studija<\/b> dokazuje utjecaj Donata na probavu<\/h2><p>Svijest o pozitivnim u\u010dincima Donata prenosila se s koljena na koljeno i potkrijepljena je razli\u010ditim znanstvenim istra\u017eivanjima. Najva\u017enija je njema\u010dka klini\u010dka studija provedena 2015. godine, koja je dokazala da Donat blagotvorno utje\u010de na probavu osoba s funkcionalnim zatvorom.<br \/>\nVi\u0161e o studiji koja je objavljena u znanstvenom \u010dasopisu European Journal of Nutrition mo\u017eete pro\u010ditati u \u010dlanku <a href=\"https:\/\/www.donat.com\/hr\/znanstveno-dokazana-ucinkovitost-donata-mg\/\">Znanstveno dokazana u\u010dinkovitost Donata \u2013 Donat<\/a>.<\/p>\n<\/div><\/div><\/div><\/div><\/div><\/div><div class='ms_timeline_single  pos-9 img_left'>\n            <div class=\"ms_line_animate img_left \">   \n               <svg xmlns=\"http:\/\/www.w3.org\/2000\/svg\" width=\"850\" height=\"400\" viewBox=\"0 0 850 400\" preserveAspectRatio=\"xMidYMid meet\">\n                  <path class=\"path\" d=\"\tM 0 0           L 0 100         C 0 200 100 200 100 200         L 750 200       C 750 200 850 200 850 300        L 850 400  \" fill=\"none\" stroke=\"#c9d5d0\" ><\/path>\n                   <text x=\"400\" y=\"234\"  text-anchor=\"middle\"          stroke=\"white\"          stroke-width=\"1px\"          > 2022    <\/text>\n               <\/svg>                 \n            <\/div><div class='ms_timeline_single_toggle'><h2><b>Odr\u017eivost postaje<\/b> vodilja razvoja<\/h2><\/div><div class='ms_timeline_single_toggle_text'><div class='ms_timeline_single_column_wrapp'><div class='ms_timeline_single_measure'><div class='ms_timeline_single_column image_column'><p class='year-mobile'>2022<\/p><img loading=\"lazy\" decoding=\"async\" width=\"867\" height=\"650\" src=\"https:\/\/www.donat.com\/wp-content\/uploads\/2022\/08\/DONAT-ENG-TRAJNOSTNO-POROCILO-AVG22-V2-s-1.png\" class=\"attachment-full size-full\" alt=\"Trajnostno poro\u010dilo\" srcset=\"https:\/\/www.donat.com\/wp-content\/uploads\/2022\/08\/DONAT-ENG-TRAJNOSTNO-POROCILO-AVG22-V2-s-1.png 867w, https:\/\/www.donat.com\/wp-content\/uploads\/2022\/08\/DONAT-ENG-TRAJNOSTNO-POROCILO-AVG22-V2-s-1-300x225.png 300w, https:\/\/www.donat.com\/wp-content\/uploads\/2022\/08\/DONAT-ENG-TRAJNOSTNO-POROCILO-AVG22-V2-s-1-133x100.png 133w, https:\/\/www.donat.com\/wp-content\/uploads\/2022\/08\/DONAT-ENG-TRAJNOSTNO-POROCILO-AVG22-V2-s-1-750x562.png 750w\" sizes=\"auto, (max-width: 867px) 100vw, 867px\" \/><\/div><div class='ms_timeline_single_column text_column'><div class='text-wrapp default-column-text '><h2><b>Odr\u017eivost postaje<\/b> vodilja razvoja<\/h2><p>Donat ve\u0107 vi\u0161e od 115 godina postavlja visoke standarde odr\u017eivog razvoja. Godine 2022. jasno i pregledno smo predstavili ciljeve i aktivnosti na podru\u010dju odr\u017eivosti u prvom samostalnom izvje\u0161\u0107u o odr\u017eivom razvoju. Nastojanja smo podijelili na \u010detiri klju\u010dna stupa: ljudi, proizvodi, okoli\u0161 i upravljanje.<\/p>\n<\/div><\/div><\/div><\/div><\/div><\/div><div><div>\n\n        <\/div>\n    <\/div>\n<\/div>","protected":false},"excerpt":{"rendered":"","protected":false},"author":5,"featured_media":0,"parent":0,"menu_order":0,"comment_status":"closed","ping_status":"closed","template":"","meta":{"_acf_changed":false,"footnotes":""},"class_list":["post-181837","page","type-page","status-publish","hentry"],"acf":[],"_links":{"self":[{"href":"https:\/\/www.donat.com\/hr\/wp-json\/wp\/v2\/pages\/181837","targetHints":{"allow":["GET"]}}],"collection":[{"href":"https:\/\/www.donat.com\/hr\/wp-json\/wp\/v2\/pages"}],"about":[{"href":"https:\/\/www.donat.com\/hr\/wp-json\/wp\/v2\/types\/page"}],"author":[{"embeddable":true,"href":"https:\/\/www.donat.com\/hr\/wp-json\/wp\/v2\/users\/5"}],"replies":[{"embeddable":true,"href":"https:\/\/www.donat.com\/hr\/wp-json\/wp\/v2\/comments?post=181837"}],"version-history":[{"count":20,"href":"https:\/\/www.donat.com\/hr\/wp-json\/wp\/v2\/pages\/181837\/revisions"}],"predecessor-version":[{"id":224103,"href":"https:\/\/www.donat.com\/hr\/wp-json\/wp\/v2\/pages\/181837\/revisions\/224103"}],"wp:attachment":[{"href":"https:\/\/www.donat.com\/hr\/wp-json\/wp\/v2\/media?parent=181837"}],"curies":[{"name":"wp","href":"https:\/\/api.w.org\/{rel}","templated":true}]}}