{"id":184179,"date":"2023-08-23T14:21:28","date_gmt":"2023-08-23T12:21:28","guid":{"rendered":"https:\/\/www.donat.com\/storitev-vprasajte-strokovnjaka\/"},"modified":"2023-08-24T09:54:19","modified_gmt":"2023-08-24T07:54:19","slug":"usluga-pitajte-strucnjaka","status":"publish","type":"page","link":"https:\/\/www.donat.com\/hr\/usluga-pitajte-strucnjaka\/","title":{"rendered":"Usluga pitajte strucnjaka"},"content":{"rendered":"<div id=\"\" class=\"ow_container_section  at-6tagen-form\">\n    <div class=\"container\">\n        <div class=\"content\">\n            \n<div class='form_block ow_form ow_form_96' data-index='421'><div class='container'><div class='content ignore'><div class='row-text default-column-text h40p20'><h2><strong>Hvala Vam \u0161to \u0107ete odvojiti vrijeme za ispunjavanje ankete.<\/strong><\/h2>\n<p><strong>Budu\u0107i da Vam \u017eelimo zajam\u010diti kvalitetno korisni\u010dko iskustvo, molimo Vas da s nama podijelite koliko ste zadovoljni uslugom \u201epitajte stru\u010dnjaka\u201c.<\/strong><\/p>\n<\/div><div class='row-form '><script type=\"text\/javascript\">\n\/* <![CDATA[ *\/\nvar gform;gform||(document.addEventListener(\"gform_main_scripts_loaded\",function(){gform.scriptsLoaded=!0}),document.addEventListener(\"gform\/theme\/scripts_loaded\",function(){gform.themeScriptsLoaded=!0}),window.addEventListener(\"DOMContentLoaded\",function(){gform.domLoaded=!0}),gform={domLoaded:!1,scriptsLoaded:!1,themeScriptsLoaded:!1,isFormEditor:()=>\"function\"==typeof InitializeEditor,callIfLoaded:function(o){return!(!gform.domLoaded||!gform.scriptsLoaded||!gform.themeScriptsLoaded&&!gform.isFormEditor()||(gform.isFormEditor()&&console.warn(\"The use of gform.initializeOnLoaded() is deprecated in the form editor context and will be removed in Gravity Forms 3.1.\"),o(),0))},initializeOnLoaded:function(o){gform.callIfLoaded(o)||(document.addEventListener(\"gform_main_scripts_loaded\",()=>{gform.scriptsLoaded=!0,gform.callIfLoaded(o)}),document.addEventListener(\"gform\/theme\/scripts_loaded\",()=>{gform.themeScriptsLoaded=!0,gform.callIfLoaded(o)}),window.addEventListener(\"DOMContentLoaded\",()=>{gform.domLoaded=!0,gform.callIfLoaded(o)}))},hooks:{action:{},filter:{}},addAction:function(o,r,e,t){gform.addHook(\"action\",o,r,e,t)},addFilter:function(o,r,e,t){gform.addHook(\"filter\",o,r,e,t)},doAction:function(o){gform.doHook(\"action\",o,arguments)},applyFilters:function(o){return gform.doHook(\"filter\",o,arguments)},removeAction:function(o,r){gform.removeHook(\"action\",o,r)},removeFilter:function(o,r,e){gform.removeHook(\"filter\",o,r,e)},addHook:function(o,r,e,t,n){null==gform.hooks[o][r]&&(gform.hooks[o][r]=[]);var d=gform.hooks[o][r];null==n&&(n=r+\"_\"+d.length),gform.hooks[o][r].push({tag:n,callable:e,priority:t=null==t?10:t})},doHook:function(r,o,e){var t;if(e=Array.prototype.slice.call(e,1),null!=gform.hooks[r][o]&&((o=gform.hooks[r][o]).sort(function(o,r){return o.priority-r.priority}),o.forEach(function(o){\"function\"!=typeof(t=o.callable)&&(t=window[t]),\"action\"==r?t.apply(null,e):e[0]=t.apply(null,e)})),\"filter\"==r)return e[0]},removeHook:function(o,r,t,n){var e;null!=gform.hooks[o][r]&&(e=(e=gform.hooks[o][r]).filter(function(o,r,e){return!!(null!=n&&n!=o.tag||null!=t&&t!=o.priority)}),gform.hooks[o][r]=e)}});\n\/* ]]> *\/\n<\/script>\n\n                <div class='gf_browser_gecko gform_wrapper gravity-theme gform-theme--no-framework anketa-zadovoljstva-bih_wrapper' data-form-theme='gravity-theme' data-form-index='0' id='gform_wrapper_96' ><div id='gf_96' class='gform_anchor' tabindex='-1'><\/div>\n                        <div class='gform_heading'>\n                            <h2 class=\"gform_title\">HR &#8211; Usluga pitajte strucnjaka<\/h2>\n                            <p class='gform_description'><\/p>\n                        <\/div><form method='post' enctype='multipart\/form-data' target='gform_ajax_frame_96' id='gform_96' class='anketa-zadovoljstva-bih' action='\/hr\/wp-json\/wp\/v2\/pages\/184179#gf_96' data-formid='96' novalidate>\n                        <div class='gform-body gform_body'><div id='gform_fields_96' class='gform_fields top_label form_sublabel_below description_below validation_below'><div id=\"field_96_6\" class=\"gfield gfield--type-honeypot gform_validation_container field_sublabel_below gfield--has-description field_description_below field_validation_below gfield_visibility_visible\"  ><label class='gfield_label gform-field-label' for='input_96_6'>X\/Twitter<\/label><div class='ginput_container'><input name='input_6' id='input_96_6' type='text' value='' autocomplete='new-password'\/><\/div><div class='gfield_description' id='gfield_description_96_6'>This field is for validation purposes and should be left unchanged.<\/div><\/div><fieldset id=\"field_96_4\" class=\"gfield gfield--type-radio gfield--type-choice gfield--input-type-radio ms_radio show_label ms_radio_vertical stars field_sublabel_below gfield--no-description field_description_below field_validation_below gfield_visibility_visible\"  ><legend class='gfield_label gform-field-label' >Kako biste ocijenili iskustvo s uslugom \u201ePitajte stru\u010dnjaka\u201d? (1 &#8211; potpuno neodgovaraju\u0107a; 5 &#8211; potpuno odgovaraju\u0107a)<\/legend><div class='ginput_container ginput_container_radio'><div class='gfield_radio' id='input_96_4'>\n\t\t\t<div class='gchoice gchoice_96_4_0'>\n\t\t\t\t\t<input class='gfield-choice-input' name='input_4' type='radio' value='1'  id='choice_96_4_0' onchange='gformToggleRadioOther( this )'  tabindex='421'  \/>\n\t\t\t\t\t<label for='choice_96_4_0' id='label_96_4_0' class='gform-field-label gform-field-label--type-inline'>1<\/label>\n\t\t\t<\/div>\n\t\t\t<div class='gchoice gchoice_96_4_1'>\n\t\t\t\t\t<input class='gfield-choice-input' name='input_4' type='radio' value='2'  id='choice_96_4_1' onchange='gformToggleRadioOther( this )'  tabindex='422'  \/>\n\t\t\t\t\t<label for='choice_96_4_1' id='label_96_4_1' class='gform-field-label gform-field-label--type-inline'>2<\/label>\n\t\t\t<\/div>\n\t\t\t<div class='gchoice gchoice_96_4_2'>\n\t\t\t\t\t<input class='gfield-choice-input' name='input_4' type='radio' value='3'  id='choice_96_4_2' onchange='gformToggleRadioOther( this )'  tabindex='423'  \/>\n\t\t\t\t\t<label for='choice_96_4_2' id='label_96_4_2' class='gform-field-label gform-field-label--type-inline'>3<\/label>\n\t\t\t<\/div>\n\t\t\t<div class='gchoice gchoice_96_4_3'>\n\t\t\t\t\t<input class='gfield-choice-input' name='input_4' type='radio' value='4'  id='choice_96_4_3' onchange='gformToggleRadioOther( this )'  tabindex='424'  \/>\n\t\t\t\t\t<label for='choice_96_4_3' id='label_96_4_3' class='gform-field-label gform-field-label--type-inline'>4<\/label>\n\t\t\t<\/div>\n\t\t\t<div class='gchoice gchoice_96_4_4'>\n\t\t\t\t\t<input class='gfield-choice-input' name='input_4' type='radio' value='5'  id='choice_96_4_4' onchange='gformToggleRadioOther( this )'  tabindex='425'  \/>\n\t\t\t\t\t<label for='choice_96_4_4' id='label_96_4_4' class='gform-field-label gform-field-label--type-inline'>5<\/label>\n\t\t\t<\/div><\/div><\/div><\/fieldset><div id=\"field_96_5\" class=\"gfield gfield--type-turnstile gfield--input-type-turnstile gfield--width-full field_sublabel_below gfield--no-description field_description_below field_validation_below gfield_visibility_visible\"  ><div class='ginput_container ginput_container_turnstile'><div class=\"cf-turnstile\" id=\"cf-turnstile_96\" data-js-turnstile data-response-field-name=\"cf-turnstile-response_96\" data-theme=\"light\" data-sitekey=\"0x4AAAAAABvFPuT58xpzlnvp\"><\/div><\/div><\/div><\/div><\/div>\n        <div class='gform-footer gform_footer top_label'> <input type='submit' id='gform_submit_button_96' class='gform_button button' onclick='gform.submission.handleButtonClick(this);' data-submission-type='submit' value='Po\u0161alji' tabindex='426' \/> <input type='hidden' name='gform_ajax' value='form_id=96&amp;title=1&amp;description=1&amp;tabindex=421&amp;theme=gravity-theme&amp;styles=[]&amp;hash=213796ac931dd17a728aa2306a62fc82' \/>\n            <input type='hidden' class='gform_hidden' name='gform_submission_method' data-js='gform_submission_method_96' value='iframe' \/>\n            <input type='hidden' class='gform_hidden' name='gform_theme' data-js='gform_theme_96' id='gform_theme_96' value='gravity-theme' \/>\n            <input type='hidden' class='gform_hidden' name='gform_style_settings' data-js='gform_style_settings_96' id='gform_style_settings_96' value='[]' \/>\n            <input type='hidden' class='gform_hidden' name='is_submit_96' value='1' \/>\n            <input type='hidden' class='gform_hidden' name='gform_submit' value='96' \/>\n            \n            <input type='hidden' class='gform_hidden' name='gform_currency' data-currency='EUR' value='cc5bFPfVPIStG\/Jyy7CEGXBRfdlIbfT0i8ol4u5lpvI3q\/Shf4C4l0cstIXCIxbOsnBW9HRWWH2EL6DrnjRHVSsfkAS070na3CO04zybj+XiUbw=' \/>\n            <input type='hidden' class='gform_hidden' name='gform_unique_id' value='' \/>\n            <input type='hidden' class='gform_hidden' name='state_96' value='WyJbXSIsImIyMjRkOWM2OWI1MWMzNDBjMTZkNDc2YWJmY2E3ODIyIl0=' \/>\n            <input type='hidden' autocomplete='off' class='gform_hidden' name='gform_target_page_number_96' id='gform_target_page_number_96' value='0' \/>\n            <input type='hidden' autocomplete='off' class='gform_hidden' name='gform_source_page_number_96' id='gform_source_page_number_96' value='1' \/>\n            <input type='hidden' name='gform_field_values' value='' \/>\n            \n        <\/div>\n                        <\/form>\n                        <\/div>\n\t\t                <iframe style='display:none;width:0px;height:0px;' src='about:blank' name='gform_ajax_frame_96' id='gform_ajax_frame_96' title='This iframe contains the logic required to handle Ajax powered Gravity Forms.'><\/iframe>\n\t\t                <script type=\"text\/javascript\">\n\/* <![CDATA[ *\/\n gform.initializeOnLoaded( function() {gformInitSpinner( 96, 'https:\/\/www.donat.com\/wp-content\/themes\/noodle-child\/assets\/images\/icons\/loader.svg', true );jQuery('#gform_ajax_frame_96').on('load',function(){var contents = jQuery(this).contents().find('*').html();var is_postback = contents.indexOf('GF_AJAX_POSTBACK') >= 0;if(!is_postback){return;}var form_content = jQuery(this).contents().find('#gform_wrapper_96');var is_confirmation = jQuery(this).contents().find('#gform_confirmation_wrapper_96').length > 0;var is_redirect = contents.indexOf('gformRedirect(){') >= 0;var is_form = form_content.length > 0 && ! is_redirect && ! is_confirmation;var mt = parseInt(jQuery('html').css('margin-top'), 10) + parseInt(jQuery('body').css('margin-top'), 10) + 100;if(is_form){jQuery('#gform_wrapper_96').html(form_content.html());if(form_content.hasClass('gform_validation_error')){jQuery('#gform_wrapper_96').addClass('gform_validation_error');} else {jQuery('#gform_wrapper_96').removeClass('gform_validation_error');}setTimeout( function() { \/* delay the scroll by 50 milliseconds to fix a bug in chrome *\/ jQuery(document).scrollTop(jQuery('#gform_wrapper_96').offset().top - mt); }, 50 );if(window['gformInitDatepicker']) {gformInitDatepicker();}if(window['gformInitPriceFields']) {gformInitPriceFields();}var current_page = jQuery('#gform_source_page_number_96').val();gformInitSpinner( 96, 'https:\/\/www.donat.com\/wp-content\/themes\/noodle-child\/assets\/images\/icons\/loader.svg', true );jQuery(document).trigger('gform_page_loaded', [96, current_page]);window['gf_submitting_96'] = false;}else if(!is_redirect){var confirmation_content = jQuery(this).contents().find('.GF_AJAX_POSTBACK').html();if(!confirmation_content){confirmation_content = contents;}jQuery('#gform_wrapper_96').replaceWith(confirmation_content);jQuery(document).scrollTop(jQuery('#gf_96').offset().top - mt);jQuery(document).trigger('gform_confirmation_loaded', [96]);window['gf_submitting_96'] = false;wp.a11y.speak(jQuery('#gform_confirmation_message_96').text());}else{jQuery('#gform_96').append(contents);if(window['gformRedirect']) {gformRedirect();}}jQuery(document).trigger(\"gform_pre_post_render\", [{ formId: \"96\", currentPage: \"current_page\", abort: function() { this.preventDefault(); } }]);        if (event && event.defaultPrevented) {                return;        }        const gformWrapperDiv = document.getElementById( \"gform_wrapper_96\" );        if ( gformWrapperDiv ) {            const visibilitySpan = document.createElement( \"span\" );            visibilitySpan.id = \"gform_visibility_test_96\";            gformWrapperDiv.insertAdjacentElement( \"afterend\", visibilitySpan );        }        const visibilityTestDiv = document.getElementById( \"gform_visibility_test_96\" );        let postRenderFired = false;        function triggerPostRender() {            if ( postRenderFired ) {                return;            }            postRenderFired = true;            gform.core.triggerPostRenderEvents( 96, current_page );            if ( visibilityTestDiv ) {                visibilityTestDiv.parentNode.removeChild( visibilityTestDiv );            }        }        function debounce( func, wait, immediate ) {            var timeout;            return function() {                var context = this, args = arguments;                var later = function() {                    timeout = null;                    if ( !immediate ) func.apply( context, args );                };                var callNow = immediate && !timeout;                clearTimeout( timeout );                timeout = setTimeout( later, wait );                if ( callNow ) func.apply( context, args );            };        }        const debouncedTriggerPostRender = debounce( function() {            triggerPostRender();        }, 200 );        if ( visibilityTestDiv && visibilityTestDiv.offsetParent === null ) {            const observer = new MutationObserver( ( mutations ) => {                mutations.forEach( ( mutation ) => {                    if ( mutation.type === 'attributes' && visibilityTestDiv.offsetParent !== null ) {                        debouncedTriggerPostRender();                        observer.disconnect();                    }                });            });            observer.observe( document.body, {                attributes: true,                childList: false,                subtree: true,                attributeFilter: [ 'style', 'class' ],            });        } else {            triggerPostRender();        }    } );} ); \n\/* ]]> *\/\n<\/script>\n<\/div><\/div><\/div><\/div>\n\n        <\/div>\n    <\/div>\n<\/div>","protected":false},"excerpt":{"rendered":"","protected":false},"author":5,"featured_media":0,"parent":0,"menu_order":0,"comment_status":"closed","ping_status":"closed","template":"","meta":{"_acf_changed":false,"footnotes":""},"class_list":["post-184179","page","type-page","status-publish","hentry"],"acf":[],"_links":{"self":[{"href":"https:\/\/www.donat.com\/hr\/wp-json\/wp\/v2\/pages\/184179","targetHints":{"allow":["GET"]}}],"collection":[{"href":"https:\/\/www.donat.com\/hr\/wp-json\/wp\/v2\/pages"}],"about":[{"href":"https:\/\/www.donat.com\/hr\/wp-json\/wp\/v2\/types\/page"}],"author":[{"embeddable":true,"href":"https:\/\/www.donat.com\/hr\/wp-json\/wp\/v2\/users\/5"}],"replies":[{"embeddable":true,"href":"https:\/\/www.donat.com\/hr\/wp-json\/wp\/v2\/comments?post=184179"}],"version-history":[{"count":6,"href":"https:\/\/www.donat.com\/hr\/wp-json\/wp\/v2\/pages\/184179\/revisions"}],"predecessor-version":[{"id":184248,"href":"https:\/\/www.donat.com\/hr\/wp-json\/wp\/v2\/pages\/184179\/revisions\/184248"}],"wp:attachment":[{"href":"https:\/\/www.donat.com\/hr\/wp-json\/wp\/v2\/media?parent=184179"}],"curies":[{"name":"wp","href":"https:\/\/api.w.org\/{rel}","templated":true}]}}