{"id":214107,"date":"2024-02-08T19:31:40","date_gmt":"2024-02-08T17:31:40","guid":{"rendered":"https:\/\/www.donat.com\/?page_id=214107"},"modified":"2024-02-12T15:31:32","modified_gmt":"2024-02-12T13:31:32","slug":"aktualne-vijesti","status":"publish","type":"page","link":"https:\/\/www.donat.com\/hr\/aktualne-vijesti\/","title":{"rendered":"Aktualne vijesti"},"content":{"rendered":"\n<h1 class=\"wp-block-heading\">Aktualne vijesti<\/h1>\n\n\n\n<h3 class=\"wp-block-heading\"><strong><strong><strong>Preventivno povla\u010denje proizvoda<\/strong><\/strong><\/strong><\/h3>\n\n\n\n<p><em>Ljubljana, 7.  2.  2024<\/em><\/p>\n\n\n\n<p>Kupce i potro\u0161a\u010de obavje\u0161tavamo da je proizvod prirodna mineralna voda Donat Mg, 1 L,<strong> s oznakom 14. 11. 24<\/strong> (s rokom uporabe najmanje do 14. 11. 2024.) i Donat Mg, 1 L,<strong> s oznakom 15. 11. 24<\/strong> (s rokom uporabe najmanje do 15. 11. 2024.,) organolepti\u010dki promijenjen, \u0161to potro\u0161a\u010d mo\u017ee primijetiti. <\/p>\n\n\n\n<p>U skladu s visokim standardima kvalitete poduze\u0107a, unato\u010d \u010dinjenici da proizvod nije \u0161tetan za zdravlje, odlu\u010dili smo preventivno povu\u0107i cijelu seriju proizvoda s tr\u017ei\u0161ta. <strong>Proizvod nije \u0161tetan za zdravlje.<\/strong><\/p>\n\n\n\n<p>Potro\u0161a\u010di koji su kupili proizvod mogu ga vratiti na prodajno mjesto, gdje \u0107e dobiti povrat novca ili dogovoriti zamjenu proizvoda.<\/p>\n\n\n\n<p>Za vi\u0161e informacija na dostupni smo na <a href=\"mailto:kontaktcentarcro@atlanticgrupa.com\">kontaktcentarcro@atlanticgrupa.com<\/a> ili broju telefona 0800 0009.<\/p>\n\n\n\n<h3 class=\"wp-block-heading\"><strong>Srebrna i bron\u010dana Effie nagrada<\/strong><\/h3>\n\n\n\n<p><em>12.11.2023<\/em><\/p>\n\n\n\n<p>Na\u0161a predanost u\u010dinkovitosti ostaje u srcu svega \u0161to radimo.<\/p>\n\n\n\n<p>Na sve\u010danoj dodjeli Effie Awards Slovenia 2023, na\u0161 Donat Guided Health Program dobio je presti\u017ene nagrade:<\/p>\n\n\n\n<ul class=\"wp-block-list\">\n<li><strong>Srebrna Effie nagrada u kategoriji korporativnog ugleda i odr\u017eivosti.<\/strong><\/li>\n\n\n\n<li><strong>Bron\u010dana Effie nagrada u kategoriji pi\u0107a.<\/strong><\/li>\n<\/ul>\n\n\n\n<p>Posebno priznanje studentskog \u017eirija potvr\u0111uje na\u0161u predanost promicanju zdravog na\u010dina \u017eivota i odr\u017eivog, u\u010dinkovitog poslovnog razvoja me\u0111u mladim intelektualnim umovima.<\/p>\n\n\n\n<p>Ova priznanja nagla\u0161avaju na\u0161u misiju kombiniranja inovacije s odr\u017eivo\u0161\u0107u. Po\u010da\u0161\u0107eni smo \u0161to smo dobili priznanje za na\u0161e napore da napravimo pozitivne promjene i utje\u010demo na \u017eivote.<\/p>\n\n\n\n<h3 class=\"wp-block-heading\"><strong>Obrazovanje za internu javnost<\/strong><\/h3>\n\n\n\n<p><em>20.10.2023<\/em><\/p>\n\n\n\n<p>Zadovoljstvo nam je objaviti da smo tijekom 2023. organizirali \u0161est internih edukativnih doga\u0111aja na dva tr\u017ei\u0161ta, otkrivaju\u0107i fascinantnu vezu izme\u0111u stresa i probave.<\/p>\n\n\n\n<p>Dali si znao? Znanstvena otkri\u0107a pokazuju da upravljanje stresom prehranom mo\u017ee zna\u010dajno utjecati na odr\u017eavanje jakog probavnog sustava!<\/p>\n\n\n\n<p>Pridru\u017eite nam se u davanju prioriteta dobrobiti, pro\u0161irivanju na\u0161eg znanja i nazdravljanju za jo\u0161 115 godina zagovaranja zdravlja probavnog sustava!<\/p>\n\n\n\n<h3 class=\"wp-block-heading\"><strong>Neodvojivi \u010depovi na Donatu<\/strong><\/h3>\n\n\n\n<p><em>30.09.2023<\/em><\/p>\n\n\n\n<p>Po\u010dev\u0161i od listopada, primijetit \u0107ete novu funkcionalnost na Donato bocama: povezane \u010depove. Cilj je sprije\u010diti gubitak \u010depova i pridonijeti smanjenju one\u010di\u0161\u0107enja okoli\u0161a plastikom.<\/p>\n\n\n\n<p>Ovo je jedna od mnogih aktivnosti u na\u0161im naporima za odr\u017eivost:<\/p>\n\n\n\n<ul class=\"wp-block-list\">\n<li>Od 2021. koristimo samo 100% reciklirane plasti\u010dne boce u cijelom Donata portfelju, \u0161to je ekolo\u0161ki prihvatljiviji izbor u odnosu na staklo u smislu \u017eivotnog ciklusa.<\/li>\n\n\n\n<li>Transportna ambala\u017ea izra\u0111ena je od 50% reciklirane plastike, \u0161to je najve\u0107i mogu\u0107i postotak s obzirom na trenutnu tehnologiju dobavlja\u010da.<\/li>\n\n\n\n<li>Kori\u0161tenjem recikliranog materijala dali smo novi \u017eivot 1023 tone otpadne plastike u 2022. godini, spasiv\u0161i je od odlagali\u0161ta.<\/li>\n\n\n\n<li>Osim uvo\u0111enja povezanih \u010depova, smanjili smo te\u017einu \u010depova za 22% od 2022., \u0161to je dovelo do dodatnih 16 tona potro\u0161nje plastike godi\u0161nje.<\/li>\n<\/ul>\n\n\n\n<p>Donat je uistinu dragocjen dar prirode, stoga nam je odr\u017eivost najve\u0107i prioritet. Za\u0161titimo zajedno prirodu i na\u0161u budu\u0107nost odgovornim postupanjem s ambala\u017eom.<\/p>\n\n\n\n<h3 class=\"wp-block-heading\"><strong>Nova, najve\u0107a solarna elektrana Atlantic Grupe do sada<\/strong><\/h3>\n\n\n\n<p><em>15.09.2023<\/em><\/p>\n\n\n\n<p>S veseljem objavljujemo da je Atlantic Grupa u listopadu pustila u rad svoju najve\u0107u solarnu elektranu u pogonu Donata u Roga\u0161koj Slatini!<\/p>\n\n\n\n<p>Trajnost na djelu:<\/p>\n\n\n\n<ul class=\"wp-block-list\">\n<li>Na\u0161a solarna elektrana iskoristit \u0107e snagu sunca kako bi svaku tre\u0107u bocu Donata napunila \u010distom, obnovljivom energijom.<\/li>\n\n\n\n<li>S instaliranom snagom od 974 kWp proizvodit \u0107e 1,01 GWh godi\u0161nje, \u0161to je ekvivalentno opskrbi elektri\u010dnom energijom otprilike 350 ku\u0107anstava ili manjeg naselja.<\/li>\n\n\n\n<li>Na lokaciji smo postavili i dvije punionice za elektri\u010dna vozila na solarnu energiju.<\/li>\n<\/ul>\n\n\n\n<p>Na\u0161 potpredsjednik, Enzo Smrekar, rekao je da je odr\u017eivost sredi\u0161nji dio na\u0161e strategije vi\u0161e od desetlje\u0107a. Na\u0161a investicija u ovu solarnu elektranu korak je prema energetskoj neovisnosti, optimizaciji tro\u0161kova i o\u010duvanju okoli\u0161a.<\/p>\n\n\n\n<p>Direktorica Darja Terzan istaknula je kako Donat svojim blagotvornim, klini\u010dki dokazanim djelovanjem ve\u0107 115 godina impresionira ljude u zemlji i svijetu. Uvjereni smo da \u0107emo odgovornim kori\u0161tenjem ovog prirodnog bogatstva i profesionalnim pristupom i dalje pomagati pojedincima u otkrivanju i odr\u017eavanju zdravog, odgovornog i \u017eivahnog na\u010dina \u017eivota.<\/p>\n\n\n\n<p>Izvor Donata u Roga\u0161koj Slatini prirodno je \u010dudo jedinstvenog mineralnog sastava, a kori\u0161tenjem sun\u010deve energije za proizvodnju Donate ne brinemo samo o odgovornom gospodarenju resursima i smanjenju utjecaja na okoli\u0161 tijekom va\u0111enja, nego i vra\u0107amo prirodi.<\/p>\n\n\n\n<p>Na\u0161a predanost odr\u017eivosti, odgovornosti prema okoli\u0161u i javnom zdravlju tjera nas na akciju svaki dan. Pridru\u017eite nam se u podr\u0161ci zelenijoj, zdravijoj budu\u0107nosti!<\/p>\n","protected":false},"excerpt":{"rendered":"<p>Aktualne vijesti Preventivno povla\u010denje proizvoda Ljubljana, 7. 2. 2024 Kupce i potro\u0161a\u010de obavje\u0161tavamo da je proizvod prirodna mineralna voda Donat Mg, 1 L, s oznakom 14. 11. 24 (s rokom uporabe najmanje do 14. 11. 2024.) i Donat Mg, 1 L, s oznakom 15. 11. 24 (s rokom uporabe najmanje do 15. 11. 2024.,) organolepti\u010dki <a href=\"https:\/\/www.donat.com\/hr\/aktualne-vijesti\/\" class=\"more-link\">&#8230;<\/a><\/p>\n","protected":false},"author":21400,"featured_media":0,"parent":0,"menu_order":0,"comment_status":"closed","ping_status":"open","template":"","meta":{"_acf_changed":false,"footnotes":""},"class_list":["post-214107","page","type-page","status-publish","hentry"],"acf":[],"_links":{"self":[{"href":"https:\/\/www.donat.com\/hr\/wp-json\/wp\/v2\/pages\/214107","targetHints":{"allow":["GET"]}}],"collection":[{"href":"https:\/\/www.donat.com\/hr\/wp-json\/wp\/v2\/pages"}],"about":[{"href":"https:\/\/www.donat.com\/hr\/wp-json\/wp\/v2\/types\/page"}],"author":[{"embeddable":true,"href":"https:\/\/www.donat.com\/hr\/wp-json\/wp\/v2\/users\/21400"}],"replies":[{"embeddable":true,"href":"https:\/\/www.donat.com\/hr\/wp-json\/wp\/v2\/comments?post=214107"}],"version-history":[{"count":4,"href":"https:\/\/www.donat.com\/hr\/wp-json\/wp\/v2\/pages\/214107\/revisions"}],"predecessor-version":[{"id":214114,"href":"https:\/\/www.donat.com\/hr\/wp-json\/wp\/v2\/pages\/214107\/revisions\/214114"}],"wp:attachment":[{"href":"https:\/\/www.donat.com\/hr\/wp-json\/wp\/v2\/media?parent=214107"}],"curies":[{"name":"wp","href":"https:\/\/api.w.org\/{rel}","templated":true}]}}