{"id":221972,"date":"2025-08-28T09:28:28","date_gmt":"2025-08-28T07:28:28","guid":{"rendered":"https:\/\/www.donat.com\/?page_id=221972"},"modified":"2025-09-26T13:18:11","modified_gmt":"2025-09-26T11:18:11","slug":"pobrinite-se-za-svoju-probavu-brinite-o-sebi","status":"publish","type":"page","link":"https:\/\/www.donat.com\/hr\/pobrinite-se-za-svoju-probavu-brinite-o-sebi\/","title":{"rendered":"Pobrinite se za svoju probavu. Brinite o sebi."},"content":{"rendered":"<div  class='fullwidth-banner-block ' style='min-height: 100vh;'><style>.fullwidth-banner__bg-wrap {position: absolute;left: 0;top: 0;height: 100%;width: 100%;} .fullwidth-banner__bg-desktop, .fullwidth-banner__bg-mobile {height: 100%;} .fullwidth-banner__bg-desktop img, .fullwidth-banner__bg-mobile img {height: 100%;width: 100%;object-fit: cover;object-position: center;} .fullwidth-banner--bg-top .fullwidth-banner__bg-desktop img, .fullwidth-banner--bg-top .fullwidth-banner__bg-mobile img {object-position: top center;}<\/style><div class='fullwidth-banner__shadow'><\/div><div class='fullwidth-banner__bg-wrap'><div class='fullwidth-banner__bg-desktop'><img loading=\"lazy\" decoding=\"async\" width=\"1920\" height=\"1310\" src=\"https:\/\/www.donat.com\/wp-content\/uploads\/2025\/09\/Event_CRO-1920x1310-2.webp\" class=\"attachment-fullsize size-fullsize\" alt=\"\" srcset=\"https:\/\/www.donat.com\/wp-content\/uploads\/2025\/09\/Event_CRO-1920x1310-2.webp 1920w, https:\/\/www.donat.com\/wp-content\/uploads\/2025\/09\/Event_CRO-1920x1310-2-300x205.webp 300w, https:\/\/www.donat.com\/wp-content\/uploads\/2025\/09\/Event_CRO-1920x1310-2-1024x699.webp 1024w, https:\/\/www.donat.com\/wp-content\/uploads\/2025\/09\/Event_CRO-1920x1310-2-1536x1048.webp 1536w, https:\/\/www.donat.com\/wp-content\/uploads\/2025\/09\/Event_CRO-1920x1310-2-147x100.webp 147w, https:\/\/www.donat.com\/wp-content\/uploads\/2025\/09\/Event_CRO-1920x1310-2-750x512.webp 750w, https:\/\/www.donat.com\/wp-content\/uploads\/2025\/09\/Event_CRO-1920x1310-2-900x614.webp 900w\" sizes=\"auto, (max-width: 1920px) 100vw, 1920px\" \/><\/div><div class='fullwidth-banner__bg-mobile'  style='display:none;'><img decoding=\"async\" width=\"600\" height=\"900\" src=\"https:\/\/www.donat.com\/wp-content\/uploads\/2025\/09\/Event_CRO-600x900-2.webp\" class=\"attachment-fullsize size-fullsize\" alt=\"\" loading=\"lazy\" srcset=\"https:\/\/www.donat.com\/wp-content\/uploads\/2025\/09\/Event_CRO-600x900-2.webp 600w, https:\/\/www.donat.com\/wp-content\/uploads\/2025\/09\/Event_CRO-600x900-2-200x300.webp 200w, https:\/\/www.donat.com\/wp-content\/uploads\/2025\/09\/Event_CRO-600x900-2-67x100.webp 67w\" sizes=\"auto, (max-width: 600px) 100vw, 600px\" \/><\/div><\/div><div class='container'><div class='content'><div class='fullwidth-banner__content'><div class='fullwidth-banner__content-inner default-column-text h1_like_h2'><h1><strong>Pobrinite se za svoju probavu.<\/strong> Brinite o sebi.<\/h1>\n<p><div class='hero-section-product__content-inner-top-author mb32'><div class='hero-section-product__content-inner-top-author-image'><img loading=\"lazy\" decoding=\"async\" width=\"1\" height=\"1\" src=\"https:\/\/www.donat.com\/wp-content\/uploads\/2025\/09\/DZZC_logo_plavi.svg\" class=\"attachment-thumbnail size-thumbnail\" alt=\"\" \/><\/div><div class='hero-section-product__content-inner-top-author-text'><p class='mb0 has-tiny-paragraph-font-size'>U suradnji s:<\/p><p class='mt0 has-descrtion-font-size'>Dom zdravlja Zagreb-Centar<\/p><\/div><\/div><\/p>\n<p><strong>Dom zdravlja Centar i Donat pozivaju vas na besplatnu akciju posve\u0107enu zdravlju probavnog sustava, koja \u010de se odr\u017eati 11. 10. 2025. <\/strong><\/p>\n<p>Jeste li znali da je pravilna probava temelj cjelokupnog zdravlja? Zato vas pozivamo da se pridru\u017eite na\u0161oj akciji i nau\u010dite kako preuzeti kontrolu nad svojim zdravljem i kvalitetom \u017eivota! <strong>Iskoristite i priliku za besplatan mini sistematski pregled i savjete stru\u010dnjaka. <\/strong><\/p>\n<div class='hhb__link mt32'><a class='btn--green--16' target=''href ='#prijava-event'>Prijavite se<\/a><\/div><\/div><\/div><\/div><\/div><\/div>\n\n<div id=\"\" class=\"ow_container_section  container-989 detox-page-benefits column-window-height move-headline-section\">\n    <div class=\"container\">\n        <div class=\"content\">\n            \n\n<div class=\"wp-block-columns column-image-absolute\">\n<div class=\"wp-block-column is-vertically-aligned-center column-image default-column-text\">\n<h2 class=\"wp-block-heading mobile-headline\" id=\"kaj-vse-pridobims-programom-detox\">Kada i gdje?<\/h2>\n\n\n<div class=\"wp-block-image image-position-absolute\">\n<figure class=\"alignleft size-full\"><img loading=\"lazy\" decoding=\"async\" width=\"1024\" height=\"941\" src=\"https:\/\/www.donat.com\/wp-content\/uploads\/2025\/04\/2-4.jpg\" alt=\"\" class=\"wp-image-220205\" srcset=\"https:\/\/www.donat.com\/wp-content\/uploads\/2025\/04\/2-4.jpg 1024w, https:\/\/www.donat.com\/wp-content\/uploads\/2025\/04\/2-4-300x276.jpg 300w, https:\/\/www.donat.com\/wp-content\/uploads\/2025\/04\/2-4-109x100.jpg 109w, https:\/\/www.donat.com\/wp-content\/uploads\/2025\/04\/2-4-750x689.jpg 750w, https:\/\/www.donat.com\/wp-content\/uploads\/2025\/04\/2-4-900x827.jpg 900w\" sizes=\"auto, (max-width: 1024px) 100vw, 1024px\" \/><\/figure>\n<\/div><\/div>\n\n\n\n<div class=\"wp-block-column is-vertically-aligned-center default-column-text column-text\">\n<h2 class=\"wp-block-heading\" id=\"kaj-vse-pridobims-programom-detox\">Kada i gdje?<\/h2>\n\n\n\n<ul class=\"wp-block-list\">\n<li><strong>Datum: <\/strong>Subota, 11. 10. 2025<\/li>\n\n\n\n<li><strong>Vrijeme:<\/strong> od 10:00 do 14:00<\/li>\n\n\n\n<li><strong>Lokacija: <\/strong>Dvorana Doma zdravlja Siget, Avenija Ve\u0107eslava Holjevca 22.<\/li>\n<\/ul>\n\n\n\n<p><strong>Sudjelovanje je besplatno!<\/strong><\/p>\n\n\n\n<div class=\"wp-block-buttons\">\n<div class=\"wp-block-button parent-btn--green--16\"><a class=\"wp-block-button__link wp-element-button\" href=\"#prijava-event\">Prijavite se<\/a><\/div>\n<\/div>\n<\/div>\n<\/div>\n\n\n        <\/div>\n    <\/div>\n<\/div>\n\n<div id=\"prijava-event\" class=\"ow_container_section  detox-page-balance-of-digestion  container-989 move-headline-section content_90_80\">\n    <div class=\"container\">\n        <div class=\"content\">\n            \n\n<div class=\"wp-block-columns\">\n<div class=\"wp-block-column is-vertically-aligned-center default-column-text column-image\">\n<h2 class=\"wp-block-heading mobile-headline\" id=\"skrb-za-prebavo-jeskrb-za-dobro-ocisceno-telo\"><strong>Prijavite se <br><\/strong>na akciju \u201e<em><em>Pobrinite se za svoju probavu. Brinite o sebi.<\/em><\/em>\u201c<\/h2>\n\n\n<div class=\"wp-block-image ow_hide_on_mobile\">\n<figure class=\"aligncenter size-full\"><img loading=\"lazy\" decoding=\"async\" width=\"410\" height=\"524\" src=\"https:\/\/www.donat.com\/wp-content\/uploads\/2021\/03\/crevo-ravnovesje-v2.png\" alt=\"\" class=\"wp-image-4258\" srcset=\"https:\/\/www.donat.com\/wp-content\/uploads\/2021\/03\/crevo-ravnovesje-v2.png 410w, https:\/\/www.donat.com\/wp-content\/uploads\/2021\/03\/crevo-ravnovesje-v2-235x300.png 235w\" sizes=\"auto, (max-width: 410px) 100vw, 410px\" \/><\/figure>\n<\/div><\/div>\n\n\n\n<div class=\"wp-block-column is-vertically-aligned-center default-column-text column-text\">\n<h2 class=\"wp-block-heading\" id=\"skrb-za-prebavo-je-skrb-za-dobro-ocisceno-telo\"><strong>Prijavite se <br><\/strong>na akciju \u201e<em>Pobrinite se za svoju probavu. Brinite o sebi.<\/em>\u201c<\/h2>\n\n\n\n<p>Broj mjesta je ograni\u010den!<\/p>\n\n\n<p>Zahvaljujemo vam na interesu, prijave su zatvorene.<\/p><\/div>\n<\/div>\n\n\n        <\/div>\n    <\/div>\n<\/div>\n\n<div id=\"izvedite-vec\" class=\"ow_container_section  container-989 detox-page-benefits column-window-height image-right  move-headline-section\">\n    <div class=\"container\">\n        <div class=\"content\">\n            \n\n<div class=\"wp-block-columns column-image-absolute\">\n<div class=\"wp-block-column is-vertically-aligned-center default-column-text column-text\">\n<h3 class=\"wp-block-heading\">\u0160to vas o\u010dekuje?<\/h3>\n\n\n\n<p>Na besplatnom edukativnom doga\u0111anju mo\u0107i \u0107ete:<\/p>\n\n\n\n<ul class=\"wp-block-list\">\n<li><strong>Poslu\u0161ati dva zanimljiva predavanja<\/strong> na\u0161ih stru\u010dnjaka. <\/li>\n\n\n\n<li><strong>Sudjelovati u radionici<\/strong> na kojoj \u0107ete nau\u010diti tehnike disanja.<\/li>\n\n\n\n<li><strong>Obaviti besplatne preglede<\/strong>: izmjeriti \u0161e\u0107er u krvi i krvni tlak.<\/li>\n\n\n\n<li><strong>Detaljno analizirati sastav tijela<\/strong> na profesionalnoj Tanita vagi te dobiti <strong>individualno savjetovanje s nutricionistom<\/strong>.<\/li>\n\n\n\n<li><strong>U\u017eivati u zdravom cateringu<\/strong> i probati ukusne zalogaje koji podr\u017eavaju zdravlje probavnog sustava.<\/li>\n\n\n\n<li><strong>Primiti simboli\u010dan poklon paket<\/strong>.<\/li>\n<\/ul>\n\n\n\n<div class=\"wp-block-buttons\">\n<div class=\"wp-block-button parent-btn--green--16\"><a class=\"wp-block-button__link wp-element-button\" href=\"#prijava-event\">Prijavite se<\/a><\/div>\n<\/div>\n<\/div>\n\n\n\n<div class=\"wp-block-column is-vertically-aligned-center column-image default-column-text\"><div class=\"wp-block-image image-position-absolute\">\n<figure class=\"alignleft size-full\"><img loading=\"lazy\" decoding=\"async\" width=\"1920\" height=\"1080\" src=\"https:\/\/www.donat.com\/wp-content\/uploads\/2025\/08\/desno_5.jpg\" alt=\"\" class=\"wp-image-221989\" srcset=\"https:\/\/www.donat.com\/wp-content\/uploads\/2025\/08\/desno_5.jpg 1920w, https:\/\/www.donat.com\/wp-content\/uploads\/2025\/08\/desno_5-300x169.jpg 300w, https:\/\/www.donat.com\/wp-content\/uploads\/2025\/08\/desno_5-1024x576.jpg 1024w, https:\/\/www.donat.com\/wp-content\/uploads\/2025\/08\/desno_5-1536x864.jpg 1536w, https:\/\/www.donat.com\/wp-content\/uploads\/2025\/08\/desno_5-178x100.jpg 178w, https:\/\/www.donat.com\/wp-content\/uploads\/2025\/08\/desno_5-750x422.jpg 750w, https:\/\/www.donat.com\/wp-content\/uploads\/2025\/08\/desno_5-900x506.jpg 900w\" sizes=\"auto, (max-width: 1920px) 100vw, 1920px\" \/><\/figure>\n<\/div>\n\n\n<h3 class=\"wp-block-heading mobile-headline\">\u0160to vas o\u010dekuje?<\/h3>\n<\/div>\n<\/div>\n\n\n        <\/div>\n    <\/div>\n<\/div>\n\n<div id=\"\" class=\"ow_container_section  container-989 detox-page-benefits column-window-height move-headline-section\">\n    <div class=\"container\">\n        <div class=\"content\">\n            \n\n<div class=\"wp-block-columns column-image-absolute\">\n<div class=\"wp-block-column is-vertically-aligned-center column-image default-column-text\">\n<h2 class=\"wp-block-heading mobile-headline\" id=\"kaj-vse-pridobims-programom-detox\"><strong>Program<\/strong> <\/h2>\n\n\n<div class=\"wp-block-image image-position-absolute ow_hide_on_mobile\">\n<figure class=\"alignleft size-full\"><img loading=\"lazy\" decoding=\"async\" width=\"706\" height=\"902\" src=\"https:\/\/www.donat.com\/wp-content\/uploads\/2024\/04\/donat-brez-zgage-desktop_fade_706\u200a\u00d7\u200a902-001-1.jpg\" alt=\"\" class=\"wp-image-215669\" srcset=\"https:\/\/www.donat.com\/wp-content\/uploads\/2024\/04\/donat-brez-zgage-desktop_fade_706\u200a\u00d7\u200a902-001-1.jpg 706w, https:\/\/www.donat.com\/wp-content\/uploads\/2024\/04\/donat-brez-zgage-desktop_fade_706\u200a\u00d7\u200a902-001-1-235x300.jpg 235w, https:\/\/www.donat.com\/wp-content\/uploads\/2024\/04\/donat-brez-zgage-desktop_fade_706\u200a\u00d7\u200a902-001-1-78x100.jpg 78w\" sizes=\"auto, (max-width: 706px) 100vw, 706px\" \/><\/figure>\n<\/div><\/div>\n\n\n\n<div class=\"wp-block-column is-vertically-aligned-center default-column-text column-text\">\n<h2 class=\"wp-block-heading\" id=\"kaj-vse-pridobims-programom-detox\"><strong>Program<\/strong><\/h2>\n\n\n\n<ul class=\"wp-block-list\">\n<li><strong>10:00-10:10<\/strong> \u2013 mr.sc.Kristina Aralica Tu\u0161ak, nutricionist: \u201e<em>Va\u017enost preventivne brige o probavi za cjelokupno zdravlje<\/em>\u201c<\/li>\n\n\n\n<li><strong>10:10-10:25<\/strong> \u2013<strong> <\/strong>dr. Snje\u017eana Juri\u010dev \u010cavala, spec.obiteljske medicine: \u201e<em>Od crijeva do mozga: \u0160to nam sve probava govori o zdravlju<\/em>&#8220;<\/li>\n\n\n\n<li><strong>10:25-10:40<\/strong> \u2013 Karmen Matkovi\u0107 Melki, nutricionistica: \u201e<em>Prakti\u010dni koraci za probavno zdravlje i pobolj\u0161anje \u017eivotnih navika<\/em>&#8220;<\/li>\n\n\n\n<li><strong>10:40-10:50 <\/strong>\u2013<strong> <\/strong>Radionica: \u201e<em>Vje\u017ebajmo disanje zajedno<\/em>\u201c<\/li>\n\n\n\n<li><strong>10:50-11:00 <\/strong>\u2013<strong> <\/strong>Pauza<\/li>\n\n\n\n<li><strong>11:00-13:00<\/strong> \u2013 Mjerenje krvnog tlaka i \u0161e\u0107era, odre\u0111ivanje sastava tijela&nbsp; i nutricionisti\u010dko savjetovanje<\/li>\n\n\n\n<li><strong>13:00-13:45<\/strong> \u2013 Catering i dru\u017eenje sa na\u0161im stru\u010dnjacima<\/li>\n\n\n\n<li><strong>13:45<\/strong> \u2013 mr.sc.Kristina Aralica Tu\u0161ak, nutricionist: \u201e<em>Zahvala i zaklju\u010dak<\/em>\u201c<\/li>\n<\/ul>\n\n\n\n<p><\/p>\n\n\n\n<p><strong>Sudjelovanje i catering su besplatni!<\/strong><\/p>\n\n\n\n<div class=\"wp-block-buttons\">\n<div class=\"wp-block-button parent-btn--green--16\"><a class=\"wp-block-button__link wp-element-button\" href=\"#prijava-event\">Prijavite se<\/a><\/div>\n<\/div>\n<\/div>\n<\/div>\n\n\n        <\/div>\n    <\/div>\n<\/div>\n\n\n<div style=\"height:100px\" aria-hidden=\"true\" class=\"wp-block-spacer\"><\/div>\n\n\n\n<p><\/p>\n","protected":false},"excerpt":{"rendered":"","protected":false},"author":21400,"featured_media":223093,"parent":0,"menu_order":0,"comment_status":"closed","ping_status":"closed","template":"","meta":{"_acf_changed":false,"footnotes":""},"class_list":["post-221972","page","type-page","status-publish","has-post-thumbnail","hentry"],"acf":[],"_links":{"self":[{"href":"https:\/\/www.donat.com\/hr\/wp-json\/wp\/v2\/pages\/221972","targetHints":{"allow":["GET"]}}],"collection":[{"href":"https:\/\/www.donat.com\/hr\/wp-json\/wp\/v2\/pages"}],"about":[{"href":"https:\/\/www.donat.com\/hr\/wp-json\/wp\/v2\/types\/page"}],"author":[{"embeddable":true,"href":"https:\/\/www.donat.com\/hr\/wp-json\/wp\/v2\/users\/21400"}],"replies":[{"embeddable":true,"href":"https:\/\/www.donat.com\/hr\/wp-json\/wp\/v2\/comments?post=221972"}],"version-history":[{"count":43,"href":"https:\/\/www.donat.com\/hr\/wp-json\/wp\/v2\/pages\/221972\/revisions"}],"predecessor-version":[{"id":223399,"href":"https:\/\/www.donat.com\/hr\/wp-json\/wp\/v2\/pages\/221972\/revisions\/223399"}],"wp:featuredmedia":[{"embeddable":true,"href":"https:\/\/www.donat.com\/hr\/wp-json\/wp\/v2\/media\/223093"}],"wp:attachment":[{"href":"https:\/\/www.donat.com\/hr\/wp-json\/wp\/v2\/media?parent=221972"}],"curies":[{"name":"wp","href":"https:\/\/api.w.org\/{rel}","templated":true}]}}