{"id":4601,"date":"2021-02-22T12:39:27","date_gmt":"2021-02-22T12:39:27","guid":{"rendered":"https:\/\/www.donat.com\/digestion\/"},"modified":"2025-07-04T08:50:59","modified_gmt":"2025-07-04T06:50:59","slug":"probava","status":"publish","type":"page","link":"https:\/\/www.donat.com\/hr\/probava\/","title":{"rendered":"Probava"},"content":{"rendered":"<div id=\"\" class=\"ow_container_section  container-989 digestion-hero column-window-height move-headline-section\">\n    <div class=\"container\">\n        <div class=\"content\">\n            \n\n<div class=\"wp-block-columns column-image-absolute\">\n<div class=\"wp-block-column is-vertically-aligned-center default-column-text h64p22 column-text\">\n<h1 class=\"wp-block-heading\"><strong>Pobrinite se <\/strong><br>za svoju probavu.<\/h1>\n\n\n\n<p>Probava je sredi\u0161te na\u0161e dobrobiti jer brine o pravilnom radu cijelog organizma. Lo\u0161e regulirana probava \u010desto je uzrok mnogih tegoba, pa je va\u017eno dobro paziti na nju.<\/p>\n\n\n\n<div class=\"wp-block-buttons\">\n<div class=\"wp-block-button parent-btn--green--16\"><a class=\"wp-block-button__link wp-element-button\" href=\"#about\">Upoznajte ga<\/a><\/div>\n<\/div>\n<\/div>\n\n\n\n<div class=\"wp-block-column is-vertically-aligned-center column-image default-column-text\"><div class=\"wp-block-image image-position-absolute\">\n<figure class=\"alignleft size-full\"><img loading=\"lazy\" decoding=\"async\" width=\"1024\" height=\"674\" src=\"https:\/\/www.donat.com\/wp-content\/uploads\/2025\/04\/2-5.jpg\" alt=\"\" class=\"wp-image-220441\" srcset=\"https:\/\/www.donat.com\/wp-content\/uploads\/2025\/04\/2-5.jpg 1024w, https:\/\/www.donat.com\/wp-content\/uploads\/2025\/04\/2-5-300x197.jpg 300w, https:\/\/www.donat.com\/wp-content\/uploads\/2025\/04\/2-5-152x100.jpg 152w, https:\/\/www.donat.com\/wp-content\/uploads\/2025\/04\/2-5-750x494.jpg 750w, https:\/\/www.donat.com\/wp-content\/uploads\/2025\/04\/2-5-900x592.jpg 900w\" sizes=\"auto, (max-width: 1024px) 100vw, 1024px\" \/><\/figure>\n<\/div>\n\n\n<h1 class=\"wp-block-heading mobile-headline\"><strong>Pobrinite se <\/strong><br>za svoju probavu.<\/h1>\n<\/div>\n<\/div>\n\n\n        <\/div>\n    <\/div>\n<\/div>\n\n<div id=\"about\" class=\"ow_container_section  digestion-lifestyle container-989  column-window-height\">\n    <div class=\"container\">\n        <div class=\"content\">\n            \n\n<div class=\"wp-block-columns\">\n<div class=\"wp-block-column is-vertically-aligned-center column-image\" style=\"flex-basis:33.33%\">\n<figure class=\"wp-block-image size-large image-position-absolute\"><img loading=\"lazy\" decoding=\"async\" width=\"475\" height=\"1024\" src=\"https:\/\/www.donat.com\/wp-content\/uploads\/2021\/03\/tekac-1-475x1024.png\" alt=\"\" class=\"wp-image-5237\" srcset=\"https:\/\/www.donat.com\/wp-content\/uploads\/2021\/03\/tekac-1-475x1024.png 475w, https:\/\/www.donat.com\/wp-content\/uploads\/2021\/03\/tekac-1-139x300.png 139w, https:\/\/www.donat.com\/wp-content\/uploads\/2021\/03\/tekac-1.png 482w\" sizes=\"auto, (max-width: 475px) 100vw, 475px\" \/><\/figure>\n<\/div>\n\n\n\n<div class=\"wp-block-column is-vertically-aligned-center text-576 column-text\" style=\"flex-basis:66.66%\">\n<p>Dana\u0161nji na\u010din \u017eivota \u010desto uklju\u010duje unaprijed pripremljenu hranu, nedostatak kretanja i druge nezdrave navike. A budu\u0107i da je va\u0161e tijelo samo odgovor na to kako se nosite s njim, to \u010desto dovodi do poreme\u0107ene probave i lo\u0161eg utjecaja na va\u0161u dobrobit.<\/p>\n<\/div>\n<\/div>\n\n\n        <\/div>\n    <\/div>\n<\/div>\n\n<div id=\"\" class=\"ow_container_section  digestion-balance-of-digestion  container-989 move-headline-section\">\n    <div class=\"container\">\n        <div class=\"content\">\n            \n\n<div class=\"wp-block-columns\">\n<div class=\"wp-block-column is-vertically-aligned-center default-column-text column-text\">\n<h2 class=\"wp-block-heading\"><strong>Za uravnote\u017eenost <\/strong><br>va\u0161e probave<\/h2>\n\n\n\n<p>Jeste li znali da je na\u0161 probavni trakt dom za vi\u0161e od 38 bilijuna \u017eivih bakterija? I budu\u0107i da svaka obavlja svoju funkciju, tim je va\u017enije da ih odr\u017eavamo u ravnote\u017ei.<\/p>\n\n\n\n<div class=\"wp-block-buttons\">\n<div class=\"wp-block-button parent-btn--green--16\"><a class=\"wp-block-button__link wp-element-button\" href=\"https:\/\/www.donat.com\/hr\/o-donatu\/#kako-piti-donat\">Kako piti Donat<\/a><\/div>\n<\/div>\n<\/div>\n\n\n\n<div class=\"wp-block-column is-vertically-aligned-center default-column-text column-image\">\n<h2 class=\"wp-block-heading mobile-headline\"><strong>Za uravnote\u017eenost <\/strong><br>va\u0161e probave<\/h2>\n\n\n<div class=\"wp-block-image\">\n<figure class=\"alignright size-full\"><img loading=\"lazy\" decoding=\"async\" width=\"410\" height=\"524\" src=\"https:\/\/www.donat.com\/wp-content\/uploads\/2021\/03\/crevo-ravnovesje-v2.png\" alt=\"\" class=\"wp-image-4258\" srcset=\"https:\/\/www.donat.com\/wp-content\/uploads\/2021\/03\/crevo-ravnovesje-v2.png 410w, https:\/\/www.donat.com\/wp-content\/uploads\/2021\/03\/crevo-ravnovesje-v2-235x300.png 235w\" sizes=\"auto, (max-width: 410px) 100vw, 410px\" \/><\/figure>\n<\/div><\/div>\n<\/div>\n\n\n        <\/div>\n    <\/div>\n<\/div>\n\n<div id=\"\" class=\"ow_container_section  container-989 digestion-medically-proven column-window-height move-headline-section\">\n    <div class=\"container\">\n        <div class=\"content\">\n            \n\n<div class=\"wp-block-columns column-image-absolute\">\n<div class=\"wp-block-column is-vertically-aligned-center column-image default-column-text\">\n<h2 class=\"wp-block-heading mobile-headline\"><strong>Znanstveno dokazana<\/strong><br>u\u010dinkovitost Donata<\/h2>\n\n\n<div class=\"wp-block-image image-position-absolute\">\n<figure class=\"alignleft size-large\"><img loading=\"lazy\" decoding=\"async\" width=\"1024\" height=\"907\" src=\"https:\/\/www.donat.com\/wp-content\/uploads\/2021\/03\/lab-min-1024x907.png\" alt=\"\" class=\"wp-image-6128\" srcset=\"https:\/\/www.donat.com\/wp-content\/uploads\/2021\/03\/lab-min-1024x907.png 1024w, https:\/\/www.donat.com\/wp-content\/uploads\/2021\/03\/lab-min-300x266.png 300w, https:\/\/www.donat.com\/wp-content\/uploads\/2021\/03\/lab-min-113x100.png 113w, https:\/\/www.donat.com\/wp-content\/uploads\/2021\/03\/lab-min-750x664.png 750w, https:\/\/www.donat.com\/wp-content\/uploads\/2021\/03\/lab-min-900x797.png 900w, https:\/\/www.donat.com\/wp-content\/uploads\/2021\/03\/lab-min.png 1084w\" sizes=\"auto, (max-width: 1024px) 100vw, 1024px\" \/><\/figure>\n<\/div><\/div>\n\n\n\n<div class=\"wp-block-column is-vertically-aligned-center default-column-text column-text\">\n<h2 class=\"wp-block-heading\"><strong>Znanstveno dokazana<\/strong><br>u\u010dinkovitost Donata<\/h2>\n\n\n\n<p>U\u010dinak Donata na probavu znanstveno je dokazan u klini\u010dkoj studiji u Njema\u010dkoj 2015. godine. Studija u kojoj su sudjelovali brojni sudionici trajala je \u0161est tjedana i provedena je u skladu sa svim pravilima struke koja se primjenjuju na klini\u010dka ispitivanja lijekova. <br><\/p>\n\n\n\n<p>Studijom smo dokazali da Donat utje\u010de na probavu i blagotvorno djeluje na tijelo.<\/p>\n\n\n\n<div class=\"wp-block-buttons\">\n<div class=\"wp-block-button parent-btn--green--16\"><a class=\"wp-block-button__link wp-element-button\" href=\"https:\/\/www.donat.com\/hr\/o-donatu\/#kako-piti-donat\">Kako piti Donat<\/a><\/div>\n<\/div>\n<\/div>\n<\/div>\n\n\n        <\/div>\n    <\/div>\n<\/div>\n\n<div id=\"\" class=\"ow_container_section  digestion-best-advice container-989 move-headline-section \">\n    <div class=\"container\">\n        <div class=\"content\">\n            \n\n<div class=\"wp-block-columns\">\n<div class=\"wp-block-column is-vertically-aligned-center column-text #primary default-column-text h48p32\">\n<h2 class=\"wp-block-heading\"><strong>Najbolji savjet za urednu probavu i dobrobit?<\/strong><br>Umjerenost.<\/h2>\n\n\n\n<p>Najbolje stvari u \u017eivotu su jednostavne, a to se odnosi i na savjete kako odr\u017eavati nesmetanu probavu.<\/p>\n\n\n\n<h3 class=\"wp-block-heading\">O \u010demu se radi?<\/h3>\n\n\n\n<ul class=\"wp-block-list\">\n<li>Izbjegavajte unaprijed pripremljenu hranu (npr. smrznutu pizzu, juhu iz mikrovalne pe\u0107nice).<\/li>\n\n\n\n<li>Redovito se kre\u0107ite, ve\u0107 i \u0161etnja se broji.<\/li>\n\n\n\n<li>Unosite dovoljno teku\u0107ine, daleko najbolji izbor je voda.<\/li>\n\n\n\n<li>Unosite zadovoljavaju\u0107i unos vlakana.<\/li>\n\n\n\n<li>Izbjegavajte umjetne laksative jer brzo dovode do dodatnih tegoba.<\/li>\n<\/ul>\n<\/div>\n\n\n\n<div class=\"wp-block-column is-vertically-aligned-center column-image default-column-text h48p32\">\n<h2 class=\"wp-block-heading mobile-headline\"><strong>Najbolji savjet za urednu probavu i dobrobit?<\/strong><br>Umjerenost.<\/h2>\n\n\n<div class=\"wp-block-image\">\n<figure class=\"alignright size-large\"><img loading=\"lazy\" decoding=\"async\" width=\"530\" height=\"647\" src=\"https:\/\/www.donat.com\/wp-content\/uploads\/2021\/03\/Bottle-and-Glass-and-Mg-CRO.png\" alt=\"\" class=\"wp-image-5219\" srcset=\"https:\/\/www.donat.com\/wp-content\/uploads\/2021\/03\/Bottle-and-Glass-and-Mg-CRO.png 530w, https:\/\/www.donat.com\/wp-content\/uploads\/2021\/03\/Bottle-and-Glass-and-Mg-CRO-246x300.png 246w\" sizes=\"auto, (max-width: 530px) 100vw, 530px\" \/><\/figure>\n<\/div><\/div>\n<\/div>\n\n\n        <\/div>\n    <\/div>\n<\/div>\n\n<div id=\"\" class=\"ow_container_section  container-1820\">\n    <div class=\"container\">\n        <div class=\"content\">\n            \n<div class='latest_blog_posts_horizontal'><div class='lbph__row text-holder'><div class='wp-block-columns'><div class='wp-block-column is-vertically-aligned-top  default-column-text first'><div class='hhb__text '><h2><strong>Kako posti\u0107i<\/strong> zdravu probavu?<\/h2>\n<p>Za vas smo pripremili korisne znanstvene priloge o tome kako osigurati zdravu probavu.<\/p>\n<\/div><\/div><div class='wp-block-column is-vertically-aligned-top second'><div class='wp-block-buttons desktop'><div class='wp-block-button parent-btn--green--16'><a class='wp-block-button__link' target=''href ='https:\/\/www.donat.com\/hr\/zdravlje\/'>Svi savjeti<\/a><\/div><\/div><\/div><\/div><\/div><div class='lbph__row blog-posts-holder'><div class='blog_posts clearfix'><div class='blog_posts_col first one-third add-margin-right'><div class='blog_posts_item big '><div class='ms_post_card_wrapp'><a   href='https:\/\/www.donat.com\/hr\/zimski-ugodaj-uz-kiseli-kupus\/'><div class='ms_post_card_bg '><img loading=\"lazy\" decoding=\"async\" width=\"550\" height=\"550\" src=\"https:\/\/www.donat.com\/wp-content\/uploads\/2021\/03\/zelje-zelje-squere.jpg\" class=\"attachment-blog-550-550 size-blog-550-550\" alt=\"\" srcset=\"https:\/\/www.donat.com\/wp-content\/uploads\/2021\/03\/zelje-zelje-squere.jpg 550w, https:\/\/www.donat.com\/wp-content\/uploads\/2021\/03\/zelje-zelje-squere-300x300.jpg 300w, https:\/\/www.donat.com\/wp-content\/uploads\/2021\/03\/zelje-zelje-squere-150x150.jpg 150w, https:\/\/www.donat.com\/wp-content\/uploads\/2021\/03\/zelje-zelje-squere-100x100.jpg 100w\" sizes=\"auto, (max-width: 550px) 100vw, 550px\" \/><\/div><div class='ms_post_card_text_wrapp'><div class='ms_post_card_text'><h3>Imunolo\u0161ki sustav<\/h3><h2>Zimski ugo\u0111aj uz kiseli kupus<\/h2><\/div><div class='ms_post_card_more'><span>Vi\u0161e<\/span><\/div><\/div><\/a><\/div><\/div><\/div><div class='blog_posts_col second two-thirds'><div class='blog_posts_row first full-width add-margin-bottom clearfix'><div class='blog_posts_item first add-margin-right one-third'><div class='ms_post_card_wrapp'><a   href='https:\/\/www.donat.com\/hr\/cink-i-selen-nezamjenjivi-minerali-imunoloskog-sustava\/'><div class='ms_post_card_bg '><img loading=\"lazy\" decoding=\"async\" width=\"550\" height=\"550\" src=\"https:\/\/www.donat.com\/wp-content\/uploads\/2025\/09\/Imunski_sistem_Cink-selen-550x550-1.jpg\" class=\"attachment-blog-550-550 size-blog-550-550\" alt=\"Razli\u010dna \u017eivila na mizi: losos, cela riba, pi\u0161\u010dan\u010dje meso, jetra, ore\u0161\u010dki, stro\u010dnice, grah, paprika, brokoli, \u010desen, gobe in ovseni kosmi\u010di.\" srcset=\"https:\/\/www.donat.com\/wp-content\/uploads\/2025\/09\/Imunski_sistem_Cink-selen-550x550-1.jpg 550w, https:\/\/www.donat.com\/wp-content\/uploads\/2025\/09\/Imunski_sistem_Cink-selen-550x550-1-300x300.jpg 300w, https:\/\/www.donat.com\/wp-content\/uploads\/2025\/09\/Imunski_sistem_Cink-selen-550x550-1-150x150.jpg 150w, https:\/\/www.donat.com\/wp-content\/uploads\/2025\/09\/Imunski_sistem_Cink-selen-550x550-1-100x100.jpg 100w\" sizes=\"auto, (max-width: 550px) 100vw, 550px\" \/><\/div><div class='ms_post_card_text_wrapp'><div class='ms_post_card_text'><h3>Imunolo\u0161ki sustav<\/h3><h2>Cink i selen \u2013 nezamjenjivi minerali imunolo\u0161kog sustava<\/h2><\/div><div class='ms_post_card_more'><span>Vi\u0161e<\/span><\/div><\/div><\/a><\/div><\/div><div class='blog_posts_item second two-thirds'><div class='ms_post_card_wrapp'><a   href='https:\/\/www.donat.com\/hr\/visnje-prirodna-pomoc-za-bolji-san\/'><div class='ms_post_card_bg '><img loading=\"lazy\" decoding=\"async\" width=\"553\" height=\"280\" src=\"https:\/\/www.donat.com\/wp-content\/uploads\/2025\/09\/Imunski_sistem_Visnje-553x280-1.jpg\" class=\"attachment-blog-553-280 size-blog-553-280\" alt=\"Rde\u010da skleda z belimi pikami, polna sve\u017eih vi\u0161enj s peclji, okoli sklede so razpolovljene in cele vi\u0161nje.\" srcset=\"https:\/\/www.donat.com\/wp-content\/uploads\/2025\/09\/Imunski_sistem_Visnje-553x280-1.jpg 553w, https:\/\/www.donat.com\/wp-content\/uploads\/2025\/09\/Imunski_sistem_Visnje-553x280-1-300x152.jpg 300w, https:\/\/www.donat.com\/wp-content\/uploads\/2025\/09\/Imunski_sistem_Visnje-553x280-1-198x100.jpg 198w\" sizes=\"auto, (max-width: 553px) 100vw, 553px\" \/><\/div><div class='ms_post_card_text_wrapp'><div class='ms_post_card_text'><h3>Imunolo\u0161ki sustav<\/h3><h2>Vi\u0161nje \u2013 prirodna pomo\u0107 za bolji san<\/h2><\/div><div class='ms_post_card_more'><span>Vi\u0161e<\/span><\/div><\/div><\/a><\/div><\/div><\/div><div class='blog_posts_row second full-width clearfix'><div class='blog_posts_item first two-thirds add-margin-right '><div class='ms_post_card_wrapp'><a   href='https:\/\/www.donat.com\/hr\/najjaci-razlog-zasto-jesti-vise-krstasica-kupusovki\/'><div class='ms_post_card_bg '><img loading=\"lazy\" decoding=\"async\" width=\"553\" height=\"280\" src=\"https:\/\/www.donat.com\/wp-content\/uploads\/2025\/09\/Imunski_sistem_Kriznice-553x280-1.jpg\" class=\"attachment-blog-553-280 size-blog-553-280\" alt=\"Na leseni mizi razli\u010dne vrste sve\u017ee zelenjave: ohrovt, cveta\u010da, brsti\u010dni ohrovt, brokoli, kolerabica in rde\u010de zelje.\" srcset=\"https:\/\/www.donat.com\/wp-content\/uploads\/2025\/09\/Imunski_sistem_Kriznice-553x280-1.jpg 553w, https:\/\/www.donat.com\/wp-content\/uploads\/2025\/09\/Imunski_sistem_Kriznice-553x280-1-300x152.jpg 300w, https:\/\/www.donat.com\/wp-content\/uploads\/2025\/09\/Imunski_sistem_Kriznice-553x280-1-198x100.jpg 198w\" sizes=\"auto, (max-width: 553px) 100vw, 553px\" \/><\/div><div class='ms_post_card_text_wrapp'><div class='ms_post_card_text'><h3>Imunolo\u0161ki sustav<\/h3><h2>Najja\u010di razlog za\u0161to jesti vi\u0161e krsta\u0161ica (kupusovki)<\/h2><\/div><div class='ms_post_card_more'><span>Vi\u0161e<\/span><\/div><\/div><\/a><\/div><\/div><div class='blog_posts_item second one-third'><div class='ms_post_card_wrapp'><a   href='https:\/\/www.donat.com\/hr\/beta-glukani-vlakna-koja-jacaju-crijeva-i-imunoloski-sustav\/'><div class='ms_post_card_bg '><img loading=\"lazy\" decoding=\"async\" width=\"550\" height=\"550\" src=\"https:\/\/www.donat.com\/wp-content\/uploads\/2025\/09\/Imunski_sistem_Beta-glukani-550x550-1.jpg\" class=\"attachment-blog-550-550 size-blog-550-550\" alt=\"Steklen kozarec, poln je\u010dmenovih zrn, ob njem kovinska zajemalka z razsutimi zrni.\" srcset=\"https:\/\/www.donat.com\/wp-content\/uploads\/2025\/09\/Imunski_sistem_Beta-glukani-550x550-1.jpg 550w, https:\/\/www.donat.com\/wp-content\/uploads\/2025\/09\/Imunski_sistem_Beta-glukani-550x550-1-300x300.jpg 300w, https:\/\/www.donat.com\/wp-content\/uploads\/2025\/09\/Imunski_sistem_Beta-glukani-550x550-1-150x150.jpg 150w, https:\/\/www.donat.com\/wp-content\/uploads\/2025\/09\/Imunski_sistem_Beta-glukani-550x550-1-100x100.jpg 100w\" sizes=\"auto, (max-width: 550px) 100vw, 550px\" \/><\/div><div class='ms_post_card_text_wrapp'><div class='ms_post_card_text'><h3>Imunolo\u0161ki sustav<\/h3><h2>Beta-glukani: vlakna koja ja\u010daju crijeva i imunolo\u0161ki sustav<\/h2><\/div><div class='ms_post_card_more'><span>Vi\u0161e<\/span><\/div><\/div><\/a><\/div><\/div><\/div><\/div><\/div><\/div><div class='wp-block-buttons mobile'><div class='wp-block-button parent-btn--green--16'><a class='wp-block-button__link' target=''href ='https:\/\/www.donat.com\/hr\/zdravlje\/'>Svi savjeti<\/a><\/div><\/div><\/div>\n\n        <\/div>\n    <\/div>\n<\/div>","protected":false},"excerpt":{"rendered":"","protected":false},"author":1,"featured_media":0,"parent":0,"menu_order":0,"comment_status":"closed","ping_status":"closed","template":"","meta":{"_acf_changed":false,"footnotes":""},"class_list":["post-4601","page","type-page","status-publish","hentry"],"acf":[],"_links":{"self":[{"href":"https:\/\/www.donat.com\/hr\/wp-json\/wp\/v2\/pages\/4601","targetHints":{"allow":["GET"]}}],"collection":[{"href":"https:\/\/www.donat.com\/hr\/wp-json\/wp\/v2\/pages"}],"about":[{"href":"https:\/\/www.donat.com\/hr\/wp-json\/wp\/v2\/types\/page"}],"author":[{"embeddable":true,"href":"https:\/\/www.donat.com\/hr\/wp-json\/wp\/v2\/users\/1"}],"replies":[{"embeddable":true,"href":"https:\/\/www.donat.com\/hr\/wp-json\/wp\/v2\/comments?post=4601"}],"version-history":[{"count":17,"href":"https:\/\/www.donat.com\/hr\/wp-json\/wp\/v2\/pages\/4601\/revisions"}],"predecessor-version":[{"id":221689,"href":"https:\/\/www.donat.com\/hr\/wp-json\/wp\/v2\/pages\/4601\/revisions\/221689"}],"wp:attachment":[{"href":"https:\/\/www.donat.com\/hr\/wp-json\/wp\/v2\/media?parent=4601"}],"curies":[{"name":"wp","href":"https:\/\/api.w.org\/{rel}","templated":true}]}}