{"id":181856,"date":"2023-07-07T08:17:31","date_gmt":"2023-07-07T06:17:31","guid":{"rendered":"https:\/\/www.donat.com\/115-let-donata\/"},"modified":"2026-02-10T12:41:59","modified_gmt":"2026-02-10T10:41:59","slug":"115-anni-di-donat","status":"publish","type":"page","link":"https:\/\/www.donat.com\/it\/115-anni-di-donat\/","title":{"rendered":"115 anni di Donat"},"content":{"rendered":"<div id=\"\" class=\"ow_container_section  ms-timeline-hero-1 column-window-height move-headline-section\">\n    <div class=\"container\">\n        <div class=\"content\">\n            \n\n<div class=\"wp-block-columns column-image-absolute\">\n<div class=\"wp-block-column is-vertically-aligned-center default-column-text h64p22 column-image\"><div class=\"wp-block-image image-position-absolute\">\n<figure class=\"alignleft size-full\"><img loading=\"lazy\" decoding=\"async\" width=\"624\" height=\"623\" src=\"https:\/\/www.donat.com\/wp-content\/uploads\/2023\/07\/paviljon-levo.png\" alt=\"\" class=\"wp-image-182048\" srcset=\"https:\/\/www.donat.com\/wp-content\/uploads\/2023\/07\/paviljon-levo.png 624w, https:\/\/www.donat.com\/wp-content\/uploads\/2023\/07\/paviljon-levo-300x300.png 300w, https:\/\/www.donat.com\/wp-content\/uploads\/2023\/07\/paviljon-levo-150x150.png 150w, https:\/\/www.donat.com\/wp-content\/uploads\/2023\/07\/paviljon-levo-550x550.png 550w, https:\/\/www.donat.com\/wp-content\/uploads\/2023\/07\/paviljon-levo-100x100.png 100w\" sizes=\"auto, (max-width: 624px) 100vw, 624px\" \/><\/figure>\n<\/div>\n\n\n<h1 class=\"wp-block-heading mobile-headline\"><strong>Da 115 anni<\/strong> una soluzione naturale per una corretta digestione.<\/h1>\n<\/div>\n\n\n\n<div class=\"wp-block-column is-vertically-aligned-center default-column-text h64p22 column-text\">\n<h1 class=\"wp-block-heading\">Una soluzione naturale per la corretta digestione\u00a0<strong>da pi\u00f9 di 115 anni.<\/strong><\/h1>\n\n\n\n<p>Donat e i suoi effetti sul corpo umano sono noti tra la gente da tempo immemorabile. Leggi l&#8217;emozionante storia sull&#8217;origine di Donat cos\u00ec come la conosciamo oggi.<\/p>\n\n\n\n<div class=\"wp-block-buttons\">\n<div class=\"wp-block-button parent-btn--green--16\"><a class=\"wp-block-button__link wp-element-button\" href=\"#story\">VIVETE LA STORIA<\/a><\/div>\n<\/div>\n<\/div>\n<\/div>\n\n\n        <\/div>\n    <\/div>\n<\/div>\n\n<div id=\"story\" class=\"ow_container_section \">\n    <div class=\"container\">\n        <div class=\"content\">\n            \n<div id='timeline' class='ms_timeline'><div class='ms_timeline_wrapp'><div class='ms_timeline_single  pos-1 img_left first'>\n            <div class=\"ms_line_animate img_left first \">   \n               <svg xmlns=\"http:\/\/www.w3.org\/2000\/svg\" width=\"850\" height=\"400\" viewBox=\"0 0 850 400\" preserveAspectRatio=\"xMidYMid meet\">\n                  <path class=\"path\" d=\"\tM 0 0           L 0 100         C 0 200 100 200 100 200         L 750 200       C 750 200 850 200 850 300        L 850 400  \" fill=\"none\" stroke=\"#c9d5d0\" ><\/path>\n                   <text x=\"400\" y=\"234\"  text-anchor=\"middle\"          stroke=\"white\"          stroke-width=\"1px\"          >     <\/text>\n               <\/svg>                 \n            <\/div><div class='ms_timeline_single_toggle'><h2><b>Tanto tempo fa<\/b> &#8211; la leggenda di Pegaso<\/h2><\/div><div class='ms_timeline_single_toggle_text'><div class='ms_timeline_single_column_wrapp'><div class='ms_timeline_single_measure'><div class='ms_timeline_single_column image_column'><p class='year-mobile'><\/p><img loading=\"lazy\" decoding=\"async\" width=\"1289\" height=\"1091\" src=\"https:\/\/www.donat.com\/wp-content\/uploads\/2021\/03\/pegasus-v2-min.png\" class=\"attachment-full size-full\" alt=\"\" srcset=\"https:\/\/www.donat.com\/wp-content\/uploads\/2021\/03\/pegasus-v2-min.png 1289w, https:\/\/www.donat.com\/wp-content\/uploads\/2021\/03\/pegasus-v2-min-300x254.png 300w, https:\/\/www.donat.com\/wp-content\/uploads\/2021\/03\/pegasus-v2-min-1024x867.png 1024w, https:\/\/www.donat.com\/wp-content\/uploads\/2021\/03\/pegasus-v2-min-118x100.png 118w, https:\/\/www.donat.com\/wp-content\/uploads\/2021\/03\/pegasus-v2-min-750x635.png 750w, https:\/\/www.donat.com\/wp-content\/uploads\/2021\/03\/pegasus-v2-min-900x762.png 900w\" sizes=\"auto, (max-width: 1289px) 100vw, 1289px\" \/><\/div><div class='ms_timeline_single_column text_column'><div class='text-wrapp default-column-text '><h2><b>Tanto tempo fa<\/b> &#8211; la leggenda di Pegaso<\/h2><p>Una leggenda antica, in cui regnano dei ed eroi mitologici, narra che il cavallo alato Pegaso, volando sopra la Slovenia, colp\u00ec con lo zoccolo un monte dal quale inizi\u00f2 a sgorgare una sorgente di acqua minerale miracolosa. Per quanto possa sembrare insolito, gli esperti collegano il nome di Pegaso (in greco \u03a0\u03ae\u03b3\u03b1\u03c3\u03bf\u03c2) alla parola \u03c0\u03b7\u03b3\u03ae, che significa \u201csorgente\u201d o \u201cfonte\u201d, spiegando cos\u00ec l\u2019origine del racconto.<\/p>\n<\/div><\/div><\/div><\/div><\/div><\/div><div class='ms_timeline_single  pos-2 img_right'>\n            <div class=\"ms_line_animate img_right \">   \n               <svg xmlns=\"http:\/\/www.w3.org\/2000\/svg\" width=\"850\" height=\"400\" viewBox=\"0 0 850 400\" preserveAspectRatio=\"xMidYMid meet\">\n                  <path class=\"path\" d=\"\tM 850 0 \t\tL 850 100 \t\tC 850 200 750 200 750 200 \t\tL 100 200 \t\tC 100 200 0 200 0 300       L 0 400 \" fill=\"none\" stroke=\"#c9d5d0\" ><\/path>\n                   <text x=\"400\" y=\"234\"  text-anchor=\"middle\"          stroke=\"white\"          stroke-width=\"1px\"          > prima del 1908    <\/text>\n               <\/svg>                 \n            <\/div><div class='ms_timeline_single_toggle'><h2><b>Prime<\/b> annotazioni<\/h2><\/div><div class='ms_timeline_single_toggle_text'><div class='ms_timeline_single_column_wrapp'><div class='ms_timeline_single_measure'><div class='ms_timeline_single_column image_column'><p class='year-mobile'>prima del 1908<\/p><img loading=\"lazy\" decoding=\"async\" width=\"580\" height=\"492\" src=\"https:\/\/www.donat.com\/wp-content\/uploads\/2023\/07\/history-1.jpg\" class=\"attachment-full size-full\" alt=\"\" srcset=\"https:\/\/www.donat.com\/wp-content\/uploads\/2023\/07\/history-1.jpg 580w, https:\/\/www.donat.com\/wp-content\/uploads\/2023\/07\/history-1-300x254.jpg 300w, https:\/\/www.donat.com\/wp-content\/uploads\/2023\/07\/history-1-118x100.jpg 118w\" sizes=\"auto, (max-width: 580px) 100vw, 580px\" \/><\/div><div class='ms_timeline_single_column text_column'><div class='text-wrapp default-column-text '><h2><b>Prime<\/b> annotazioni<\/h2><p>I primi documenti riguardanti le propriet\u00e0 curative delle acque della zona di Roga\u0161ka Slatina risalgono al 1572. La reputazione dell\u2019acqua si diffuse anche nell\u2019impero asburgico, dove veniva bevuta come pregiato medicinale.<\/p>\n<\/div><\/div><\/div><\/div><\/div><\/div><div class='ms_timeline_single  pos-3 img_left'>\n            <div class=\"ms_line_animate img_left \">   \n               <svg xmlns=\"http:\/\/www.w3.org\/2000\/svg\" width=\"850\" height=\"400\" viewBox=\"0 0 850 400\" preserveAspectRatio=\"xMidYMid meet\">\n                  <path class=\"path\" d=\"\tM 0 0           L 0 100         C 0 200 100 200 100 200         L 750 200       C 750 200 850 200 850 300        L 850 400  \" fill=\"none\" stroke=\"#c9d5d0\" ><\/path>\n                   <text x=\"400\" y=\"234\"  text-anchor=\"middle\"          stroke=\"white\"          stroke-width=\"1px\"          > 1908    <\/text>\n               <\/svg>                 \n            <\/div><div class='ms_timeline_single_toggle'><h2><b>Scoperta<\/b> della fonte di Donat<\/h2><\/div><div class='ms_timeline_single_toggle_text'><div class='ms_timeline_single_column_wrapp'><div class='ms_timeline_single_measure'><div class='ms_timeline_single_column image_column'><p class='year-mobile'>1908<\/p><img loading=\"lazy\" decoding=\"async\" width=\"624\" height=\"623\" src=\"https:\/\/www.donat.com\/wp-content\/uploads\/2023\/07\/history001-1.png\" class=\"attachment-full size-full\" alt=\"\" srcset=\"https:\/\/www.donat.com\/wp-content\/uploads\/2023\/07\/history001-1.png 624w, https:\/\/www.donat.com\/wp-content\/uploads\/2023\/07\/history001-1-300x300.png 300w, https:\/\/www.donat.com\/wp-content\/uploads\/2023\/07\/history001-1-150x150.png 150w, https:\/\/www.donat.com\/wp-content\/uploads\/2023\/07\/history001-1-550x550.png 550w, https:\/\/www.donat.com\/wp-content\/uploads\/2023\/07\/history001-1-100x100.png 100w\" sizes=\"auto, (max-width: 624px) 100vw, 624px\" \/><\/div><div class='ms_timeline_single_column text_column'><div class='text-wrapp default-column-text '><h2><b>Scoperta<\/b> della fonte di Donat<\/h2><p>Diverse sorgenti di acqua minerale sono state scavate in passato nella zona di Roga\u0161ka Slatina, ma non erano molte adatte all\u2019uso. Un grande passo avanti avvenne all&#8217;inizio del XX secolo, quando in uno dei pozzi fu scoperta un\u2019acqua con un contenuto molto elevato di minerali. L\u2019acqua fu chiamata Donat poich\u00e9 sgorga nei pressi del monte Dona\u010dka gora.<\/p>\n<\/div><\/div><\/div><\/div><\/div><\/div><div class='ms_timeline_single  pos-4 img_right'>\n            <div class=\"ms_line_animate img_right \">   \n               <svg xmlns=\"http:\/\/www.w3.org\/2000\/svg\" width=\"850\" height=\"400\" viewBox=\"0 0 850 400\" preserveAspectRatio=\"xMidYMid meet\">\n                  <path class=\"path\" d=\"\tM 850 0 \t\tL 850 100 \t\tC 850 200 750 200 750 200 \t\tL 100 200 \t\tC 100 200 0 200 0 300       L 0 400 \" fill=\"none\" stroke=\"#c9d5d0\" ><\/path>\n                   <text x=\"400\" y=\"234\"  text-anchor=\"middle\"          stroke=\"white\"          stroke-width=\"1px\"          > 1936    <\/text>\n               <\/svg>                 \n            <\/div><div class='ms_timeline_single_toggle'><h2><b>Primi esperimenti scientifici<\/b> sugli effetti di Donat<\/h2><\/div><div class='ms_timeline_single_toggle_text'><div class='ms_timeline_single_column_wrapp'><div class='ms_timeline_single_measure'><div class='ms_timeline_single_column image_column'><p class='year-mobile'>1936<\/p><img loading=\"lazy\" decoding=\"async\" width=\"624\" height=\"623\" src=\"https:\/\/www.donat.com\/wp-content\/uploads\/2023\/07\/history002-1.png\" class=\"attachment-full size-full\" alt=\"\" srcset=\"https:\/\/www.donat.com\/wp-content\/uploads\/2023\/07\/history002-1.png 624w, https:\/\/www.donat.com\/wp-content\/uploads\/2023\/07\/history002-1-300x300.png 300w, https:\/\/www.donat.com\/wp-content\/uploads\/2023\/07\/history002-1-150x150.png 150w, https:\/\/www.donat.com\/wp-content\/uploads\/2023\/07\/history002-1-550x550.png 550w, https:\/\/www.donat.com\/wp-content\/uploads\/2023\/07\/history002-1-100x100.png 100w\" sizes=\"auto, (max-width: 624px) 100vw, 624px\" \/><\/div><div class='ms_timeline_single_column text_column'><div class='text-wrapp default-column-text '><h2><b>Primi esperimenti scientifici<\/b> sugli effetti di Donat<\/h2><p>Esperti nazionali e stranieri hanno spesso menzionato nei loro scritti gli effetti positivi del consumo di Donat, pubblicando anche raccomandazioni di berla. Il prof. Leskovar, dott. in medicina e primario del Centro di cura Roga\u0161ka Slatina, inizi\u00f2 a condurre esperimenti sugli effetti di Donat sull&#8217;organismo umano.<\/p>\n<\/div><\/div><\/div><\/div><\/div><\/div><div class='ms_timeline_single  pos-5 img_left'>\n            <div class=\"ms_line_animate img_left \">   \n               <svg xmlns=\"http:\/\/www.w3.org\/2000\/svg\" width=\"850\" height=\"400\" viewBox=\"0 0 850 400\" preserveAspectRatio=\"xMidYMid meet\">\n                  <path class=\"path\" d=\"\tM 0 0           L 0 100         C 0 200 100 200 100 200         L 750 200       C 750 200 850 200 850 300        L 850 400  \" fill=\"none\" stroke=\"#c9d5d0\" ><\/path>\n                   <text x=\"400\" y=\"234\"  text-anchor=\"middle\"          stroke=\"white\"          stroke-width=\"1px\"          > 1964    <\/text>\n               <\/svg>                 \n            <\/div><div class='ms_timeline_single_toggle'><h2><b>Donat riceve<\/b> l\u2019attestazione di acqua curativa  <\/h2><\/div><div class='ms_timeline_single_toggle_text'><div class='ms_timeline_single_column_wrapp'><div class='ms_timeline_single_measure'><div class='ms_timeline_single_column image_column'><p class='year-mobile'>1964<\/p><img loading=\"lazy\" decoding=\"async\" width=\"624\" height=\"623\" src=\"https:\/\/www.donat.com\/wp-content\/uploads\/2023\/07\/history003-1.png\" class=\"attachment-full size-full\" alt=\"\" srcset=\"https:\/\/www.donat.com\/wp-content\/uploads\/2023\/07\/history003-1.png 624w, https:\/\/www.donat.com\/wp-content\/uploads\/2023\/07\/history003-1-300x300.png 300w, https:\/\/www.donat.com\/wp-content\/uploads\/2023\/07\/history003-1-150x150.png 150w, https:\/\/www.donat.com\/wp-content\/uploads\/2023\/07\/history003-1-550x550.png 550w, https:\/\/www.donat.com\/wp-content\/uploads\/2023\/07\/history003-1-100x100.png 100w\" sizes=\"auto, (max-width: 624px) 100vw, 624px\" \/><\/div><div class='ms_timeline_single_column text_column'><div class='text-wrapp default-column-text '><h2><b>Donat riceve<\/b> l\u2019attestazione di acqua curativa  <\/h2><p>Gli effetti curativi, di cui gi\u00e0 parlavano la gente del posto, i medici e chi beveva l\u2019acqua Donat, furono ufficialmente confermati per la prima volta nel 1964, quando fu rilasciato un attestato per le propriet\u00e0 medicinali dell&#8217;acqua minerale naturale della sorgente Donat.<\/p>\n<\/div><\/div><\/div><\/div><\/div><\/div><div class='ms_timeline_single  pos-6 img_right'>\n            <div class=\"ms_line_animate img_right \">   \n               <svg xmlns=\"http:\/\/www.w3.org\/2000\/svg\" width=\"850\" height=\"400\" viewBox=\"0 0 850 400\" preserveAspectRatio=\"xMidYMid meet\">\n                  <path class=\"path\" d=\"\tM 850 0 \t\tL 850 100 \t\tC 850 200 750 200 750 200 \t\tL 100 200 \t\tC 100 200 0 200 0 300       L 0 400 \" fill=\"none\" stroke=\"#c9d5d0\" ><\/path>\n                   <text x=\"400\" y=\"234\"  text-anchor=\"middle\"          stroke=\"white\"          stroke-width=\"1px\"          > 1967    <\/text>\n               <\/svg>                 \n            <\/div><div class='ms_timeline_single_toggle'><h2><b>Apertura<\/b> delle terme<\/h2><\/div><div class='ms_timeline_single_toggle_text'><div class='ms_timeline_single_column_wrapp'><div class='ms_timeline_single_measure'><div class='ms_timeline_single_column image_column'><p class='year-mobile'>1967<\/p><img loading=\"lazy\" decoding=\"async\" width=\"624\" height=\"623\" src=\"https:\/\/www.donat.com\/wp-content\/uploads\/2023\/07\/voda.png\" class=\"attachment-full size-full\" alt=\"\" srcset=\"https:\/\/www.donat.com\/wp-content\/uploads\/2023\/07\/voda.png 624w, https:\/\/www.donat.com\/wp-content\/uploads\/2023\/07\/voda-300x300.png 300w, https:\/\/www.donat.com\/wp-content\/uploads\/2023\/07\/voda-150x150.png 150w, https:\/\/www.donat.com\/wp-content\/uploads\/2023\/07\/voda-550x550.png 550w, https:\/\/www.donat.com\/wp-content\/uploads\/2023\/07\/voda-100x100.png 100w\" sizes=\"auto, (max-width: 624px) 100vw, 624px\" \/><\/div><div class='ms_timeline_single_column text_column'><div class='text-wrapp default-column-text '><h2><b>Apertura<\/b> delle terme<\/h2><p>Dopo il devastante incendio che colp\u00ec l\u2019antico stabilimento termale, fu avviata la costruzione di un nuovo e ampio stabilimento. Nel 1967, accanto al Medical Center Roga\u0161ka Slatina, venne costruito uno stabilimento termale con undici fontane, dove ancora oggi gli ospiti del centro e i visitatori possono bere l\u2019acqua Donat.<\/p>\n<\/div><\/div><\/div><\/div><\/div><\/div><div class='ms_timeline_single  pos-7 img_left'>\n            <div class=\"ms_line_animate img_left \">   \n               <svg xmlns=\"http:\/\/www.w3.org\/2000\/svg\" width=\"850\" height=\"400\" viewBox=\"0 0 850 400\" preserveAspectRatio=\"xMidYMid meet\">\n                  <path class=\"path\" d=\"\tM 0 0           L 0 100         C 0 200 100 200 100 200         L 750 200       C 750 200 850 200 850 300        L 850 400  \" fill=\"none\" stroke=\"#c9d5d0\" ><\/path>\n                   <text x=\"400\" y=\"234\"  text-anchor=\"middle\"          stroke=\"white\"          stroke-width=\"1px\"          > 1987    <\/text>\n               <\/svg>                 \n            <\/div><div class='ms_timeline_single_toggle'><h2><b>Creazione del Centro per lo sviluppo<\/b> e la ricerca scientifica delle acque minerali<\/h2><\/div><div class='ms_timeline_single_toggle_text'><div class='ms_timeline_single_column_wrapp'><div class='ms_timeline_single_measure'><div class='ms_timeline_single_column image_column'><p class='year-mobile'>1987<\/p><img loading=\"lazy\" decoding=\"async\" width=\"624\" height=\"623\" src=\"https:\/\/www.donat.com\/wp-content\/uploads\/2023\/07\/history005-1.png\" class=\"attachment-full size-full\" alt=\"\" srcset=\"https:\/\/www.donat.com\/wp-content\/uploads\/2023\/07\/history005-1.png 624w, https:\/\/www.donat.com\/wp-content\/uploads\/2023\/07\/history005-1-300x300.png 300w, https:\/\/www.donat.com\/wp-content\/uploads\/2023\/07\/history005-1-150x150.png 150w, https:\/\/www.donat.com\/wp-content\/uploads\/2023\/07\/history005-1-550x550.png 550w, https:\/\/www.donat.com\/wp-content\/uploads\/2023\/07\/history005-1-100x100.png 100w\" sizes=\"auto, (max-width: 624px) 100vw, 624px\" \/><\/div><div class='ms_timeline_single_column text_column'><div class='text-wrapp default-column-text '><h2><b>Creazione del Centro per lo sviluppo<\/b> e la ricerca scientifica delle acque minerali<\/h2><p>Il Centro per lo sviluppo e la ricerca scientifica delle acque minerali ha svolto un ruolo importante nella ricerca sull&#8217;efficacia di Donat e dei suoi effetti sul corpo umano. Nel 1987 il Centro \u00e8 stato inglobato nel Medical Center Roga\u0161ka Slatina, dove sono continuate le ricerche nel campo della balneologia.<\/p>\n<\/div><\/div><\/div><\/div><\/div><\/div><div class='ms_timeline_single  pos-8 img_right'>\n            <div class=\"ms_line_animate img_right \">   \n               <svg xmlns=\"http:\/\/www.w3.org\/2000\/svg\" width=\"850\" height=\"400\" viewBox=\"0 0 850 400\" preserveAspectRatio=\"xMidYMid meet\">\n                  <path class=\"path\" d=\"\tM 850 0 \t\tL 850 100 \t\tC 850 200 750 200 750 200 \t\tL 100 200 \t\tC 100 200 0 200 0 300       L 0 400 \" fill=\"none\" stroke=\"#c9d5d0\" ><\/path>\n                   <text x=\"400\" y=\"234\"  text-anchor=\"middle\"          stroke=\"white\"          stroke-width=\"1px\"          > 2015    <\/text>\n               <\/svg>                 \n            <\/div><div class='ms_timeline_single_toggle'><h2><b>Uno studio clinico<\/b> dimostra gli effetti di Donat sulla digestione<\/h2><\/div><div class='ms_timeline_single_toggle_text'><div class='ms_timeline_single_column_wrapp'><div class='ms_timeline_single_measure'><div class='ms_timeline_single_column image_column'><p class='year-mobile'>2015<\/p><img loading=\"lazy\" decoding=\"async\" width=\"460\" height=\"658\" src=\"https:\/\/www.donat.com\/wp-content\/uploads\/2021\/03\/BottleBadge-IT.png\" class=\"attachment-full size-full\" alt=\"Donat, acqua minerale naturale con una combinazione unica di minerali che favoriscono la digestione in maniera naturale.\" srcset=\"https:\/\/www.donat.com\/wp-content\/uploads\/2021\/03\/BottleBadge-IT.png 460w, https:\/\/www.donat.com\/wp-content\/uploads\/2021\/03\/BottleBadge-IT-210x300.png 210w\" sizes=\"auto, (max-width: 460px) 100vw, 460px\" \/><\/div><div class='ms_timeline_single_column text_column'><div class='text-wrapp default-column-text '><h2><b>Uno studio clinico<\/b> dimostra gli effetti di Donat sulla digestione<\/h2><p>La conoscenza degli effetti positivi di Donat si \u00e8 tramandata di generazione in generazione ed \u00e8 supportata da vari studi scientifici. Il pi\u00f9 importante \u00e8 uno studio clinico tedesco condotto nel 2015, che ha dimostrato che Donat ha effetti benefici sulla digestione delle persone che soffrono di stitichezza funzionale.<br \/>\nMaggiori informazioni su questo studio, pubblicato sull&#8217;European Journal of Nutrition, nell&#8217;articolo <a href=\"https:\/\/www.donat.com\/it\/efficacia-scientificamente-dimostrata-di-donat-mg\/\">Efficacia scientificamente dimostrata di Donat \u2013 Donat<\/a>.<\/p>\n<\/div><\/div><\/div><\/div><\/div><\/div><div class='ms_timeline_single  pos-9 img_left'>\n            <div class=\"ms_line_animate img_left \">   \n               <svg xmlns=\"http:\/\/www.w3.org\/2000\/svg\" width=\"850\" height=\"400\" viewBox=\"0 0 850 400\" preserveAspectRatio=\"xMidYMid meet\">\n                  <path class=\"path\" d=\"\tM 0 0           L 0 100         C 0 200 100 200 100 200         L 750 200       C 750 200 850 200 850 300        L 850 400  \" fill=\"none\" stroke=\"#c9d5d0\" ><\/path>\n                   <text x=\"400\" y=\"234\"  text-anchor=\"middle\"          stroke=\"white\"          stroke-width=\"1px\"          > 2022    <\/text>\n               <\/svg>                 \n            <\/div><div class='ms_timeline_single_toggle'><h2><b>La sostenibilit\u00e0 diventa<\/b> la guida dello sviluppo<\/h2><\/div><div class='ms_timeline_single_toggle_text'><div class='ms_timeline_single_column_wrapp'><div class='ms_timeline_single_measure'><div class='ms_timeline_single_column image_column'><p class='year-mobile'>2022<\/p><img loading=\"lazy\" decoding=\"async\" width=\"867\" height=\"650\" src=\"https:\/\/www.donat.com\/wp-content\/uploads\/2022\/08\/DONAT-ENG-TRAJNOSTNO-POROCILO-AVG22-V2-s-1.png\" class=\"attachment-full size-full\" alt=\"Trajnostno poro\u010dilo\" srcset=\"https:\/\/www.donat.com\/wp-content\/uploads\/2022\/08\/DONAT-ENG-TRAJNOSTNO-POROCILO-AVG22-V2-s-1.png 867w, https:\/\/www.donat.com\/wp-content\/uploads\/2022\/08\/DONAT-ENG-TRAJNOSTNO-POROCILO-AVG22-V2-s-1-300x225.png 300w, https:\/\/www.donat.com\/wp-content\/uploads\/2022\/08\/DONAT-ENG-TRAJNOSTNO-POROCILO-AVG22-V2-s-1-133x100.png 133w, https:\/\/www.donat.com\/wp-content\/uploads\/2022\/08\/DONAT-ENG-TRAJNOSTNO-POROCILO-AVG22-V2-s-1-750x562.png 750w\" sizes=\"auto, (max-width: 867px) 100vw, 867px\" \/><\/div><div class='ms_timeline_single_column text_column'><div class='text-wrapp default-column-text '><h2><b>La sostenibilit\u00e0 diventa<\/b> la guida dello sviluppo<\/h2><p>Donat, da pi\u00f9 di 115 anni, ha stabilito elevati standard di sviluppo sostenibile. Nel 2022, inoltre, sono stati presentati in modo chiaro e trasparente gli obiettivi e le attivit\u00e0 nel campo della sostenibilit\u00e0 nel primo rapporto indipendente sulla sostenibilit\u00e0. I nostri sforzi sono suddivisi in quattro direzioni basilari:\u00a0 persone, prodotti, ambiente e gestione.<\/p>\n<\/div><\/div><\/div><\/div><\/div><\/div><div><div>\n\n        <\/div>\n    <\/div>\n<\/div>","protected":false},"excerpt":{"rendered":"","protected":false},"author":5,"featured_media":0,"parent":0,"menu_order":0,"comment_status":"closed","ping_status":"closed","template":"","meta":{"_acf_changed":false,"footnotes":""},"class_list":["post-181856","page","type-page","status-publish","hentry"],"acf":[],"_links":{"self":[{"href":"https:\/\/www.donat.com\/it\/wp-json\/wp\/v2\/pages\/181856","targetHints":{"allow":["GET"]}}],"collection":[{"href":"https:\/\/www.donat.com\/it\/wp-json\/wp\/v2\/pages"}],"about":[{"href":"https:\/\/www.donat.com\/it\/wp-json\/wp\/v2\/types\/page"}],"author":[{"embeddable":true,"href":"https:\/\/www.donat.com\/it\/wp-json\/wp\/v2\/users\/5"}],"replies":[{"embeddable":true,"href":"https:\/\/www.donat.com\/it\/wp-json\/wp\/v2\/comments?post=181856"}],"version-history":[{"count":21,"href":"https:\/\/www.donat.com\/it\/wp-json\/wp\/v2\/pages\/181856\/revisions"}],"predecessor-version":[{"id":224109,"href":"https:\/\/www.donat.com\/it\/wp-json\/wp\/v2\/pages\/181856\/revisions\/224109"}],"wp:attachment":[{"href":"https:\/\/www.donat.com\/it\/wp-json\/wp\/v2\/media?parent=181856"}],"curies":[{"name":"wp","href":"https:\/\/api.w.org\/{rel}","templated":true}]}}