{"id":193673,"date":"2021-03-08T09:30:28","date_gmt":"2021-03-08T09:30:28","guid":{"rendered":"https:\/\/www.donat.com\/kje-kupiti-donat-preko-spleta\/"},"modified":"2024-02-27T15:59:41","modified_gmt":"2024-02-27T13:59:41","slug":"dove-posso-comprare-donat","status":"publish","type":"page","link":"https:\/\/www.donat.com\/it\/dove-posso-comprare-donat\/","title":{"rendered":"Dove posso comprare Donat?"},"content":{"rendered":"<div id=\"\" class=\"ow_container_section \">\n    <div class=\"container\">\n        <div class=\"content\">\n            \n<div class='ms_where_to_buy_no_map_wrapper' data-pageid='193673'><div class='ms_where_to_buy_headline default-column-text'><h1><strong>Dove posso comprare Donat?<\/strong><\/h1><p>Donat \u00e8 disponibile presso i seguenti negozi di alimentari.  <br>Verifica quale negozio \u00e8 pi\u00f9 vicino a te in modo da poter fare acquisti dell&#8217;acqua minerale naturale Donat.<\/p><\/div><div class='ms_where_to_buy_online'><div class='ms_where_to_buy_online_image'><img src='https:\/\/www.donat.com\/wp-content\/uploads\/2021\/03\/BottleBadge-IT.png'><\/div><div class='ms_where_to_buy_online_wrap'><div class='ms_where_to_buy_online_headline default-column-text h40p20'><h2><strong>Elenco dei rivenditori<\/strong><\/h2><p>\u00c8 possibile acquistare Donat presso i seguenti rivenditori.<\/p><\/div><div class=\"ms_where_to_buy_online_stores buy_shop_cards\"><div class=\"buy_shop_card default-column-text h28p16 ms_where_to_buy_online_store\"><a class=\"ms_where_to_buy_link\" target=\"_blank\" href=\"https:\/\/www.despar.it\/it\/punti-vendita\/\"><\/a><div class=\"ms_where_to_buy_online_store_inner buy_shop_card_inner\"><img decoding=\"async\" src=\"https:\/\/www.donat.com\/wp-content\/uploads\/2024\/02\/spar_4-160x100.png\"><\/div><p class=\"visit\">Visita il negozio<\/p><\/div><div class=\"buy_shop_card default-column-text h28p16 ms_where_to_buy_online_store\"><a class=\"ms_where_to_buy_link\" target=\"_blank\" href=\"https:\/\/www.coopalleanza3-0.it\/fare-spesa\/elenco-negozi.html\"><\/a><div class=\"ms_where_to_buy_online_store_inner buy_shop_card_inner\"><img decoding=\"async\" src=\"https:\/\/www.donat.com\/wp-content\/uploads\/2024\/02\/coop_2-160x100.png\"><\/div><p class=\"visit\">Visita il negozio<\/p><\/div><div class=\"buy_shop_card default-column-text h28p16 ms_where_to_buy_online_store\"><a class=\"ms_where_to_buy_link\" target=\"_blank\" href=\"https:\/\/storelocator.maxisupermercati.it\/\"><\/a><div class=\"ms_where_to_buy_online_store_inner buy_shop_card_inner\"><img decoding=\"async\" src=\"https:\/\/www.donat.com\/wp-content\/uploads\/2023\/12\/Maxiclaim_2022_2-160x100.png\"><\/div><p class=\"visit\">Visita il negozio<\/p><\/div><div class=\"buy_shop_card default-column-text h28p16 ms_where_to_buy_online_store\"><a class=\"ms_where_to_buy_link\" target=\"_blank\" href=\"https:\/\/www.supertosano.com\/\"><\/a><div class=\"ms_where_to_buy_online_store_inner buy_shop_card_inner\"><img decoding=\"async\" src=\"https:\/\/www.donat.com\/wp-content\/uploads\/2024\/02\/tosano_offline_2-160x100.png\"><\/div><p class=\"visit\">Visita il negozio<\/p><\/div><div class=\"buy_shop_card default-column-text h28p16 ms_where_to_buy_online_store\"><a class=\"ms_where_to_buy_link\" target=\"_blank\" href=\"https:\/\/www.iperlando.it\/puntivendita\/\"><\/a><div class=\"ms_where_to_buy_online_store_inner buy_shop_card_inner\"><img decoding=\"async\" src=\"https:\/\/www.donat.com\/wp-content\/uploads\/2024\/02\/iper-lando_2png-160x100.png\"><\/div><p class=\"visit\">Visita il negozio<\/p><\/div><div class=\"buy_shop_card default-column-text h28p16 ms_where_to_buy_online_store\"><a class=\"ms_where_to_buy_link\" target=\"_blank\" href=\"https:\/\/www.alisupermercati.it\/negozi-e-volantini\"><\/a><div class=\"ms_where_to_buy_online_store_inner buy_shop_card_inner\"><img decoding=\"async\" src=\"https:\/\/www.donat.com\/wp-content\/uploads\/2024\/02\/ali-logo_2-160x100.png\"><\/div><p class=\"visit\">Visita il negozio<\/p><\/div><div class=\"buy_shop_card default-column-text h28p16 ms_where_to_buy_online_store\"><a class=\"ms_where_to_buy_link\" target=\"_blank\" href=\"https:\/\/www.supermercativisotto.it\/punti-vendita\"><\/a><div class=\"ms_where_to_buy_online_store_inner buy_shop_card_inner\"><img decoding=\"async\" src=\"https:\/\/www.donat.com\/wp-content\/uploads\/2023\/11\/Supermercati-Visotto_logo_2-160x100.png\"><\/div><p class=\"visit\">Visita il negozio<\/p><\/div><div class=\"buy_shop_card default-column-text h28p16 ms_where_to_buy_online_store\"><a class=\"ms_where_to_buy_link\" target=\"_blank\" href=\"https:\/\/rossettogroup.it\/punti-vendita\/\"><\/a><div class=\"ms_where_to_buy_online_store_inner buy_shop_card_inner\"><img decoding=\"async\" src=\"https:\/\/www.donat.com\/wp-content\/uploads\/2024\/02\/rossetto_2-160x100.png\"><\/div><p class=\"visit\">Visita il negozio<\/p><\/div><div class=\"buy_shop_card default-column-text h28p16 ms_where_to_buy_online_store\"><a class=\"ms_where_to_buy_link\" target=\"_blank\" href=\"https:\/\/www.cadoro.it\/punti-vendita\"><\/a><div class=\"ms_where_to_buy_online_store_inner buy_shop_card_inner\"><img decoding=\"async\" src=\"https:\/\/www.donat.com\/wp-content\/uploads\/2023\/11\/LogoCadoro_2-160x100.png\"><\/div><p class=\"visit\">Visita il negozio<\/p><\/div><div class=\"buy_shop_card default-column-text h28p16 ms_where_to_buy_online_store\"><a class=\"ms_where_to_buy_link\" target=\"_blank\" href=\"https:\/\/www.famila.it\/\"><\/a><div class=\"ms_where_to_buy_online_store_inner buy_shop_card_inner\"><img decoding=\"async\" src=\"https:\/\/www.donat.com\/wp-content\/uploads\/2024\/02\/familia-superstore_2-160x100.png\"><\/div><p class=\"visit\">Visita il negozio<\/p><\/div><div class=\"buy_shop_card default-column-text h28p16 ms_where_to_buy_online_store\"><a class=\"ms_where_to_buy_link\" target=\"_blank\" href=\"https:\/\/www.famila.it\/\"><\/a><div class=\"ms_where_to_buy_online_store_inner buy_shop_card_inner\"><img decoding=\"async\" src=\"https:\/\/www.donat.com\/wp-content\/uploads\/2024\/02\/iper-familia_2-160x100.png\"><\/div><p class=\"visit\">Visita il negozio<\/p><\/div><div class=\"buy_shop_card default-column-text h28p16 ms_where_to_buy_online_store\"><a class=\"ms_where_to_buy_link\" target=\"_blank\" href=\"https:\/\/www.ipergalassia.it\/\"><\/a><div class=\"ms_where_to_buy_online_store_inner buy_shop_card_inner\"><img decoding=\"async\" src=\"https:\/\/www.donat.com\/wp-content\/uploads\/2024\/02\/ipergalassia_logo_2-160x100.png\"><\/div><p class=\"visit\">Visita il negozio<\/p><\/div><div class=\"buy_shop_card default-column-text h28p16 ms_where_to_buy_online_store\"><a class=\"ms_where_to_buy_link\" target=\"_blank\" href=\"https:\/\/www.ipergalassia.it\/\"><\/a><div class=\"ms_where_to_buy_online_store_inner buy_shop_card_inner\"><img decoding=\"async\" src=\"https:\/\/www.donat.com\/wp-content\/uploads\/2024\/02\/galassia-superstore_2-160x100.png\"><\/div><p class=\"visit\">Visita il negozio<\/p><\/div><div class=\"buy_shop_card default-column-text h28p16 ms_where_to_buy_online_store\"><a class=\"ms_where_to_buy_link\" target=\"_blank\" href=\"https:\/\/www.pampanorama.it\/punti-vendita\"><\/a><div class=\"ms_where_to_buy_online_store_inner buy_shop_card_inner\"><img decoding=\"async\" src=\"https:\/\/www.donat.com\/wp-content\/uploads\/2024\/02\/pam-panorama-offline_3-160x100.png\"><\/div><p class=\"visit\">Visita il negozio<\/p><\/div><div class=\"buy_shop_card default-column-text h28p16 ms_where_to_buy_online_store\"><a class=\"ms_where_to_buy_link\" target=\"_blank\" href=\"https:\/\/www.crai-supermercati.it\/negozi-e-volantini\/\"><\/a><div class=\"ms_where_to_buy_online_store_inner buy_shop_card_inner\"><img decoding=\"async\" src=\"https:\/\/www.donat.com\/wp-content\/uploads\/2023\/11\/LogoCrai_2-160x100.png\"><\/div><p class=\"visit\">Visita il negozio<\/p><\/div><div class=\"buy_shop_card default-column-text h28p16 ms_where_to_buy_online_store\"><a class=\"ms_where_to_buy_link\" target=\"_blank\" href=\"https:\/\/www.martinellisupermercati.it\/it\/supermercati-verona-e-provincia\"><\/a><div class=\"ms_where_to_buy_online_store_inner buy_shop_card_inner\"><img decoding=\"async\" src=\"https:\/\/www.donat.com\/wp-content\/uploads\/2024\/02\/martinelli_2-160x100.png\"><\/div><p class=\"visit\">Visita il negozio<\/p><\/div><div class=\"buy_shop_card default-column-text h28p16 ms_where_to_buy_online_store\"><a class=\"ms_where_to_buy_link\" target=\"_blank\" href=\"https:\/\/www.gruppopoli.it\/\"><\/a><div class=\"ms_where_to_buy_online_store_inner buy_shop_card_inner\"><img decoding=\"async\" src=\"https:\/\/www.donat.com\/wp-content\/uploads\/2024\/02\/poli_2-160x100.png\"><\/div><p class=\"visit\">Visita il negozio<\/p><\/div><div class=\"buy_shop_card default-column-text h28p16 ms_where_to_buy_online_store\"><a class=\"ms_where_to_buy_link\" target=\"_blank\" href=\"https:\/\/www.gruppopoli.it\/\"><\/a><div class=\"ms_where_to_buy_online_store_inner buy_shop_card_inner\"><img decoding=\"async\" src=\"https:\/\/www.donat.com\/wp-content\/uploads\/2024\/02\/regina_2-160x100.png\"><\/div><p class=\"visit\">Visita il negozio<\/p><\/div><div class=\"buy_shop_card default-column-text h28p16 ms_where_to_buy_online_store\"><a class=\"ms_where_to_buy_link\" target=\"_blank\" href=\"https:\/\/www.eurospesa.it\/eurospesa\/punti-vendita\/\"><\/a><div class=\"ms_where_to_buy_online_store_inner buy_shop_card_inner\"><img decoding=\"async\" src=\"https:\/\/www.donat.com\/wp-content\/uploads\/2023\/12\/EUROSPESA_logo_22_marrone_bianco_2-160x100.png\"><\/div><p class=\"visit\">Visita il negozio<\/p><\/div><div class=\"buy_shop_card default-column-text h28p16 ms_where_to_buy_online_store\"><a class=\"ms_where_to_buy_link\" target=\"_blank\" href=\"https:\/\/www.vivo-online.it\/punti-vendita\"><\/a><div class=\"ms_where_to_buy_online_store_inner buy_shop_card_inner\"><img decoding=\"async\" src=\"https:\/\/www.donat.com\/wp-content\/uploads\/2024\/02\/vivo_2-160x100.png\"><\/div><p class=\"visit\">Visita il negozio<\/p><\/div><\/div><div class='ms_where_to_buy_online_headline default-column-text h40p20'><h2><strong>Donat \u00e8 disponibile anche on-line presso i seguenti rivenditori:<\/strong><\/h2><\/div><div class=\"ms_where_to_buy_online_stores buy_shop_cards\"><div class=\"buy_shop_card default-column-text h28p16 ms_where_to_buy_online_store\"><a class=\"ms_where_to_buy_link\" target=\"_blank\" href=\"https:\/\/aspiag.it.everli.com\/\"><\/a><div class=\"ms_where_to_buy_online_store_inner buy_shop_card_inner\"><img decoding=\"async\" src=\"https:\/\/www.donat.com\/wp-content\/uploads\/2024\/02\/spar_4-160x100.png\"><\/div><p class=\"visit\">Acquista online<\/p><\/div><div class=\"buy_shop_card default-column-text h28p16 ms_where_to_buy_online_store\"><a class=\"ms_where_to_buy_link\" target=\"_blank\" href=\"https:\/\/maxiordinaeritira.it\/\"><\/a><div class=\"ms_where_to_buy_online_store_inner buy_shop_card_inner\"><img decoding=\"async\" src=\"https:\/\/www.donat.com\/wp-content\/uploads\/2023\/12\/Maxiclaim_2022_2-160x100.png\"><\/div><p class=\"visit\">Acquista online<\/p><\/div><div class=\"buy_shop_card default-column-text h28p16 ms_where_to_buy_online_store\"><a class=\"ms_where_to_buy_link\" target=\"_blank\" href=\"https:\/\/www.latuaspesa.com\/search?parent_category_id=43372&#038;filter=Acqua,%20bevande%20e%20alcolici&#038;q=donat\"><\/a><div class=\"ms_where_to_buy_online_store_inner buy_shop_card_inner\"><img decoding=\"async\" src=\"https:\/\/www.donat.com\/wp-content\/uploads\/2024\/02\/tosano_online-205x100.png\"><\/div><p class=\"visit\">Acquista online<\/p><\/div><div class=\"buy_shop_card default-column-text h28p16 ms_where_to_buy_online_store\"><a class=\"ms_where_to_buy_link\" target=\"_blank\" href=\"https:\/\/www.alisupermercati.it\/product\/acqua-minerale-naturale-con-magnesio-donat\"><\/a><div class=\"ms_where_to_buy_online_store_inner buy_shop_card_inner\"><img decoding=\"async\" src=\"https:\/\/www.donat.com\/wp-content\/uploads\/2024\/02\/ali-logo_2-160x100.png\"><\/div><p class=\"visit\">Acquista online<\/p><\/div><div class=\"buy_shop_card default-column-text h28p16 ms_where_to_buy_online_store\"><a class=\"ms_where_to_buy_link\" target=\"_blank\" href=\"https:\/\/spesaonline.supermercativisotto.it\/search?q=donat\"><\/a><div class=\"ms_where_to_buy_online_store_inner buy_shop_card_inner\"><img decoding=\"async\" src=\"https:\/\/www.donat.com\/wp-content\/uploads\/2023\/11\/Supermercati-Visotto_logo_2-160x100.png\"><\/div><p class=\"visit\">Acquista online<\/p><\/div><div class=\"buy_shop_card default-column-text h28p16 ms_where_to_buy_online_store\"><a class=\"ms_where_to_buy_link\" target=\"_blank\" href=\"https:\/\/pamacasa.pampanorama.it\/\"><\/a><div class=\"ms_where_to_buy_online_store_inner buy_shop_card_inner\"><img decoding=\"async\" src=\"https:\/\/www.donat.com\/wp-content\/uploads\/2024\/02\/pam-panorama-online_2-160x100.png\"><\/div><p class=\"visit\">Acquista online<\/p><\/div><div class=\"buy_shop_card default-column-text h28p16 ms_where_to_buy_online_store\"><a class=\"ms_where_to_buy_link\" target=\"_blank\" href=\"https:\/\/www.dupliclick.it\/product\/acqua-naturale-ricca-di-sali-minerali-donat-mg-rogaska\"><\/a><div class=\"ms_where_to_buy_online_store_inner buy_shop_card_inner\"><img decoding=\"async\" src=\"https:\/\/www.donat.com\/wp-content\/uploads\/2024\/02\/Seven_online_duplicarclick_2-160x100.png\"><\/div><p class=\"visit\">Acquista online<\/p><\/div><div class=\"buy_shop_card default-column-text h28p16 ms_where_to_buy_online_store\"><a class=\"ms_where_to_buy_link\" target=\"_blank\" href=\"https:\/\/eurospesa.dadoonline.com\/app\/\"><\/a><div class=\"ms_where_to_buy_online_store_inner buy_shop_card_inner\"><img decoding=\"async\" src=\"https:\/\/www.donat.com\/wp-content\/uploads\/2023\/12\/EUROSPESA_logo_22_marrone_bianco_2-160x100.png\"><\/div><p class=\"visit\">Acquista online<\/p><\/div><\/div><\/div><\/div><\/div>\n\n        <\/div>\n    <\/div>\n<\/div>","protected":false},"excerpt":{"rendered":"","protected":false},"author":7,"featured_media":0,"parent":0,"menu_order":0,"comment_status":"closed","ping_status":"closed","template":"","meta":{"_acf_changed":false,"footnotes":""},"class_list":["post-193673","page","type-page","status-publish","hentry"],"acf":[],"_links":{"self":[{"href":"https:\/\/www.donat.com\/it\/wp-json\/wp\/v2\/pages\/193673","targetHints":{"allow":["GET"]}}],"collection":[{"href":"https:\/\/www.donat.com\/it\/wp-json\/wp\/v2\/pages"}],"about":[{"href":"https:\/\/www.donat.com\/it\/wp-json\/wp\/v2\/types\/page"}],"author":[{"embeddable":true,"href":"https:\/\/www.donat.com\/it\/wp-json\/wp\/v2\/users\/7"}],"replies":[{"embeddable":true,"href":"https:\/\/www.donat.com\/it\/wp-json\/wp\/v2\/comments?post=193673"}],"version-history":[{"count":47,"href":"https:\/\/www.donat.com\/it\/wp-json\/wp\/v2\/pages\/193673\/revisions"}],"predecessor-version":[{"id":214665,"href":"https:\/\/www.donat.com\/it\/wp-json\/wp\/v2\/pages\/193673\/revisions\/214665"}],"wp:attachment":[{"href":"https:\/\/www.donat.com\/it\/wp-json\/wp\/v2\/media?parent=193673"}],"curies":[{"name":"wp","href":"https:\/\/api.w.org\/{rel}","templated":true}]}}