{"id":196514,"date":"2023-11-29T15:44:35","date_gmt":"2023-11-29T13:44:35","guid":{"rendered":"https:\/\/www.donat.com\/disclamer\/"},"modified":"2023-12-02T13:28:12","modified_gmt":"2023-12-02T11:28:12","slug":"disclaimer","status":"publish","type":"page","link":"https:\/\/www.donat.com\/it\/disclaimer\/","title":{"rendered":"DISCLAIMER"},"content":{"rendered":"\n<h1 class=\"wp-block-heading\">Disclaimer<\/h1>\n\n\n\n<p>Utilizzando questo strumento pubblicato sul sito web www.donat.com, acconsenti e confermi di essere a conoscenza della Politica sulla privacy pubblicata su <a href=\"https:\/\/www.donat.com\/it\/normativa-sulla-privacy\/\">https:\/\/www.donat.com\/it\/normativa-sulla-privacy\/<\/a> e di questo Disclaimer, e acconsenti esplicitamente a entrambi, accettando di utilizzare lo strumento esclusivamente a tuo rischio e in conformit\u00e0 con i termini indicati in questa dichiarazione.<\/p>\n\n\n\n<p>Questo strumento si basa sull&#8217;intelligenza artificiale, e l&#8217;azienda Atlantic Droga Kolinska d.o.o., Kolinska ulica 1, 1000 Lubiana (di seguito denominata l&#8217;azienda), insieme agli sviluppatori dello strumento, si impegna a fornire uno strumento di alta qualit\u00e0 e affidabile, ma in nessun caso pu\u00f2 garantire o assicurare:<\/p>\n\n\n\n<ol class=\"wp-block-list\">\n<li>l&#8217;accuratezza e la completezza delle informazioni fornite dallo strumento,<\/li>\n\n\n\n<li>che lo strumento comprenda la tua richiesta e ti fornisca risposte\/informazioni corrette,<\/li>\n\n\n\n<li>il funzionamento impeccabile dello strumento, per eventuali errori o carenze che potrebbero verificarsi durante l&#8217;uso.<\/li>\n\n\n\n<li>che lo strumento funzioner\u00e0 sempre in modo impeccabile e fornir\u00e0 informazioni accurate, spiegando che lo strumento \u00e8 ancora nella versione beta,<\/li>\n\n\n\n<li>che l&#8217;uso dello strumento sostituisca qualsiasi esperto. L&#8217;azienda non \u00e8 responsabile per eventuali danni o perdite che potrebbero derivare dall&#8217;uso dello strumento o dal fraintendimento e dall&#8217;uso delle informazioni ottenute tramite l&#8217;uso dello strumento.<\/li>\n<\/ol>\n\n\n\n<p>Le informazioni fornite dallo strumento non rappresentano le posizioni\/opinioni\/viste dell&#8217;azienda.<\/p>\n\n\n\n<p>Utilizzando questo strumento, gli utenti assumono espressamente tutti i rischi e le responsabilit\u00e0 associati all&#8217;uso dello strumento, accettando e prendendo consapevolezza che:<\/p>\n\n\n\n<ol class=\"wp-block-list\">\n<li>tutte le informazioni ricevute dallo strumento sono puramente informative, generate dall&#8217;intelligenza artificiale e destinate esclusivamente a scopi informativi generali.<\/li>\n\n\n\n<li>non dovresti fare affidamento esclusivamente sulle informazioni fornite dallo strumento e sei unicamente e interamente responsabile della verifica della credibilit\u00e0 dei dati ricevuti tramite l&#8217;uso dello strumento.<\/li>\n\n\n\n<li>le informazioni fornite dallo strumento non costituiscono o sostituiscono il consiglio di un nutrizionista o di un altro professionista. In caso di domande professionali, ti rivolgerai a un professionista appropriato e responsabile per l&#8217;area specifica correlata alla domanda professionale.<\/li>\n\n\n\n<li>l&#8217;uso di questo strumento \u00e8 gratuito.<\/li>\n\n\n\n<li>L&#8217;azienda non \u00e8 responsabile per eventuali danni o perdite che potrebbero derivare dall&#8217;uso dello strumento o dal fraintendimento e dall&#8217;uso delle informazioni ottenute tramite l&#8217;uso di questo strumento. Come utente, assumi tutti i rischi e le responsabilit\u00e0 associati all&#8217;uso dello strumento, e non chiederai alcun risarcimento per eventuali danni o perdite subiti a causa dell&#8217;uso di questo strumento a causa di non conformit\u00e0 o violazione di questa dichiarazione.<\/li>\n\n\n\n<li>questo strumento non richiede di fornire dati personali, n\u00e9 raccoglie automaticamente dati personali, tranne i dati in conformit\u00e0 con la Politica sulla privacy. Se scegli di fornire dati personali all&#8217;interno dello strumento, lo fai a tuo rischio, e lo strumento e l&#8217;azienda non sono responsabili della gestione o della sicurezza dei dati. L&#8217;azienda sconsiglia di inserire dati personali nello strumento.<\/li>\n\n\n\n<li>tutte le informazioni inserite nello strumento dall&#8217;utente possono essere utilizzate dall&#8217;azienda per scopi interni per ottimizzare il funzionamento dello strumento.<\/li>\n\n\n\n<li>Nel caso in cui una persona di et\u00e0 inferiore ai 15 anni utilizzi lo strumento, \u00e8 garantito che lo strumento sia utilizzato in presenza di genitori o rappresentanti legali che possono garantirlo.<\/li>\n\n\n\n<li>non utilizzerai questo strumento per scopi proibiti e dannosi, come, ad esempio, ma non solo: utilizzare informazioni in modo che violi o appropri la propriet\u00e0 di terzi o dell&#8217;azienda, modificare, copiare o trasmettere informazioni ottenute a terze parti per varie abusi, interferenze con il software dello strumento o del sito web dell&#8217;azienda, ecc.<\/li>\n\n\n\n<li>rispetter\u00f2 i diritti di propriet\u00e0 intellettuale dell&#8217;azienda e non interferir\u00f2 con essi in alcun modo; in caso contrario, sono responsabile nei confronti dell&#8217;azienda per danni.<\/li>\n<\/ol>\n\n\n\n<p>Per ulteriori informazioni, contatta l&#8217;azienda all&#8217;indirizzo email: <a href=\"mailto:info@donat.com\">info@donat.com<\/a><\/p>\n","protected":false},"excerpt":{"rendered":"<p>Disclaimer Utilizzando questo strumento pubblicato sul sito web www.donat.com, acconsenti e confermi di essere a conoscenza della Politica sulla privacy pubblicata su https:\/\/www.donat.com\/it\/normativa-sulla-privacy\/ e di questo Disclaimer, e acconsenti esplicitamente a entrambi, accettando di utilizzare lo strumento esclusivamente a tuo rischio e in conformit\u00e0 con i termini indicati in questa dichiarazione. Questo strumento si basa <a href=\"https:\/\/www.donat.com\/it\/disclaimer\/\" class=\"more-link\">&#8230;<\/a><\/p>\n","protected":false},"author":38548,"featured_media":0,"parent":0,"menu_order":0,"comment_status":"closed","ping_status":"open","template":"","meta":{"_acf_changed":false,"footnotes":""},"class_list":["post-196514","page","type-page","status-publish","hentry"],"acf":[],"_links":{"self":[{"href":"https:\/\/www.donat.com\/it\/wp-json\/wp\/v2\/pages\/196514","targetHints":{"allow":["GET"]}}],"collection":[{"href":"https:\/\/www.donat.com\/it\/wp-json\/wp\/v2\/pages"}],"about":[{"href":"https:\/\/www.donat.com\/it\/wp-json\/wp\/v2\/types\/page"}],"author":[{"embeddable":true,"href":"https:\/\/www.donat.com\/it\/wp-json\/wp\/v2\/users\/38548"}],"replies":[{"embeddable":true,"href":"https:\/\/www.donat.com\/it\/wp-json\/wp\/v2\/comments?post=196514"}],"version-history":[{"count":1,"href":"https:\/\/www.donat.com\/it\/wp-json\/wp\/v2\/pages\/196514\/revisions"}],"predecessor-version":[{"id":196516,"href":"https:\/\/www.donat.com\/it\/wp-json\/wp\/v2\/pages\/196514\/revisions\/196516"}],"wp:attachment":[{"href":"https:\/\/www.donat.com\/it\/wp-json\/wp\/v2\/media?parent=196514"}],"curies":[{"name":"wp","href":"https:\/\/api.w.org\/{rel}","templated":true}]}}