{"id":439,"date":"2021-02-23T06:13:02","date_gmt":"2021-02-23T06:13:02","guid":{"rendered":"https:\/\/www.donat.com\/?page_id=439"},"modified":"2021-02-23T06:13:03","modified_gmt":"2021-02-23T06:13:03","slug":"normativa-sulla-privacy","status":"publish","type":"page","link":"https:\/\/www.donat.com\/it\/normativa-sulla-privacy\/","title":{"rendered":"Normativa sulla privacy"},"content":{"rendered":"\n<h1 class=\"wp-block-heading\"><strong>Normativa sulla privacy<\/strong><\/h1>\n\n\n\n<p>Tutti i dati personali sono tutelati ai sensi della legge vigente sulla protezione dei dati personali e del regolamento generale europeo sulla protezione dei dati.<\/p>\n\n\n\n<p>Donat Mg pu\u00f2 trasferire i dati personali degli utenti ai suoi partner contrattuali dentro e fuori l\u2019UE che trattano e usano tali dati esclusivamente per gli scopi ai quali gli utenti hanno espressamente acconsentito, nel caso specifico per la comunicazione elettronica.<\/p>\n\n\n\n<p>Se l\u2019utente ha espressamente acconsentito all\u2019uso dei suoi dati personali ai fini della comunicazione elettronica di cui sopra, questi dati saranno usati esclusivamente per questo scopo fino alla revoca del consenso da parte dell\u2019utente.<\/p>\n\n\n\n<p>L\u2019utente pu\u00f2 richiedere in qualsiasi momento di interrompere l\u2019uso, rettificare o cancellare i dati personali forniti al momento dell\u2019iscrizione e Donat Mg dovr\u00e0 soddisfare in tutto la sua richiesta. Revoche, rettifiche o cancellazioni si possono effettuare all\u2019interno della newsletter, cliccando il link \u201cannulla\u201d. La revoca si pu\u00f2 inviare anche alla sede della societ\u00e0 Droga Kolinska, \u017divilska industrija d.d., Kolinska ulica 1, 1000 Ljubljana, o all\u2019indirizzo e-mail:\u00a0info@donat.com.\u00a0L\u2019utente pu\u00f2 in qualsiasi momento opporsi al trattamento dei dati personali.<\/p>\n\n\n\n<p>Su richiesta dell\u2019utente Donat Mg gli fornir\u00e0 informazioni sui suoi dati personali conservati nei propri registri nonch\u00e9 altre informazioni rilevanti e accessibili in merito al trattamento dei suoi dati.<\/p>\n\n\n\n<p>Tali dati personali saranno protetti dalla perdita nonch\u00e9 dall\u2019accesso e dall\u2019uso da parte di persone non autorizzate con l\u2019attuazione di adeguate misure tecniche e organizzative e misure relative alle risorse umane.<\/p>\n\n\n\n<p>Donat Mg non si assume alcuna responsabilit\u00e0 in merito all\u2019esattezza e all\u2019aggiornamento dei dati personali resi disponibili dall\u2019utente. L\u2019esattezza e le rettifiche di tali dati sono di esclusiva responsabilit\u00e0 dell\u2019utente.<\/p>\n","protected":false},"excerpt":{"rendered":"<p>Normativa sulla privacy Tutti i dati personali sono tutelati ai sensi della legge vigente sulla protezione dei dati personali e del regolamento generale europeo sulla protezione dei dati. Donat Mg pu\u00f2 trasferire i dati personali degli utenti ai suoi partner contrattuali dentro e fuori l\u2019UE che trattano e usano tali dati esclusivamente per gli scopi <a href=\"https:\/\/www.donat.com\/it\/normativa-sulla-privacy\/\" class=\"more-link\">&#8230;<\/a><\/p>\n","protected":false},"author":5,"featured_media":0,"parent":0,"menu_order":0,"comment_status":"closed","ping_status":"open","template":"","meta":{"_acf_changed":false,"footnotes":""},"class_list":["post-439","page","type-page","status-publish","hentry"],"acf":[],"_links":{"self":[{"href":"https:\/\/www.donat.com\/it\/wp-json\/wp\/v2\/pages\/439","targetHints":{"allow":["GET"]}}],"collection":[{"href":"https:\/\/www.donat.com\/it\/wp-json\/wp\/v2\/pages"}],"about":[{"href":"https:\/\/www.donat.com\/it\/wp-json\/wp\/v2\/types\/page"}],"author":[{"embeddable":true,"href":"https:\/\/www.donat.com\/it\/wp-json\/wp\/v2\/users\/5"}],"replies":[{"embeddable":true,"href":"https:\/\/www.donat.com\/it\/wp-json\/wp\/v2\/comments?post=439"}],"version-history":[{"count":1,"href":"https:\/\/www.donat.com\/it\/wp-json\/wp\/v2\/pages\/439\/revisions"}],"predecessor-version":[{"id":440,"href":"https:\/\/www.donat.com\/it\/wp-json\/wp\/v2\/pages\/439\/revisions\/440"}],"wp:attachment":[{"href":"https:\/\/www.donat.com\/it\/wp-json\/wp\/v2\/media?parent=439"}],"curies":[{"name":"wp","href":"https:\/\/api.w.org\/{rel}","templated":true}]}}