{"id":4617,"date":"2021-02-12T12:36:35","date_gmt":"2021-02-12T12:36:35","guid":{"rendered":"https:\/\/www.donat.com\/tradition\/"},"modified":"2022-04-20T10:45:35","modified_gmt":"2022-04-20T08:45:35","slug":"tradizione","status":"publish","type":"page","link":"https:\/\/www.donat.com\/it\/tradizione\/","title":{"rendered":"Tradizione"},"content":{"rendered":"<div id=\"\" class=\"ow_container_section  container-989 ms-timeline-hero column-window-height move-headline-section\">\n    <div class=\"container\">\n        <div class=\"content\">\n            \n\n<div class=\"wp-block-columns column-image-absolute\">\n<div class=\"wp-block-column is-vertically-aligned-center default-column-text h64p22 column-text\">\n<h1 class=\"wp-block-heading\"><strong>La leggenda <\/strong><br>delle sorgenti di Roga\u0161ka<\/h1>\n\n\n\n<p>La storia della formazione dell\u2019acqua minerale naturale Donat Mg \u00e8 legata a divinit\u00e0 mitologiche, che ne conoscevano gli effetti curativi.<\/p>\n\n\n\n<div class=\"wp-block-buttons\">\n<div class=\"wp-block-button parent-btn--green--16\"><a class=\"wp-block-button__link\" href=\"#timeline\">VIVETE LA STORIA<\/a><\/div>\n<\/div>\n<\/div>\n\n\n\n<div class=\"wp-block-column is-vertically-aligned-center default-column-text h64p22 column-image\">\n<div class=\"wp-block-image image-position-absolute\"><figure class=\"alignleft size-large\"><img loading=\"lazy\" decoding=\"async\" width=\"1024\" height=\"867\" src=\"https:\/\/www.donat.com\/wp-content\/uploads\/2021\/03\/pegasus-v2-min-1024x867.png\" alt=\"\" class=\"wp-image-6021\" srcset=\"https:\/\/www.donat.com\/wp-content\/uploads\/2021\/03\/pegasus-v2-min-1024x867.png 1024w, https:\/\/www.donat.com\/wp-content\/uploads\/2021\/03\/pegasus-v2-min-300x254.png 300w, https:\/\/www.donat.com\/wp-content\/uploads\/2021\/03\/pegasus-v2-min-118x100.png 118w, https:\/\/www.donat.com\/wp-content\/uploads\/2021\/03\/pegasus-v2-min-750x635.png 750w, https:\/\/www.donat.com\/wp-content\/uploads\/2021\/03\/pegasus-v2-min-900x762.png 900w, https:\/\/www.donat.com\/wp-content\/uploads\/2021\/03\/pegasus-v2-min.png 1289w\" sizes=\"auto, (max-width: 1024px) 100vw, 1024px\" \/><\/figure><\/div>\n\n\n\n<h1 class=\"mobile-headline wp-block-heading\"><strong>La leggenda <\/strong><br>delle sorgenti di Roga\u0161ka<\/h1>\n<\/div>\n<\/div>\n\n\n        <\/div>\n    <\/div>\n<\/div>\n\n<div id=\"\" class=\"ow_container_section \">\n    <div class=\"container\">\n        <div class=\"content\">\n            \n<div id='timeline' class='ms_timeline'><div class='ms_timeline_wrapp'><div class='ms_timeline_single  pos-1 img_left first'>\n            <div class=\"ms_line_animate img_left first \">   \n               <svg xmlns=\"http:\/\/www.w3.org\/2000\/svg\" width=\"109\" height=\"310\" viewBox=\"0 0 109 310\" preserveAspectRatio=\"xMidYMid meet\">\n                  <path class=\"path\" d=\" M 0 0 L 0 102 C 0 155 55 155 55 155 C 55 155 108 155 108 222 L 108 310   \" fill=\"none\" stroke=\"#c9d5d0\" ><\/path>\n                  <circle cx=\"108\" cy=\"260\" r=\"16\" fill=\"#114532\" stroke=\"#ffffff\" style=\"stroke-width: 2;\">1<\/circle>\n                   <text x=\"108\" y=\"264\"  text-anchor=\"middle\"          stroke=\"white\"          stroke-width=\"1px\"          > 1    <\/text>\n               <\/svg>                 \n            <\/div><div class='ms_timeline_single_toggle'><h2>Conoscete la leggenda? Scoprite i fatti.<\/h2><\/div><div class='ms_timeline_single_toggle_text'><div class='ms_timeline_single_column_wrapp'><div class='ms_timeline_single_measure'><div class='ms_timeline_single_column image_column'><img loading=\"lazy\" decoding=\"async\" width=\"671\" height=\"666\" src=\"https:\/\/www.donat.com\/wp-content\/uploads\/2021\/02\/tradition_1.jpg\" class=\"attachment-full size-full\" alt=\"\" srcset=\"https:\/\/www.donat.com\/wp-content\/uploads\/2021\/02\/tradition_1.jpg 671w, https:\/\/www.donat.com\/wp-content\/uploads\/2021\/02\/tradition_1-300x298.jpg 300w, https:\/\/www.donat.com\/wp-content\/uploads\/2021\/02\/tradition_1-150x150.jpg 150w\" sizes=\"auto, (max-width: 671px) 100vw, 671px\" \/><\/div><div class='ms_timeline_single_column text_column'><div class='text-wrapp default-column-text '><h2>Conoscete la leggenda? Scoprite i fatti.<\/h2><p>Un\u2019antica leggenda, in cui regnano dei ed eroi mitologici, narra che il cavallo alato Pegaso, volando sopra il paesaggio sloveno, colp\u00ec con lo zoccolo un monte dal quale inizi\u00f2 a sgorgare una sorgente di acqua minerale miracolosa. Per quanto possa sembrare insolito, gli esperti collegano il nome di Pegaso (in greco \u03a0\u03ae\u03b3\u03b1\u03c3\u03bf\u03c2) alla parola \u03c0\u03b7\u03b3\u03ae, che significa \u201csorgente\u201d o \u201cfonte\u201d, spiegando cos\u00ec l\u2019origine del racconto.<\/p>\n<\/div><\/div><\/div><\/div><\/div><\/div><div class='ms_timeline_single  pos-2 img_right'>\n            <div class=\"ms_line_animate img_right \">   \n               <svg xmlns=\"http:\/\/www.w3.org\/2000\/svg\" width=\"850\" height=\"400\" viewBox=\"0 0 850 400\" preserveAspectRatio=\"xMidYMid meet\">\n                  <path class=\"path\" d=\"\tM 850 0 \t\tL 850 100 \t\tC 850 200 750 200 750 200 \t\tL 100 200 \t\tC 100 200 0 200 0 300       L 0 400 \" fill=\"none\" stroke=\"#c9d5d0\" ><\/path>\n                  <circle cx=\"0\" cy=\"320\" r=\"16\" fill=\"#114532\" stroke=\"#ffffff\" style=\"stroke-width: 2;\">2<\/circle>\n                   <text x=\"0\" y=\"324\"  text-anchor=\"middle\"          stroke=\"white\"          stroke-width=\"1px\"          > 2    <\/text>\n               <\/svg>                 \n            <\/div><div class='ms_timeline_single_toggle'><h2>Immergetevi nella storia.<\/h2><\/div><div class='ms_timeline_single_toggle_text'><div class='ms_timeline_single_column_wrapp'><div class='ms_timeline_single_measure'><div class='ms_timeline_single_column image_column'><img loading=\"lazy\" decoding=\"async\" width=\"590\" height=\"689\" src=\"https:\/\/www.donat.com\/wp-content\/uploads\/2021\/02\/tradition_2.png\" class=\"attachment-full size-full\" alt=\"\" srcset=\"https:\/\/www.donat.com\/wp-content\/uploads\/2021\/02\/tradition_2.png 590w, https:\/\/www.donat.com\/wp-content\/uploads\/2021\/02\/tradition_2-257x300.png 257w\" sizes=\"auto, (max-width: 590px) 100vw, 590px\" \/><\/div><div class='ms_timeline_single_column text_column'><div class='text-wrapp default-column-text '><h2>Immergetevi nella storia.<\/h2><p>La leggenda pian piano divent\u00f2 storia. Monete e altri ritrovamenti archeologici dimostrano, infatti, che l\u2019efficacia dell\u2019acqua minerale naturale fu conosciuta gi\u00e0 ai tempi dei Celti e degli antichi Romani. Bench\u00e9 la gente si avvantaggiasse degli effetti benefici di quest\u2019acqua rinvigorente anche nei secoli successivi, fu solo nel 1572 che l\u2019alchimista svizzero Leonhard Thurneysser inizi\u00f2 a studiarla, spianando cos\u00ec la strada alla documentazione scientifica delle propriet\u00e0 di quella che denomin\u00f2 l\u2019acqua minerale di Roga\u0161ka. Dopo quasi un secolo di silenzio, il dott. Paul Sorbait, medico di corte e professore alla facolt\u00e0 di medicina di Vienna, descrisse l\u2019acqua nel suo libro Praxis Medicae, diffondendo cos\u00ec la fama dell\u2019acqua minerale di Roga\u0161ka Slatina anche oltre i confini dell\u2019Impero asburgico.<\/p>\n<p align=\"justify\">\n<\/div><\/div><\/div><\/div><\/div><\/div><div class='ms_timeline_single  pos-3 img_left'>\n            <div class=\"ms_line_animate img_left \">   \n               <svg xmlns=\"http:\/\/www.w3.org\/2000\/svg\" width=\"850\" height=\"400\" viewBox=\"0 0 850 400\" preserveAspectRatio=\"xMidYMid meet\">\n                  <path class=\"path\" d=\"\tM 0 0           L 0 100         C 0 200 100 200 100 200         L 750 200       C 750 200 850 200 850 300        L 850 400  \" fill=\"none\" stroke=\"#c9d5d0\" ><\/path>\n                  <circle cx=\"850\" cy=\"320\" r=\"16\" fill=\"#114532\" stroke=\"#ffffff\" style=\"stroke-width: 2;\">3<\/circle>\n                   <text x=\"850\" y=\"324\"  text-anchor=\"middle\"          stroke=\"white\"          stroke-width=\"1px\"          > 3    <\/text>\n               <\/svg>                 \n            <\/div><div class='ms_timeline_single_toggle'><h2>Le sorgenti della salute.<\/h2><\/div><div class='ms_timeline_single_toggle_text'><div class='ms_timeline_single_column_wrapp'><div class='ms_timeline_single_measure'><div class='ms_timeline_single_column image_column'><img loading=\"lazy\" decoding=\"async\" width=\"580\" height=\"492\" src=\"https:\/\/www.donat.com\/wp-content\/uploads\/2021\/02\/tradition_3.jpg\" class=\"attachment-full size-full\" alt=\"\" srcset=\"https:\/\/www.donat.com\/wp-content\/uploads\/2021\/02\/tradition_3.jpg 580w, https:\/\/www.donat.com\/wp-content\/uploads\/2021\/02\/tradition_3-300x254.jpg 300w\" sizes=\"auto, (max-width: 580px) 100vw, 580px\" \/><\/div><div class='ms_timeline_single_column text_column'><div class='text-wrapp default-column-text '><h2>Le sorgenti della salute.<\/h2><p>Ma fu uno sloveno ovvero J. B. Gr\u00fcndel, medico di Maribor, che nel XVIII secolo descrisse nei dettagli le propriet\u00e0 chimiche dell\u2019acqua e i suoi effetti benefici per la salute. Le sue osservazioni furono una scoperta talmente grande che all\u2019epoca l\u2019acqua divent\u00f2 la terza acqua minerale pi\u00f9 venduta al mondo. Nel 1904, in seguito all\u2019aumento della richiesta, fu costruito un nuovo, ma pur sempre piuttosto rudimentale, impianto di imbottigliamento \u2013 l\u2019acqua veniva versata nelle bottiglie direttamente dalla sorgente, etichettata e distribuita in casse su carri trainati da cavalli.<\/p>\n<\/div><\/div><\/div><\/div><\/div><\/div><div class='ms_timeline_single  pos-4 img_right'>\n            <div class=\"ms_line_animate img_right \">   \n               <svg xmlns=\"http:\/\/www.w3.org\/2000\/svg\" width=\"850\" height=\"400\" viewBox=\"0 0 850 400\" preserveAspectRatio=\"xMidYMid meet\">\n                  <path class=\"path\" d=\"\tM 850 0 \t\tL 850 100 \t\tC 850 200 750 200 750 200 \t\tL 100 200 \t\tC 100 200 0 200 0 300       L 0 400 \" fill=\"none\" stroke=\"#c9d5d0\" ><\/path>\n                  <circle cx=\"0\" cy=\"320\" r=\"16\" fill=\"#114532\" stroke=\"#ffffff\" style=\"stroke-width: 2;\">4<\/circle>\n                   <text x=\"0\" y=\"324\"  text-anchor=\"middle\"          stroke=\"white\"          stroke-width=\"1px\"          > 4    <\/text>\n               <\/svg>                 \n            <\/div><div class='ms_timeline_single_toggle'><h2>La scoperta del magnesio.<\/h2><\/div><div class='ms_timeline_single_toggle_text'><div class='ms_timeline_single_column_wrapp'><div class='ms_timeline_single_measure'><div class='ms_timeline_single_column image_column'><img loading=\"lazy\" decoding=\"async\" width=\"590\" height=\"701\" src=\"https:\/\/www.donat.com\/wp-content\/uploads\/2021\/02\/tradition_4.png\" class=\"attachment-full size-full\" alt=\"\" srcset=\"https:\/\/www.donat.com\/wp-content\/uploads\/2021\/02\/tradition_4.png 590w, https:\/\/www.donat.com\/wp-content\/uploads\/2021\/02\/tradition_4-252x300.png 252w\" sizes=\"auto, (max-width: 590px) 100vw, 590px\" \/><\/div><div class='ms_timeline_single_column text_column'><div class='text-wrapp default-column-text '><h2>La scoperta del magnesio.<\/h2><p>Nel 1907 venne deciso di cercare nuove sorgenti. Sotto la direzione del dott. J. Knett, in una delle trivellazioni fu scoperto un fatto straordinario \u2013 che l\u2019acqua conteneva concentrazioni estremamente alte di magnesio. Grazie a questa scoperta e alla vicinanza del monte Dona\u010dka gora, l\u2019acqua venne chiamata Donat Mg.<\/p>\n<\/div><\/div><\/div><\/div><\/div><\/div><div class='ms_timeline_single  pos-5 img_left'>\n            <div class=\"ms_line_animate img_left \">   \n               <svg xmlns=\"http:\/\/www.w3.org\/2000\/svg\" width=\"850\" height=\"400\" viewBox=\"0 0 850 400\" preserveAspectRatio=\"xMidYMid meet\">\n                  <path class=\"path\" d=\"\tM 0 0           L 0 100         C 0 200 100 200 100 200         L 750 200       C 750 200 850 200 850 300        L 850 400  \" fill=\"none\" stroke=\"#c9d5d0\" ><\/path>\n                  <circle cx=\"850\" cy=\"320\" r=\"16\" fill=\"#114532\" stroke=\"#ffffff\" style=\"stroke-width: 2;\">5<\/circle>\n                   <text x=\"850\" y=\"324\"  text-anchor=\"middle\"          stroke=\"white\"          stroke-width=\"1px\"          > 5    <\/text>\n               <\/svg>                 \n            <\/div><div class='ms_timeline_single_toggle'><h2>Un secolo di una sorgente unica.<\/h2><\/div><div class='ms_timeline_single_toggle_text'><div class='ms_timeline_single_column_wrapp'><div class='ms_timeline_single_measure'><div class='ms_timeline_single_column image_column'><img loading=\"lazy\" decoding=\"async\" width=\"589\" height=\"689\" src=\"https:\/\/www.donat.com\/wp-content\/uploads\/2021\/02\/tradition_5.png\" class=\"attachment-full size-full\" alt=\"\" srcset=\"https:\/\/www.donat.com\/wp-content\/uploads\/2021\/02\/tradition_5.png 589w, https:\/\/www.donat.com\/wp-content\/uploads\/2021\/02\/tradition_5-256x300.png 256w\" sizes=\"auto, (max-width: 589px) 100vw, 589px\" \/><\/div><div class='ms_timeline_single_column text_column'><div class='text-wrapp default-column-text '><h2>Un secolo di una sorgente unica.<\/h2><p>Poco dopo la devastazione della Seconda guerra mondiale, il famoso idrogeologo e accademico Josip Ba\u0107 introdusse il concetto della trivellazione in profondit\u00e0, che si rivel\u00f2 presto efficace e consent\u00ec di estrarre l\u2019acqua da 280 a 606 metri di profondit\u00e0. Nei successivi dieci anni furono trivellati circa 41 pozzi, in grado di apportare quantit\u00e0 di acqua pi\u00f9 di cinque volte maggiori rispetto a prima.<\/p>\n<\/div><\/div><\/div><\/div><\/div><\/div><div class='ms_timeline_single  pos-6 img_right'>\n            <div class=\"ms_line_animate img_right \">   \n               <svg xmlns=\"http:\/\/www.w3.org\/2000\/svg\" width=\"850\" height=\"400\" viewBox=\"0 0 850 400\" preserveAspectRatio=\"xMidYMid meet\">\n                  <path class=\"path\" d=\"\tM 850 0 \t\tL 850 100 \t\tC 850 200 750 200 750 200 \t\tL 100 200 \t\tC 100 200 0 200 0 300       L 0 400 \" fill=\"none\" stroke=\"#c9d5d0\" ><\/path>\n                  <circle cx=\"0\" cy=\"320\" r=\"16\" fill=\"#114532\" stroke=\"#ffffff\" style=\"stroke-width: 2;\">6<\/circle>\n                   <text x=\"0\" y=\"324\"  text-anchor=\"middle\"          stroke=\"white\"          stroke-width=\"1px\"          > 6    <\/text>\n               <\/svg>                 \n            <\/div><div class='ms_timeline_single_toggle'><h2>Brindate al mito.<\/h2><\/div><div class='ms_timeline_single_toggle_text'><div class='ms_timeline_single_column_wrapp'><div class='ms_timeline_single_measure'><div class='ms_timeline_single_column image_column'><img loading=\"lazy\" decoding=\"async\" width=\"590\" height=\"689\" src=\"https:\/\/www.donat.com\/wp-content\/uploads\/2021\/02\/tradition_6.png\" class=\"attachment-full size-full\" alt=\"\" srcset=\"https:\/\/www.donat.com\/wp-content\/uploads\/2021\/02\/tradition_6.png 590w, https:\/\/www.donat.com\/wp-content\/uploads\/2021\/02\/tradition_6-257x300.png 257w\" sizes=\"auto, (max-width: 590px) 100vw, 590px\" \/><\/div><div class='ms_timeline_single_column text_column'><div class='text-wrapp default-column-text '><h2>Brindate al mito.<\/h2><p>Se mai avreste bisogno di entrate nelle benevolenze di uno degli dei, Apollo sarebbe sicuramente il primo nella lista. Anche se fu Pegaso a scoprire l\u2019acqua minerale di Roga\u0161ka, fu il dio della salute e della bellezza quello che rimase talmente estasiato dalle sue acque rinvigorenti da essere pronto a rinunciare all\u2019acqua del sacro monte Elicona. In onore a ci\u00f2, Apollo \u00e8 ancora oggi raffigurato su ogni bottiglia di acqua minerale naturale Donat Mg.<\/p>\n<\/div><\/div><\/div><\/div><\/div><\/div><div><div>\n\n        <\/div>\n    <\/div>\n<\/div>","protected":false},"excerpt":{"rendered":"","protected":false},"author":1,"featured_media":0,"parent":0,"menu_order":0,"comment_status":"closed","ping_status":"closed","template":"","meta":{"_acf_changed":false,"footnotes":""},"class_list":["post-4617","page","type-page","status-publish","hentry"],"acf":[],"_links":{"self":[{"href":"https:\/\/www.donat.com\/it\/wp-json\/wp\/v2\/pages\/4617","targetHints":{"allow":["GET"]}}],"collection":[{"href":"https:\/\/www.donat.com\/it\/wp-json\/wp\/v2\/pages"}],"about":[{"href":"https:\/\/www.donat.com\/it\/wp-json\/wp\/v2\/types\/page"}],"author":[{"embeddable":true,"href":"https:\/\/www.donat.com\/it\/wp-json\/wp\/v2\/users\/1"}],"replies":[{"embeddable":true,"href":"https:\/\/www.donat.com\/it\/wp-json\/wp\/v2\/comments?post=4617"}],"version-history":[{"count":6,"href":"https:\/\/www.donat.com\/it\/wp-json\/wp\/v2\/pages\/4617\/revisions"}],"predecessor-version":[{"id":6030,"href":"https:\/\/www.donat.com\/it\/wp-json\/wp\/v2\/pages\/4617\/revisions\/6030"}],"wp:attachment":[{"href":"https:\/\/www.donat.com\/it\/wp-json\/wp\/v2\/media?parent=4617"}],"curies":[{"name":"wp","href":"https:\/\/api.w.org\/{rel}","templated":true}]}}