{"id":111553,"date":"2022-10-12T10:46:02","date_gmt":"2022-10-12T08:46:02","guid":{"rendered":"https:\/\/www.donat.com\/?page_id=111553"},"modified":"2022-10-28T07:53:42","modified_gmt":"2022-10-28T05:53:42","slug":"nasveti","status":"publish","type":"page","link":"https:\/\/www.donat.com\/sl\/nasveti\/","title":{"rendered":"Nasveti"},"content":{"rendered":"<div id=\"\" class=\"ow_container_section  container-989  detox-page-hero column-window-height move-headline-section\">\n    <div class=\"container\">\n        <div class=\"content\">\n            \n\n<div class=\"wp-block-columns column-image-absolute\">\n<div class=\"wp-block-column is-vertically-aligned-center default-column-text h64p22 column-text\" style=\"flex-basis:60%\">\n<h1 class=\"wp-block-heading\" id=\"poskusite-vodenprogram-donat-detox\">Preprosti koraki do <strong>zdravih \u017eivljenjskih navad<\/strong><\/h1>\n\n\n\n<p>\u017dal nam je, da na\u0161ega vodenega programa zdravja niste opravili do konca. Kljub temu lahko storite nekaj zase. \u010ce boste upo\u0161tevali teh pet preprostih nasvetov, boste naredili velik korak na poti do bolj\u0161ih in kakovostnej\u0161ih \u017eivljenjskih navad.<\/p>\n\n\n\n<div class=\"wp-block-buttons\">\n<div class=\"wp-block-button parent-btn--green--16\"><a class=\"wp-block-button__link\" href=\"#nasveti\">Preverite nasvete<\/a><\/div>\n<\/div>\n<\/div>\n\n\n\n<div class=\"wp-block-column is-vertically-aligned-center column-image default-column-text\"><div class=\"wp-block-image ow_hide_on_mobile image-position-absolute\">\n<figure class=\"alignleft size-large\"><img loading=\"lazy\" decoding=\"async\" width=\"1024\" height=\"1021\" src=\"https:\/\/www.donat.com\/wp-content\/uploads\/2022\/10\/Donat_Ursa_premik_0864_gradient_top_white-2-1024x1021.png\" alt=\"\" class=\"wp-image-111791\" srcset=\"https:\/\/www.donat.com\/wp-content\/uploads\/2022\/10\/Donat_Ursa_premik_0864_gradient_top_white-2-1024x1021.png 1024w, https:\/\/www.donat.com\/wp-content\/uploads\/2022\/10\/Donat_Ursa_premik_0864_gradient_top_white-2-300x300.png 300w, https:\/\/www.donat.com\/wp-content\/uploads\/2022\/10\/Donat_Ursa_premik_0864_gradient_top_white-2-150x150.png 150w, https:\/\/www.donat.com\/wp-content\/uploads\/2022\/10\/Donat_Ursa_premik_0864_gradient_top_white-2-100x100.png 100w, https:\/\/www.donat.com\/wp-content\/uploads\/2022\/10\/Donat_Ursa_premik_0864_gradient_top_white-2-750x748.png 750w, https:\/\/www.donat.com\/wp-content\/uploads\/2022\/10\/Donat_Ursa_premik_0864_gradient_top_white-2-900x897.png 900w, https:\/\/www.donat.com\/wp-content\/uploads\/2022\/10\/Donat_Ursa_premik_0864_gradient_top_white-2.png 1032w\" sizes=\"auto, (max-width: 1024px) 100vw, 1024px\" \/><\/figure>\n<\/div>\n\n\n<figure class=\"wp-block-image size-large image-position-absolute ow_hide_on_desktop\"><img loading=\"lazy\" decoding=\"async\" width=\"882\" height=\"1024\" src=\"https:\/\/www.donat.com\/wp-content\/uploads\/2022\/10\/Donat_Ursa_premik_0864_mobile_bigger-882x1024.png\" alt=\"\" class=\"wp-image-111827\" srcset=\"https:\/\/www.donat.com\/wp-content\/uploads\/2022\/10\/Donat_Ursa_premik_0864_mobile_bigger-882x1024.png 882w, https:\/\/www.donat.com\/wp-content\/uploads\/2022\/10\/Donat_Ursa_premik_0864_mobile_bigger-258x300.png 258w, https:\/\/www.donat.com\/wp-content\/uploads\/2022\/10\/Donat_Ursa_premik_0864_mobile_bigger-86x100.png 86w, https:\/\/www.donat.com\/wp-content\/uploads\/2022\/10\/Donat_Ursa_premik_0864_mobile_bigger-750x871.png 750w, https:\/\/www.donat.com\/wp-content\/uploads\/2022\/10\/Donat_Ursa_premik_0864_mobile_bigger-900x1045.png 900w, https:\/\/www.donat.com\/wp-content\/uploads\/2022\/10\/Donat_Ursa_premik_0864_mobile_bigger.png 1024w\" sizes=\"auto, (max-width: 882px) 100vw, 882px\" \/><\/figure>\n\n\n\n<h1 class=\"mobile-headline wp-block-heading\" id=\"v-60-dneh-do-bolj-vitalnega-telesa\">Preprosti koraki do <strong>zdravih \u017eivljenjskih navad<\/strong><\/h1>\n<\/div>\n<\/div>\n\n\n        <\/div>\n    <\/div>\n<\/div>\n\n<div id=\"nasveti\" class=\"ow_container_section  container-989 detox-page-benefits column-window-height-v2\">\n    <div class=\"container\">\n        <div class=\"content\">\n            \n\n<div class=\"wp-block-columns column-image-absolute\">\n<div class=\"wp-block-column is-vertically-aligned-center column-image default-column-text\"><div class=\"wp-block-image image-position-absolute ow_hide_on_mobile\">\n<figure class=\"alignleft size-full\"><img loading=\"lazy\" decoding=\"async\" width=\"987\" height=\"1024\" src=\"https:\/\/www.donat.com\/wp-content\/uploads\/2022\/10\/Donat_UrsaPremik_4318_s_gradient.png\" alt=\"\" class=\"wp-image-111554\" srcset=\"https:\/\/www.donat.com\/wp-content\/uploads\/2022\/10\/Donat_UrsaPremik_4318_s_gradient.png 987w, https:\/\/www.donat.com\/wp-content\/uploads\/2022\/10\/Donat_UrsaPremik_4318_s_gradient-289x300.png 289w, https:\/\/www.donat.com\/wp-content\/uploads\/2022\/10\/Donat_UrsaPremik_4318_s_gradient-96x100.png 96w, https:\/\/www.donat.com\/wp-content\/uploads\/2022\/10\/Donat_UrsaPremik_4318_s_gradient-750x778.png 750w, https:\/\/www.donat.com\/wp-content\/uploads\/2022\/10\/Donat_UrsaPremik_4318_s_gradient-900x934.png 900w\" sizes=\"auto, (max-width: 987px) 100vw, 987px\" \/><\/figure>\n<\/div>\n\n<div class=\"wp-block-image image-position-absolute ow_hide_on_desktop\">\n<figure class=\"alignleft size-large\"><img loading=\"lazy\" decoding=\"async\" width=\"882\" height=\"1024\" src=\"https:\/\/www.donat.com\/wp-content\/uploads\/2022\/10\/Donat_UrsaPremik_4318_mobile_bigger-882x1024.png\" alt=\"\" class=\"wp-image-111835\" srcset=\"https:\/\/www.donat.com\/wp-content\/uploads\/2022\/10\/Donat_UrsaPremik_4318_mobile_bigger-882x1024.png 882w, https:\/\/www.donat.com\/wp-content\/uploads\/2022\/10\/Donat_UrsaPremik_4318_mobile_bigger-258x300.png 258w, https:\/\/www.donat.com\/wp-content\/uploads\/2022\/10\/Donat_UrsaPremik_4318_mobile_bigger-86x100.png 86w, https:\/\/www.donat.com\/wp-content\/uploads\/2022\/10\/Donat_UrsaPremik_4318_mobile_bigger-750x871.png 750w, https:\/\/www.donat.com\/wp-content\/uploads\/2022\/10\/Donat_UrsaPremik_4318_mobile_bigger-900x1045.png 900w, https:\/\/www.donat.com\/wp-content\/uploads\/2022\/10\/Donat_UrsaPremik_4318_mobile_bigger.png 1024w\" sizes=\"auto, (max-width: 882px) 100vw, 882px\" \/><\/figure>\n<\/div><\/div>\n\n\n\n<div class=\"wp-block-column is-vertically-aligned-center default-column-text column-text\">\n<h2 class=\"wp-block-heading\" id=\"kaj-vse-pridobims-programom-detox\">5 nasvetov za zdrave \u017eivljenjske navade<\/h2>\n\n\n\n<ul class=\"wp-block-list\"><li>Vsekakor <strong>posku\u0161ajte vzdr\u017eevati pravilen ritem obrokov<\/strong>, po mo\u017enosti vsake \u0161tiri ure. Tako boste ohranjali pravilno izmenjavanje ob\u010dutka lakote in sitosti. Organizem vam bo jasno sporo\u010dal lakoto in sitost, ki ju boste zlahka prepoznali. Jejte po\u010dasi in ne jejte spotoma, temve\u010d obroku namenite pozornost in \u010das.<\/li><li><strong>Med obroki pijte vodo ali pija\u010de<\/strong>, kot so nesladkani \u010daji in voda s stisnjenim sokom limone. Organizmu boste tako zagotovili ustrezno hidracijo \u010dez cel dan.<\/li><li>Za pripravo jedi <strong>uporabljajte hranilno bogata \u017eivila ter izbirajte sve\u017ea, kakovostna in polnovredna \u017eivila.<\/strong> Poleg tega u\u017eivajte \u010dim manj industrijsko predelane hrane. Prilagodite porcije tako, kot ste se nau\u010dili v okviru vodenih programov zdravja Donat (Imuno, Vital, Detox).<\/li><li>Vsak dan <strong>telovadite<\/strong> oziroma se \u010dim ve\u010d gibajte, naj gre za vsakodnevni sprehod in uporabo stopnic, kolesarjenje ali organizirano vadbo.<\/li><li>Vsak dan <strong>pijte naravno mineralno vodo Donat<\/strong> po navodilih, ki jih najdete na spletni strani in v aplikaciji Donat. Tako boste odpravili ali ubla\u017eili nekatere prebavne te\u017eave (\u010de jih imate), pa tudi ohranili pravilno delovanje vseh prebavil.<\/li><\/ul>\n\n\n\n<div class=\"wp-block-buttons\">\n<div class=\"wp-block-button parent-btn--green--16\"><a class=\"wp-block-button__link\" href=\"#nasveti-za-zdrav-zivljenjski-slog\">Preberite ve\u010d nasvetov za zdrav \u017eivljenjski slog<\/a><\/div>\n<\/div>\n\n\n                \n                <div class=\"wp-block-buttons\">\n                    <div class=\"wp-block-button ms_user_register_forms_popup parent-btn--green--16\">\n                        <a class=\"wp-block-button__link\" href=\"#\">ZA\u010cNITE S PROGRAMOM<\/a>\n                    <\/div>\n                <\/div>\n                <div class=\" ms_profile_btn_small_text ms_user_login_forms_popup\" itemprop=\"text\">\n                    <p style=\"text-align: left;\">Ste \u017ee ustvarili ra\u010dun? <a href=\"#\">PRIJAVITE SE<\/a><\/p>\n                <\/div>\n<\/div>\n<\/div>\n\n\n        <\/div>\n    <\/div>\n<\/div>\n\n<div id='aplikacija' class='use-our-app-section'><div class='container'><div class='use-our-app-inner'><div class='wp-block-columns are-vertically-aligned-center'><div class='wp-block-column is-vertically-aligned-center  column-image'><div class='wp-block-images'><div class='image-phone'><img loading=\"lazy\" decoding=\"async\" width=\"238\" height=\"480\" src=\"https:\/\/www.donat.com\/wp-content\/uploads\/2021\/02\/iphone_Pro_mockup-1.png\" class=\"attachment-full size-full\" alt=\"\" srcset=\"https:\/\/www.donat.com\/wp-content\/uploads\/2021\/02\/iphone_Pro_mockup-1.png 238w, https:\/\/www.donat.com\/wp-content\/uploads\/2021\/02\/iphone_Pro_mockup-1-149x300.png 149w\" sizes=\"auto, (max-width: 238px) 100vw, 238px\" \/><div class='image-glass'><img loading=\"lazy\" decoding=\"async\" width=\"239\" height=\"400\" src=\"https:\/\/www.donat.com\/wp-content\/uploads\/2021\/02\/glass-1.png\" class=\"attachment-full size-full\" alt=\"\" srcset=\"https:\/\/www.donat.com\/wp-content\/uploads\/2021\/02\/glass-1.png 239w, https:\/\/www.donat.com\/wp-content\/uploads\/2021\/02\/glass-1-179x300.png 179w\" sizes=\"auto, (max-width: 239px) 100vw, 239px\" \/><\/div><div class='floating-text f-1'><div class='icon'><img loading=\"lazy\" decoding=\"async\" width=\"30\" height=\"28\" src=\"https:\/\/www.donat.com\/wp-content\/uploads\/2021\/02\/Ico-Cart.png\" class=\"attachment-thumbnail size-thumbnail\" alt=\"\" \/><\/div><div class='text'><p>Nakupovalni asistent<\/p>\n<\/div><\/div><div class='floating-text f-2'><div class='icon'><img loading=\"lazy\" decoding=\"async\" width=\"1\" height=\"1\" src=\"https:\/\/www.donat.com\/wp-content\/uploads\/2021\/04\/Ico-down.svg\" class=\"attachment-thumbnail size-thumbnail\" alt=\"\" \/><\/div><div class='text'><p>\u017de ve\u010d kot<br \/>\n<strong>75.000<\/strong> uporabnikov<\/p>\n<\/div><\/div><div class='floating-text f-3'><div class='icon'><img loading=\"lazy\" decoding=\"async\" width=\"26\" height=\"26\" src=\"https:\/\/www.donat.com\/wp-content\/uploads\/2021\/02\/Shape.png\" class=\"attachment-thumbnail size-thumbnail\" alt=\"\" \/><\/div><div class='text'><p>Opomniki za pitje Donata<\/p>\n<\/div><\/div><\/div><\/div><\/div><div class='wp-block-column column-text is-vertically-aligned-center  text-447 default-column-text first'><div class='mobile-headline'><h2><strong>Uporabljajte <\/strong><br \/>\nna\u0161o mobilno aplikacijo<\/h2>\n<p>Izberite program pitja in aplikacijo,<br \/>\nki vas bo vodila skozi dan z opomniki<br \/>\nin koristnimi nasveti ter pripomogla<br \/>\nk usvajanju zdravih \u017eivljenjskih navad.<\/p>\n<\/div><div class='hhb__image_mobile '><img loading=\"lazy\" decoding=\"async\" width=\"365\" height=\"514\" src=\"https:\/\/www.donat.com\/wp-content\/uploads\/2021\/02\/App-Image-1.png\" class=\"attachment-full size-full\" alt=\"\" srcset=\"https:\/\/www.donat.com\/wp-content\/uploads\/2021\/02\/App-Image-1.png 365w, https:\/\/www.donat.com\/wp-content\/uploads\/2021\/02\/App-Image-1-213x300.png 213w\" sizes=\"auto, (max-width: 365px) 100vw, 365px\" \/><\/div><div class='hhb__text '><h2><strong>Uporabljajte <\/strong><br \/>\nna\u0161o mobilno aplikacijo<\/h2>\n<p>Izberite program pitja in aplikacijo,<br \/>\nki vas bo vodila skozi dan z opomniki<br \/>\nin koristnimi nasveti ter pripomogla<br \/>\nk usvajanju zdravih \u017eivljenjskih navad.<\/p>\n<\/div><div class='wp-block-images'><div class='image image-apple'><a target='_blank' href='https:\/\/apps.apple.com\/si\/app\/donat-mg-moments\/id912821903'><img loading=\"lazy\" decoding=\"async\" width=\"133\" height=\"45\" src=\"https:\/\/www.donat.com\/wp-content\/uploads\/2021\/01\/apple-badge-2.png\" class=\"attachment-full size-full\" alt=\"\" \/><\/a><\/div><div class='image image-android'><a target='_blank' href='https:\/\/play.google.com\/store\/apps\/details?id=si.renderspace.donatmgmoments&#038;hl=sl&#038;gl=SI'><img loading=\"lazy\" decoding=\"async\" width=\"150\" height=\"45\" src=\"https:\/\/www.donat.com\/wp-content\/uploads\/2021\/01\/google-play-badge.png\" class=\"attachment-full size-full\" alt=\"\" \/><\/a><\/div><\/div><\/div><\/div><\/div><\/div><\/div>\n\n<div id=\"nasveti-za-zdrav-zivljenjski-slog\" class=\"ow_container_section  container-1820\">\n    <div class=\"container\">\n        <div class=\"content\">\n            \n<div class='latest_blog_posts_horizontal'><div class='lbph__row text-holder'><div class='wp-block-columns'><div class='wp-block-column is-vertically-aligned-top  default-column-text first'><div class='hhb__text '><h2>Ideje in nasveti za <strong>zdrav \u017eivljenjski slog<\/strong><\/h2>\n<p>Strokovni nasveti in priporo\u010dila za zdrav \u017eivljenjski slog<\/p>\n<\/div><\/div><div class='wp-block-column is-vertically-aligned-top second'><div class='wp-block-buttons desktop'><div class='wp-block-button parent-btn--green--16'><a class='wp-block-button__link' target=''href ='https:\/\/www.donat.com\/sl\/zdravje\/'>Vsi nasveti<\/a><\/div><\/div><\/div><\/div><\/div><div class='lbph__row blog-posts-holder'><div class='blog_posts clearfix'><div class='blog_posts_col first one-third add-margin-right'><div class='blog_posts_item big '><div class='ms_post_card_wrapp'><a   href='https:\/\/www.donat.com\/sl\/ali-imate-lahko-zaprtje-na-potovanju\/'><div class='ms_post_card_bg '><img loading=\"lazy\" decoding=\"async\" width=\"550\" height=\"550\" src=\"https:\/\/www.donat.com\/wp-content\/uploads\/2023\/06\/zaprtje-na-dopustu-550x550-1.jpg\" class=\"attachment-blog-550-550 size-blog-550-550\" alt=\"\" srcset=\"https:\/\/www.donat.com\/wp-content\/uploads\/2023\/06\/zaprtje-na-dopustu-550x550-1.jpg 550w, https:\/\/www.donat.com\/wp-content\/uploads\/2023\/06\/zaprtje-na-dopustu-550x550-1-300x300.jpg 300w, https:\/\/www.donat.com\/wp-content\/uploads\/2023\/06\/zaprtje-na-dopustu-550x550-1-150x150.jpg 150w, https:\/\/www.donat.com\/wp-content\/uploads\/2023\/06\/zaprtje-na-dopustu-550x550-1-100x100.jpg 100w\" sizes=\"auto, (max-width: 550px) 100vw, 550px\" \/><\/div><div class='ms_post_card_text_wrapp'><div class='ms_post_card_text'><h3>Prebava<\/h3><h2>Zaprtje na dopustu<\/h2><\/div><div class='ms_post_card_more'><span>VE\u010c<\/span><\/div><\/div><\/a><\/div><\/div><\/div><div class='blog_posts_col second two-thirds'><div class='blog_posts_row first full-width add-margin-bottom clearfix'><div class='blog_posts_item first add-margin-right one-third'><div class='ms_post_card_wrapp'><a   href='https:\/\/www.donat.com\/sl\/10-presenetljivih-dejstev-o-tvojem-crevesju\/'><div class='ms_post_card_bg '><img loading=\"lazy\" decoding=\"async\" width=\"550\" height=\"550\" src=\"https:\/\/www.donat.com\/wp-content\/uploads\/2025\/04\/Donat_UrsaPremik_25354_s-copy_CREVKA-2-1-1.webp\" class=\"attachment-blog-550-550 size-blog-550-550\" alt=\"\u017denska v naravi.\" srcset=\"https:\/\/www.donat.com\/wp-content\/uploads\/2025\/04\/Donat_UrsaPremik_25354_s-copy_CREVKA-2-1-1.webp 550w, https:\/\/www.donat.com\/wp-content\/uploads\/2025\/04\/Donat_UrsaPremik_25354_s-copy_CREVKA-2-1-1-300x300.webp 300w, https:\/\/www.donat.com\/wp-content\/uploads\/2025\/04\/Donat_UrsaPremik_25354_s-copy_CREVKA-2-1-1-150x150.webp 150w, https:\/\/www.donat.com\/wp-content\/uploads\/2025\/04\/Donat_UrsaPremik_25354_s-copy_CREVKA-2-1-1-100x100.webp 100w\" sizes=\"auto, (max-width: 550px) 100vw, 550px\" \/><\/div><div class='ms_post_card_text_wrapp'><div class='ms_post_card_text'><h3>Prebava<\/h3><h2>10 presenetljivih dejstev o tvojem \u010drevesju<\/h2><\/div><div class='ms_post_card_more'><span>VE\u010c<\/span><\/div><\/div><\/a><\/div><\/div><div class='blog_posts_item second two-thirds'><div class='ms_post_card_wrapp'><a   href='https:\/\/www.donat.com\/sl\/vpliv-telesne-aktivnosti-na-prebavni-sistem\/'><div class='ms_post_card_bg '><img loading=\"lazy\" decoding=\"async\" width=\"553\" height=\"280\" src=\"https:\/\/www.donat.com\/wp-content\/uploads\/2024\/09\/telesna-aktivnost_553x280px.png\" class=\"attachment-blog-553-280 size-blog-553-280\" alt=\"\u017denska in mo\u0161ki, ki se gibata, s \u010dimer izbolj\u0161ujeta prebavo.\" srcset=\"https:\/\/www.donat.com\/wp-content\/uploads\/2024\/09\/telesna-aktivnost_553x280px.png 553w, https:\/\/www.donat.com\/wp-content\/uploads\/2024\/09\/telesna-aktivnost_553x280px-300x152.png 300w, https:\/\/www.donat.com\/wp-content\/uploads\/2024\/09\/telesna-aktivnost_553x280px-198x100.png 198w\" sizes=\"auto, (max-width: 553px) 100vw, 553px\" \/><\/div><div class='ms_post_card_text_wrapp'><div class='ms_post_card_text'><h3>Prebava<\/h3><h2>Vpliv telesne aktivnosti na prebavni sistem<\/h2><\/div><div class='ms_post_card_more'><span>VE\u010c<\/span><\/div><\/div><\/a><\/div><\/div><\/div><div class='blog_posts_row second full-width clearfix'><div class='blog_posts_item first two-thirds add-margin-right '><div class='ms_post_card_wrapp'><a   href='https:\/\/www.donat.com\/sl\/lajsanje-prebavnih-tezav-na-naraven-nacin\/'><div class='ms_post_card_bg '><img loading=\"lazy\" decoding=\"async\" width=\"553\" height=\"280\" src=\"https:\/\/www.donat.com\/wp-content\/uploads\/2024\/09\/naravni-pripravki_553x280px.png\" class=\"attachment-blog-553-280 size-blog-553-280\" alt=\"\u017denska\" srcset=\"https:\/\/www.donat.com\/wp-content\/uploads\/2024\/09\/naravni-pripravki_553x280px.png 553w, https:\/\/www.donat.com\/wp-content\/uploads\/2024\/09\/naravni-pripravki_553x280px-300x152.png 300w, https:\/\/www.donat.com\/wp-content\/uploads\/2024\/09\/naravni-pripravki_553x280px-198x100.png 198w\" sizes=\"auto, (max-width: 553px) 100vw, 553px\" \/><\/div><div class='ms_post_card_text_wrapp'><div class='ms_post_card_text'><h3>Prebava<\/h3><h2>Laj\u0161anje prebavnih te\u017eav na naraven na\u010din<\/h2><\/div><div class='ms_post_card_more'><span>VE\u010c<\/span><\/div><\/div><\/a><\/div><\/div><div class='blog_posts_item second one-third'><div class='ms_post_card_wrapp'><a   href='https:\/\/www.donat.com\/sl\/raznolika-prehrana-kako-barvita-zivila-podpirajo-zdravje-crevesja\/'><div class='ms_post_card_bg '><img loading=\"lazy\" decoding=\"async\" width=\"550\" height=\"550\" src=\"https:\/\/www.donat.com\/wp-content\/uploads\/2024\/09\/barvna-zivila-008_550x550jpeg.jpeg\" class=\"attachment-blog-550-550 size-blog-550-550\" alt=\"Barvita \u017eivila v skledi na mizi. Ta pomagajo izbolj\u0161ati zdravje \u010drevesja.\" srcset=\"https:\/\/www.donat.com\/wp-content\/uploads\/2024\/09\/barvna-zivila-008_550x550jpeg.jpeg 550w, https:\/\/www.donat.com\/wp-content\/uploads\/2024\/09\/barvna-zivila-008_550x550jpeg-300x300.jpeg 300w, https:\/\/www.donat.com\/wp-content\/uploads\/2024\/09\/barvna-zivila-008_550x550jpeg-150x150.jpeg 150w, https:\/\/www.donat.com\/wp-content\/uploads\/2024\/09\/barvna-zivila-008_550x550jpeg-100x100.jpeg 100w\" sizes=\"auto, (max-width: 550px) 100vw, 550px\" \/><\/div><div class='ms_post_card_text_wrapp'><div class='ms_post_card_text'><h3>Prebava<\/h3><h2>Raznolika prehrana: kako barvita \u017eivila podpirajo zdravje \u010drevesja<\/h2><\/div><div class='ms_post_card_more'><span>VE\u010c<\/span><\/div><\/div><\/a><\/div><\/div><\/div><\/div><\/div><\/div><div class='wp-block-buttons mobile'><div class='wp-block-button parent-btn--green--16'><a class='wp-block-button__link' target=''href ='https:\/\/www.donat.com\/sl\/zdravje\/'>Vsi nasveti<\/a><\/div><\/div><\/div>\n\n        <\/div>\n    <\/div>\n<\/div>","protected":false},"excerpt":{"rendered":"","protected":false},"author":5,"featured_media":0,"parent":0,"menu_order":0,"comment_status":"closed","ping_status":"closed","template":"","meta":{"_acf_changed":false,"footnotes":""},"class_list":["post-111553","page","type-page","status-publish","hentry"],"acf":[],"_links":{"self":[{"href":"https:\/\/www.donat.com\/sl\/wp-json\/wp\/v2\/pages\/111553","targetHints":{"allow":["GET"]}}],"collection":[{"href":"https:\/\/www.donat.com\/sl\/wp-json\/wp\/v2\/pages"}],"about":[{"href":"https:\/\/www.donat.com\/sl\/wp-json\/wp\/v2\/types\/page"}],"author":[{"embeddable":true,"href":"https:\/\/www.donat.com\/sl\/wp-json\/wp\/v2\/users\/5"}],"replies":[{"embeddable":true,"href":"https:\/\/www.donat.com\/sl\/wp-json\/wp\/v2\/comments?post=111553"}],"version-history":[{"count":14,"href":"https:\/\/www.donat.com\/sl\/wp-json\/wp\/v2\/pages\/111553\/revisions"}],"predecessor-version":[{"id":111839,"href":"https:\/\/www.donat.com\/sl\/wp-json\/wp\/v2\/pages\/111553\/revisions\/111839"}],"wp:attachment":[{"href":"https:\/\/www.donat.com\/sl\/wp-json\/wp\/v2\/media?parent=111553"}],"curies":[{"name":"wp","href":"https:\/\/api.w.org\/{rel}","templated":true}]}}