{"id":130713,"date":"2021-03-08T09:30:28","date_gmt":"2021-03-08T09:30:28","guid":{"rendered":"https:\/\/www.donat.com\/wo-kaufen\/"},"modified":"2022-12-12T11:07:47","modified_gmt":"2022-12-12T09:07:47","slug":"kje-kupiti-donat-preko-spleta","status":"publish","type":"page","link":"https:\/\/www.donat.com\/sl\/kje-kupiti-donat-preko-spleta\/","title":{"rendered":"Kje kupiti Donat preko spleta?"},"content":{"rendered":"<div id=\"\" class=\"ow_container_section \">\n    <div class=\"container\">\n        <div class=\"content\">\n            \n<div class='ms_where_to_buy_no_map_wrapper' data-pageid='130713'><div class='ms_where_to_buy_headline default-column-text'><h1><strong>Kje kupiti Donat preko spleta?<\/strong><\/h1><p>Donat je na voljo pri vseh ve\u010djih trgovcih z \u017eivili. \u010ce \u017eelite prihraniti na \u010dasu in transportu, je pripravno Donat naro\u010diti tudi preko spleta. Na voljo je v naslednjih spletnih trgovinah:<\/p><\/div><div class='ms_where_to_buy_online'><div class='ms_where_to_buy_online_image'><img src='https:\/\/www.donat.com\/wp-content\/uploads\/2021\/07\/BottleBadgeSLO_NEW.png'><\/div><div class='ms_where_to_buy_online_wrap'><div class='ms_where_to_buy_online_headline default-column-text h40p20'><h2><strong>Spletne trgovine<\/strong><\/h2><p>Donat lahko kupite v spletni trgovini po va\u0161i izbiri:<\/p><\/div><div class=\"ms_where_to_buy_online_stores buy_shop_cards\"><div class=\"buy_shop_card default-column-text h28p16 ms_where_to_buy_online_store\"><a class=\"ms_where_to_buy_link\" target=\"_blank\" href=\"https:\/\/www.mercatoronline.si\/sl\/search?203[]=DONAT\"><\/a><div class=\"ms_where_to_buy_online_store_inner buy_shop_card_inner\"><img decoding=\"async\" src=\"https:\/\/www.donat.com\/wp-content\/uploads\/2022\/12\/logo-mercator-spletna-2-136x100.png\"><\/div><p class=\"visit\">Obi\u0161\u010di spletno trgovino<\/p><\/div><div class=\"buy_shop_card default-column-text h28p16 ms_where_to_buy_online_store\"><a class=\"ms_where_to_buy_link\" target=\"_blank\" href=\"https:\/\/www.spar.si\/online\/naravna-mineralna-voda-donat-mg-1l\/p\/186322\"><\/a><div class=\"ms_where_to_buy_online_store_inner buy_shop_card_inner\"><img decoding=\"async\" src=\"https:\/\/www.donat.com\/wp-content\/uploads\/2022\/12\/logo-spar-online-136x100.png\"><\/div><p class=\"visit\">Obi\u0161\u010di spletno trgovino<\/p><\/div><div class=\"buy_shop_card default-column-text h28p16 ms_where_to_buy_online_store\"><a class=\"ms_where_to_buy_link\" target=\"_blank\" href=\"https:\/\/hitrinakup.com\/iskanje?string=Donat\"><\/a><div class=\"ms_where_to_buy_online_store_inner buy_shop_card_inner\"><img decoding=\"async\" src=\"https:\/\/www.donat.com\/wp-content\/uploads\/2022\/12\/logo-tus-240x55.png\"><\/div><p class=\"visit\">Obi\u0161\u010di spletno trgovino<\/p><\/div><div class=\"buy_shop_card default-column-text h28p16 ms_where_to_buy_online_store\"><a class=\"ms_where_to_buy_link\" target=\"_blank\" href=\"https:\/\/www.trgovinejager.com\/iskalnik\/?isci=donat\"><\/a><div class=\"ms_where_to_buy_online_store_inner buy_shop_card_inner\"><img decoding=\"async\" src=\"https:\/\/www.donat.com\/wp-content\/uploads\/2022\/11\/logo-jager-136x100.png\"><\/div><p class=\"visit\">Obi\u0161\u010di spletno trgovino<\/p><\/div><div class=\"buy_shop_card default-column-text h28p16 ms_where_to_buy_online_store\"><a class=\"ms_where_to_buy_link\" target=\"_blank\" href=\"https:\/\/urldefense.com\/v3\/__https:\/wolt.com\/sl\/svn\/maribor\/venue\/wolt-market-maribor\/donat-naravna-mineralna-voda-0-5-l-itemid-6284f57df33c14d83141b8c1__;!!M7kqBk48MyWhow!iLbkKXiZjyHtaF0ClaHPcWj_WZwRLlhn7EkZIQXDi7h7pqp0WdRVdpmP5MDOmWJL_UAUWXdpqtYdRgrQWyW1X-HXcwfvd-Sn$\"><\/a><div class=\"ms_where_to_buy_online_store_inner buy_shop_card_inner\"><img decoding=\"async\" src=\"https:\/\/www.donat.com\/wp-content\/uploads\/2022\/12\/logo-wolt-136x100.png\"><\/div><p class=\"visit\">Obi\u0161\u010di spletno trgovino<\/p><\/div><div class=\"buy_shop_card default-column-text h28p16 ms_where_to_buy_online_store\"><a class=\"ms_where_to_buy_link\" target=\"_blank\" href=\"https:\/\/www.dm.si\/search?query=mineralna+voda+donat&#038;searchType=product\"><\/a><div class=\"ms_where_to_buy_online_store_inner buy_shop_card_inner\"><img decoding=\"async\" src=\"https:\/\/www.donat.com\/wp-content\/uploads\/2022\/12\/logo-dm-2-136x100.png\"><\/div><p class=\"visit\">Obi\u0161\u010di spletno trgovino<\/p><\/div><\/div><div class='ms_where_to_buy_online_headline default-column-text h40p20'><\/div><\/div><\/div><\/div>\n\n        <\/div>\n    <\/div>\n<\/div>","protected":false},"excerpt":{"rendered":"","protected":false},"author":7,"featured_media":0,"parent":0,"menu_order":0,"comment_status":"closed","ping_status":"closed","template":"","meta":{"_acf_changed":false,"footnotes":""},"class_list":["post-130713","page","type-page","status-publish","hentry"],"acf":[],"_links":{"self":[{"href":"https:\/\/www.donat.com\/sl\/wp-json\/wp\/v2\/pages\/130713","targetHints":{"allow":["GET"]}}],"collection":[{"href":"https:\/\/www.donat.com\/sl\/wp-json\/wp\/v2\/pages"}],"about":[{"href":"https:\/\/www.donat.com\/sl\/wp-json\/wp\/v2\/types\/page"}],"author":[{"embeddable":true,"href":"https:\/\/www.donat.com\/sl\/wp-json\/wp\/v2\/users\/7"}],"replies":[{"embeddable":true,"href":"https:\/\/www.donat.com\/sl\/wp-json\/wp\/v2\/comments?post=130713"}],"version-history":[{"count":34,"href":"https:\/\/www.donat.com\/sl\/wp-json\/wp\/v2\/pages\/130713\/revisions"}],"predecessor-version":[{"id":215189,"href":"https:\/\/www.donat.com\/sl\/wp-json\/wp\/v2\/pages\/130713\/revisions\/215189"}],"wp:attachment":[{"href":"https:\/\/www.donat.com\/sl\/wp-json\/wp\/v2\/media?parent=130713"}],"curies":[{"name":"wp","href":"https:\/\/api.w.org\/{rel}","templated":true}]}}