{"id":180059,"date":"2023-06-23T08:59:40","date_gmt":"2023-06-23T06:59:40","guid":{"rendered":"https:\/\/www.donat.com\/?page_id=180059"},"modified":"2023-07-10T10:23:16","modified_gmt":"2023-07-10T08:23:16","slug":"qr","status":"publish","type":"page","link":"https:\/\/www.donat.com\/sl\/qr\/","title":{"rendered":"QR"},"content":{"rendered":"<div class='qr-custom-slider-block'><div class='container'><div class='qr-slider'><div class='one-slide'><p class=\"slide-title\">Poglejte, <b>kako pravilno piti Donat.<\/b>\r\n <\/p><div class=\"slider-image\"><img loading=\"lazy\" decoding=\"async\" width=\"254\" height=\"260\" src=\"https:\/\/www.donat.com\/wp-content\/uploads\/2023\/06\/WEBISTE-DONAT-QR-CODE-254x260-V3_ow.jpg\" class=\"attachment-full size-full\" alt=\"\" srcset=\"https:\/\/www.donat.com\/wp-content\/uploads\/2023\/06\/WEBISTE-DONAT-QR-CODE-254x260-V3_ow.jpg 254w, https:\/\/www.donat.com\/wp-content\/uploads\/2023\/06\/WEBISTE-DONAT-QR-CODE-254x260-V3_ow-98x100.jpg 98w\" sizes=\"auto, (max-width: 254px) 100vw, 254px\" \/> <\/div><p class=\"slide-paragraph\">Donat lahko pijemo za razli\u010dne indikacije, vendar ga moramo za najve\u010dji u\u010dinek piti pravilno.  <\/p><div class='wp-block-buttons'><div class='wp-block-button parent-btn--green--16'><a class='wp-block-button__link' href =' https:\/\/www.donat.com\/sl\/o-donatu\/#kako-piti-donat'>Ve\u010d <\/a><\/div><\/div><\/div><div class='one-slide'><p class=\"slide-title\">Pridru\u017eite se <b>vodenim programom zdravja Donat.<\/b> <\/p><div class=\"slider-image\"><img loading=\"lazy\" decoding=\"async\" width=\"254\" height=\"260\" src=\"https:\/\/www.donat.com\/wp-content\/uploads\/2023\/06\/WEBISTE-DONAT-QR-CODE-254x260-V4.jpg\" class=\"attachment-full size-full\" alt=\"\" srcset=\"https:\/\/www.donat.com\/wp-content\/uploads\/2023\/06\/WEBISTE-DONAT-QR-CODE-254x260-V4.jpg 254w, https:\/\/www.donat.com\/wp-content\/uploads\/2023\/06\/WEBISTE-DONAT-QR-CODE-254x260-V4-98x100.jpg 98w\" sizes=\"auto, (max-width: 254px) 100vw, 254px\" \/> <\/div><p class=\"slide-paragraph\">\u017delite usvojiti zdrave \u017eivljenjske navade?  <\/p><div class='wp-block-buttons'><div class='wp-block-button parent-btn--green--16'><a class='wp-block-button__link' href =' https:\/\/www.donat.com\/sl\/vodeni-programi-zdravja-donat\/ '>Ve\u010d <\/a><\/div><\/div><\/div><div class='one-slide'><p class=\"slide-title\">Preberite nasvete za <b>zdrav \u017eivljenjski slog.<\/b> <\/p><div class=\"slider-image\"><img loading=\"lazy\" decoding=\"async\" width=\"254\" height=\"260\" src=\"https:\/\/www.donat.com\/wp-content\/uploads\/2023\/06\/WEBISTE-DONAT-QR-CODE-254x260-V5.jpg\" class=\"attachment-full size-full\" alt=\"\" srcset=\"https:\/\/www.donat.com\/wp-content\/uploads\/2023\/06\/WEBISTE-DONAT-QR-CODE-254x260-V5.jpg 254w, https:\/\/www.donat.com\/wp-content\/uploads\/2023\/06\/WEBISTE-DONAT-QR-CODE-254x260-V5-98x100.jpg 98w\" sizes=\"auto, (max-width: 254px) 100vw, 254px\" \/> <\/div><p class=\"slide-paragraph\">Ste pripravljeni na naslednji korak k dobremu po\u010dutju?  <\/p><div class='wp-block-buttons'><div class='wp-block-button parent-btn--green--16'><a class='wp-block-button__link' href =' https:\/\/www.donat.com\/sl\/zdravje\/ '>Ve\u010d <\/a><\/div><\/div><\/div><div class='one-slide'><p class=\"slide-title\">Spoznajte Donatovo <br><b>115-letno zgodbo.<\/b> <\/p><div class=\"slider-image\"><img loading=\"lazy\" decoding=\"async\" width=\"254\" height=\"260\" src=\"https:\/\/www.donat.com\/wp-content\/uploads\/2023\/06\/WEBISTE-DONAT-QR-CODE-254x260-V6.jpg\" class=\"attachment-full size-full\" alt=\"\" srcset=\"https:\/\/www.donat.com\/wp-content\/uploads\/2023\/06\/WEBISTE-DONAT-QR-CODE-254x260-V6.jpg 254w, https:\/\/www.donat.com\/wp-content\/uploads\/2023\/06\/WEBISTE-DONAT-QR-CODE-254x260-V6-98x100.jpg 98w\" sizes=\"auto, (max-width: 254px) 100vw, 254px\" \/> <\/div><p class=\"slide-paragraph\">Vas zanima zgodovina naravne mineralne vode Donat? <\/p><div class='wp-block-buttons'><div class='wp-block-button parent-btn--green--16'><a class='wp-block-button__link' href ='https:\/\/www.donat.com\/sl\/tradicija\/'>Ve\u010d <\/a><\/div><\/div><\/div><div class='one-slide'><p class=\"slide-title\">Uporabljajte na\u0161o <b>mobilno aplikacijo.<\/b>  <\/p><div class=\"slider-image\"><img loading=\"lazy\" decoding=\"async\" width=\"254\" height=\"260\" src=\"https:\/\/www.donat.com\/wp-content\/uploads\/2023\/06\/WEBISTE-DONAT-QR-CODE-254x260-V7.jpg\" class=\"attachment-full size-full\" alt=\"\" srcset=\"https:\/\/www.donat.com\/wp-content\/uploads\/2023\/06\/WEBISTE-DONAT-QR-CODE-254x260-V7.jpg 254w, https:\/\/www.donat.com\/wp-content\/uploads\/2023\/06\/WEBISTE-DONAT-QR-CODE-254x260-V7-98x100.jpg 98w\" sizes=\"auto, (max-width: 254px) 100vw, 254px\" \/> <\/div><p class=\"slide-paragraph\">Pridobite navodila za pitje, spoznajte vodene programe zdravja in dostopajte do druge vsebine. <\/p><div class='wp-block-images'><div class='image image-apple'><a target='_blank' href='https:\/\/apps.apple.com\/si\/app\/donat-mg-moments\/id912821903'><img loading=\"lazy\" decoding=\"async\" width=\"133\" height=\"45\" src=\"https:\/\/www.donat.com\/wp-content\/uploads\/2021\/01\/apple-badge-2.png\" class=\"attachment-full size-full\" alt=\"\" \/><\/a><\/div><div class='image image-android'><a target='_blank' href='https:\/\/play.google.com\/store\/apps\/details?id=si.renderspace.donatmgmoments&#038;hl=sl&#038;gl=SI'><img loading=\"lazy\" decoding=\"async\" width=\"150\" height=\"45\" src=\"https:\/\/www.donat.com\/wp-content\/uploads\/2021\/01\/google-play-badge.png\" class=\"attachment-full size-full\" alt=\"\" \/><\/a><\/div><\/div><\/div><\/div><\/div><\/div>","protected":false},"excerpt":{"rendered":"","protected":false},"author":5,"featured_media":0,"parent":0,"menu_order":0,"comment_status":"closed","ping_status":"closed","template":"","meta":{"_acf_changed":false,"footnotes":""},"class_list":["post-180059","page","type-page","status-publish","hentry"],"acf":[],"_links":{"self":[{"href":"https:\/\/www.donat.com\/sl\/wp-json\/wp\/v2\/pages\/180059","targetHints":{"allow":["GET"]}}],"collection":[{"href":"https:\/\/www.donat.com\/sl\/wp-json\/wp\/v2\/pages"}],"about":[{"href":"https:\/\/www.donat.com\/sl\/wp-json\/wp\/v2\/types\/page"}],"author":[{"embeddable":true,"href":"https:\/\/www.donat.com\/sl\/wp-json\/wp\/v2\/users\/5"}],"replies":[{"embeddable":true,"href":"https:\/\/www.donat.com\/sl\/wp-json\/wp\/v2\/comments?post=180059"}],"version-history":[{"count":9,"href":"https:\/\/www.donat.com\/sl\/wp-json\/wp\/v2\/pages\/180059\/revisions"}],"predecessor-version":[{"id":181205,"href":"https:\/\/www.donat.com\/sl\/wp-json\/wp\/v2\/pages\/180059\/revisions\/181205"}],"wp:attachment":[{"href":"https:\/\/www.donat.com\/sl\/wp-json\/wp\/v2\/media?parent=180059"}],"curies":[{"name":"wp","href":"https:\/\/api.w.org\/{rel}","templated":true}]}}