{"id":181117,"date":"2023-07-07T08:17:31","date_gmt":"2023-07-07T06:17:31","guid":{"rendered":"https:\/\/www.donat.com\/?page_id=181117"},"modified":"2023-11-03T13:52:17","modified_gmt":"2023-11-03T11:52:17","slug":"115-let-donata","status":"publish","type":"page","link":"https:\/\/www.donat.com\/sl\/115-let-donata\/","title":{"rendered":"115 let Donata"},"content":{"rendered":"<div id=\"\" class=\"ow_container_section  ms-timeline-hero-1 column-window-height move-headline-section\">\n    <div class=\"container\">\n        <div class=\"content\">\n            \n\n<div class=\"wp-block-columns column-image-absolute\">\n<div class=\"wp-block-column is-vertically-aligned-center default-column-text h64p22 column-image\"><div class=\"wp-block-image image-position-absolute\">\n<figure class=\"alignleft size-full\"><img loading=\"lazy\" decoding=\"async\" width=\"624\" height=\"623\" src=\"https:\/\/www.donat.com\/wp-content\/uploads\/2023\/07\/paviljon-levo.png\" alt=\"\" class=\"wp-image-182043\" srcset=\"https:\/\/www.donat.com\/wp-content\/uploads\/2023\/07\/paviljon-levo.png 624w, https:\/\/www.donat.com\/wp-content\/uploads\/2023\/07\/paviljon-levo-300x300.png 300w, https:\/\/www.donat.com\/wp-content\/uploads\/2023\/07\/paviljon-levo-150x150.png 150w, https:\/\/www.donat.com\/wp-content\/uploads\/2023\/07\/paviljon-levo-550x550.png 550w, https:\/\/www.donat.com\/wp-content\/uploads\/2023\/07\/paviljon-levo-100x100.png 100w\" sizes=\"auto, (max-width: 624px) 100vw, 624px\" \/><\/figure>\n<\/div>\n\n\n<h1 class=\"wp-block-heading mobile-headline\">Naravna re\u0161itev za urejeno prebavo<strong> \u017ee 115 let.<\/strong><\/h1>\n<\/div>\n\n\n\n<div class=\"wp-block-column is-vertically-aligned-center default-column-text h64p22 column-text\">\n<h1 class=\"wp-block-heading\">Naravna re\u0161itev<br>za urejeno prebavo<br><strong>\u017ee 115 let<\/strong>.<\/h1>\n\n\n\n<p>Donat in njegovi u\u010dinki so bili poznani \u017ee dolgo pred na\u0161im \u010dasom. Preberite vznemirljivo zgodbo o nastanku Donata, kot ga poznamo danes.<\/p>\n\n\n\n<div class=\"wp-block-buttons\">\n<div class=\"wp-block-button parent-btn--green--16\"><a class=\"wp-block-button__link wp-element-button\" href=\"#zgodba\">Do\u017eivite zgodbo<\/a><\/div>\n<\/div>\n<\/div>\n<\/div>\n\n\n        <\/div>\n    <\/div>\n<\/div>\n\n<div id=\"zgodba\" class=\"ow_container_section \">\n    <div class=\"container\">\n        <div class=\"content\">\n            \n<div id='timeline' class='ms_timeline'><div class='ms_timeline_wrapp'><div class='ms_timeline_single  pos-1 img_left first'>\n            <div class=\"ms_line_animate img_left first \">   \n               <svg xmlns=\"http:\/\/www.w3.org\/2000\/svg\" width=\"850\" height=\"400\" viewBox=\"0 0 850 400\" preserveAspectRatio=\"xMidYMid meet\">\n                  <path class=\"path\" d=\"\tM 0 0           L 0 100         C 0 200 100 200 100 200         L 750 200       C 750 200 850 200 850 300        L 850 400  \" fill=\"none\" stroke=\"#c9d5d0\" ><\/path>\n                   <text x=\"400\" y=\"234\"  text-anchor=\"middle\"          stroke=\"white\"          stroke-width=\"1px\"          >     <\/text>\n               <\/svg>                 \n            <\/div><div class='ms_timeline_single_toggle'><h2><b>Pred davnimi \u010dasi<\/b> \u2013 legenda o Pegazu<\/h2><\/div><div class='ms_timeline_single_toggle_text'><div class='ms_timeline_single_column_wrapp'><div class='ms_timeline_single_measure'><div class='ms_timeline_single_column image_column'><p class='year-mobile'><\/p><img loading=\"lazy\" decoding=\"async\" width=\"1289\" height=\"1091\" src=\"https:\/\/www.donat.com\/wp-content\/uploads\/2021\/03\/pegasus-v2-min.png\" class=\"attachment-full size-full\" alt=\"\" srcset=\"https:\/\/www.donat.com\/wp-content\/uploads\/2021\/03\/pegasus-v2-min.png 1289w, https:\/\/www.donat.com\/wp-content\/uploads\/2021\/03\/pegasus-v2-min-300x254.png 300w, https:\/\/www.donat.com\/wp-content\/uploads\/2021\/03\/pegasus-v2-min-1024x867.png 1024w, https:\/\/www.donat.com\/wp-content\/uploads\/2021\/03\/pegasus-v2-min-118x100.png 118w, https:\/\/www.donat.com\/wp-content\/uploads\/2021\/03\/pegasus-v2-min-750x635.png 750w, https:\/\/www.donat.com\/wp-content\/uploads\/2021\/03\/pegasus-v2-min-900x762.png 900w\" sizes=\"auto, (max-width: 1289px) 100vw, 1289px\" \/><\/div><div class='ms_timeline_single_column text_column'><div class='text-wrapp default-column-text '><h2><b>Pred davnimi \u010dasi<\/b> \u2013 legenda o Pegazu<\/h2><p>Zgodba iz davnine, v kateri so kraljevali bogovi in mitolo\u0161ki junaki, pripoveduje, da je krilati konj Pegaz med poletom \u010dez Slovenijo s kopitom udaril v goro in iz nje je izbruhnil vrelec \u010dudodelne mineralne vode.<\/p>\n<\/div><\/div><\/div><\/div><\/div><\/div><div class='ms_timeline_single  pos-2 img_right'>\n            <div class=\"ms_line_animate img_right \">   \n               <svg xmlns=\"http:\/\/www.w3.org\/2000\/svg\" width=\"850\" height=\"400\" viewBox=\"0 0 850 400\" preserveAspectRatio=\"xMidYMid meet\">\n                  <path class=\"path\" d=\"\tM 850 0 \t\tL 850 100 \t\tC 850 200 750 200 750 200 \t\tL 100 200 \t\tC 100 200 0 200 0 300       L 0 400 \" fill=\"none\" stroke=\"#c9d5d0\" ><\/path>\n                   <text x=\"400\" y=\"234\"  text-anchor=\"middle\"          stroke=\"white\"          stroke-width=\"1px\"          > pred 1908    <\/text>\n               <\/svg>                 \n            <\/div><div class='ms_timeline_single_toggle'><h2><b>Prvi<\/b> zapisi<\/h2><\/div><div class='ms_timeline_single_toggle_text'><div class='ms_timeline_single_column_wrapp'><div class='ms_timeline_single_measure'><div class='ms_timeline_single_column image_column'><p class='year-mobile'>pred 1908<\/p><img loading=\"lazy\" decoding=\"async\" width=\"580\" height=\"492\" src=\"https:\/\/www.donat.com\/wp-content\/uploads\/2023\/07\/history-1.jpg\" class=\"attachment-full size-full\" alt=\"\" srcset=\"https:\/\/www.donat.com\/wp-content\/uploads\/2023\/07\/history-1.jpg 580w, https:\/\/www.donat.com\/wp-content\/uploads\/2023\/07\/history-1-300x254.jpg 300w, https:\/\/www.donat.com\/wp-content\/uploads\/2023\/07\/history-1-118x100.jpg 118w\" sizes=\"auto, (max-width: 580px) 100vw, 580px\" \/><\/div><div class='ms_timeline_single_column text_column'><div class='text-wrapp default-column-text '><h2><b>Prvi<\/b> zapisi<\/h2><p>Prvi zapisi o zdravilnih lastnostih voda na podro\u010dju Roga\u0161ke Slatine segajo v leto 1572. Dober glas se je raz\u0161iril celo do habsbur\u0161kega cesarstva, kjer so jo pili kot cenjeno zdravilo.<\/p>\n<\/div><\/div><\/div><\/div><\/div><\/div><div class='ms_timeline_single  pos-3 img_left'>\n            <div class=\"ms_line_animate img_left \">   \n               <svg xmlns=\"http:\/\/www.w3.org\/2000\/svg\" width=\"850\" height=\"400\" viewBox=\"0 0 850 400\" preserveAspectRatio=\"xMidYMid meet\">\n                  <path class=\"path\" d=\"\tM 0 0           L 0 100         C 0 200 100 200 100 200         L 750 200       C 750 200 850 200 850 300        L 850 400  \" fill=\"none\" stroke=\"#c9d5d0\" ><\/path>\n                   <text x=\"400\" y=\"234\"  text-anchor=\"middle\"          stroke=\"white\"          stroke-width=\"1px\"          > 1908    <\/text>\n               <\/svg>                 \n            <\/div><div class='ms_timeline_single_toggle'><h2><b>Odkritje<\/b> izvira Donata<\/h2><\/div><div class='ms_timeline_single_toggle_text'><div class='ms_timeline_single_column_wrapp'><div class='ms_timeline_single_measure'><div class='ms_timeline_single_column image_column'><p class='year-mobile'>1908<\/p><img loading=\"lazy\" decoding=\"async\" width=\"624\" height=\"623\" src=\"https:\/\/www.donat.com\/wp-content\/uploads\/2023\/07\/history001-1.png\" class=\"attachment-full size-full\" alt=\"\" srcset=\"https:\/\/www.donat.com\/wp-content\/uploads\/2023\/07\/history001-1.png 624w, https:\/\/www.donat.com\/wp-content\/uploads\/2023\/07\/history001-1-300x300.png 300w, https:\/\/www.donat.com\/wp-content\/uploads\/2023\/07\/history001-1-150x150.png 150w, https:\/\/www.donat.com\/wp-content\/uploads\/2023\/07\/history001-1-550x550.png 550w, https:\/\/www.donat.com\/wp-content\/uploads\/2023\/07\/history001-1-100x100.png 100w\" sizes=\"auto, (max-width: 624px) 100vw, 624px\" \/><\/div><div class='ms_timeline_single_column text_column'><div class='text-wrapp default-column-text '><h2><b>Odkritje<\/b> izvira Donata<\/h2><p>Na obmo\u010dju Roga\u0161ke Slatine so \u017ee v preteklosti izkopali ve\u010d vrelcev mineralne vode, ki pa niso bili najbolj primerni za uporabo. Velik preboj jim je uspel na za\u010detku 20. stoletja, ko so na eni izmed vrtin odkrili vodo z zelo visoko vsebnostjo mineralov. Poimenovali so jo Donat, saj izvira v bli\u017eini Dona\u010dke gore.<\/p>\n<\/div><\/div><\/div><\/div><\/div><\/div><div class='ms_timeline_single  pos-4 img_right'>\n            <div class=\"ms_line_animate img_right \">   \n               <svg xmlns=\"http:\/\/www.w3.org\/2000\/svg\" width=\"850\" height=\"400\" viewBox=\"0 0 850 400\" preserveAspectRatio=\"xMidYMid meet\">\n                  <path class=\"path\" d=\"\tM 850 0 \t\tL 850 100 \t\tC 850 200 750 200 750 200 \t\tL 100 200 \t\tC 100 200 0 200 0 300       L 0 400 \" fill=\"none\" stroke=\"#c9d5d0\" ><\/path>\n                   <text x=\"400\" y=\"234\"  text-anchor=\"middle\"          stroke=\"white\"          stroke-width=\"1px\"          > 1936    <\/text>\n               <\/svg>                 \n            <\/div><div class='ms_timeline_single_toggle'><h2><b>Prvi znanstveni eksperimenti <\/b> o u\u010dinkih Donata<\/h2><\/div><div class='ms_timeline_single_toggle_text'><div class='ms_timeline_single_column_wrapp'><div class='ms_timeline_single_measure'><div class='ms_timeline_single_column image_column'><p class='year-mobile'>1936<\/p><img loading=\"lazy\" decoding=\"async\" width=\"624\" height=\"623\" src=\"https:\/\/www.donat.com\/wp-content\/uploads\/2023\/07\/history002-1.png\" class=\"attachment-full size-full\" alt=\"\" srcset=\"https:\/\/www.donat.com\/wp-content\/uploads\/2023\/07\/history002-1.png 624w, https:\/\/www.donat.com\/wp-content\/uploads\/2023\/07\/history002-1-300x300.png 300w, https:\/\/www.donat.com\/wp-content\/uploads\/2023\/07\/history002-1-150x150.png 150w, https:\/\/www.donat.com\/wp-content\/uploads\/2023\/07\/history002-1-550x550.png 550w, https:\/\/www.donat.com\/wp-content\/uploads\/2023\/07\/history002-1-100x100.png 100w\" sizes=\"auto, (max-width: 624px) 100vw, 624px\" \/><\/div><div class='ms_timeline_single_column text_column'><div class='text-wrapp default-column-text '><h2><b>Prvi znanstveni eksperimenti <\/b> o u\u010dinkih Donata<\/h2><p>Doma\u010di in tuji strokovnjaki so v svoji literaturi pogosto omenjali pozitivne u\u010dinke pitja Donata in objavljali priporo\u010dila za pitje. Prof. Leskovar, dr. med., je kot glavni zdravnik Zdravili\u0161\u010da Roga\u0161ka Slatina za\u010del izvajati eksperimente o u\u010dinkih Donata na \u010dlove\u0161ki organizem.<\/p>\n<\/div><\/div><\/div><\/div><\/div><\/div><div class='ms_timeline_single  pos-5 img_left'>\n            <div class=\"ms_line_animate img_left \">   \n               <svg xmlns=\"http:\/\/www.w3.org\/2000\/svg\" width=\"850\" height=\"400\" viewBox=\"0 0 850 400\" preserveAspectRatio=\"xMidYMid meet\">\n                  <path class=\"path\" d=\"\tM 0 0           L 0 100         C 0 200 100 200 100 200         L 750 200       C 750 200 850 200 850 300        L 850 400  \" fill=\"none\" stroke=\"#c9d5d0\" ><\/path>\n                   <text x=\"400\" y=\"234\"  text-anchor=\"middle\"          stroke=\"white\"          stroke-width=\"1px\"          > 1964    <\/text>\n               <\/svg>                 \n            <\/div><div class='ms_timeline_single_toggle'><h2><b>Donat prejme<\/b> uradno potrdilo o zdravilnosti  <\/h2><\/div><div class='ms_timeline_single_toggle_text'><div class='ms_timeline_single_column_wrapp'><div class='ms_timeline_single_measure'><div class='ms_timeline_single_column image_column'><p class='year-mobile'>1964<\/p><img loading=\"lazy\" decoding=\"async\" width=\"624\" height=\"623\" src=\"https:\/\/www.donat.com\/wp-content\/uploads\/2023\/07\/history003-1.png\" class=\"attachment-full size-full\" alt=\"\" srcset=\"https:\/\/www.donat.com\/wp-content\/uploads\/2023\/07\/history003-1.png 624w, https:\/\/www.donat.com\/wp-content\/uploads\/2023\/07\/history003-1-300x300.png 300w, https:\/\/www.donat.com\/wp-content\/uploads\/2023\/07\/history003-1-150x150.png 150w, https:\/\/www.donat.com\/wp-content\/uploads\/2023\/07\/history003-1-550x550.png 550w, https:\/\/www.donat.com\/wp-content\/uploads\/2023\/07\/history003-1-100x100.png 100w\" sizes=\"auto, (max-width: 624px) 100vw, 624px\" \/><\/div><div class='ms_timeline_single_column text_column'><div class='text-wrapp default-column-text '><h2><b>Donat prejme<\/b> uradno potrdilo o zdravilnosti  <\/h2><p>Zdravilni u\u010dinki, o katerih so govorili doma\u010dini, zdravniki in pivci Donata, so bili prvi\u010d uradno potrjeni leta 1964, ko je bilo izdano potrdilo o zdravilnosti naravne mineralne vode iz vrelca Donat.<\/p>\n<\/div><\/div><\/div><\/div><\/div><\/div><div class='ms_timeline_single  pos-6 img_right'>\n            <div class=\"ms_line_animate img_right \">   \n               <svg xmlns=\"http:\/\/www.w3.org\/2000\/svg\" width=\"850\" height=\"400\" viewBox=\"0 0 850 400\" preserveAspectRatio=\"xMidYMid meet\">\n                  <path class=\"path\" d=\"\tM 850 0 \t\tL 850 100 \t\tC 850 200 750 200 750 200 \t\tL 100 200 \t\tC 100 200 0 200 0 300       L 0 400 \" fill=\"none\" stroke=\"#c9d5d0\" ><\/path>\n                   <text x=\"400\" y=\"234\"  text-anchor=\"middle\"          stroke=\"white\"          stroke-width=\"1px\"          > 1967    <\/text>\n               <\/svg>                 \n            <\/div><div class='ms_timeline_single_toggle'><h2><b>Odprtje<\/b> pivnice<\/h2><\/div><div class='ms_timeline_single_toggle_text'><div class='ms_timeline_single_column_wrapp'><div class='ms_timeline_single_measure'><div class='ms_timeline_single_column image_column'><p class='year-mobile'>1967<\/p><img loading=\"lazy\" decoding=\"async\" width=\"624\" height=\"623\" src=\"https:\/\/www.donat.com\/wp-content\/uploads\/2023\/07\/voda.png\" class=\"attachment-full size-full\" alt=\"\" srcset=\"https:\/\/www.donat.com\/wp-content\/uploads\/2023\/07\/voda.png 624w, https:\/\/www.donat.com\/wp-content\/uploads\/2023\/07\/voda-300x300.png 300w, https:\/\/www.donat.com\/wp-content\/uploads\/2023\/07\/voda-150x150.png 150w, https:\/\/www.donat.com\/wp-content\/uploads\/2023\/07\/voda-550x550.png 550w, https:\/\/www.donat.com\/wp-content\/uploads\/2023\/07\/voda-100x100.png 100w\" sizes=\"auto, (max-width: 624px) 100vw, 624px\" \/><\/div><div class='ms_timeline_single_column text_column'><div class='text-wrapp default-column-text '><h2><b>Odprtje<\/b> pivnice<\/h2><p>Po uni\u010dujo\u010dem po\u017earu, ki je prizadel staro pivnico, so kmalu za\u010deli z gradnjo nove velike pivnice. Poleg stavbe Zdravili\u0161\u010da Roga\u0161ka Slatina je leta 1967 nastala sodobna pivnica z enajstimi fontanami, kjer si lahko zdravili\u0161ki gostje in obiskovalci \u0161e danes sami nato\u010dijo Donat.<\/p>\n<\/div><\/div><\/div><\/div><\/div><\/div><div class='ms_timeline_single  pos-7 img_left'>\n            <div class=\"ms_line_animate img_left \">   \n               <svg xmlns=\"http:\/\/www.w3.org\/2000\/svg\" width=\"850\" height=\"400\" viewBox=\"0 0 850 400\" preserveAspectRatio=\"xMidYMid meet\">\n                  <path class=\"path\" d=\"\tM 0 0           L 0 100         C 0 200 100 200 100 200         L 750 200       C 750 200 850 200 850 300        L 850 400  \" fill=\"none\" stroke=\"#c9d5d0\" ><\/path>\n                   <text x=\"400\" y=\"234\"  text-anchor=\"middle\"          stroke=\"white\"          stroke-width=\"1px\"          > 1987    <\/text>\n               <\/svg>                 \n            <\/div><div class='ms_timeline_single_toggle'><h2><b>Ustanovitev Centra za razvoj<\/b> in znanstveno raziskovanje mineralnih vod<\/h2><\/div><div class='ms_timeline_single_toggle_text'><div class='ms_timeline_single_column_wrapp'><div class='ms_timeline_single_measure'><div class='ms_timeline_single_column image_column'><p class='year-mobile'>1987<\/p><img loading=\"lazy\" decoding=\"async\" width=\"624\" height=\"623\" src=\"https:\/\/www.donat.com\/wp-content\/uploads\/2023\/07\/history005-1.png\" class=\"attachment-full size-full\" alt=\"\" srcset=\"https:\/\/www.donat.com\/wp-content\/uploads\/2023\/07\/history005-1.png 624w, https:\/\/www.donat.com\/wp-content\/uploads\/2023\/07\/history005-1-300x300.png 300w, https:\/\/www.donat.com\/wp-content\/uploads\/2023\/07\/history005-1-150x150.png 150w, https:\/\/www.donat.com\/wp-content\/uploads\/2023\/07\/history005-1-550x550.png 550w, https:\/\/www.donat.com\/wp-content\/uploads\/2023\/07\/history005-1-100x100.png 100w\" sizes=\"auto, (max-width: 624px) 100vw, 624px\" \/><\/div><div class='ms_timeline_single_column text_column'><div class='text-wrapp default-column-text '><h2><b>Ustanovitev Centra za razvoj<\/b> in znanstveno raziskovanje mineralnih vod<\/h2><p>Center za razvoj in znanstveno raziskovanje mineralnih vod je imel pomembno vlogo pri raziskovanju u\u010dinkovitosti Donata in njegovega vpliva na \u010dlove\u0161ki organizem. Center se je po letu 1987 priklju\u010dil Zdravili\u0161\u010du Roga\u0161ka Slatina, kjer so nadaljevali z raziskavami na podro\u010dju balneologije.<\/p>\n<\/div><\/div><\/div><\/div><\/div><\/div><div class='ms_timeline_single  pos-8 img_right'>\n            <div class=\"ms_line_animate img_right \">   \n               <svg xmlns=\"http:\/\/www.w3.org\/2000\/svg\" width=\"850\" height=\"400\" viewBox=\"0 0 850 400\" preserveAspectRatio=\"xMidYMid meet\">\n                  <path class=\"path\" d=\"\tM 850 0 \t\tL 850 100 \t\tC 850 200 750 200 750 200 \t\tL 100 200 \t\tC 100 200 0 200 0 300       L 0 400 \" fill=\"none\" stroke=\"#c9d5d0\" ><\/path>\n                   <text x=\"400\" y=\"234\"  text-anchor=\"middle\"          stroke=\"white\"          stroke-width=\"1px\"          > 2015    <\/text>\n               <\/svg>                 \n            <\/div><div class='ms_timeline_single_toggle'><h2><b>Klini\u010dna \u0161tudija<\/b> doka\u017ee vpliv Donata na prebavo<\/h2><\/div><div class='ms_timeline_single_toggle_text'><div class='ms_timeline_single_column_wrapp'><div class='ms_timeline_single_measure'><div class='ms_timeline_single_column image_column'><p class='year-mobile'>2015<\/p><img loading=\"lazy\" decoding=\"async\" width=\"392\" height=\"560\" src=\"https:\/\/www.donat.com\/wp-content\/uploads\/2023\/07\/BottleBadge-1.png\" class=\"attachment-full size-full\" alt=\"\" srcset=\"https:\/\/www.donat.com\/wp-content\/uploads\/2023\/07\/BottleBadge-1.png 392w, https:\/\/www.donat.com\/wp-content\/uploads\/2023\/07\/BottleBadge-1-210x300.png 210w, https:\/\/www.donat.com\/wp-content\/uploads\/2023\/07\/BottleBadge-1-70x100.png 70w\" sizes=\"auto, (max-width: 392px) 100vw, 392px\" \/><\/div><div class='ms_timeline_single_column text_column'><div class='text-wrapp default-column-text '><h2><b>Klini\u010dna \u0161tudija<\/b> doka\u017ee vpliv Donata na prebavo<\/h2><p>Zavedanje o pozitivnih u\u010dinkih Donata se je prena\u0161alo iz roda v rod in je podkrepljeno z razli\u010dnimi znanstvenimi raziskovanji. Najpomembnej\u0161a je nem\u0161ka klini\u010dna \u0161tudija, izvedena leta 2015, ki je dokazala, da Donat blagodejno vpliva na prebavo ljudi, ki trpijo za funkcionalnim zaprtjem. Ve\u010d o \u0161tudiji, ki je bila objavljena v znanstveni reviji <em>European Journal of Nutrition<\/em>, lahko preberete v \u010dlanku <a href=\"https:\/\/www.donat.com\/sl\/znanstveno-dokazana-ucinkovitost-donata\/\">Znanstveno dokazana u\u010dinkovitost Donata \u2013 Donat<\/a>.<\/p>\n<\/div><\/div><\/div><\/div><\/div><\/div><div class='ms_timeline_single  pos-9 img_left'>\n            <div class=\"ms_line_animate img_left \">   \n               <svg xmlns=\"http:\/\/www.w3.org\/2000\/svg\" width=\"850\" height=\"400\" viewBox=\"0 0 850 400\" preserveAspectRatio=\"xMidYMid meet\">\n                  <path class=\"path\" d=\"\tM 0 0           L 0 100         C 0 200 100 200 100 200         L 750 200       C 750 200 850 200 850 300        L 850 400  \" fill=\"none\" stroke=\"#c9d5d0\" ><\/path>\n                   <text x=\"400\" y=\"234\"  text-anchor=\"middle\"          stroke=\"white\"          stroke-width=\"1px\"          > 2022    <\/text>\n               <\/svg>                 \n            <\/div><div class='ms_timeline_single_toggle'><h2><b>Trajnost postane <\/b> vodilo razvoja<\/h2><\/div><div class='ms_timeline_single_toggle_text'><div class='ms_timeline_single_column_wrapp'><div class='ms_timeline_single_measure'><div class='ms_timeline_single_column image_column'><p class='year-mobile'>2022<\/p><img loading=\"lazy\" decoding=\"async\" width=\"746\" height=\"559\" src=\"https:\/\/www.donat.com\/wp-content\/uploads\/2023\/07\/DONAT-TRAJNOSTNO-POROCILO-MAJ22-V2-BREZ-SENCE-1-1.png\" class=\"attachment-full size-full\" alt=\"\" srcset=\"https:\/\/www.donat.com\/wp-content\/uploads\/2023\/07\/DONAT-TRAJNOSTNO-POROCILO-MAJ22-V2-BREZ-SENCE-1-1.png 746w, https:\/\/www.donat.com\/wp-content\/uploads\/2023\/07\/DONAT-TRAJNOSTNO-POROCILO-MAJ22-V2-BREZ-SENCE-1-1-300x225.png 300w, https:\/\/www.donat.com\/wp-content\/uploads\/2023\/07\/DONAT-TRAJNOSTNO-POROCILO-MAJ22-V2-BREZ-SENCE-1-1-133x100.png 133w\" sizes=\"auto, (max-width: 746px) 100vw, 746px\" \/><\/div><div class='ms_timeline_single_column text_column'><div class='text-wrapp default-column-text '><h2><b>Trajnost postane <\/b> vodilo razvoja<\/h2><p>Donat \u017ee 115 let postavlja visoke standarde trajnostnega razvoja. Leta 2022 smo cilje in aktivnosti na podro\u010dju trajnosti tudi jasno in pregledno predstavili v prvem samostojnem trajnostnem poro\u010dilu. Prizadevanja smo razdelili na \u0161tiri klju\u010dne stebre: ljudje, izdelki, okolje in upravljanje.<\/p>\n<\/div><\/div><\/div><\/div><\/div><\/div><div><div>\n\n        <\/div>\n    <\/div>\n<\/div>","protected":false},"excerpt":{"rendered":"","protected":false},"author":5,"featured_media":0,"parent":0,"menu_order":0,"comment_status":"closed","ping_status":"closed","template":"","meta":{"_acf_changed":false,"footnotes":""},"class_list":["post-181117","page","type-page","status-publish","hentry"],"acf":[],"_links":{"self":[{"href":"https:\/\/www.donat.com\/sl\/wp-json\/wp\/v2\/pages\/181117","targetHints":{"allow":["GET"]}}],"collection":[{"href":"https:\/\/www.donat.com\/sl\/wp-json\/wp\/v2\/pages"}],"about":[{"href":"https:\/\/www.donat.com\/sl\/wp-json\/wp\/v2\/types\/page"}],"author":[{"embeddable":true,"href":"https:\/\/www.donat.com\/sl\/wp-json\/wp\/v2\/users\/5"}],"replies":[{"embeddable":true,"href":"https:\/\/www.donat.com\/sl\/wp-json\/wp\/v2\/comments?post=181117"}],"version-history":[{"count":36,"href":"https:\/\/www.donat.com\/sl\/wp-json\/wp\/v2\/pages\/181117\/revisions"}],"predecessor-version":[{"id":188334,"href":"https:\/\/www.donat.com\/sl\/wp-json\/wp\/v2\/pages\/181117\/revisions\/188334"}],"wp:attachment":[{"href":"https:\/\/www.donat.com\/sl\/wp-json\/wp\/v2\/media?parent=181117"}],"curies":[{"name":"wp","href":"https:\/\/api.w.org\/{rel}","templated":true}]}}