{"id":184156,"date":"2023-08-23T14:21:28","date_gmt":"2023-08-23T12:21:28","guid":{"rendered":"https:\/\/www.donat.com\/?page_id=184156"},"modified":"2023-08-23T14:23:38","modified_gmt":"2023-08-23T12:23:38","slug":"storitev-vprasajte-strokovnjaka","status":"publish","type":"page","link":"https:\/\/www.donat.com\/sl\/storitev-vprasajte-strokovnjaka\/","title":{"rendered":"Storitev vpra\u0161ajte strokovnjaka"},"content":{"rendered":"<div id=\"\" class=\"ow_container_section  at-6tagen-form\">\n    <div class=\"container\">\n        <div class=\"content\">\n            \n<div class='form_block ow_form ow_form_93' data-index='450'><div class='container'><div class='content ignore'><div class='row-text default-column-text h40p20'><h2><strong>Hvala ker si boste vzeli \u010das za izpolnitev ankete.<\/strong><\/h2>\n<p><strong>Ker \u017eelimo, da bo va\u0161a uporabni\u0161ka izku\u0161nja kvalitetna, vas prosimo, da z nami delite, kako ste zadovoljni s storitvijo \u201cvpra\u0161ajte strokovnjaka\u201d.<\/strong><\/p>\n<\/div><div class='row-form '><script type=\"text\/javascript\">\n\/* <![CDATA[ *\/\nvar gform;gform||(document.addEventListener(\"gform_main_scripts_loaded\",function(){gform.scriptsLoaded=!0}),document.addEventListener(\"gform\/theme\/scripts_loaded\",function(){gform.themeScriptsLoaded=!0}),window.addEventListener(\"DOMContentLoaded\",function(){gform.domLoaded=!0}),gform={domLoaded:!1,scriptsLoaded:!1,themeScriptsLoaded:!1,isFormEditor:()=>\"function\"==typeof InitializeEditor,callIfLoaded:function(o){return!(!gform.domLoaded||!gform.scriptsLoaded||!gform.themeScriptsLoaded&&!gform.isFormEditor()||(gform.isFormEditor()&&console.warn(\"The use of gform.initializeOnLoaded() is deprecated in the form editor context and will be removed in Gravity Forms 3.1.\"),o(),0))},initializeOnLoaded:function(o){gform.callIfLoaded(o)||(document.addEventListener(\"gform_main_scripts_loaded\",()=>{gform.scriptsLoaded=!0,gform.callIfLoaded(o)}),document.addEventListener(\"gform\/theme\/scripts_loaded\",()=>{gform.themeScriptsLoaded=!0,gform.callIfLoaded(o)}),window.addEventListener(\"DOMContentLoaded\",()=>{gform.domLoaded=!0,gform.callIfLoaded(o)}))},hooks:{action:{},filter:{}},addAction:function(o,r,e,t){gform.addHook(\"action\",o,r,e,t)},addFilter:function(o,r,e,t){gform.addHook(\"filter\",o,r,e,t)},doAction:function(o){gform.doHook(\"action\",o,arguments)},applyFilters:function(o){return gform.doHook(\"filter\",o,arguments)},removeAction:function(o,r){gform.removeHook(\"action\",o,r)},removeFilter:function(o,r,e){gform.removeHook(\"filter\",o,r,e)},addHook:function(o,r,e,t,n){null==gform.hooks[o][r]&&(gform.hooks[o][r]=[]);var d=gform.hooks[o][r];null==n&&(n=r+\"_\"+d.length),gform.hooks[o][r].push({tag:n,callable:e,priority:t=null==t?10:t})},doHook:function(r,o,e){var t;if(e=Array.prototype.slice.call(e,1),null!=gform.hooks[r][o]&&((o=gform.hooks[r][o]).sort(function(o,r){return o.priority-r.priority}),o.forEach(function(o){\"function\"!=typeof(t=o.callable)&&(t=window[t]),\"action\"==r?t.apply(null,e):e[0]=t.apply(null,e)})),\"filter\"==r)return e[0]},removeHook:function(o,r,t,n){var e;null!=gform.hooks[o][r]&&(e=(e=gform.hooks[o][r]).filter(function(o,r,e){return!!(null!=n&&n!=o.tag||null!=t&&t!=o.priority)}),gform.hooks[o][r]=e)}});\n\/* ]]> *\/\n<\/script>\n\n                <div class='gf_browser_gecko gform_wrapper gravity-theme gform-theme--no-framework anketa-zadovoljstva-bih_wrapper' data-form-theme='gravity-theme' data-form-index='0' id='gform_wrapper_93' ><div id='gf_93' class='gform_anchor' tabindex='-1'><\/div>\n                        <div class='gform_heading'>\n                            <h2 class=\"gform_title\">SLO &#8211; storitev vprasajte strokovnjaka<\/h2>\n                            <p class='gform_description'><\/p>\n                        <\/div><form method='post' enctype='multipart\/form-data' target='gform_ajax_frame_93' id='gform_93' class='anketa-zadovoljstva-bih' action='\/sl\/wp-json\/wp\/v2\/pages\/184156#gf_93' data-formid='93' novalidate>\n                        <div class='gform-body gform_body'><div id='gform_fields_93' class='gform_fields top_label form_sublabel_below description_below validation_below'><div id=\"field_93_6\" class=\"gfield gfield--type-honeypot gform_validation_container field_sublabel_below gfield--has-description field_description_below field_validation_below gfield_visibility_visible\"  ><label class='gfield_label gform-field-label' for='input_93_6'>Name<\/label><div class='ginput_container'><input name='input_6' id='input_93_6' type='text' value='' autocomplete='new-password'\/><\/div><div class='gfield_description' id='gfield_description_93_6'>This field is for validation purposes and should be left unchanged.<\/div><\/div><fieldset id=\"field_93_4\" class=\"gfield gfield--type-radio gfield--type-choice gfield--input-type-radio ms_radio show_label ms_radio_vertical stars field_sublabel_below gfield--no-description field_description_below field_validation_below gfield_visibility_visible\"  ><legend class='gfield_label gform-field-label' >Kako bi ocenili izku\u0161njo s storitvijo \u00bbvpra\u0161ajte strokovnjaka\u00ab? (1- povsem neustrezna; 5 &#8211; povsem ustrezna;)<\/legend><div class='ginput_container ginput_container_radio'><div class='gfield_radio' id='input_93_4'>\n\t\t\t<div class='gchoice gchoice_93_4_0'>\n\t\t\t\t\t<input class='gfield-choice-input' name='input_4' type='radio' value='1'  id='choice_93_4_0' onchange='gformToggleRadioOther( this )'  tabindex='450'  \/>\n\t\t\t\t\t<label for='choice_93_4_0' id='label_93_4_0' class='gform-field-label gform-field-label--type-inline'>1<\/label>\n\t\t\t<\/div>\n\t\t\t<div class='gchoice gchoice_93_4_1'>\n\t\t\t\t\t<input class='gfield-choice-input' name='input_4' type='radio' value='2'  id='choice_93_4_1' onchange='gformToggleRadioOther( this )'  tabindex='451'  \/>\n\t\t\t\t\t<label for='choice_93_4_1' id='label_93_4_1' class='gform-field-label gform-field-label--type-inline'>2<\/label>\n\t\t\t<\/div>\n\t\t\t<div class='gchoice gchoice_93_4_2'>\n\t\t\t\t\t<input class='gfield-choice-input' name='input_4' type='radio' value='3'  id='choice_93_4_2' onchange='gformToggleRadioOther( this )'  tabindex='452'  \/>\n\t\t\t\t\t<label for='choice_93_4_2' id='label_93_4_2' class='gform-field-label gform-field-label--type-inline'>3<\/label>\n\t\t\t<\/div>\n\t\t\t<div class='gchoice gchoice_93_4_3'>\n\t\t\t\t\t<input class='gfield-choice-input' name='input_4' type='radio' value='4'  id='choice_93_4_3' onchange='gformToggleRadioOther( this )'  tabindex='453'  \/>\n\t\t\t\t\t<label for='choice_93_4_3' id='label_93_4_3' class='gform-field-label gform-field-label--type-inline'>4<\/label>\n\t\t\t<\/div>\n\t\t\t<div class='gchoice gchoice_93_4_4'>\n\t\t\t\t\t<input class='gfield-choice-input' name='input_4' type='radio' value='5'  id='choice_93_4_4' onchange='gformToggleRadioOther( this )'  tabindex='454'  \/>\n\t\t\t\t\t<label for='choice_93_4_4' id='label_93_4_4' class='gform-field-label gform-field-label--type-inline'>5<\/label>\n\t\t\t<\/div><\/div><\/div><\/fieldset><div id=\"field_93_5\" class=\"gfield gfield--type-turnstile gfield--input-type-turnstile gfield--width-full field_sublabel_below gfield--no-description field_description_below field_validation_below gfield_visibility_visible\"  ><div class='ginput_container ginput_container_turnstile'><div class=\"cf-turnstile\" id=\"cf-turnstile_93\" data-js-turnstile data-response-field-name=\"cf-turnstile-response_93\" data-theme=\"light\" data-sitekey=\"0x4AAAAAABvFPuT58xpzlnvp\"><\/div><\/div><\/div><\/div><\/div>\n        <div class='gform-footer gform_footer top_label'> <input type='submit' id='gform_submit_button_93' class='gform_button button' onclick='gform.submission.handleButtonClick(this);' data-submission-type='submit' value='Po\u0161lji' tabindex='455' \/> <input type='hidden' name='gform_ajax' value='form_id=93&amp;title=1&amp;description=1&amp;tabindex=450&amp;theme=gravity-theme&amp;styles=[]&amp;hash=013a2cd8abfe71c4e35b9c4428df267d' \/>\n            <input type='hidden' class='gform_hidden' name='gform_submission_method' data-js='gform_submission_method_93' value='iframe' \/>\n            <input type='hidden' class='gform_hidden' name='gform_theme' data-js='gform_theme_93' id='gform_theme_93' value='gravity-theme' \/>\n            <input type='hidden' class='gform_hidden' name='gform_style_settings' data-js='gform_style_settings_93' id='gform_style_settings_93' value='[]' \/>\n            <input type='hidden' class='gform_hidden' name='is_submit_93' value='1' \/>\n            <input type='hidden' class='gform_hidden' name='gform_submit' value='93' \/>\n            \n            <input type='hidden' class='gform_hidden' name='gform_currency' data-currency='EUR' value='Q1MCZD2Oc5ndNaaw2NSw7\/sm2e9grPW1i1P5tL1170R4GR8Peq7dhVeuD8l4Brj0oFg1BJv6sRpaVBpKiUWHJuqqhlKafSfYq3hxQk04B99HNO8=' \/>\n            <input type='hidden' class='gform_hidden' name='gform_unique_id' value='' \/>\n            <input type='hidden' class='gform_hidden' name='state_93' value='WyJbXSIsImIyMjRkOWM2OWI1MWMzNDBjMTZkNDc2YWJmY2E3ODIyIl0=' \/>\n            <input type='hidden' autocomplete='off' class='gform_hidden' name='gform_target_page_number_93' id='gform_target_page_number_93' value='0' \/>\n            <input type='hidden' autocomplete='off' class='gform_hidden' name='gform_source_page_number_93' id='gform_source_page_number_93' value='1' \/>\n            <input type='hidden' name='gform_field_values' value='' \/>\n            \n        <\/div>\n                        <\/form>\n                        <\/div>\n\t\t                <iframe style='display:none;width:0px;height:0px;' src='about:blank' name='gform_ajax_frame_93' id='gform_ajax_frame_93' title='This iframe contains the logic required to handle Ajax powered Gravity Forms.'><\/iframe>\n\t\t                <script type=\"text\/javascript\">\n\/* <![CDATA[ *\/\n gform.initializeOnLoaded( function() {gformInitSpinner( 93, 'https:\/\/www.donat.com\/wp-content\/themes\/noodle-child\/assets\/images\/icons\/loader.svg', true );jQuery('#gform_ajax_frame_93').on('load',function(){var contents = jQuery(this).contents().find('*').html();var is_postback = contents.indexOf('GF_AJAX_POSTBACK') >= 0;if(!is_postback){return;}var form_content = jQuery(this).contents().find('#gform_wrapper_93');var is_confirmation = jQuery(this).contents().find('#gform_confirmation_wrapper_93').length > 0;var is_redirect = contents.indexOf('gformRedirect(){') >= 0;var is_form = form_content.length > 0 && ! is_redirect && ! is_confirmation;var mt = parseInt(jQuery('html').css('margin-top'), 10) + parseInt(jQuery('body').css('margin-top'), 10) + 100;if(is_form){jQuery('#gform_wrapper_93').html(form_content.html());if(form_content.hasClass('gform_validation_error')){jQuery('#gform_wrapper_93').addClass('gform_validation_error');} else {jQuery('#gform_wrapper_93').removeClass('gform_validation_error');}setTimeout( function() { \/* delay the scroll by 50 milliseconds to fix a bug in chrome *\/ jQuery(document).scrollTop(jQuery('#gform_wrapper_93').offset().top - mt); }, 50 );if(window['gformInitDatepicker']) {gformInitDatepicker();}if(window['gformInitPriceFields']) {gformInitPriceFields();}var current_page = jQuery('#gform_source_page_number_93').val();gformInitSpinner( 93, 'https:\/\/www.donat.com\/wp-content\/themes\/noodle-child\/assets\/images\/icons\/loader.svg', true );jQuery(document).trigger('gform_page_loaded', [93, current_page]);window['gf_submitting_93'] = false;}else if(!is_redirect){var confirmation_content = jQuery(this).contents().find('.GF_AJAX_POSTBACK').html();if(!confirmation_content){confirmation_content = contents;}jQuery('#gform_wrapper_93').replaceWith(confirmation_content);jQuery(document).scrollTop(jQuery('#gf_93').offset().top - mt);jQuery(document).trigger('gform_confirmation_loaded', [93]);window['gf_submitting_93'] = false;wp.a11y.speak(jQuery('#gform_confirmation_message_93').text());}else{jQuery('#gform_93').append(contents);if(window['gformRedirect']) {gformRedirect();}}jQuery(document).trigger(\"gform_pre_post_render\", [{ formId: \"93\", currentPage: \"current_page\", abort: function() { this.preventDefault(); } }]);        if (event && event.defaultPrevented) {                return;        }        const gformWrapperDiv = document.getElementById( \"gform_wrapper_93\" );        if ( gformWrapperDiv ) {            const visibilitySpan = document.createElement( \"span\" );            visibilitySpan.id = \"gform_visibility_test_93\";            gformWrapperDiv.insertAdjacentElement( \"afterend\", visibilitySpan );        }        const visibilityTestDiv = document.getElementById( \"gform_visibility_test_93\" );        let postRenderFired = false;        function triggerPostRender() {            if ( postRenderFired ) {                return;            }            postRenderFired = true;            gform.core.triggerPostRenderEvents( 93, current_page );            if ( visibilityTestDiv ) {                visibilityTestDiv.parentNode.removeChild( visibilityTestDiv );            }        }        function debounce( func, wait, immediate ) {            var timeout;            return function() {                var context = this, args = arguments;                var later = function() {                    timeout = null;                    if ( !immediate ) func.apply( context, args );                };                var callNow = immediate && !timeout;                clearTimeout( timeout );                timeout = setTimeout( later, wait );                if ( callNow ) func.apply( context, args );            };        }        const debouncedTriggerPostRender = debounce( function() {            triggerPostRender();        }, 200 );        if ( visibilityTestDiv && visibilityTestDiv.offsetParent === null ) {            const observer = new MutationObserver( ( mutations ) => {                mutations.forEach( ( mutation ) => {                    if ( mutation.type === 'attributes' && visibilityTestDiv.offsetParent !== null ) {                        debouncedTriggerPostRender();                        observer.disconnect();                    }                });            });            observer.observe( document.body, {                attributes: true,                childList: false,                subtree: true,                attributeFilter: [ 'style', 'class' ],            });        } else {            triggerPostRender();        }    } );} ); \n\/* ]]> *\/\n<\/script>\n<\/div><\/div><\/div><\/div>\n\n        <\/div>\n    <\/div>\n<\/div>","protected":false},"excerpt":{"rendered":"","protected":false},"author":5,"featured_media":0,"parent":0,"menu_order":0,"comment_status":"closed","ping_status":"closed","template":"","meta":{"_acf_changed":false,"footnotes":""},"class_list":["post-184156","page","type-page","status-publish","hentry"],"acf":[],"_links":{"self":[{"href":"https:\/\/www.donat.com\/sl\/wp-json\/wp\/v2\/pages\/184156","targetHints":{"allow":["GET"]}}],"collection":[{"href":"https:\/\/www.donat.com\/sl\/wp-json\/wp\/v2\/pages"}],"about":[{"href":"https:\/\/www.donat.com\/sl\/wp-json\/wp\/v2\/types\/page"}],"author":[{"embeddable":true,"href":"https:\/\/www.donat.com\/sl\/wp-json\/wp\/v2\/users\/5"}],"replies":[{"embeddable":true,"href":"https:\/\/www.donat.com\/sl\/wp-json\/wp\/v2\/comments?post=184156"}],"version-history":[{"count":9,"href":"https:\/\/www.donat.com\/sl\/wp-json\/wp\/v2\/pages\/184156\/revisions"}],"predecessor-version":[{"id":184166,"href":"https:\/\/www.donat.com\/sl\/wp-json\/wp\/v2\/pages\/184156\/revisions\/184166"}],"wp:attachment":[{"href":"https:\/\/www.donat.com\/sl\/wp-json\/wp\/v2\/media?parent=184156"}],"curies":[{"name":"wp","href":"https:\/\/api.w.org\/{rel}","templated":true}]}}