{"id":195950,"date":"2023-11-29T15:44:35","date_gmt":"2023-11-29T13:44:35","guid":{"rendered":"https:\/\/www.donat.com\/privacy-policy-chatbot\/"},"modified":"2023-12-02T13:30:15","modified_gmt":"2023-12-02T11:30:15","slug":"izjava-o-omejitvi-odgovornosti","status":"publish","type":"page","link":"https:\/\/www.donat.com\/sl\/izjava-o-omejitvi-odgovornosti\/","title":{"rendered":"Chatbot &#8211; Izjava o omejitvi odgovornosti"},"content":{"rendered":"\n<h1 class=\"wp-block-heading\">Izjava o omejitvi odgovornosti<\/h1>\n\n\n\n<p>Z uporabo tega orodja, objavljenega na spletni strani <a href=\"https:\/\/www.donat.com\">www.donat.com<\/a> sogla\u0161ate in potrjujete, da ste seznanjeni z Politiko zasebnosti, objavljeni na <a href=\"https:\/\/www.donat.com\/sl\/pravila-zasebnosti\/\">https:\/\/www.donat.com\/sl\/pravila-zasebnosti\/<\/a> in to Izjavo o omejitvi odgovornosti, se z obema izrecno strinjate in izrecno sogla\u0161ate, da boste orodje uporabljali izklju\u010dno na lastno odgovornost ter v skladu s pogoji navedeni v tej izjavi.<\/p>\n\n\n\n<p>To orodje temelji na osnovi umetne inteligence, dru\u017eba Atlantic Droga Kolinska d.o.o., Kolinska ulica 1, 1000 Ljubljana (v nadaljevanju dru\u017eba) pa si skupaj z razvijalci orodja, prizadeva zagotoviti visokokakovostno in zanesljivo orodje, vendar nikakor v nobenem primeru, ne more zagotavljati in jam\u010diti:<\/p>\n\n\n\n<ol class=\"wp-block-list\">\n<li>za ustreznost in popolnost posredovanih informacij s strani orodja,<\/li>\n\n\n\n<li>da orodje razume va\u0161e vpra\u0161anje in vam posreduje pravilne odgovore\/informacije,<\/li>\n\n\n\n<li>za popolno delovanje orodja, za njegove napake ali pomanjkljivost, ki se lahko pojavijo med uporabo orodja.<\/li>\n\n\n\n<li>da bo orodje vselej delovalo brezhibno in bo podajalo resni\u010dne informacije, ob tem pojasnjuje, da je orodje \u0161e v beta verziji,<\/li>\n\n\n\n<li>da uporaba orodja nadomesti kateregakoli strokovnjaka.<\/li>\n<\/ol>\n\n\n\n<p>Dru\u017eba ni odgovorna za kakr\u0161nokoli \u0161kodo ali izgubo, ki bi nastala zaradi uporabe orodja ali zaradi napa\u010dnega razumevanja in uporabe informacij, ki jih boste\/ste jih pridobili z uporabo orodja.<\/p>\n\n\n\n<p>Informacije, ki jih poda orodje, ne predstavlja stali\u0161\u010da\/mnenja\/pogledov Dru\u017ebe.<\/p>\n\n\n\n<p>Uporabniki orodja, z uporabo tega orodja, izrecno prevzamete vsa tveganja in odgovornosti, povezane z uporabo orodja, sogla\u0161ate in se zavedate, da:<\/p>\n\n\n\n<ol class=\"wp-block-list\">\n<li>so vse informacije, ki jih prejmete s strani orodja, zgolj informativne narave, jih generira umetna inteligenca in so izklju\u010dno namenjene le splo\u0161nemu informiranju.<\/li>\n\n\n\n<li>se ne smete zana\u0161ati izklju\u010dno na informacije, ki jih zagotavlja orodje in ste za preverjanje verodostojnosti podatkov, ki jih prejmete z uporabo orodja, izklju\u010dno in v celoti odgovorni sami.<\/li>\n\n\n\n<li>informacije, ki vam jih posreduje orodje ne pomenijo in ne nadome\u0161\u010dajo svetovanje prehranskega svetovalca ali drugega strokovnjaka. V primeru strokovnih vpra\u0161anj se boste obrnili na strokovnjaka, primernega in odgovornega za posamezno podro\u010dje, na katerega se navezuje strokovno vpra\u0161anje.<\/li>\n\n\n\n<li>je uporaba tega orodja brezpla\u010dna.<\/li>\n\n\n\n<li>Dru\u017eba ne odgovarja za kakr\u0161nokoli \u0161kodo ali izgubo, ki bi nastala zaradi uporabe orodja ali zaradi napa\u010dnega razumevanja in uporabe informacij, ki jih boste\/ste jih pridobili z uporabo tega orodja. Kot uporabnik prevzamete vsa tveganja in odgovornosti povezano z uporabo orodja in od Dru\u017ebe ne boste zahtevali povra\u010dila kakr\u0161nekoli \u0161kode ali izgube, ki bi vam nastala zaradi uporabe tega orodja, kot posledica nespo\u0161tovanja oz. kr\u0161itve te izjave.<\/li>\n\n\n\n<li>to orodje od vas ne zahteva posredovanja osebnih podatkov, prav tako pa kakr\u0161nihkoli osebnih podatkov ne zbira samodejno, razen podatkov v skladu s Politiko zasebnosti. V primeru, da se boste za posredovanje osebnih podatkov znotraj orodja odlo\u010dili sami, to po\u010dnete na lastno odgovornost in orodje in Dru\u017eba nista odgovorna za upravljanje ali varnost podatkov. Dru\u017eba vnos osebnih podatkov v orodje odsvetuje.<\/li>\n\n\n\n<li>vse informacije, ki jih kot uporabnik vnesete v orodje, lahko dru\u017eba uporablja v interne namene optimizacije delovanja orodja.<\/li>\n\n\n\n<li>v primeru, \u010de orodje uporablja oseba, ki je mlaj\u0161a od 15 let, jam\u010di, da orodje uporablja ob prisotnosti star\u0161ev oz. zakonitih zastopnikov, ki lahko za njo jam\u010dijo.<\/li>\n\n\n\n<li>tega orodja ne boste uporabljali v prepovedane in \u0161kodljive namene, kot na primer, vendar ne izklju\u010dno za: uporabo informacij, na na\u010din, ki kr\u0161i ali si prila\u0161\u010da pravice tretjih oseb oz. Dru\u017ebe, spreminjanje, kopiranje ali posredovanje pridobljenih informacij tretjim osebam z namenom razli\u010dnih zlorab, poseganje v programsko opremo orodja ali spletne strani Dru\u017ebe, ipd.<\/li>\n\n\n\n<li>bom spo\u0161toval pravice intelektualne lastnine dru\u017ebe in v njih ne bom posegal na kakr\u0161enkoli na\u010din, sicer sem dru\u017ebi od\u0161kodninsko odgovoren.<\/li>\n<\/ol>\n\n\n\n<p>V primeru dodatnih informacij se obrnite na Dru\u017ebo na e-naslov: <a href=\"mailto:info@donat.com\">info@donat.com<\/a><\/p>\n","protected":false},"excerpt":{"rendered":"<p>Izjava o omejitvi odgovornosti Z uporabo tega orodja, objavljenega na spletni strani www.donat.com sogla\u0161ate in potrjujete, da ste seznanjeni z Politiko zasebnosti, objavljeni na https:\/\/www.donat.com\/sl\/pravila-zasebnosti\/ in to Izjavo o omejitvi odgovornosti, se z obema izrecno strinjate in izrecno sogla\u0161ate, da boste orodje uporabljali izklju\u010dno na lastno odgovornost ter v skladu s pogoji navedeni v tej <a href=\"https:\/\/www.donat.com\/sl\/izjava-o-omejitvi-odgovornosti\/\" class=\"more-link\">&#8230;<\/a><\/p>\n","protected":false},"author":38548,"featured_media":0,"parent":0,"menu_order":0,"comment_status":"closed","ping_status":"open","template":"","meta":{"_acf_changed":false,"footnotes":""},"class_list":["post-195950","page","type-page","status-publish","hentry"],"acf":[],"_links":{"self":[{"href":"https:\/\/www.donat.com\/sl\/wp-json\/wp\/v2\/pages\/195950","targetHints":{"allow":["GET"]}}],"collection":[{"href":"https:\/\/www.donat.com\/sl\/wp-json\/wp\/v2\/pages"}],"about":[{"href":"https:\/\/www.donat.com\/sl\/wp-json\/wp\/v2\/types\/page"}],"author":[{"embeddable":true,"href":"https:\/\/www.donat.com\/sl\/wp-json\/wp\/v2\/users\/38548"}],"replies":[{"embeddable":true,"href":"https:\/\/www.donat.com\/sl\/wp-json\/wp\/v2\/comments?post=195950"}],"version-history":[{"count":1,"href":"https:\/\/www.donat.com\/sl\/wp-json\/wp\/v2\/pages\/195950\/revisions"}],"predecessor-version":[{"id":195953,"href":"https:\/\/www.donat.com\/sl\/wp-json\/wp\/v2\/pages\/195950\/revisions\/195953"}],"wp:attachment":[{"href":"https:\/\/www.donat.com\/sl\/wp-json\/wp\/v2\/media?parent=195950"}],"curies":[{"name":"wp","href":"https:\/\/api.w.org\/{rel}","templated":true}]}}