{"id":221768,"date":"2025-09-05T08:33:56","date_gmt":"2025-09-05T06:33:56","guid":{"rendered":"https:\/\/www.donat.com\/?page_id=221768"},"modified":"2026-04-28T14:54:29","modified_gmt":"2026-04-28T12:54:29","slug":"krepitev-imunskega-sistema-s-skrbjo-za-crevesje","status":"publish","type":"page","link":"https:\/\/www.donat.com\/sl\/krepitev-imunskega-sistema-s-skrbjo-za-crevesje\/","title":{"rendered":"Krepitev imunskega sistema s skrbjo za \u010drevesje"},"content":{"rendered":"<div  class='fullwidth-banner-block  fullwidth-banner--bg-top' style='min-height: 100vh;'><style>.fullwidth-banner__bg-wrap {position: absolute;left: 0;top: 0;height: 100%;width: 100%;} .fullwidth-banner__bg-desktop, .fullwidth-banner__bg-mobile {height: 100%;} .fullwidth-banner__bg-desktop img, .fullwidth-banner__bg-mobile img {height: 100%;width: 100%;object-fit: cover;object-position: center;} .fullwidth-banner--bg-top .fullwidth-banner__bg-desktop img, .fullwidth-banner--bg-top .fullwidth-banner__bg-mobile img {object-position: top center;}<\/style><div class='fullwidth-banner__shadow'><\/div><div class='fullwidth-banner__bg-wrap'><div class='fullwidth-banner__bg-desktop'><img loading=\"lazy\" decoding=\"async\" width=\"1920\" height=\"1310\" src=\"https:\/\/www.donat.com\/wp-content\/uploads\/2025\/08\/LP-Imuno-desktop.png\" class=\"attachment-fullsize size-fullsize\" alt=\"\" srcset=\"https:\/\/www.donat.com\/wp-content\/uploads\/2025\/08\/LP-Imuno-desktop.png 1920w, https:\/\/www.donat.com\/wp-content\/uploads\/2025\/08\/LP-Imuno-desktop-300x205.png 300w, https:\/\/www.donat.com\/wp-content\/uploads\/2025\/08\/LP-Imuno-desktop-1024x699.png 1024w, https:\/\/www.donat.com\/wp-content\/uploads\/2025\/08\/LP-Imuno-desktop-1536x1048.png 1536w, https:\/\/www.donat.com\/wp-content\/uploads\/2025\/08\/LP-Imuno-desktop-147x100.png 147w, https:\/\/www.donat.com\/wp-content\/uploads\/2025\/08\/LP-Imuno-desktop-750x512.png 750w, https:\/\/www.donat.com\/wp-content\/uploads\/2025\/08\/LP-Imuno-desktop-900x614.png 900w\" sizes=\"auto, (max-width: 1920px) 100vw, 1920px\" \/><\/div><div class='fullwidth-banner__bg-mobile'  style='display:none;'><img decoding=\"async\" width=\"675\" height=\"897\" src=\"https:\/\/www.donat.com\/wp-content\/uploads\/2025\/08\/LP-Imuno-mobile.png\" class=\"attachment-fullsize size-fullsize\" alt=\"\" loading=\"lazy\" srcset=\"https:\/\/www.donat.com\/wp-content\/uploads\/2025\/08\/LP-Imuno-mobile.png 675w, https:\/\/www.donat.com\/wp-content\/uploads\/2025\/08\/LP-Imuno-mobile-226x300.png 226w, https:\/\/www.donat.com\/wp-content\/uploads\/2025\/08\/LP-Imuno-mobile-75x100.png 75w\" sizes=\"auto, (max-width: 675px) 100vw, 675px\" \/><\/div><\/div><div class='container'><div class='content'><div class='fullwidth-banner__content'><div class='fullwidth-banner__content-inner default-column-text h1_like_h2'><h1>Poskrbite za svoje \u010drevesje in <strong>okrepite imunski sistem<\/strong><\/h1>\n<p>Ali ste vedeli, da se skoraj 80 % celic na\u0161ega imunskega sistema nahaja v \u010drevesju? V 14-dnevnem izzivu boste izvedeli ve\u010d o povezavi med prebavnim in imunskim sistemom ter prejeli prakti\u010dne nasvete, kako vsakodnevno krepiti oba sistema.<\/p>\n<div class='hhb__link mt32'><a class='btn--green--16' target=''href ='#prijava-event'>PRIJAVITE SE<\/a><\/div><\/div><\/div><\/div><\/div><\/div>\n\n<div id=\"prijava-event\" class=\"ow_container_section  detox-page-balance-of-digestion  container-989 move-headline-section content_90_80 mt80\">\n    <div class=\"container\">\n        <div class=\"content\">\n            \n\n<div class=\"wp-block-columns\">\n<div class=\"wp-block-column is-vertically-aligned-center default-column-text column-image\">\n<h3 class=\"wp-block-heading mobile-headline\" id=\"skrb-za-prebavo-je-skrb-za-dobro-ocisceno-telo\"><strong>Pridru\u017eite se 14-dnevnemu izzivu<\/strong> in za\u010dnite s preprostim prvim korakom.<\/h3>\n\n\n\n<p class=\"mobile-headline\"><strong><strong>Skupaj za\u010dnemo 6. oktobra \u2013 kasneje udele\u017eba ne bo ve\u010d mogo\u010da!<\/strong>&nbsp;<\/strong><\/p>\n\n\n<div class=\"wp-block-image ow_hide_on_mobile\">\n<figure class=\"aligncenter size-full\"><img loading=\"lazy\" decoding=\"async\" width=\"410\" height=\"524\" src=\"https:\/\/www.donat.com\/wp-content\/uploads\/2021\/03\/crevo-ravnovesje-v2.png\" alt=\"\" class=\"wp-image-4258\" srcset=\"https:\/\/www.donat.com\/wp-content\/uploads\/2021\/03\/crevo-ravnovesje-v2.png 410w, https:\/\/www.donat.com\/wp-content\/uploads\/2021\/03\/crevo-ravnovesje-v2-235x300.png 235w\" sizes=\"auto, (max-width: 410px) 100vw, 410px\" \/><\/figure>\n<\/div><\/div>\n\n\n\n<div class=\"wp-block-column is-vertically-aligned-center default-column-text column-text\">\n<h3 class=\"wp-block-heading\" id=\"skrb-za-prebavo-je-skrb-za-dobro-ocisceno-telo\"><strong>Pridru\u017eite se 14-dnevnemu izzivu<\/strong> in za\u010dnite s preprostim prvim korakom.<\/h3>\n\n\n\n<p class=\"ow_hide_on_mobile\"><strong><strong>Skupaj za\u010dnemo 6. oktobra \u2013 kasneje udele\u017eba ne bo ve\u010d mogo\u010da!<\/strong>\u00a0<\/strong><\/p>\n\n\n\n<p>Prijave so zaklju\u010dene.<\/p>\n\n\n\n<div class=\"wp-block-group hide_nonadmin\"><div class=\"wp-block-group__inner-container\"><\/div><\/div>\n<\/div>\n<\/div>\n\n\n        <\/div>\n    <\/div>\n<\/div>\n\n<div id=\"o-programu\" class=\"ow_container_section  container-989 detox-page-benefits column-window-height-v2 move-headline-section\">\n    <div class=\"container\">\n        <div class=\"content\">\n            \n\n<div class=\"wp-block-columns column-image-absolute\">\n<div class=\"wp-block-column is-vertically-aligned-stretch column-image default-column-text\">\n<style type=\"text\/css\">\n.krepitev-video-inline {\nleft:-12%;}\n@media screen and (max-width:767px) {\n   .krepitev-video-inline {\nleft:0;}    \n}    \n<\/style>\n<div class=\"krepitev-video-inline ow_hide_on_mobile\" style=\"position:relative; padding-top:177.77%; width:100%;\">\n  <iframe \n    src=\"https:\/\/iframe.mediadelivery.net\/embed\/482636\/de5ccd84-76f9-4cf2-b54d-a17f0b844781?autoplay=true&#038;loop=true&#038;muted=true&#038;preload=true&#038;responsive=true\" \n    loading=\"lazy\" \n    style=\"border:0; position:absolute; top:0; left:0; height:100%; width:100%;\" \n    allow=\"accelerometer; gyroscope; autoplay; encrypted-media; picture-in-picture;\" \n    allowfullscreen=\"true\">\n  <\/iframe>\n<\/div>\n<div class=\"krepitev-video-inline ow_hide_on_desktop\" style=\"position:relative;padding-top:100%;\"><iframe src=\"https:\/\/iframe.mediadelivery.net\/embed\/482636\/123a46cd-b535-4b3f-87c7-2ef7b954028e?autoplay=true&#038;loop=true&#038;muted=true&#038;preload=true&#038;responsive=true\" loading=\"lazy\" style=\"border:0;position:absolute;top:0;height:100%;width:100%;\" allow=\"accelerometer;gyroscope;autoplay;encrypted-media;picture-in-picture;\" allowfullscreen=\"true\"><\/iframe><\/div>\n\n\n\n<h2 class=\"wp-block-heading mobile-headline mt40\" id=\"kaj-vse-pridobims-programom-detox\">Kaj je 14-dnevni<strong> izziv za krepitev imunskega sistema?<\/strong><\/h2>\n\n\n\n<p><\/p>\n<\/div>\n\n\n\n<div class=\"wp-block-column is-vertically-aligned-center default-column-text column-text\">\n<h2 class=\"wp-block-heading\" id=\"kaj-vse-pridobims-programom-detox\">Kaj je 14-dnevni<strong> izziv za krepitev imunskega sistema?<\/strong><\/h2>\n\n\n\n<p>Gre za <strong>brezpla\u010den izziv<\/strong>, ki smo ga oblikovali v sodelovanju z nutricionistko Simono Fabjan, s katerim boste v dveh tednih korak za korakom:<\/p>\n\n\n\n<ul class=\"wp-block-list\">\n<li>spoznali povezavo med imunskim in prebavnim sistemom,&nbsp;<\/li>\n\n\n\n<li>pridobili prakti\u010dno znanje o hranilih, ki podpirajo oba sistema,&nbsp;<\/li>\n\n\n\n<li>se nau\u010dili tehnik za obvladovanje stresa in&nbsp;<\/li>\n\n\n\n<li>pove\u010dali prehransko raznolikost z izzivom \u00bb30 rastlinskih \u017eivil na teden\u00ab.&nbsp;<\/li>\n<\/ul>\n\n\n\n<p><\/p>\n\n\n\n<p>Vsakih nekaj dni boste prejeli\u202f<strong>izobra\u017eevalni video in manj\u0161e naloge<\/strong>, s katerimi boste brez stresa v svojo prehrano vklju\u010dili ve\u010d rastlinskih \u017eivil, ki bodo podpirala va\u0161e \u010drevesje in okrepila imunski sistem.&nbsp;&nbsp;<\/p>\n\n\n\n<div class=\"wp-block-buttons\">\n<div class=\"wp-block-button parent-btn--green--16\"><a class=\"wp-block-button__link wp-element-button\" href=\"#prijava-1\">Za\u010dnite z izzivom<\/a><\/div>\n<\/div>\n<\/div>\n<\/div>\n\n\n        <\/div>\n    <\/div>\n<\/div>\n\n<div id=\"izvedite-vec\" class=\"ow_container_section  container-989 detox-page-benefits column-window-height image-right  move-headline-section\">\n    <div class=\"container\">\n        <div class=\"content\">\n            \n\n<div class=\"wp-block-columns column-image-absolute\">\n<div class=\"wp-block-column is-vertically-aligned-center default-column-text column-text\">\n<h3 class=\"wp-block-heading\">Kaj lahko pri\u010dakujete<strong> v izzivu?&nbsp;<\/strong><\/h3>\n\n\n\n<ul class=\"wp-block-list\">\n<li>Kratke<strong>\u202fizobra\u017eevalne videoposnetke<\/strong>\u202fvsakih nekaj dni,&nbsp;<\/li>\n\n\n\n<li>jasna\u202f<strong>navodila, kako v svojo prehrano vklju\u010diti hranila<\/strong>, ki podpirajo va\u0161e \u010drevesje in imunski sistem,&nbsp;<\/li>\n\n\n\n<li><strong>prakti\u010dne PDF-je<\/strong>\u202fz razlagami,&nbsp;<\/li>\n\n\n\n<li><strong>recepte&nbsp;<\/strong>z \u017eivili, ki podpirajo imunski sistem,<\/li>\n\n\n\n<li><strong>naloge\u202f<\/strong>za majhne spremembe v va\u0161i prehrani in&nbsp;<\/li>\n\n\n\n<li>podporo nutricionistke za motivacijo in napredek v\u202f<strong>zaprti Facebook skupini.<\/strong>&nbsp;<\/li>\n<\/ul>\n\n\n\n<div class=\"wp-block-buttons\">\n<div class=\"wp-block-button parent-btn--green--16\"><a class=\"wp-block-button__link wp-element-button\" href=\"#prijava-2\">Za\u010dnite z izzivom<\/a><\/div>\n<\/div>\n<\/div>\n\n\n\n<div class=\"wp-block-column is-vertically-aligned-center column-image default-column-text\"><div class=\"wp-block-image image-position-absolute\">\n<figure class=\"alignleft size-full\"><img loading=\"lazy\" decoding=\"async\" width=\"706\" height=\"902\" src=\"https:\/\/www.donat.com\/wp-content\/uploads\/2025\/04\/3-4.jpg\" alt=\"\" class=\"wp-image-220201\" srcset=\"https:\/\/www.donat.com\/wp-content\/uploads\/2025\/04\/3-4.jpg 706w, https:\/\/www.donat.com\/wp-content\/uploads\/2025\/04\/3-4-235x300.jpg 235w, https:\/\/www.donat.com\/wp-content\/uploads\/2025\/04\/3-4-78x100.jpg 78w\" sizes=\"auto, (max-width: 706px) 100vw, 706px\" \/><\/figure>\n<\/div>\n\n\n<h3 class=\"wp-block-heading mobile-headline\">Kaj lahko pri\u010dakujete<strong> v izzivu?&nbsp;<\/strong><\/h3>\n<\/div>\n<\/div>\n\n\n        <\/div>\n    <\/div>\n<\/div>\n\n<div id=\"\" class=\"ow_container_section  container-989 detox-page-benefits column-window-height move-headline-section\">\n    <div class=\"container\">\n        <div class=\"content\">\n            \n\n<div class=\"wp-block-columns column-image-absolute\">\n<div class=\"wp-block-column is-vertically-aligned-center column-image default-column-text\"><div class=\"wp-block-image image-position-absolute\">\n<figure class=\"alignleft size-full\"><img loading=\"lazy\" decoding=\"async\" width=\"1385\" height=\"1365\" src=\"https:\/\/www.donat.com\/wp-content\/uploads\/2025\/04\/simona-23-of-34-Copy.jpg\" alt=\"\" class=\"wp-image-220864\" srcset=\"https:\/\/www.donat.com\/wp-content\/uploads\/2025\/04\/simona-23-of-34-Copy.jpg 1385w, https:\/\/www.donat.com\/wp-content\/uploads\/2025\/04\/simona-23-of-34-Copy-300x296.jpg 300w, https:\/\/www.donat.com\/wp-content\/uploads\/2025\/04\/simona-23-of-34-Copy-1024x1009.jpg 1024w, https:\/\/www.donat.com\/wp-content\/uploads\/2025\/04\/simona-23-of-34-Copy-101x100.jpg 101w, https:\/\/www.donat.com\/wp-content\/uploads\/2025\/04\/simona-23-of-34-Copy-750x739.jpg 750w, https:\/\/www.donat.com\/wp-content\/uploads\/2025\/04\/simona-23-of-34-Copy-900x887.jpg 900w\" sizes=\"auto, (max-width: 1385px) 100vw, 1385px\" \/><\/figure>\n<\/div>\n\n\n<h2 class=\"wp-block-heading mobile-headline\" id=\"kaj-vse-pridobims-programom-detox\"><strong>Kako poteka <\/strong>14-dnevni izziv?<\/h2>\n<\/div>\n\n\n\n<div class=\"wp-block-column is-vertically-aligned-center default-column-text column-text\">\n<h2 class=\"wp-block-heading\" id=\"kaj-vse-pridobims-programom-detox\"><strong>Kako poteka <\/strong>14-dnevni izziv?<\/h2>\n\n\n\n<p>Izziv je razdeljen na <strong>6 tematskih sklopov<\/strong>, v vsakem pa se\u202f<strong>nutricionistka Simona Fabjan<\/strong>\u202fosredoto\u010di na\u202feno skupino rastlinskih \u017eivil:&nbsp;&nbsp;<\/p>\n\n\n\n<ul class=\"wp-block-list\">\n<li>stro\u010dnice,&nbsp;&nbsp;<\/li>\n\n\n\n<li>polnozrnata \u017eita,&nbsp;&nbsp;<\/li>\n\n\n\n<li>semena in ore\u0161\u010dki,&nbsp;&nbsp;<\/li>\n\n\n\n<li>za\u010dimbe in zeli\u0161\u010da,&nbsp;&nbsp;<\/li>\n\n\n\n<li>fermentirana rastlinska \u017eivila,&nbsp;&nbsp;<\/li>\n\n\n\n<li>sadje in zelenjava.&nbsp;<\/li>\n<\/ul>\n\n\n\n<p><\/p>\n\n\n\n<p>Korak za korakom boste&nbsp;<strong>v svojo prehrano vklju\u010dili ve\u010d rastlinskih \u017eivil<\/strong>&nbsp;in&nbsp;<strong>podprli svojo prebavo ter imunski sistem.<\/strong><\/p>\n\n\n\n<div class=\"wp-block-buttons\">\n<div class=\"wp-block-button parent-btn--green--16\"><a class=\"wp-block-button__link wp-element-button\" href=\"#prijava-2\">Za\u010dnite z izzivom<\/a><\/div>\n<\/div>\n<\/div>\n<\/div>\n\n\n        <\/div>\n    <\/div>\n<\/div>\n\n<div id=\"prijava-event\" class=\"ow_container_section  detox-page-balance-of-digestion  container-989 move-headline-section content_90_80\">\n    <div class=\"container\">\n        <div class=\"content\">\n            \n\n<div class=\"wp-block-columns\">\n<div class=\"wp-block-column is-vertically-aligned-center default-column-text column-image\">\n<h3 class=\"wp-block-heading mobile-headline\" id=\"skrb-za-prebavo-je-skrb-za-dobro-ocisceno-telo\"><strong>Pridru\u017eite se 14-dnevnemu izzivu<\/strong> in za\u010dnite s preprostim prvim korakom.<\/h3>\n\n\n\n<p class=\"mobile-headline\"><strong><strong>Skupaj za\u010dnemo 6. oktobra \u2013 kasneje udele\u017eba ne bo ve\u010d mogo\u010da!<\/strong>\u00a0<\/strong><\/p>\n\n\n<div class=\"wp-block-image ow_hide_on_mobile\">\n<figure class=\"aligncenter size-full\"><img loading=\"lazy\" decoding=\"async\" width=\"410\" height=\"524\" src=\"https:\/\/www.donat.com\/wp-content\/uploads\/2021\/03\/crevo-ravnovesje-v2.png\" alt=\"\" class=\"wp-image-4258\" srcset=\"https:\/\/www.donat.com\/wp-content\/uploads\/2021\/03\/crevo-ravnovesje-v2.png 410w, https:\/\/www.donat.com\/wp-content\/uploads\/2021\/03\/crevo-ravnovesje-v2-235x300.png 235w\" sizes=\"auto, (max-width: 410px) 100vw, 410px\" \/><\/figure>\n<\/div><\/div>\n\n\n\n<div class=\"wp-block-column is-vertically-aligned-center default-column-text column-text\">\n<h3 class=\"wp-block-heading\" id=\"skrb-za-prebavo-je-skrb-za-dobro-ocisceno-telo\"><strong>Pridru\u017eite se 14-dnevnemu izzivu<\/strong> in za\u010dnite s preprostim prvim korakom.<\/h3>\n\n\n\n<p class=\"ow_hide_on_mobile\"><strong><strong>Skupaj za\u010dnemo 6. oktobra \u2013 kasneje udele\u017eba ne bo ve\u010d mogo\u010da!<\/strong>\u00a0<\/strong><\/p>\n\n\n<p>Prijave so zaklju\u010dene.<\/p><\/div>\n<\/div>\n\n\n        <\/div>\n    <\/div>\n<\/div>","protected":false},"excerpt":{"rendered":"","protected":false},"author":21400,"featured_media":0,"parent":0,"menu_order":0,"comment_status":"closed","ping_status":"closed","template":"","meta":{"_acf_changed":false,"footnotes":""},"class_list":["post-221768","page","type-page","status-publish","hentry"],"acf":[],"_links":{"self":[{"href":"https:\/\/www.donat.com\/sl\/wp-json\/wp\/v2\/pages\/221768","targetHints":{"allow":["GET"]}}],"collection":[{"href":"https:\/\/www.donat.com\/sl\/wp-json\/wp\/v2\/pages"}],"about":[{"href":"https:\/\/www.donat.com\/sl\/wp-json\/wp\/v2\/types\/page"}],"author":[{"embeddable":true,"href":"https:\/\/www.donat.com\/sl\/wp-json\/wp\/v2\/users\/21400"}],"replies":[{"embeddable":true,"href":"https:\/\/www.donat.com\/sl\/wp-json\/wp\/v2\/comments?post=221768"}],"version-history":[{"count":60,"href":"https:\/\/www.donat.com\/sl\/wp-json\/wp\/v2\/pages\/221768\/revisions"}],"predecessor-version":[{"id":224818,"href":"https:\/\/www.donat.com\/sl\/wp-json\/wp\/v2\/pages\/221768\/revisions\/224818"}],"wp:attachment":[{"href":"https:\/\/www.donat.com\/sl\/wp-json\/wp\/v2\/media?parent=221768"}],"curies":[{"name":"wp","href":"https:\/\/api.w.org\/{rel}","templated":true}]}}