{"id":409,"date":"2021-02-22T14:20:05","date_gmt":"2021-02-22T14:20:05","guid":{"rendered":"https:\/\/www.donat.com\/?page_id=409"},"modified":"2026-03-30T06:57:43","modified_gmt":"2026-03-30T04:57:43","slug":"piskotki","status":"publish","type":"page","link":"https:\/\/www.donat.com\/sl\/piskotki\/","title":{"rendered":"Pi\u0161kotki"},"content":{"rendered":"\n<h1 class=\"wp-block-heading\"><strong>Politika pi\u0161kotkov<\/strong><\/h1>\n\n\n\n<p>Minimalno koli\u010dino informacij (pi\u0161kotki) je potrebno shraniti na va\u0161 ra\u010dunalnik, da bi spletna stran pravilno delovala in da bi se lahko nadgrajevala in izbolj\u0161ala va\u0161e izku\u0161nje pregledovanja. Ve\u010d kot 90% spletnih strani uporablja prakso pi\u0161kotkov, vendar so po pravilih Evropske unije obvezne zaprositi privolitev uporabnika. Z uporabo te spletne strani sogla\u0161ate z uporabo pi\u0161kotkov, v kolikor pa pi\u0161kotkov ne sprejmete, lahko sicer \u0161e naprej pregledujete stran, vendar se dolo\u010dene funkcije na tej spletni strani eventualno ne morejo pravilno prikazati ali izvesti.<\/p>\n\n\n\n<h3 class=\"wp-block-heading\"><strong>Kaj je pi\u0161kotek?<\/strong><\/h3>\n\n\n\n<p>Pi\u0161kotek je informacija, ki jo na va\u0161 ra\u010dunalnik shrani spletna stran, ki ste jo obiskali. Pi\u0161kotki obi\u010dajno shranjujejo va\u0161e nastavitve za spletno stran, kot so na primer \u017eeleni jezik ali naslov. Kasneje, ko ponovno odprete isto spletno stran, brskalnik po\u0161lje nazaj pi\u0161kotke, ki pripadajo tej strani. To tej strani omogo\u010da,&nbsp; da prika\u017ee informacije prilagojene va\u0161im potrebam.<\/p>\n\n\n\n<p>Pi\u0161kotki lahko shranjujejo \u0161iroko paleto informacij vklju\u010dno z&nbsp; osebnimi informacijami (va\u0161e ime ali elektronsko po\u0161to). Kljub vsemu pa je lahko ta informacija shranjena samo v primeru, \u010de to omogo\u010dite vi \u2013 spletne strani ne morejo pridobiti pristopa informacijam, \u010de ga vi niste odobrili, prav tako ne morejo pristopiti drugim datotekam na va\u0161em ra\u010dunalniku ali mobilni napravi. Privzete nastavitve shranjevanja in po\u0161iljanja pi\u0161kotkov vam niso vidne, lahko pa spremenite va\u0161e nastavitve brskalnika tako, da lahko sami izbirate, ali \u017eelite zahteve za shranjevanje pi\u0161kotkov odobriti ali zavrniti, samodejno izbrisati shranjene pi\u0161kotke ob zapiranju brskalnika in podobno.<\/p>\n\n\n\n<h3 class=\"wp-block-heading\"><strong>Kako zavrniti pi\u0161kotke?<\/strong><\/h3>\n\n\n\n<p>Z zavrnitvijo pi\u0161kotkov odlo\u010date, ali \u017eelite dovoliti shranjevanje pi\u0161kotkov na va\u0161em ra\u010dunalniku ali mobilni napravi. Nastavitve pi\u0161kotov se lahko nadzirajo in konfigurirajo v va\u0161em brskalniku. \u010ce pi\u0161kotkov ne sprejmete, se lahko zgodi, da ne boste mogli uporabljati dolo\u010dene funkcije na spletni strani.<\/p>\n\n\n\n<h3 class=\"wp-block-heading\"><strong>Kaj so za\u010dasni pi\u0161kotki?<\/strong><\/h3>\n\n\n\n<p>Za\u010dasni ali sejni pi\u0161kotki, se izbri\u0161ejo z ra\u010dunalnika po tem, ko zaprete brskalnik. Z njihovo pomo\u010djo spletna mesta shranjujejo za\u010dasne podatke, kot so na primer izdelki v nakupovalni ko\u0161arici.<\/p>\n\n\n\n<h3 class=\"wp-block-heading\"><strong>Kaj so trajni pi\u0161kotki?<\/strong><\/h3>\n\n\n\n<p>Trajni ali shranjeni pi\u0161kotki ostanejo na ra\u010dunalniku tudi po tem, ko zaprete program brskalnika. Z njihovo pomo\u010djo spletna mesta shranjujejo podatke, kot so na primer naziv za prijavo in geslo, tako da se vam ni potrebno prijavljati vsakokrat, ko obi\u0161\u010dete dolo\u010deno mesto. Trajni pi\u0161kotki bodo ostali na ra\u010dunalniku ve\u010d dni, mesecev, ali celo let.<\/p>\n\n\n\n<h3 class=\"wp-block-heading\"><strong>Kaj so pi\u0161kotki prve strani?<\/strong><\/h3>\n\n\n\n<p>Pi\u0161kotki prve strani &nbsp;(lastni pi\u0161kotki) so s spletnega mesta, ki si ga uporabnik ogleduje in so lahko trajni ali za\u010dasni. S pomo\u010djo teh pi\u0161kotkov spletna mesta lahko shranijo podatke, ki jih bodo znova uporabila, ko uporabnik naslednji\u010d obi\u0161\u010de to mesto.<\/p>\n\n\n\n<h3 class=\"wp-block-heading\"><strong>Kaj so pi\u0161kotki tretje strani?<\/strong><\/h3>\n\n\n\n<p><strong>Pi\u0161kotki tretje strani <\/strong>&nbsp;(drugi pi\u0161kotki) izvirajo iz drugih, partnerskih spletnih mest (kot so na primer pojavna okna ali druge reklame), ki se nahajajo na spletnem mestu, ki si ga ogledujete. S pomo\u010djo teh pi\u0161kotkov lahko spletna mesta spremljajo uporabo spleta za tr\u017eenjske namene.<\/p>\n\n\n\n<h3 class=\"wp-block-heading\"><strong>Ali uporablja ta spletna stran pi\u0161kotke?<\/strong><\/h3>\n\n\n\n<p>Da, s primarnim ciljem, da bi vam&nbsp; na\u0161e spletne strani omogo\u010dile najbolj\u0161o uporabni\u0161ko izku\u0161njo.<\/p>\n\n\n\n<h3 class=\"wp-block-heading\"><strong>Kak\u0161ne pi\u0161kotke uporablja ta spletna stran in zakaj?<\/strong><\/h3>\n\n\n\n<p>Za\u010dasni ali sejni pi\u0161kotki (Session cookies) \u2013 so pi\u0161kotki, ki pote\u010dejo (in se samodejno izbri\u0161ejo), ko zaprete brskalnik. Mi uporabljamo za\u010dasne pi\u0161kotke, da bi uporabnik dobil najbolj\u0161o izku\u0161njo pri uporabi na\u0161e spletne strani.<\/p>\n\n\n\n<p>Trajni ali shranjeni pi\u0161kotki (Persistent cookies) \u2013 imajo obi\u010dajno datum poteka dale\u010d v prihodnosti, zato bodo ostali v va\u0161em brskalniku, dokler ne pote\u010dejo, ali dokler jih ro\u010dno ne izbri\u0161ete. Mi uporabljamo trajne pi\u0161kotke, da bi bolje razumeli navade uporabnikov, s \u010dimer lahko izbolj\u0161amo spletno stran glede na va\u0161e navade. Na podlagi tako zbranih podatkov ni mogo\u010da identifikacija vas kot uporabnika, zbrani podatki pa se uporabljajo izklju\u010dno za statisti\u010dne namene.<\/p>\n\n\n\n<h3 class=\"wp-block-heading\"><strong>Ali na spletni strani obstajajo pi\u0161kotki tretje strani?<\/strong><\/h3>\n\n\n\n<p>Obstaja ve\u010d zunanjih servisov, ki uporabniku shranjujejo omejene pi\u0161kotke. Te pi\u0161kotke ni postavila ta spletna stran, vendar nekateri slu\u017eijo za normalno delovanje dolo\u010denih funkcij, ki uporabnikom olaj\u0161ajo dostop k vsebini. Zaradi tega informacije o varstvu podatkov, s katerimi ste seznanjeni tukaj, veljajo samo za to spletno stran, varstvo podatkov pri zunanjih servisih pa je potrebno preveriti na njihovih uradnih straneh.<\/p>\n\n\n\n<p>Trenutno omogo\u010damo:<\/p>\n\n\n\n<h3 class=\"wp-block-heading\"><strong>Merjenje obiskov<\/strong><\/h3>\n\n\n\n<p>Ta spletna stran uporablja servise za merjenje \u0161tevila uporabnikov, in sicer Google Analytics. Na podlagi tako zbranih podatkov ni mogo\u010da identifikacija uporabnikov, zbrani podatki pa se uporabljajo izklju\u010dno za statisti\u010dne namene. \u010ce \u017eelite prepre\u010diti, da vam navedeni servisi shranjujejo pi\u0161kotke, jih lahko zavrnete za vsak servis na naslednjih povezavah:<\/p>\n\n\n\n<ul class=\"wp-block-list\">\n<li>Google Analytics &#8211; <a href=\"https:\/\/tools.google.com\/dlpage\/gaoptout\">https:\/\/tools.google.com\/dlpage\/gaoptout<\/a><\/li>\n<\/ul>\n\n\n\n<h3 class=\"wp-block-heading\"><strong>Dodatne informacije o zavrnitvi pi\u0161kotkov<\/strong><\/h3>\n\n\n\n<p>Trenutno obstaja ve\u010d spletnih strani za zavrnitev shranjevanja pi\u0161kotkov za razli\u010dne servise.<\/p>\n\n\n\n<p>Ve\u010d lahko izveste na naslednjih povezavah:<\/p>\n\n\n\n<ul class=\"wp-block-list\">\n<li><a href=\"http:\/\/www.allaboutcookies.org\/\">http:\/\/www.allaboutcookies.org\/<\/a><\/li>\n<\/ul>\n\n\n\n<script id=\"CookieDeclaration\" src=\"https:\/\/consent.cookiebot.com\/77ac2b37-7535-45a6-9b61-7a76161fc6f5\/cd.js\" type=\"text\/javascript\" async><\/script>\n","protected":false},"excerpt":{"rendered":"<p>Politika pi\u0161kotkov Minimalno koli\u010dino informacij (pi\u0161kotki) je potrebno shraniti na va\u0161 ra\u010dunalnik, da bi spletna stran pravilno delovala in da bi se lahko nadgrajevala in izbolj\u0161ala va\u0161e izku\u0161nje pregledovanja. Ve\u010d kot 90% spletnih strani uporablja prakso pi\u0161kotkov, vendar so po pravilih Evropske unije obvezne zaprositi privolitev uporabnika. Z uporabo te spletne strani sogla\u0161ate z uporabo <a href=\"https:\/\/www.donat.com\/sl\/piskotki\/\" class=\"more-link\">&#8230;<\/a><\/p>\n","protected":false},"author":5,"featured_media":0,"parent":0,"menu_order":0,"comment_status":"closed","ping_status":"closed","template":"","meta":{"_acf_changed":false,"footnotes":""},"class_list":["post-409","page","type-page","status-publish","hentry"],"acf":[],"_links":{"self":[{"href":"https:\/\/www.donat.com\/sl\/wp-json\/wp\/v2\/pages\/409","targetHints":{"allow":["GET"]}}],"collection":[{"href":"https:\/\/www.donat.com\/sl\/wp-json\/wp\/v2\/pages"}],"about":[{"href":"https:\/\/www.donat.com\/sl\/wp-json\/wp\/v2\/types\/page"}],"author":[{"embeddable":true,"href":"https:\/\/www.donat.com\/sl\/wp-json\/wp\/v2\/users\/5"}],"replies":[{"embeddable":true,"href":"https:\/\/www.donat.com\/sl\/wp-json\/wp\/v2\/comments?post=409"}],"version-history":[{"count":9,"href":"https:\/\/www.donat.com\/sl\/wp-json\/wp\/v2\/pages\/409\/revisions"}],"predecessor-version":[{"id":224587,"href":"https:\/\/www.donat.com\/sl\/wp-json\/wp\/v2\/pages\/409\/revisions\/224587"}],"wp:attachment":[{"href":"https:\/\/www.donat.com\/sl\/wp-json\/wp\/v2\/media?parent=409"}],"curies":[{"name":"wp","href":"https:\/\/api.w.org\/{rel}","templated":true}]}}