{"id":4592,"date":"2021-02-23T09:41:58","date_gmt":"2021-02-23T09:41:58","guid":{"rendered":"https:\/\/www.donat.com\/about-donat\/"},"modified":"2025-03-26T11:47:18","modified_gmt":"2025-03-26T09:47:18","slug":"o-donatu","status":"publish","type":"page","link":"https:\/\/www.donat.com\/sl\/o-donatu\/","title":{"rendered":"O Donatu"},"content":{"rendered":"<div id=\"\" class=\"ow_container_section  container-989 about_hero_block column-window-height\">\n    <div class=\"container\">\n        <div class=\"content\">\n            \n\n<div class=\"wp-block-columns are-vertically-aligned-center\">\n<div class=\"wp-block-column is-vertically-aligned-center column-text default-column-text h64p22\" style=\"flex-basis:66.66%\">\n<h1 class=\"wp-block-heading\" id=\"naravno-bogastvo-za-zdravo-prebavo\"><strong>Naravno bogastvo <\/strong><br>za urejeno prebavo<\/h1>\n\n\n\n<p>Naravno mineralno vodo Donat bogatijo <br>minerali iz raztapljajo\u010dih se kamnin, ki <br>pozitivno vplivajo na delovanje na\u0161e <br>prebave in celotnega dobrega po\u010dutja.<\/p>\n\n\n\n<div class=\"wp-block-buttons\">\n<div class=\"wp-block-button parent-btn--green--16\"><a class=\"wp-block-button__link wp-element-button\" href=\"#edinstvena-kombinacija-mineralov\">Spoznajte ga<\/a><\/div>\n<\/div>\n<\/div>\n\n\n\n<div class=\"wp-block-column is-vertically-aligned-center column-image\" style=\"flex-basis:33.33%\"><div class=\"wp-block-image\">\n<figure class=\"alignright size-full\"><img loading=\"lazy\" decoding=\"async\" width=\"542\" height=\"805\" src=\"https:\/\/www.donat.com\/wp-content\/uploads\/2025\/02\/Bottle-and-Glass_2025-1.webp\" alt=\"\" class=\"wp-image-219490\" srcset=\"https:\/\/www.donat.com\/wp-content\/uploads\/2025\/02\/Bottle-and-Glass_2025-1.webp 542w, https:\/\/www.donat.com\/wp-content\/uploads\/2025\/02\/Bottle-and-Glass_2025-1-202x300.webp 202w, https:\/\/www.donat.com\/wp-content\/uploads\/2025\/02\/Bottle-and-Glass_2025-1-67x100.webp 67w\" sizes=\"auto, (max-width: 542px) 100vw, 542px\" \/><\/figure>\n<\/div><\/div>\n<\/div>\n\n\n\n<p><\/p>\n\n\n        <\/div>\n    <\/div>\n<\/div>\n\n<div id=\"edinstvena-kombinacija-mineralov\" class=\"ow_container_section  container-989 about-juniqe-combination  column-window-height move-headline-section\">\n    <div class=\"container\">\n        <div class=\"content\">\n            \n\n<div class=\"wp-block-columns column-image-absolute\">\n<div class=\"wp-block-column is-vertically-aligned-center column-image default-column-text\">\n<h2 class=\"wp-block-heading mobile-headline\" id=\"edinstvena-kombinacija-mineralov\"><strong>Edinstvena <\/strong>kombinacija mineralov<\/h2>\n\n\n<div class=\"wp-block-image image-position-absolute\">\n<figure class=\"alignleft size-large\"><img loading=\"lazy\" decoding=\"async\" width=\"760\" height=\"604\" src=\"https:\/\/www.donat.com\/wp-content\/uploads\/2021\/03\/minerali-left.png\" alt=\"\" class=\"wp-image-5261\" srcset=\"https:\/\/www.donat.com\/wp-content\/uploads\/2021\/03\/minerali-left.png 760w, https:\/\/www.donat.com\/wp-content\/uploads\/2021\/03\/minerali-left-300x238.png 300w\" sizes=\"auto, (max-width: 760px) 100vw, 760px\" \/><\/figure>\n<\/div><\/div>\n\n\n\n<div class=\"wp-block-column is-vertically-aligned-center text-447 default-column-text column-text\">\n<h2 class=\"wp-block-heading\" id=\"edinstvena-kombinacija-mineralov\">Bogat z minerali<\/h2>\n\n\n\n<p>Naravna mineralna voda Donat je bogata z mineralnimi solmi. Donat je naravno bogat vir magnezija in ima vi\u0161jo vsebnost sulfatov, hidrogen karbonatov in kalcija. Donat ugodno deluje na prebavo.<\/p>\n\n\n\n<div class=\"wp-block-buttons\">\n<div class=\"wp-block-button parent-btn--green--16\"><a class=\"wp-block-button__link wp-element-button\" href=\"#kako-piti-donat\">KAKO PITI DONAT<\/a><\/div>\n<\/div>\n<\/div>\n<\/div>\n\n\n        <\/div>\n    <\/div>\n<\/div>\n\n<div id=\"\" class=\"ow_container_section  drinking-donat-is-safe container-989\">\n    <div class=\"container\">\n        <div class=\"content\">\n            \n\n<div class=\"wp-block-columns\">\n<div class=\"wp-block-column is-vertically-aligned-center column-text default-column-text\">\n<h2 class=\"wp-block-heading\" id=\"donat-je-naraven-in-varen-za-pitje\"><strong>Donat je naraven <\/strong><br>in varen za pitje<\/h2>\n\n\n\n<p>Na u\u010dinke Donata se na\u0161e telo ne navadi, saj so ti mehanski. Donat deluje po principu osmoze &#8211; najprej sulfati posrkajo vodo iz celic \u010drevesne stene, zaradi \u010desar se volumen vsebine \u010drevesja pove\u010da. Magnezij dodatno spro\u0161\u010da mi\u0161ice prebavnega trakta ter tako sulfatom pomaga, da spodbudijo in pospe\u0161ijo peristaltiko.<\/p>\n\n\n\n<div class=\"wp-block-columns\">\n<div class=\"wp-block-column\">\n<figure class=\"wp-block-image size-large is-resized\"><img decoding=\"async\" src=\"https:\/\/www.donat.com\/wp-content\/uploads\/2021\/02\/Ico-Addictive.svg\" alt=\"\" class=\"wp-image-1723\"\/><\/figure>\n\n\n\n<p class=\"has-text-align-center\"><strong>Ne<\/strong> <br>povzro\u010da odvisnosti<\/p>\n<\/div>\n\n\n\n<div class=\"wp-block-column\">\n<figure class=\"wp-block-image size-large is-resized\"><img decoding=\"async\" src=\"https:\/\/www.donat.com\/wp-content\/uploads\/2021\/02\/Ico-Beneficial.svg\" alt=\"\" class=\"wp-image-1734\"\/><\/figure>\n\n\n\n<p class=\"has-text-align-center\">Blagodejno za <br><strong>zdravje<\/strong><\/p>\n<\/div>\n\n\n\n<div class=\"wp-block-column\">\n<figure class=\"wp-block-image size-large\"><img decoding=\"async\" src=\"https:\/\/www.donat.com\/wp-content\/uploads\/2021\/12\/Ico-DONAT-01.svg\" alt=\"\" class=\"wp-image-35987\"\/><\/figure>\n\n\n\n<p class=\"has-text-align-center\">100% <br><strong>naravno<\/strong><\/p>\n<\/div>\n<\/div>\n<\/div>\n\n\n\n<div class=\"wp-block-column is-vertically-aligned-center column-image-absolute\">\n<figure class=\"wp-block-image size-large image-position-absolute\"><img loading=\"lazy\" decoding=\"async\" width=\"527\" height=\"1024\" src=\"https:\/\/www.donat.com\/wp-content\/uploads\/2025\/02\/image-lady-527x1024.webp\" alt=\"\" class=\"wp-image-219498\" srcset=\"https:\/\/www.donat.com\/wp-content\/uploads\/2025\/02\/image-lady-527x1024.webp 527w, https:\/\/www.donat.com\/wp-content\/uploads\/2025\/02\/image-lady-154x300.webp 154w, https:\/\/www.donat.com\/wp-content\/uploads\/2025\/02\/image-lady-51x100.webp 51w, https:\/\/www.donat.com\/wp-content\/uploads\/2025\/02\/image-lady.webp 704w\" sizes=\"auto, (max-width: 527px) 100vw, 527px\" \/><\/figure>\n<\/div>\n<\/div>\n\n\n        <\/div>\n    <\/div>\n<\/div>\n\n<div id=\"\" class=\"ow_container_section  minerals-present  container-989\">\n    <div class=\"container\">\n        <div class=\"content\">\n            \n\n<div class=\"wp-block-columns\">\n<div class=\"wp-block-column column-text default-column-text\">\n<h2 class=\"wp-block-heading\" id=\"prisotni-minerali\"><strong>Prisotni <\/strong>minerali<\/h2>\n<\/div>\n<\/div>\n\n\n\n<div class=\"wp-block-columns\">\n<div class=\"wp-block-column single-miniral default-column-text h20p16\">\n<div class=\"wp-block-columns\">\n<div class=\"wp-block-column\"><div class=\"wp-block-image\">\n<figure class=\"alignleft size-large\"><img loading=\"lazy\" decoding=\"async\" width=\"140\" height=\"83\" src=\"https:\/\/www.donat.com\/wp-content\/uploads\/2021\/02\/karbon-1.png\" alt=\"\" class=\"wp-image-1819\"\/><\/figure>\n<\/div><\/div>\n<\/div>\n\n\n\n<h2 class=\"wp-block-heading\" id=\"hidrogenkarbonati\"><strong>Hidrogenkarbonati<\/strong><\/h2>\n\n\n\n<p>Poskrbijo za pravo pH ravnovesje po\u017eiralnika in \u017eelodca. Nase ve\u017eejo kisline in tako zmanj\u0161ujejo peko\u010d ob\u010dutek zgage.<\/p>\n<\/div>\n\n\n\n<div class=\"wp-block-column single-miniral default-column-text h20p16\">\n<div class=\"wp-block-columns\">\n<div class=\"wp-block-column\"><div class=\"wp-block-image\">\n<figure class=\"alignleft size-large\"><img loading=\"lazy\" decoding=\"async\" width=\"112\" height=\"75\" src=\"https:\/\/www.donat.com\/wp-content\/uploads\/2021\/02\/sulfati-1.png\" alt=\"\" class=\"wp-image-1826\"\/><\/figure>\n<\/div><\/div>\n<\/div>\n\n\n\n<h2 class=\"wp-block-heading\" id=\"sulfati\"><strong>Sulfati<\/strong><\/h2>\n\n\n\n<p>Najbolj pomembni so za ohranjanje zdrave prebave z naravnim odvajalnim u\u010dinkom, prav tako tudi izbolj\u0161ujejo krvni obtok \u017eelod\u010dne sluznice.<\/p>\n<\/div>\n\n\n\n<div class=\"wp-block-column single-miniral default-column-text h20p16\">\n<div class=\"wp-block-columns\">\n<div class=\"wp-block-column\"><div class=\"wp-block-image\">\n<figure class=\"alignleft size-large\"><img loading=\"lazy\" decoding=\"async\" width=\"196\" height=\"67\" src=\"https:\/\/www.donat.com\/wp-content\/uploads\/2021\/02\/salt-4.png\" alt=\"\" class=\"wp-image-1833\"\/><\/figure>\n<\/div><\/div>\n<\/div>\n\n\n\n<h2 class=\"wp-block-heading\" id=\"magnezij\"><strong>Magnezij<\/strong><\/h2>\n\n\n\n<p>Vklju\u010den je v ve\u010d kot 300 biokemi\u010dnih procesov na\u0161ega telesa, nujen je za pravilno prebavo, trdnost kosti, skrbi pa tudi za nemoteno bitje srca.<\/p>\n<\/div>\n\n\n\n<div class=\"wp-block-column single-miniral default-column-text h20p16\">\n<div class=\"wp-block-columns\">\n<div class=\"wp-block-column\"><div class=\"wp-block-image\">\n<figure class=\"alignleft size-large\"><img loading=\"lazy\" decoding=\"async\" width=\"143\" height=\"80\" src=\"https:\/\/www.donat.com\/wp-content\/uploads\/2021\/02\/kreda-1.png\" alt=\"\" class=\"wp-image-1840\"\/><\/figure>\n<\/div><\/div>\n<\/div>\n\n\n\n<h2 class=\"wp-block-heading\" id=\"kalcij\"><strong>Kalcij<\/strong><\/h2>\n\n\n\n<p>Igra pomembno vlogo pri razgradnji hranilnih snovi, zdravju kosti, normalnem delovanju \u017eiv\u010dnega, mi\u0161i\u010dnega in krvo\u017eilnega sistema.<\/p>\n<\/div>\n<\/div>\n\n\n        <\/div>\n    <\/div>\n<\/div>\n\n<div id=\"\" class=\"ow_container_section  container-989 ms-when-to-drink-donat  column-window-height move-headline-section\">\n    <div class=\"container\">\n        <div class=\"content\">\n            \n\n<div class=\"wp-block-columns column-image-absolute\">\n<div class=\"wp-block-column is-vertically-aligned-center column-image default-column-text\">\n<h2 class=\"wp-block-heading mobile-headline\" id=\"kdaj-priporocamo-pitje-donata\">Kako priporo\u010damo pitje Donata?<\/h2>\n\n\n<div class=\"wp-block-image image-position-absolute\">\n<figure class=\"alignleft size-large\"><img loading=\"lazy\" decoding=\"async\" width=\"1024\" height=\"937\" src=\"https:\/\/www.donat.com\/wp-content\/uploads\/2025\/02\/doctor-mein_4-1024x937.jpg\" alt=\"\" class=\"wp-image-219303\" srcset=\"https:\/\/www.donat.com\/wp-content\/uploads\/2025\/02\/doctor-mein_4-1024x937.jpg 1024w, https:\/\/www.donat.com\/wp-content\/uploads\/2025\/02\/doctor-mein_4-300x275.jpg 300w, https:\/\/www.donat.com\/wp-content\/uploads\/2025\/02\/doctor-mein_4-109x100.jpg 109w, https:\/\/www.donat.com\/wp-content\/uploads\/2025\/02\/doctor-mein_4-750x686.jpg 750w, https:\/\/www.donat.com\/wp-content\/uploads\/2025\/02\/doctor-mein_4-900x824.jpg 900w, https:\/\/www.donat.com\/wp-content\/uploads\/2025\/02\/doctor-mein_4.jpg 1049w\" sizes=\"auto, (max-width: 1024px) 100vw, 1024px\" \/><\/figure>\n<\/div><\/div>\n\n\n\n<div class=\"wp-block-column is-vertically-aligned-center text-447 default-column-text column-text\">\n<h2 class=\"wp-block-heading\" id=\"kdaj-priporocamo-pitje-donata\">Kako priporo\u010damo pitje Donata?<\/h2>\n\n\n\n<p>Donat ugodno deluje na prebavo. Pomembno je, da ga pijemo pravilno.<\/p>\n\n\n\n<div class=\"wp-block-buttons\">\n<div class=\"wp-block-button parent-btn--green--16\"><a class=\"wp-block-button__link wp-element-button\" href=\"#kako-piti-donat\">KAKO PITI DONAT<\/a><\/div>\n<\/div>\n<\/div>\n<\/div>\n\n\n        <\/div>\n    <\/div>\n<\/div>\n\n<div id=\"kako-piti-donat\" class=\"ow_container_section  container-924 headline-spacer-h2\">\n    <div class=\"container\">\n        <div class=\"content\">\n            \n\n<h2 class=\"wp-block-heading\" id=\"preverite-katere-tezave-resujemo-in-preprecujemo-ter-kako-pravilno-piti-donat-za-najvecji-ucinek\">Preverite, katere te\u017eave re\u0161ujemo in prepre\u010dujemo ter kako pravilno piti Donat za najve\u010dji u\u010dinek:<\/h2>\n\n\n\n<p><\/p>\n\n\n        <\/div>\n    <\/div>\n<\/div>\n\n<div class='how-to-drink-table-with-app-section'><div class='container'><div class='how-to-drink-table-with-app-inner'><div class='wrapp'><div class='table-slider-nav'><div class='table-slider-nav-single active' data-id='0'><span>Podpora prebavnemu sistemu <\/span><\/div><div class='table-slider-nav-single ' data-id='1'><span>Nadome\u0161\u010danje magnezija<\/span><\/div><div class='table-slider-nav-single ' data-id='2'><span>Izlo\u010danje \u017eol\u010da<\/span><\/div><div class='table-slider-nav-single ' data-id='3'><span>Zaprtje<\/span><\/div><div class='table-slider-nav-single ' data-id='4'><span>Zgaga<\/span><\/div><div class='table-slider-nav-single ' data-id='5'><span>Za bolj zdravo telesno te\u017eo*<\/span><\/div><\/div><div class='table-slider-content'><div class='table-slider-content-single active' data-id='0'><div class='row-text'><div class='text description'><p>Ta program pitja Donata je namenjen podpori delovanja prebavnega sistema skupaj z raznoliko in uravnote\u017eeno prehrano kot del zdravega na\u010dina \u017eivljenja. Ta program pitja lahko ohranjate stalno in dolgoro\u010dno.<\/p>\n<\/div><div class='text how-to-drink'><p><strong>Navodila za pitje:<\/strong> Donat po programu za podporo prebavnemu sistemu lahko pijete stalno in dolgoro\u010dno. Pijte ga trikrat na dan po\u010dasi in pri sobni temperaturi:<\/p>\n<\/div><\/div><div class=' row-table'><div class='table'><div class='row row-0'><div class='col col-1'>Kdaj?<\/div><div class='col col-2 text-right'>Zjutraj, na prazen \u017eelodec<\/div><div class='col col-3 text-right'>Pred kosilom<\/div><div class='col col-4 text-right'>Pred ve\u010derjo<\/div><\/div><div class='row row-1'><div class='col col-1'>Koliko?<\/div><div class='col col-2 text-right'>0,2 \u2013 0,3l <\/div><div class='col col-3 text-right'>0,1l<\/div><div class='col col-4 text-right'>0,1 \u2013 0,2l <\/div><\/div><\/div><\/div><\/div><div class='table-slider-content-single ' data-id='1'><div class='row-text'><div class='text description'><p>Program za nadome\u0161\u010danje magnezija zadovolji pove\u010dane dnevne potrebe po magneziju in poskrbi za optimalno absorpcijo magnezija.<\/p>\n<\/div><div class='text how-to-drink'><p><strong>Navodila za pitje:<\/strong> Donat po programu za nadome\u0161\u010danje magnezija lahko pijete stalno in dolgoro\u010dno. Pijte ga po\u010dasi pred vsakim obrokom, ohlajenega ali sobne temperature.<\/p>\n<\/div><\/div><div class=' row-table'><div class='table'><div class='row row-0'><div class='col col-1'>Kdaj?<\/div><div class='col col-2 text-right'>20 do 30 minut pred vsakim obrokom<\/div><div class='col col-3 text-right'><\/div><div class='col col-4 text-right'><\/div><\/div><div class='row row-1'><div class='col col-1'>Koliko?<\/div><div class='col col-2 text-right'>0,1 \u2013 0,2l <\/div><div class='col col-3 text-right'><\/div><div class='col col-4 text-right'><\/div><\/div><\/div><\/div><\/div><div class='table-slider-content-single ' data-id='2'><div class='row-text'><div class='text description'><p>Program pospe\u0161uje izlo\u010danje \u017eol\u010da, ki je zelo pomemben za presnovo ma\u0161\u010dob.<\/p>\n<\/div><div class='text how-to-drink'><p><strong>Navodila za pitje:<\/strong> Donat po programu za bolj\u0161e izlo\u010danje \u017eol\u010da lahko pijete \u0161est tednov do trikrat na leto, med posameznimi izvajanji pa morajo miniti vsaj \u0161tirje tedni. Pijte ga po\u010dasi, trikrat na dan, prvi\u010d in tretji\u010d ogretega na 23 \u2013 25\u00b0C, drugi\u010d v dnevu pa sobne temperature.<\/p>\n<p><em>*Avtor programa pitja je Medical Center Roga\u0161ka.\u00a0<\/em><\/p>\n<\/div><\/div><div class=' row-table'><div class='table'><div class='row row-0'><div class='col col-1'>Kdaj?<\/div><div class='col col-2 text-right'>Zjutraj, na prazen \u017eelodec<\/div><div class='col col-3 text-right'>Pred kosilom<\/div><div class='col col-4 text-right'>Pred ve\u010derjo<\/div><\/div><div class='row row-1'><div class='col col-1'>Koliko?<\/div><div class='col col-2 text-right'>0,2 \u2013 0,3l <\/div><div class='col col-3 text-right'>0,2l <\/div><div class='col col-4 text-right'>0,1 \u2013 0,2l <\/div><\/div><\/div><\/div><\/div><div class='table-slider-content-single ' data-id='3'><div class='row-text'><div class='text description'><p>Donat kot naravno odvajalo je najbolj\u0161a re\u0161itev za odpravo zaprtja. S tem program pitja boste re\u0161ili te\u017eave zaprtja in vzpostavili redno in urejeno prebavo.<\/p>\n<\/div><div class='text how-to-drink'><p><strong>Navodila za pitje:<\/strong> Pijte ga hitro, zjutraj ogretega na 30 \u2013 37\u00b0C, zve\u010der pa sobne temperature. Donat po tem programu lahko pijete redno ali ponavljajo\u010de pet zaporednih dni z dvema dnevoma odmora.<\/p>\n<p><em>*Avtorji programa pitja: Bothe G, Coh A, Auinger A., Klini\u010dna \u0161tudija Donata, 2015<\/em><\/p>\n<\/div><\/div><div class=' row-table'><div class='table'><div class='row row-0'><div class='col col-1'>Kdaj?<\/div><div class='col col-2 text-right'>Zjutraj, na prazen \u017eelodec<\/div><div class='col col-3 text-right'>Pred ve\u010derjo<\/div><div class='col col-4 text-right'><\/div><\/div><div class='row row-1'><div class='col col-1'>Koliko?<\/div><div class='col col-2 text-right'>0,2 \u2013 0,3l <\/div><div class='col col-3 text-right'>0,2l <\/div><div class='col col-4 text-right'><\/div><\/div><\/div><\/div><\/div><div class='table-slider-content-single ' data-id='4'><div class='row-text'><div class='text description'><p>Program pitja za ubla\u017eitev zgage nevtralizira \u017eelod\u010dno kislino in odpravi peko\u010d ob\u010dutek v \u017eelodcu in po\u017eiralniku.<\/p>\n<\/div><div class='text how-to-drink'><p><strong>Navodila za pitje:<\/strong> Pijte ga po\u010dasi, s posameznimi po\u017eirki na sobni temperaturi. Program lahko izvajate stalno ali s kratkimi prekinitvami.<\/p>\n<p><em>*Avtor programa pitja je Medical Center Roga\u0161ka.\u00a0<\/em><\/p>\n<\/div><\/div><div class=' row-table'><div class='table'><div class='row row-0'><div class='col col-1'>Kdaj?<\/div><div class='col col-2 text-right'>20 \u2013 30 min pred vsakim obrokom ali med posameznim obrokom<\/div><div class='col col-3 text-right'><\/div><div class='col col-4 text-right'><\/div><\/div><div class='row row-1'><div class='col col-1'>Koliko?<\/div><div class='col col-2 text-right'>0,1 \u2013 0,2l <\/div><div class='col col-3 text-right'><\/div><div class='col col-4 text-right'><\/div><\/div><\/div><\/div><\/div><div class='table-slider-content-single ' data-id='5'><div class='row-text'><div class='text description'><p><span lang=\"HR\">Donat je naravno osmotsko odvajalo, spodbuja prebavo in je zelo koristen, saj o\u010disti telo ostankov odpadnih snovi. Za njegov odvajalni u\u010dinek sta zaslu\u017eni sulfatni soli magnezijev sulfat in natrijev sulfat. Poleg spodbujanja prebave sulfatne soli sodelujejo tudi v zelo zapletenih mehanizmih uravnavanja apetita s spodbujanjem izlo\u010danja prebavnega hormona holecistokinina. Zato je Donat lahko v veliko pomo\u010d pri uravnavanju ob\u010dutka lakote.<\/span><i><span lang=\"HR\"><br \/>\n<\/span><\/i><\/p>\n<\/div><div class='text how-to-drink'><p><strong>Trajanje programa pitja:<\/strong> V \u010dasu izvajanja programa Donat Vital. Priporo\u010dena dnevna koli\u010dina Donata je 0,5 l.<\/p>\n<p><span lang=\"HR\">*<\/span><i><span lang=\"HR\">Kreft S., Strukelj B. Influence of magnesium sulphate on cholecystokinin, hunger sensation and obesity.<\/span><\/i><\/p>\n<\/div><\/div><div class=' row-table'><div class='table'><div class='row row-0'><div class='col col-1'>Kdaj?<\/div><div class='col col-2 text-right'>Zjutraj na prazen<br>\u017eelodec<\/div><div class='col col-3 text-right'>Ko za\u010dutite lakoto<br>ali pred obroki<\/div><div class='col col-4 text-right'><\/div><\/div><div class='row row-1'><div class='col col-1'>Koliko?<\/div><div class='col col-2 text-right'>0,2 l<\/div><div class='col col-3 text-right'>0,1 l<\/div><div class='col col-4 text-right'><\/div><\/div><div class='row row-2'><div class='col col-1'>Temperatura<\/div><div class='col col-2 text-right'><small>Toplo (30-37c)<\/small><\/div><div class='col col-3 text-right'><small>Hladno (17-18c)<\/small><\/div><div class='col col-4 text-right'><\/div><\/div><div class='row row-3'><div class='col col-1'>Kako?<\/div><div class='col col-2 text-right'><small>Hitro<\/small><\/div><div class='col col-3 text-right'><small>Po\u010dasi<\/small><\/div><div class='col col-4 text-right'><\/div><\/div><\/div><\/div><\/div><\/div><div class='wp-block-columns are-vertically-aligned-center'><div class='wp-block-column is-vertically-aligned-center column-text text-447 default-column-text h40p20 first'><div class='hhb__text '><h2 id=\"app\"><strong>Ste se odlo\u010dili za ta<br \/>\n<\/strong>program pitja? <strong><br \/>\n<\/strong><\/h2>\n<p>Nalo\u017eite si aplikacijo, ki bo poskrbela, da<br \/>\nnikoli ne boste pozabili na pitje<br \/>\nDonata po izbranem na\u010dinu.<\/p>\n<\/div><div class='wp-block-images'><div class='image image-apple'><a target='_blank' href='https:\/\/apps.apple.com\/si\/app\/donat-mg-moments\/id912821903'><img loading=\"lazy\" decoding=\"async\" width=\"133\" height=\"45\" src=\"https:\/\/www.donat.com\/wp-content\/uploads\/2021\/01\/apple-badge-2.png\" class=\"attachment-full size-full\" alt=\"\" \/><\/a><\/div><div class='image image-android'><a target='_blank' href='https:\/\/play.google.com\/store\/apps\/details?id=si.renderspace.donatmgmoments&#038;hl=sl&#038;gl=SI'><img loading=\"lazy\" decoding=\"async\" width=\"150\" height=\"45\" src=\"https:\/\/www.donat.com\/wp-content\/uploads\/2021\/01\/google-play-badge.png\" class=\"attachment-full size-full\" alt=\"\" \/><\/a><\/div><\/div><\/div><div class='wp-block-column is-vertically-aligned-center  column-image'><div class='hhb__text default-column-text h40p20'><h2 id=\"app\"><strong>Ste se odlo\u010dili za ta<br \/>\n<\/strong>program pitja? <strong><br \/>\n<\/strong><\/h2>\n<p>Nalo\u017eite si aplikacijo, ki bo poskrbela, da<br \/>\nnikoli ne boste pozabili na pitje<br \/>\nDonata po izbranem na\u010dinu.<\/p>\n<\/div><div class='wp-block-image'><img loading=\"lazy\" decoding=\"async\" width=\"365\" height=\"514\" src=\"https:\/\/www.donat.com\/wp-content\/uploads\/2021\/02\/App-Image-1.png\" class=\"attachment-full size-full\" alt=\"\" srcset=\"https:\/\/www.donat.com\/wp-content\/uploads\/2021\/02\/App-Image-1.png 365w, https:\/\/www.donat.com\/wp-content\/uploads\/2021\/02\/App-Image-1-213x300.png 213w\" sizes=\"auto, (max-width: 365px) 100vw, 365px\" \/><\/div><\/div><\/div><\/div><\/div><\/div><\/div>","protected":false},"excerpt":{"rendered":"","protected":false},"author":1,"featured_media":0,"parent":0,"menu_order":0,"comment_status":"closed","ping_status":"closed","template":"","meta":{"_acf_changed":false,"footnotes":""},"class_list":["post-4592","page","type-page","status-publish","hentry"],"acf":[],"_links":{"self":[{"href":"https:\/\/www.donat.com\/sl\/wp-json\/wp\/v2\/pages\/4592","targetHints":{"allow":["GET"]}}],"collection":[{"href":"https:\/\/www.donat.com\/sl\/wp-json\/wp\/v2\/pages"}],"about":[{"href":"https:\/\/www.donat.com\/sl\/wp-json\/wp\/v2\/types\/page"}],"author":[{"embeddable":true,"href":"https:\/\/www.donat.com\/sl\/wp-json\/wp\/v2\/users\/1"}],"replies":[{"embeddable":true,"href":"https:\/\/www.donat.com\/sl\/wp-json\/wp\/v2\/comments?post=4592"}],"version-history":[{"count":55,"href":"https:\/\/www.donat.com\/sl\/wp-json\/wp\/v2\/pages\/4592\/revisions"}],"predecessor-version":[{"id":220123,"href":"https:\/\/www.donat.com\/sl\/wp-json\/wp\/v2\/pages\/4592\/revisions\/220123"}],"wp:attachment":[{"href":"https:\/\/www.donat.com\/sl\/wp-json\/wp\/v2\/media?parent=4592"}],"curies":[{"name":"wp","href":"https:\/\/api.w.org\/{rel}","templated":true}]}}