{"id":221395,"date":"2021-01-29T08:20:39","date_gmt":"2021-01-29T08:20:39","guid":{"rendered":"https:\/\/www.donat.com\/domaca-stran\/"},"modified":"2026-03-25T13:23:28","modified_gmt":"2026-03-25T11:23:28","slug":"domaca-stran","status":"publish","type":"page","link":"https:\/\/www.donat.com\/sr\/","title":{"rendered":"Home page"},"content":{"rendered":"<div  class='fullwidth-banner-block ' style='min-height: 100vh;'><style>.fullwidth-banner__bg-wrap {position: absolute;left: 0;top: 0;height: 100%;width: 100%;} .fullwidth-banner__bg-desktop, .fullwidth-banner__bg-mobile {height: 100%;} .fullwidth-banner__bg-desktop img, .fullwidth-banner__bg-mobile img {height: 100%;width: 100%;object-fit: cover;object-position: center;} .fullwidth-banner--bg-top .fullwidth-banner__bg-desktop img, .fullwidth-banner--bg-top .fullwidth-banner__bg-mobile img {object-position: top center;}<\/style><div class='fullwidth-banner__shadow'><\/div><div class='fullwidth-banner__bg-wrap'><div class='fullwidth-banner__bg-desktop'><img loading=\"lazy\" decoding=\"async\" width=\"1920\" height=\"1281\" src=\"https:\/\/www.donat.com\/wp-content\/uploads\/2025\/02\/donat-6days-banner_1920.webp\" class=\"attachment-fullsize size-fullsize\" alt=\"Gospa gleda skozi okno.\" srcset=\"https:\/\/www.donat.com\/wp-content\/uploads\/2025\/02\/donat-6days-banner_1920.webp 1920w, https:\/\/www.donat.com\/wp-content\/uploads\/2025\/02\/donat-6days-banner_1920-300x200.webp 300w, https:\/\/www.donat.com\/wp-content\/uploads\/2025\/02\/donat-6days-banner_1920-1024x683.webp 1024w, https:\/\/www.donat.com\/wp-content\/uploads\/2025\/02\/donat-6days-banner_1920-1536x1025.webp 1536w, https:\/\/www.donat.com\/wp-content\/uploads\/2025\/02\/donat-6days-banner_1920-150x100.webp 150w, https:\/\/www.donat.com\/wp-content\/uploads\/2025\/02\/donat-6days-banner_1920-750x500.webp 750w, https:\/\/www.donat.com\/wp-content\/uploads\/2025\/02\/donat-6days-banner_1920-900x600.webp 900w\" sizes=\"auto, (max-width: 1920px) 100vw, 1920px\" \/><\/div><div class='fullwidth-banner__bg-mobile'  style='display:none;'><img decoding=\"async\" width=\"675\" height=\"897\" src=\"https:\/\/www.donat.com\/wp-content\/uploads\/2025\/02\/donat-6days-banner_mobile.webp\" class=\"attachment-fullsize size-fullsize\" alt=\"Gospa gleda skozi okno.\" loading=\"lazy\" srcset=\"https:\/\/www.donat.com\/wp-content\/uploads\/2025\/02\/donat-6days-banner_mobile.webp 675w, https:\/\/www.donat.com\/wp-content\/uploads\/2025\/02\/donat-6days-banner_mobile-226x300.webp 226w, https:\/\/www.donat.com\/wp-content\/uploads\/2025\/02\/donat-6days-banner_mobile-75x100.webp 75w\" sizes=\"auto, (max-width: 675px) 100vw, 675px\" \/><\/div><\/div><div class='container'><div class='content'><div class='fullwidth-banner__content'><div class='fullwidth-banner__content-inner default-column-text h1_like_h2'><h1><strong>Za 6 dana<\/strong> do bolje probave<\/h1>\n<p>U saradnji sa stru\u010dnjacima, kreirali smo besplatni priru\u010dnik koji \u0107e vam pomo\u0107i da efikasno reguli\u0161ete probavu za 6 dana.<\/p>\n<div class='hhb__link mt32'><a class='btn--green--16' target=''href ='https:\/\/www.donat.com\/sr\/za-6-dana-do-bolje-probave\/'>SAZNAJTE VI\u0160E<\/a><\/div><\/div><\/div><\/div><\/div><\/div>\n\n<div id=\"prirodno-resenje\" class=\"ow_container_section  container-989 ms_hero_block column-window-height\">\n    <div class=\"container\">\n        <div class=\"content\">\n            \n\n<div class=\"wp-block-columns are-vertically-aligned-center\">\n<div class=\"wp-block-column is-vertically-aligned-center column-text default-column-text h64p22\" style=\"flex-basis:66.66%\">\n<h1 class=\"wp-block-heading\">Prirodno re\u0161enje <strong>za urednu probavu.<\/strong><\/h1>\n\n\n\n<p>Donat je potpuno prirodno re\u0161enje za urednu probavu.<\/p>\n\n\n\n<p>Pobrinite se za svoju probavu. Brinite o sebi.<\/p>\n\n\n\n<div class=\"wp-block-buttons\">\n<div class=\"wp-block-button parent-btn--green--16\"><a class=\"wp-block-button__link wp-element-button\" href=\"https:\/\/www.donat.com\/sr\/o-donatu\/\">Upoznajte ga<\/a><\/div>\n<\/div>\n<\/div>\n\n\n\n<div class=\"wp-block-column is-vertically-aligned-center column-image\" style=\"flex-basis:33.33%\"><div class=\"wp-block-image\">\n<figure class=\"alignright size-full\"><img loading=\"lazy\" decoding=\"async\" width=\"460\" height=\"658\" src=\"https:\/\/www.donat.com\/wp-content\/uploads\/2025\/08\/donate-bottle.png\" alt=\"\" class=\"wp-image-221769\" srcset=\"https:\/\/www.donat.com\/wp-content\/uploads\/2025\/08\/donate-bottle.png 460w, https:\/\/www.donat.com\/wp-content\/uploads\/2025\/08\/donate-bottle-210x300.png 210w, https:\/\/www.donat.com\/wp-content\/uploads\/2025\/08\/donate-bottle-70x100.png 70w\" sizes=\"auto, (max-width: 460px) 100vw, 460px\" \/><\/figure>\n<\/div><\/div>\n<\/div>\n\n\n        <\/div>\n    <\/div>\n<\/div>\n\n<div id=\"\" class=\"ow_container_section  container-full nature-parallax-section\">\n    <div class=\"container\">\n        <div class=\"content\">\n            \n \n<div id='nature-parallax'>\n    <div class='parallax-container'>\n        <div class='parallax-layer layer layer-0' data-parallax-type='layer' data-parallax-min='unset' data-parallax-speed='12' data-max-scroll='500'><\/div>\n        <div class='parallax-layer layer layer-1' data-parallax-type='layer' data-parallax-min='unset' data-parallax-speed='16' data-max-scroll='500'><\/div>\n        <div class='parallax-layer layer layer-1-5' data-parallax-type='layer' data-parallax-min='unset' data-parallax-speed='50' data-max-scroll='500'><\/div>\n        <div class='parallax-layer layer layer-2' data-parallax-type='layer' data-parallax-min='unset' data-parallax-speed='19' data-max-scroll='500'><\/div>\n        <div class='parallax-layer layer layer-2-5' data-parallax-type='layer' data-parallax-min='unset' data-parallax-speed='15' data-max-scroll='500'><\/div>\n        <div class='parallax-layer cloud cloud-2 layer-2-6' data-parallax-type='cloud' ><\/div>\n        <div class='parallax-layer layer layer-3' data-parallax-type='layer' data-parallax-min='unset' data-parallax-speed='25' data-max-scroll='500'><\/div>\n        <div class='parallax-layer cloud cloud-1 layer-3-5' data-parallax-type='cloud' ><\/div>\n        <div class='parallax-layer layer layer-4' data-parallax-type='layer' data-parallax-min='unset' data-parallax-speed='30' data-max-scroll='500'><\/div>\n        <div class='parallax-layer layer layer-4-1' data-parallax-type='layer' data-parallax-min='unset'><\/div>\n      <div class='layer layer-5' data-parallax-speed='0' data-max-scroll='500'><\/div>\n       \n        <div class='nature-parallax-content clearfix'>\n            <div class='default-column-text'>\n                <div class='hhb__text '><h2><strong>Donat.<\/strong><br \/>\nZa zdravu budu\u0107nost.<\/h2>\n<p>Svojim radom izra\u017eavamo zahvalnost i<br \/>\nosiguravamo da Donat bude dostupan i<br \/>\ngeneracijama posle nas.<\/p>\n<\/div>\n                <div class='wp-block-buttons'><div class='wp-block-button parent-btn--green--16'><a class='wp-block-button__link' target=''href ='https:\/\/www.donat.com\/sr\/odrzivost\/'>Vi\u0161e o odr\u017eivosti<\/a><\/div><\/div>\n            <\/div>\n        <\/div>\n        \n        <div class='parallax-layer icon icon-1 ' data-parallax-type='icon' data-parallax-freeze='false' data-parallax-min='0' data-parallax-speed='1.6' data-max-scroll='265'>\n            <div class='icon-image'><img loading=\"lazy\" decoding=\"async\" width=\"1\" height=\"1\" src=\"https:\/\/www.donat.com\/wp-content\/uploads\/2021\/12\/Ico-DONAT-01.svg\" class=\"attachment-80x80 size-80x80\" alt=\"Ikona list\" \/><\/div>\n            <div class='icon-text'><span class='text-top'>100%<\/span><span class='text-bottom'>prirodno<\/span><\/div>\n        <\/div>\n        <div class='parallax-layer icon icon-2 ' data-parallax-type='icon' data-parallax-freeze='false' data-parallax-min='0' data-parallax-speed='0.7' data-max-scroll='265'>\n            <div class='icon-image'><img loading=\"lazy\" decoding=\"async\" width=\"1\" height=\"1\" src=\"https:\/\/www.donat.com\/wp-content\/uploads\/2021\/02\/Ico-Minerals.svg\" class=\"attachment-80x80 size-80x80\" alt=\"\" \/><\/div>\n\n            <div class='icon-text'><span class='text-top'>Jedinstvena<\/span><span class='text-bottom'>kombinacija minerala<\/span><\/div>\n        <\/div>\n        <div class='parallax-layer icon icon-3 ' data-parallax-type='icon' data-parallax-freeze='false' data-parallax-min='0' data-parallax-speed='1.2' data-max-scroll='265'>\n            <div class='icon-image'><img loading=\"lazy\" decoding=\"async\" width=\"1\" height=\"1\" src=\"https:\/\/www.donat.com\/wp-content\/uploads\/2021\/12\/Ico-DONAT-02-1.svg\" class=\"attachment-80x80 size-80x80\" alt=\"\" \/><\/div>\n            <div class='icon-text'><span class='text-top'>100%<\/span><span class='text-bottom'>reciklirana plasti\u010dna boca<\/span><\/div>\n        <\/div>\n\n    <\/div>\n<\/div>\n\n\n        <\/div>\n    <\/div>\n<\/div>\n\n<div id=\"\" class=\"ow_container_section  container-989 ms-why-dring-donat column-window-height\">\n    <div class=\"container\">\n        <div class=\"content\">\n            \n\n<div class=\"wp-block-columns column-image-absolute\">\n<div class=\"wp-block-column is-vertically-aligned-center\"><div class=\"wp-block-image image-position-absolute\">\n<figure class=\"alignleft size-large\"><img loading=\"lazy\" decoding=\"async\" width=\"938\" height=\"888\" src=\"https:\/\/www.donat.com\/wp-content\/uploads\/2021\/03\/why-drink-tiny.png\" alt=\"\" class=\"wp-image-6099\" srcset=\"https:\/\/www.donat.com\/wp-content\/uploads\/2021\/03\/why-drink-tiny.png 938w, https:\/\/www.donat.com\/wp-content\/uploads\/2021\/03\/why-drink-tiny-300x284.png 300w, https:\/\/www.donat.com\/wp-content\/uploads\/2021\/03\/why-drink-tiny-106x100.png 106w, https:\/\/www.donat.com\/wp-content\/uploads\/2021\/03\/why-drink-tiny-750x710.png 750w, https:\/\/www.donat.com\/wp-content\/uploads\/2021\/03\/why-drink-tiny-900x852.png 900w\" sizes=\"auto, (max-width: 938px) 100vw, 938px\" \/><\/figure>\n<\/div><\/div>\n\n\n\n<div class=\"wp-block-column is-vertically-aligned-center text-351 default-column-text\">\n<h2 class=\"wp-block-heading\"><strong>Za\u0161to <\/strong><br>piti Donat<\/h2>\n\n\n\n<p>Donat je prirodna mineralna voda koja klini\u010dki dokazano podr\u017eava probavu na prirodan na\u010din i time se brine za dobrobit celog organizma.<\/p>\n\n\n\n<div class=\"wp-block-buttons\">\n<div class=\"wp-block-button parent-btn--green--16\"><a class=\"wp-block-button__link wp-element-button\" href=\"https:\/\/www.donat.com\/sr\/probava\/\">Vi\u0161e o tome<\/a><\/div>\n<\/div>\n<\/div>\n<\/div>\n\n\n        <\/div>\n    <\/div>\n<\/div>\n\n<div id=\"\" class=\"ow_container_section  container-989 ms-unique-minerals column-window-height move-headline-section\">\n    <div class=\"container\">\n        <div class=\"content\">\n            \n\n<div class=\"wp-block-columns column-image-absolute\">\n<div class=\"wp-block-column is-vertically-aligned-center default-column-text column-text\">\n<h2 class=\"wp-block-heading\"><strong>Jedinstvena <\/strong><br>kombinacija minerala<\/h2>\n\n\n\n<p>Jedinstvenom kombinacijom minerala, koji se ne mogu na\u0107i nigde drugo na svetu, Donat prirodno podr\u017eava rad probave.<\/p>\n\n\n\n<div class=\"wp-block-buttons\">\n<div class=\"wp-block-button parent-btn--green--16\"><a class=\"wp-block-button__link wp-element-button\" href=\"https:\/\/www.donat.com\/sr\/o-donatu\/\">Vi\u0161e o sastavu<\/a><\/div>\n<\/div>\n<\/div>\n\n\n\n<div class=\"wp-block-column is-vertically-aligned-center column-image default-column-text\">\n<h2 class=\"wp-block-heading mobile-headline\"><strong>Jedinstvena <\/strong><br>kombinacija minerala<\/h2>\n\n\n<div class=\"wp-block-image image-position-absolute\">\n<figure class=\"alignleft size-large\"><img loading=\"lazy\" decoding=\"async\" width=\"851\" height=\"435\" src=\"https:\/\/www.donat.com\/wp-content\/uploads\/2021\/03\/minerali-1-min.png\" alt=\"\" class=\"wp-image-5276\" srcset=\"https:\/\/www.donat.com\/wp-content\/uploads\/2021\/03\/minerali-1-min.png 851w, https:\/\/www.donat.com\/wp-content\/uploads\/2021\/03\/minerali-1-min-300x153.png 300w\" sizes=\"auto, (max-width: 851px) 100vw, 851px\" \/><\/figure>\n<\/div><\/div>\n<\/div>\n\n\n        <\/div>\n    <\/div>\n<\/div>\n\n<div id=\"\" class=\"ow_container_section  container-989 ms_how_to_drink_bottle_bullets column-window-height\">\n    <div class=\"container\">\n        <div class=\"content\">\n            \n<div class='how_to_drink_bottle_bullets_block'><div class='wp-block-columns'><div class='wp-block-column is-vertically-aligned-center  default-column-text first'><div class='hhb__text '><h2><strong>Kako pravilno <\/strong><br \/>\npiti Donat<\/h2>\n<p>Za najbolji efekat i<br \/>\nre\u0161enje tegoba izaberite<br \/>\npravi re\u017eim pijenja.<\/p>\n<p>Donat re\u0161ava razne tegobe<br \/>\nrazli\u010ditim re\u017eimima pijenja.<\/p>\n<\/div><div class='wp-block-buttons'><div class='wp-block-button parent-btn--green--16'><a class='wp-block-button__link' target=''href ='https:\/\/www.donat.com\/sr\/o-donatu\/#kako-piti-donat'>Proverite kako<\/a><\/div><\/div><\/div><div class='wp-block-column is-vertically-aligned-center second'><div class='htdbb__image clearfix'><div class='default-column-text mobile-headline '><h2><strong>Kako pravilno <\/strong><br \/>\npiti Donat<\/h2>\n<p>Za najbolji efekat i<br \/>\nre\u0161enje tegoba izaberite<br \/>\npravi re\u017eim pijenja.<\/p>\n<p>Donat re\u0161ava razne tegobe<br \/>\nrazli\u010ditim re\u017eimima pijenja.<\/p>\n<\/div><img loading=\"lazy\" decoding=\"async\" width=\"1680\" height=\"1680\" src=\"https:\/\/www.donat.com\/wp-content\/uploads\/2025\/07\/BottleBadgeSRB-1.png\" class=\"attachment-full size-full\" alt=\"\" srcset=\"https:\/\/www.donat.com\/wp-content\/uploads\/2025\/07\/BottleBadgeSRB-1.png 1680w, https:\/\/www.donat.com\/wp-content\/uploads\/2025\/07\/BottleBadgeSRB-1-300x300.png 300w, https:\/\/www.donat.com\/wp-content\/uploads\/2025\/07\/BottleBadgeSRB-1-1024x1024.png 1024w, https:\/\/www.donat.com\/wp-content\/uploads\/2025\/07\/BottleBadgeSRB-1-150x150.png 150w, https:\/\/www.donat.com\/wp-content\/uploads\/2025\/07\/BottleBadgeSRB-1-1536x1536.png 1536w, https:\/\/www.donat.com\/wp-content\/uploads\/2025\/07\/BottleBadgeSRB-1-550x550.png 550w, https:\/\/www.donat.com\/wp-content\/uploads\/2025\/07\/BottleBadgeSRB-1-100x100.png 100w, https:\/\/www.donat.com\/wp-content\/uploads\/2025\/07\/BottleBadgeSRB-1-750x750.png 750w, https:\/\/www.donat.com\/wp-content\/uploads\/2025\/07\/BottleBadgeSRB-1-900x900.png 900w\" sizes=\"auto, (max-width: 1680px) 100vw, 1680px\" \/><div class='htdbb__bullets clearfix'><div class='htdbb__bullets__single'><h4>Za dobrobit<\/h4><div class='border'><\/div><div class='bullet bullet-0'>Podsti\u010de probavni sistem<\/div><div class='bullet bullet-1'>Preventivna nadoknada magnezijuma<\/div><\/div><div class='htdbb__bullets__single'><h4>Za re\u0161avanje tegoba:<\/h4><div class='border'><\/div><div class='bullet bullet-2'>Zatvor<\/div><div class='bullet bullet-3'>Goru\u0161ica<\/div><\/div><\/div><\/div><\/div><\/div><\/div>\n\n\n<p><\/p>\n\n\n        <\/div>\n    <\/div>\n<\/div>\n\n<div id=\"\" class=\"ow_container_section  column-window-height\">\n    <div class=\"container\">\n        <div class=\"content\">\n            \n<div id='' class='use-our-app-section'><div class='container'><div class='use-our-app-inner'><div class='wp-block-columns are-vertically-aligned-center'><div class='wp-block-column is-vertically-aligned-center  column-image'><div class='wp-block-images'><div class='image-phone'><img loading=\"lazy\" decoding=\"async\" width=\"238\" height=\"480\" src=\"https:\/\/www.donat.com\/wp-content\/uploads\/2021\/02\/iphone_Pro_mockup-1.png\" class=\"attachment-full size-full\" alt=\"\" srcset=\"https:\/\/www.donat.com\/wp-content\/uploads\/2021\/02\/iphone_Pro_mockup-1.png 238w, https:\/\/www.donat.com\/wp-content\/uploads\/2021\/02\/iphone_Pro_mockup-1-149x300.png 149w\" sizes=\"auto, (max-width: 238px) 100vw, 238px\" \/><div class='image-glass'><img loading=\"lazy\" decoding=\"async\" width=\"239\" height=\"400\" src=\"https:\/\/www.donat.com\/wp-content\/uploads\/2021\/02\/glass-1.png\" class=\"attachment-full size-full\" alt=\"\" srcset=\"https:\/\/www.donat.com\/wp-content\/uploads\/2021\/02\/glass-1.png 239w, https:\/\/www.donat.com\/wp-content\/uploads\/2021\/02\/glass-1-179x300.png 179w\" sizes=\"auto, (max-width: 239px) 100vw, 239px\" \/><\/div><div class='floating-text f-1'><div class='icon'><img loading=\"lazy\" decoding=\"async\" width=\"30\" height=\"28\" src=\"https:\/\/www.donat.com\/wp-content\/uploads\/2021\/02\/Ico-Cart.png\" class=\"attachment-thumbnail size-thumbnail\" alt=\"\" \/><\/div><div class='text'><p>Asistent za kupovinu<\/p>\n<\/div><\/div><div class='floating-text f-2'><div class='icon'><img loading=\"lazy\" decoding=\"async\" width=\"1\" height=\"1\" src=\"https:\/\/www.donat.com\/wp-content\/uploads\/2021\/04\/Ico-down.svg\" class=\"attachment-thumbnail size-thumbnail\" alt=\"\" \/><\/div><div class='text'><p>Ve\u0107 vi\u0161e od<br \/>\n75 000 korisnika<\/p>\n<\/div><\/div><div class='floating-text f-3'><div class='icon'><img loading=\"lazy\" decoding=\"async\" width=\"26\" height=\"26\" src=\"https:\/\/www.donat.com\/wp-content\/uploads\/2021\/02\/Shape.png\" class=\"attachment-thumbnail size-thumbnail\" alt=\"\" \/><\/div><div class='text'><p>Podsetnici za pijenje Donat<\/p>\n<\/div><\/div><\/div><\/div><\/div><div class='wp-block-column column-text is-vertically-aligned-center  text-447 default-column-text first'><div class='mobile-headline'><h2><strong>Koristite<\/strong><br \/>\nna\u0161u mobilnu aplikaciju<\/h2>\n<p>Izaberite pravi re\u017eim pijenja za svoj cilj,<br \/>\na aplikacija \u0107e vas<br \/>\nvoditi kroz dan podsetnicima<br \/>\ni korisnim savetima.<\/p>\n<\/div><div class='hhb__image_mobile '><img loading=\"lazy\" decoding=\"async\" width=\"365\" height=\"514\" src=\"https:\/\/www.donat.com\/wp-content\/uploads\/2021\/02\/App-Image-1.png\" class=\"attachment-full size-full\" alt=\"\" srcset=\"https:\/\/www.donat.com\/wp-content\/uploads\/2021\/02\/App-Image-1.png 365w, https:\/\/www.donat.com\/wp-content\/uploads\/2021\/02\/App-Image-1-213x300.png 213w\" sizes=\"auto, (max-width: 365px) 100vw, 365px\" \/><\/div><div class='hhb__text '><h2><strong>Koristite<\/strong><br \/>\nna\u0161u mobilnu aplikaciju<\/h2>\n<p>Izaberite pravi re\u017eim pijenja za svoj cilj,<br \/>\na aplikacija \u0107e vas<br \/>\nvoditi kroz dan podsetnicima<br \/>\ni korisnim savetima.<\/p>\n<\/div><div class='wp-block-images'><div class='image image-apple'><a target='_blank' href='https:\/\/apps.apple.com\/si\/app\/donat-mg-moments\/id912821903'><img loading=\"lazy\" decoding=\"async\" width=\"133\" height=\"45\" src=\"https:\/\/www.donat.com\/wp-content\/uploads\/2021\/01\/apple-badge-2.png\" class=\"attachment-full size-full\" alt=\"\" \/><\/a><\/div><div class='image image-android'><a target='_blank' href='https:\/\/play.google.com\/store\/apps\/details?id=si.renderspace.donatmgmoments&#038;hl=en&#038;gl=US'><img loading=\"lazy\" decoding=\"async\" width=\"150\" height=\"45\" src=\"https:\/\/www.donat.com\/wp-content\/uploads\/2021\/01\/google-play-badge.png\" class=\"attachment-full size-full\" alt=\"\" \/><\/a><\/div><\/div><\/div><\/div><\/div><\/div><\/div>\n\n        <\/div>\n    <\/div>\n<\/div>","protected":false},"excerpt":{"rendered":"","protected":false},"author":1,"featured_media":0,"parent":0,"menu_order":0,"comment_status":"closed","ping_status":"closed","template":"","meta":{"_acf_changed":false,"footnotes":""},"class_list":["post-221395","page","type-page","status-publish","hentry"],"acf":[],"_links":{"self":[{"href":"https:\/\/www.donat.com\/sr\/wp-json\/wp\/v2\/pages\/221395","targetHints":{"allow":["GET"]}}],"collection":[{"href":"https:\/\/www.donat.com\/sr\/wp-json\/wp\/v2\/pages"}],"about":[{"href":"https:\/\/www.donat.com\/sr\/wp-json\/wp\/v2\/types\/page"}],"author":[{"embeddable":true,"href":"https:\/\/www.donat.com\/sr\/wp-json\/wp\/v2\/users\/1"}],"replies":[{"embeddable":true,"href":"https:\/\/www.donat.com\/sr\/wp-json\/wp\/v2\/comments?post=221395"}],"version-history":[{"count":17,"href":"https:\/\/www.donat.com\/sr\/wp-json\/wp\/v2\/pages\/221395\/revisions"}],"predecessor-version":[{"id":224504,"href":"https:\/\/www.donat.com\/sr\/wp-json\/wp\/v2\/pages\/221395\/revisions\/224504"}],"wp:attachment":[{"href":"https:\/\/www.donat.com\/sr\/wp-json\/wp\/v2\/media?parent=221395"}],"curies":[{"name":"wp","href":"https:\/\/api.w.org\/{rel}","templated":true}]}}