{"id":221396,"date":"2021-02-23T09:41:58","date_gmt":"2021-02-23T09:41:58","guid":{"rendered":"https:\/\/www.donat.com\/o-donatu\/"},"modified":"2026-02-20T10:30:25","modified_gmt":"2026-02-20T08:30:25","slug":"o-donatu","status":"publish","type":"page","link":"https:\/\/www.donat.com\/sr\/o-donatu\/","title":{"rendered":"O Donatu"},"content":{"rendered":"<div id=\"\" class=\"ow_container_section  container-989 about_hero_block column-window-height\">\n    <div class=\"container\">\n        <div class=\"content\">\n            \n\n<div class=\"wp-block-columns are-vertically-aligned-center\">\n<div class=\"wp-block-column is-vertically-aligned-center column-text default-column-text h64p22\" style=\"flex-basis:66.66%\">\n<h1 class=\"wp-block-heading\" id=\"prirodno-bogatstvoza-zdravu-probavu\"><strong>Prirodno bogatstvo<\/strong><br>za urednu probavu<\/h1>\n\n\n\n<p>Prirodna mineralna voda Donat oboga\u0107ena <br>je mineralima iz stena koje se otapaju,<br>koji pozitivno uti\u010du na rad na\u0161e probave <br>i celokupno blagostanje organizma.<\/p>\n\n\n\n<div class=\"wp-block-buttons\">\n<div class=\"wp-block-button parent-btn--green--16\"><a class=\"wp-block-button__link wp-element-button\" href=\"#unique-combination-of-materials\">Upoznajte ga<\/a><\/div>\n<\/div>\n<\/div>\n\n\n\n<div class=\"wp-block-column is-vertically-aligned-center column-image\" style=\"flex-basis:33.33%\"><div class=\"wp-block-image\">\n<figure class=\"alignright size-large\"><img loading=\"lazy\" decoding=\"async\" width=\"831\" height=\"1024\" src=\"https:\/\/www.donat.com\/wp-content\/uploads\/2025\/07\/Bottle-and-Glass-SRB-2-1-1-831x1024.png\" alt=\"\" class=\"wp-image-221645\" srcset=\"https:\/\/www.donat.com\/wp-content\/uploads\/2025\/07\/Bottle-and-Glass-SRB-2-1-1-831x1024.png 831w, https:\/\/www.donat.com\/wp-content\/uploads\/2025\/07\/Bottle-and-Glass-SRB-2-1-1-244x300.png 244w, https:\/\/www.donat.com\/wp-content\/uploads\/2025\/07\/Bottle-and-Glass-SRB-2-1-1-81x100.png 81w, https:\/\/www.donat.com\/wp-content\/uploads\/2025\/07\/Bottle-and-Glass-SRB-2-1-1-750x924.png 750w, https:\/\/www.donat.com\/wp-content\/uploads\/2025\/07\/Bottle-and-Glass-SRB-2-1-1-900x1109.png 900w, https:\/\/www.donat.com\/wp-content\/uploads\/2025\/07\/Bottle-and-Glass-SRB-2-1-1.png 1091w\" sizes=\"auto, (max-width: 831px) 100vw, 831px\" \/><\/figure>\n<\/div><\/div>\n<\/div>\n\n\n\n<p><\/p>\n\n\n        <\/div>\n    <\/div>\n<\/div>\n\n<div id=\"unique-combination-of-materials\" class=\"ow_container_section  container-989 about-juniqe-combination  column-window-height move-headline-section\">\n    <div class=\"container\">\n        <div class=\"content\">\n            \n\n<div class=\"wp-block-columns column-image-absolute\">\n<div class=\"wp-block-column is-vertically-aligned-center column-image default-column-text\">\n<h2 class=\"wp-block-heading mobile-headline\" id=\"jedinstvena-kombinacija-minerala\"><strong>Jedinstvena <\/strong><br>kombinacija minerala<\/h2>\n\n\n<div class=\"wp-block-image image-position-absolute\">\n<figure class=\"alignleft size-large\"><img loading=\"lazy\" decoding=\"async\" width=\"760\" height=\"604\" src=\"https:\/\/www.donat.com\/wp-content\/uploads\/2021\/03\/minerali-left.png\" alt=\"\" class=\"wp-image-5258\" srcset=\"https:\/\/www.donat.com\/wp-content\/uploads\/2021\/03\/minerali-left.png 760w, https:\/\/www.donat.com\/wp-content\/uploads\/2021\/03\/minerali-left-300x238.png 300w\" sizes=\"auto, (max-width: 760px) 100vw, 760px\" \/><\/figure>\n<\/div><\/div>\n\n\n\n<div class=\"wp-block-column is-vertically-aligned-center text-447 default-column-text column-text\">\n<h2 class=\"wp-block-heading\" id=\"jedinstvena-kombinacija-minerala\"><strong>Jedinstvena <\/strong><br>kombinacija minerala<\/h2>\n\n\n\n<p>Jedinstvena prirodna kombinacija pet minerala tajni je recept za pozitivan u\u010dinak Donata na pravilan rad organizma i celokupno blagostanje organizma.<\/p>\n\n\n\n<div class=\"wp-block-buttons\">\n<div class=\"wp-block-button parent-btn--green--16\"><a class=\"wp-block-button__link wp-element-button\" href=\"#kako-piti-donat\">KAKO PITI DONAT<\/a><\/div>\n<\/div>\n<\/div>\n<\/div>\n\n\n        <\/div>\n    <\/div>\n<\/div>\n\n<div id=\"\" class=\"ow_container_section  drinking-donat-is-safe container-989\">\n    <div class=\"container\">\n        <div class=\"content\">\n            \n\n<div class=\"wp-block-columns\">\n<div class=\"wp-block-column is-vertically-aligned-center column-text default-column-text\">\n<h2 class=\"wp-block-heading\" id=\"donat-je-prirodan-i-siguran-za-pice\"><strong>Donat je prirodan <\/strong><br>i bezbedan za pi\u0107e<\/h2>\n\n\n\n<p>Na\u0161 organizam se ne navikava na delovanje Donata, jer je ono mehani\u010dko. Donat deluje po principu osmoze \u2013 prvo sulfati upijaju vodu iz \u0107elija zida creva, \u010dime se pove\u0107ava volumen sadr\u017eaja creva. Magnezijum dodatno opu\u0161ta mi\u0161i\u0107e probavnog trakta, poma\u017eu\u0107i tako sulfatima da stimuli\u0161u i ubrzaju peristaltiku.<\/p>\n\n\n\n<div class=\"wp-block-columns\">\n<div class=\"wp-block-column\">\n<figure class=\"wp-block-image size-large is-resized\"><img decoding=\"async\" src=\"https:\/\/www.donat.com\/wp-content\/uploads\/2021\/02\/Ico-Addictive.svg\" alt=\"\" class=\"wp-image-1723\" style=\"width:80px;height:80px\"\/><\/figure>\n\n\n\n<p class=\"has-text-align-center\"><strong>Ne <\/strong><br>stvara ovisnost<\/p>\n<\/div>\n\n\n\n<div class=\"wp-block-column\">\n<figure class=\"wp-block-image size-large is-resized\"><img decoding=\"async\" src=\"https:\/\/www.donat.com\/wp-content\/uploads\/2021\/02\/Ico-Beneficial.svg\" alt=\"\" class=\"wp-image-1734\" style=\"width:80px;height:80px\"\/><\/figure>\n\n\n\n<p class=\"has-text-align-center\">Donosi samo dobrobit za<br><strong>zdravlje<\/strong><\/p>\n<\/div>\n\n\n\n<div class=\"wp-block-column\">\n<figure class=\"wp-block-image size-large\"><img decoding=\"async\" src=\"https:\/\/www.donat.com\/wp-content\/uploads\/2021\/12\/Ico-DONAT-01.svg\" alt=\"\" class=\"wp-image-35990\"\/><\/figure>\n\n\n\n<p class=\"has-text-align-center\">100%<br><strong>prirodno<\/strong><\/p>\n<\/div>\n<\/div>\n<\/div>\n\n\n\n<div class=\"wp-block-column is-vertically-aligned-center column-image-absolute\">\n<figure class=\"wp-block-image size-large image-position-absolute\"><img loading=\"lazy\" decoding=\"async\" width=\"527\" height=\"1024\" src=\"https:\/\/www.donat.com\/wp-content\/uploads\/2025\/07\/image-lady-srb-527x1024.png\" alt=\"\" class=\"wp-image-221616\" srcset=\"https:\/\/www.donat.com\/wp-content\/uploads\/2025\/07\/image-lady-srb-527x1024.png 527w, https:\/\/www.donat.com\/wp-content\/uploads\/2025\/07\/image-lady-srb-154x300.png 154w, https:\/\/www.donat.com\/wp-content\/uploads\/2025\/07\/image-lady-srb-51x100.png 51w, https:\/\/www.donat.com\/wp-content\/uploads\/2025\/07\/image-lady-srb.png 704w\" sizes=\"auto, (max-width: 527px) 100vw, 527px\" \/><\/figure>\n<\/div>\n<\/div>\n\n\n        <\/div>\n    <\/div>\n<\/div>\n\n<div id=\"\" class=\"ow_container_section  minerals-present  container-989\">\n    <div class=\"container\">\n        <div class=\"content\">\n            \n\n<div class=\"wp-block-columns\">\n<div class=\"wp-block-column column-text default-column-text\">\n<h2 class=\"wp-block-heading\" id=\"prisutni-minerali\"><strong>Prisutni minerali<\/strong><\/h2>\n<\/div>\n<\/div>\n\n\n\n<div class=\"wp-block-columns\">\n<div class=\"wp-block-column single-miniral default-column-text h20p16\">\n<div class=\"wp-block-columns\">\n<div class=\"wp-block-column\"><div class=\"wp-block-image\">\n<figure class=\"alignleft size-large\"><img loading=\"lazy\" decoding=\"async\" width=\"140\" height=\"83\" src=\"https:\/\/www.donat.com\/wp-content\/uploads\/2021\/02\/karbon-1.png\" alt=\"\" class=\"wp-image-1819\"\/><\/figure>\n<\/div><\/div>\n<\/div>\n\n\n\n<h2 class=\"wp-block-heading\" id=\"hidrogenkarbonati\"><strong>Hidrogenkarbonati<\/strong><\/h2>\n\n\n\n<p>Obezbe\u0111uju odgovaraju\u0107u pH ravnote\u017eu jednjaka i \u017eeluca. Na sebe vezuju kiseline i time smanjuju ose\u0107aj \u017earenja kod goru\u0161ice.<\/p>\n<\/div>\n\n\n\n<div class=\"wp-block-column single-miniral default-column-text h20p16\">\n<div class=\"wp-block-columns\">\n<div class=\"wp-block-column\"><div class=\"wp-block-image\">\n<figure class=\"alignleft size-large\"><img loading=\"lazy\" decoding=\"async\" width=\"112\" height=\"75\" src=\"https:\/\/www.donat.com\/wp-content\/uploads\/2021\/02\/sulfati-1.png\" alt=\"\" class=\"wp-image-1826\"\/><\/figure>\n<\/div><\/div>\n<\/div>\n\n\n\n<h2 class=\"wp-block-heading\" id=\"sulfati\"><strong>Sulfati<\/strong><\/h2>\n\n\n\n<p>Najva\u017eniji su za odr\u017eavanje zdrave probave sa prirodnim laksativnim efektom, a pobolj\u0161avaju i cirkulaciju krvi u \u017eeluda\u010dnoj sluzoko\u017ei.<\/p>\n<\/div>\n\n\n\n<div class=\"wp-block-column single-miniral default-column-text h20p16\">\n<div class=\"wp-block-columns\">\n<div class=\"wp-block-column\"><div class=\"wp-block-image\">\n<figure class=\"alignleft size-large\"><img loading=\"lazy\" decoding=\"async\" width=\"196\" height=\"67\" src=\"https:\/\/www.donat.com\/wp-content\/uploads\/2021\/02\/salt-4.png\" alt=\"\" class=\"wp-image-1833\"\/><\/figure>\n<\/div><\/div>\n<\/div>\n\n\n\n<h2 class=\"wp-block-heading\" id=\"magnezij\"><strong>Magnezijum<\/strong><\/h2>\n\n\n\n<p>Uklju\u010den je u vi\u0161e od 300 biohemijskih procesa u organizmu, neophodan je za pravilnu probavu, \u010dvrsto\u0107u kostiju, a i reguli\u0161e puls.<\/p>\n<\/div>\n\n\n\n<div class=\"wp-block-column single-miniral default-column-text h20p16\">\n<div class=\"wp-block-columns\">\n<div class=\"wp-block-column\"><div class=\"wp-block-image\">\n<figure class=\"alignleft size-large\"><img loading=\"lazy\" decoding=\"async\" width=\"143\" height=\"80\" src=\"https:\/\/www.donat.com\/wp-content\/uploads\/2021\/02\/kreda-1.png\" alt=\"\" class=\"wp-image-1840\"\/><\/figure>\n<\/div><\/div>\n<\/div>\n\n\n\n<h2 class=\"wp-block-heading\" id=\"kalcij\"><strong>Kalcijum<\/strong><\/h2>\n\n\n\n<p>Igra va\u017enu ulogu u razgradnji hranljivih materija, zdravlju kostiju, normalnom radu nervnog, mi\u0161i\u0107nog i vaskularnog sistema.<\/p>\n<\/div>\n<\/div>\n\n\n        <\/div>\n    <\/div>\n<\/div>\n\n<div id=\"\" class=\"ow_container_section  container-989 ms-when-to-drink-donat  column-window-height move-headline-section\">\n    <div class=\"container\">\n        <div class=\"content\">\n            \n\n<div class=\"wp-block-columns column-image-absolute\">\n<div class=\"wp-block-column is-vertically-aligned-center column-image default-column-text\">\n<h2 class=\"wp-block-heading mobile-headline\" id=\"kada-preporucujemopijenje-donata\"><strong>Kada preporu\u010dujemo<\/strong><br>pijenje Donata?<\/h2>\n\n\n<div class=\"wp-block-image image-position-absolute\">\n<figure class=\"alignleft size-full\"><img loading=\"lazy\" decoding=\"async\" width=\"1024\" height=\"937\" src=\"https:\/\/www.donat.com\/wp-content\/uploads\/2022\/04\/doctor-min-1024x937-1-1-1.png\" alt=\"Pacijent i lije\u010dnik tijekom ambulantnog razgovora.\" class=\"wp-image-82556\" srcset=\"https:\/\/www.donat.com\/wp-content\/uploads\/2022\/04\/doctor-min-1024x937-1-1-1.png 1024w, https:\/\/www.donat.com\/wp-content\/uploads\/2022\/04\/doctor-min-1024x937-1-1-1-300x275.png 300w, https:\/\/www.donat.com\/wp-content\/uploads\/2022\/04\/doctor-min-1024x937-1-1-1-109x100.png 109w, https:\/\/www.donat.com\/wp-content\/uploads\/2022\/04\/doctor-min-1024x937-1-1-1-750x686.png 750w, https:\/\/www.donat.com\/wp-content\/uploads\/2022\/04\/doctor-min-1024x937-1-1-1-900x824.png 900w\" sizes=\"auto, (max-width: 1024px) 100vw, 1024px\" \/><\/figure>\n<\/div><\/div>\n\n\n\n<div class=\"wp-block-column is-vertically-aligned-center text-447 default-column-text column-text\">\n<h2 class=\"wp-block-heading\" id=\"kada-preporucujemopijenje-donata\"><strong>Kada preporu\u010dujemo<\/strong><br>pijenje Donata?<\/h2>\n\n\n\n<p>Stru\u010dna medicinska javnost preporu\u010duje Donat za re\u0161avanje razli\u010ditih tegoba, naro\u010dito za preventivnu upotrebu i prevenciju naknadnih komplikacija.<\/p>\n\n\n\n<div class=\"wp-block-buttons\">\n<div class=\"wp-block-button parent-btn--green--16\"><a class=\"wp-block-button__link wp-element-button\" href=\"#kako-piti-donat\">KAKO PITI DONAT<\/a><\/div>\n<\/div>\n<\/div>\n<\/div>\n\n\n        <\/div>\n    <\/div>\n<\/div>\n\n<div id=\"kako-piti-donat\" class=\"ow_container_section  container-924 headline-spacer-h2\">\n    <div class=\"container\">\n        <div class=\"content\">\n            \n\n<h2 class=\"wp-block-heading\" id=\"provjerite-koje-tegobe-rjesavamo-i-sprjecavamo-te-kako-pravilno-piti-donat-za-maksimalan-ucinak\">Proverite koje tegobe re\u0161avamo i spre\u010davamo i kako pravilno piti Donat da biste postigli maksimalan efekat:<\/h2>\n\n\n        <\/div>\n    <\/div>\n<\/div>\n\n<div class='how-to-drink-table-with-app-section'><div class='container'><div class='how-to-drink-table-with-app-inner'><div class='wrapp'><div class='table-slider-nav'><div class='table-slider-nav-single active' data-id='0'><span>Zatvor<\/span><\/div><div class='table-slider-nav-single ' data-id='1'><span>Goru\u0161ica<\/span><\/div><div class='table-slider-nav-single ' data-id='2'><span>Podr\u017eavanje rada probavnog sistema<\/span><\/div><div class='table-slider-nav-single ' data-id='3'><span>Nadoknada magnezijuma<\/span><\/div><div class='table-slider-nav-single ' data-id='4'><span>Lu\u010denje \u017eu\u010di<\/span><\/div><\/div><div class='table-slider-content'><div class='table-slider-content-single active' data-id='0'><div class='row-text'><div class='text description'><p>Donat kao prirodni laksativ najbolje je re\u0161enje za uklanjanje zatvora. Ovim re\u017eimom pijenja re\u0161i\u0107ete problem zatvora i uspostaviti redovnu i urednu probavu.<\/p>\n<\/div><div class='text how-to-drink'><p><strong>Uputstvo za pijenje:<\/strong> Popijte ga brzo, ugrejanog na 30 do 37 \u00b0C ujutro i na sobnoj temperaturi uve\u010de. Donat prema ovom re\u017eimu mo\u017ee da se pije redovno ili ponavljaju\u0107i pet dana uzastopno sa dva dana odmora.<\/p>\n<p><em>*Autori programa pijenja: Bothe G, Coh A, Auinger A., Klini\u010dka \u0161tudija Donata, 2015<\/em><\/p>\n<\/div><\/div><div class=' row-table'><div class='table'><div class='row row-0'><div class='col col-1'>Kada?<\/div><div class='col col-2 text-right'>Ujutro na prazan \u017eeludac<\/div><div class='col col-3 text-right'>Pre ve\u010dere<\/div><div class='col col-4 text-right'><\/div><\/div><div class='row row-1'><div class='col col-1'>Koliko?<\/div><div class='col col-2 text-right'>0,2 \u2013 0,3l <\/div><div class='col col-3 text-right'>0,2l <\/div><div class='col col-4 text-right'><\/div><\/div><\/div><\/div><\/div><div class='table-slider-content-single ' data-id='1'><div class='row-text'><div class='text description'><p>Re\u017eim pijenja za ubla\u017eavanje goru\u0161ice neutralizuje \u017eeluda\u010dnu kiselinu i uklanja ose\u0107aj pe\u010denja u \u017eelucu i jednjaku.<\/p>\n<\/div><div class='text how-to-drink'><p><strong>Uputstvo za pijenje:<\/strong>\u00a0Pijte ga polako, pojedina\u010dnim gutljajima na sobnoj temperaturi. Re\u017eim mo\u017eete da provodite neprestano ili sa kratkim prekidima.<\/p>\n<p><em>*Autor programa pijenja je Medical Centar Roga\u0161ka<\/em><\/p>\n<\/div><\/div><div class=' row-table'><div class='table'><div class='row row-0'><div class='col col-1'>Kada?<\/div><div class='col col-2 text-right'>20 \u2013 30 min pre svakog obroka ili za vreme obroka<\/div><div class='col col-3 text-right'><\/div><div class='col col-4 text-right'><\/div><\/div><div class='row row-1'><div class='col col-1'>Koliko?<\/div><div class='col col-2 text-right'>0,1 \u2013 0,2l <\/div><div class='col col-3 text-right'><\/div><div class='col col-4 text-right'><\/div><\/div><\/div><\/div><\/div><div class='table-slider-content-single ' data-id='2'><div class='row-text'><div class='text description'><p>Ovaj re\u017eim pijenja Donata osmi\u0161ljen je kako bi podr\u017eao rad probavnog sistema uz raznoliku i uravnote\u017eenu ishranu u okviru zdravog na\u010dina \u017eivota. Ovaj re\u017eim pijenja mo\u017eete da primenjujete neprestano i dugotrajno.<\/p>\n<\/div><div class='text how-to-drink'><p><strong>Uputstvo za pijenje:<\/strong> Prema re\u017eimu za podsticanje probave Donat se mo\u017ee piti neprestano i dugotrajno. Pijte ga polako i na sobnoj temperaturi tri puta dnevno:<\/p>\n<\/div><\/div><div class=' row-table'><div class='table'><div class='row row-0'><div class='col col-1'>Kada?<\/div><div class='col col-2 text-right'>Ujutro na prazan \u017eeludac<\/div><div class='col col-3 text-right'>Pre ru\u010dka<\/div><div class='col col-4 text-right'>Pre ve\u010dere<\/div><\/div><div class='row row-1'><div class='col col-1'>Koliko?<\/div><div class='col col-2 text-right'>0,2 \u2013 0,3l <\/div><div class='col col-3 text-right'>0,1l<\/div><div class='col col-4 text-right'>0,1 \u2013 0,2l <\/div><\/div><\/div><\/div><\/div><div class='table-slider-content-single ' data-id='3'><div class='row-text'><div class='text description'><p>Re\u017eim pijenja za nadoknadu magnezijuma zadovoljava pove\u0107ane dnevne potrebe za tim mineralom i obezbe\u0111uje njegovu optimalnu apsorpciju.<\/p>\n<\/div><div class='text how-to-drink'><p><strong>Uputstvo za pijenje:<\/strong>\u00a0Prema re\u017eimu za nadoknadu magnezijuma Donat se mo\u017ee piti neprestano i dugotrajno. Pijte ga polako, ohla\u0111enog ili na sobnoj temperaturi pre svakog obroka.<\/p>\n<\/div><\/div><div class=' row-table'><div class='table'><div class='row row-0'><div class='col col-1'>Kada?<\/div><div class='col col-2 text-right'>20 \u2013 30 min pre svakog obroka<\/div><div class='col col-3 text-right'><\/div><div class='col col-4 text-right'><\/div><\/div><div class='row row-1'><div class='col col-1'>Koliko?<\/div><div class='col col-2 text-right'>0,1 \u2013 0,2l <\/div><div class='col col-3 text-right'><\/div><div class='col col-4 text-right'><\/div><\/div><\/div><\/div><\/div><div class='table-slider-content-single ' data-id='4'><div class='row-text'><div class='text description'><p>Re\u017eim ubrzava lu\u010denje \u017eu\u010di, \u0161to je veoma va\u017eno za metabolizam masti.<\/p>\n<\/div><div class='text how-to-drink'><p><strong>Uputstvo za pijenje:<\/strong>\u00a0Donat se prema re\u017eimu za bolje lu\u010denje \u017eu\u010di mo\u017ee piti \u0161est nedelja do tri puta godi\u0161nje, a izme\u0111u kura treba da pro\u0111e najmanje \u010detiri nedelje. Pijte ga polako, tri puta dnevno, prvi i tre\u0107i put zagrejan na 23 do 25 \u00b0C, a drugi put tokom dana na sobnoj temperaturi.<\/p>\n<p><em>*Autor programa pijenja je Medical Centar Roga\u0161ka<\/em><\/p>\n<\/div><\/div><div class=' row-table'><div class='table'><div class='row row-0'><div class='col col-1'>Kada?<\/div><div class='col col-2 text-right'>Ujutro na prazan \u017eeludac<\/div><div class='col col-3 text-right'>Pre ru\u010dka<\/div><div class='col col-4 text-right'>Pre ve\u010dere<\/div><\/div><div class='row row-1'><div class='col col-1'>Koliko?<\/div><div class='col col-2 text-right'>0,2 \u2013 0,3l <\/div><div class='col col-3 text-right'>0,2l <\/div><div class='col col-4 text-right'>0,1 \u2013 0,2l <\/div><\/div><\/div><\/div><\/div><\/div><div class='wp-block-columns are-vertically-aligned-center'><div class='wp-block-column is-vertically-aligned-center column-text text-447 default-column-text h40p20 first'><div class='hhb__text '><h2 id=\"app\"><strong>Da li ste odlu\u010dili da primenite<br \/>\n<\/strong><strong>ovaj program pijenja?<\/strong><\/h2>\n<p>Preuzmite aplikaciju koja \u0107e<br \/>\nobezbediti da Donat nikada ne<br \/>\nzaboravite popiti na izabrani na\u010din.<\/p>\n<\/div><div class='wp-block-images'><div class='image image-apple'><a target='_blank' href='https:\/\/apps.apple.com\/si\/app\/donat-mg-moments\/id912821903'><img loading=\"lazy\" decoding=\"async\" width=\"133\" height=\"45\" src=\"https:\/\/www.donat.com\/wp-content\/uploads\/2021\/01\/apple-badge-2.png\" class=\"attachment-full size-full\" alt=\"\" \/><\/a><\/div><div class='image image-android'><a target='_blank' href='https:\/\/play.google.com\/store\/apps\/details?id=si.renderspace.donatmgmoments&#038;hl=en&#038;gl=US'><img loading=\"lazy\" decoding=\"async\" width=\"150\" height=\"45\" src=\"https:\/\/www.donat.com\/wp-content\/uploads\/2021\/01\/google-play-badge.png\" class=\"attachment-full size-full\" alt=\"\" \/><\/a><\/div><\/div><\/div><div class='wp-block-column is-vertically-aligned-center  column-image'><div class='hhb__text default-column-text h40p20'><h2 id=\"app\"><strong>Da li ste odlu\u010dili da primenite<br \/>\n<\/strong><strong>ovaj program pijenja?<\/strong><\/h2>\n<p>Preuzmite aplikaciju koja \u0107e<br \/>\nobezbediti da Donat nikada ne<br \/>\nzaboravite popiti na izabrani na\u010din.<\/p>\n<\/div><div class='wp-block-image'><img loading=\"lazy\" decoding=\"async\" width=\"365\" height=\"514\" src=\"https:\/\/www.donat.com\/wp-content\/uploads\/2021\/02\/App-Image-1.png\" class=\"attachment-full size-full\" alt=\"\" srcset=\"https:\/\/www.donat.com\/wp-content\/uploads\/2021\/02\/App-Image-1.png 365w, https:\/\/www.donat.com\/wp-content\/uploads\/2021\/02\/App-Image-1-213x300.png 213w\" sizes=\"auto, (max-width: 365px) 100vw, 365px\" \/><\/div><\/div><\/div><\/div><\/div><\/div><\/div>","protected":false},"excerpt":{"rendered":"","protected":false},"author":1,"featured_media":0,"parent":0,"menu_order":0,"comment_status":"closed","ping_status":"closed","template":"","meta":{"_acf_changed":false,"footnotes":""},"class_list":["post-221396","page","type-page","status-publish","hentry"],"acf":[],"_links":{"self":[{"href":"https:\/\/www.donat.com\/sr\/wp-json\/wp\/v2\/pages\/221396","targetHints":{"allow":["GET"]}}],"collection":[{"href":"https:\/\/www.donat.com\/sr\/wp-json\/wp\/v2\/pages"}],"about":[{"href":"https:\/\/www.donat.com\/sr\/wp-json\/wp\/v2\/types\/page"}],"author":[{"embeddable":true,"href":"https:\/\/www.donat.com\/sr\/wp-json\/wp\/v2\/users\/1"}],"replies":[{"embeddable":true,"href":"https:\/\/www.donat.com\/sr\/wp-json\/wp\/v2\/comments?post=221396"}],"version-history":[{"count":11,"href":"https:\/\/www.donat.com\/sr\/wp-json\/wp\/v2\/pages\/221396\/revisions"}],"predecessor-version":[{"id":224493,"href":"https:\/\/www.donat.com\/sr\/wp-json\/wp\/v2\/pages\/221396\/revisions\/224493"}],"wp:attachment":[{"href":"https:\/\/www.donat.com\/sr\/wp-json\/wp\/v2\/media?parent=221396"}],"curies":[{"name":"wp","href":"https:\/\/api.w.org\/{rel}","templated":true}]}}