{"id":221399,"date":"2021-02-22T12:39:27","date_gmt":"2021-02-22T12:39:27","guid":{"rendered":"https:\/\/www.donat.com\/prebava\/"},"modified":"2025-07-10T13:45:28","modified_gmt":"2025-07-10T11:45:28","slug":"probava","status":"publish","type":"page","link":"https:\/\/www.donat.com\/sr\/probava\/","title":{"rendered":"Probava"},"content":{"rendered":"<div id=\"\" class=\"ow_container_section  container-989 digestion-hero column-window-height move-headline-section\">\n    <div class=\"container\">\n        <div class=\"content\">\n            \n\n<div class=\"wp-block-columns column-image-absolute\">\n<div class=\"wp-block-column is-vertically-aligned-center default-column-text h64p22 column-text\">\n<h1 class=\"wp-block-heading\">Pobrinite se <strong><br>za svoju probavu.<\/strong><\/h1>\n\n\n\n<p>Probava je centar na\u0161e dobrobiti jer se stara za pravilan rad celog organizma. Lo\u0161e regulisana probava \u010desto je uzrok mnogih tegoba, pa je va\u017eno dobro paziti na nju.<\/p>\n\n\n\n<div class=\"wp-block-buttons\">\n<div class=\"wp-block-button parent-btn--green--16\"><a class=\"wp-block-button__link wp-element-button\" href=\"#about\">Upoznajte Donat<\/a><\/div>\n<\/div>\n<\/div>\n\n\n\n<div class=\"wp-block-column is-vertically-aligned-center column-image default-column-text\"><div class=\"wp-block-image image-position-absolute\">\n<figure class=\"alignleft size-full\"><img loading=\"lazy\" decoding=\"async\" width=\"1024\" height=\"674\" src=\"https:\/\/www.donat.com\/wp-content\/uploads\/2025\/04\/2-5.jpg\" alt=\"\" class=\"wp-image-220441\" srcset=\"https:\/\/www.donat.com\/wp-content\/uploads\/2025\/04\/2-5.jpg 1024w, https:\/\/www.donat.com\/wp-content\/uploads\/2025\/04\/2-5-300x197.jpg 300w, https:\/\/www.donat.com\/wp-content\/uploads\/2025\/04\/2-5-152x100.jpg 152w, https:\/\/www.donat.com\/wp-content\/uploads\/2025\/04\/2-5-750x494.jpg 750w, https:\/\/www.donat.com\/wp-content\/uploads\/2025\/04\/2-5-900x592.jpg 900w\" sizes=\"auto, (max-width: 1024px) 100vw, 1024px\" \/><\/figure>\n<\/div>\n\n\n<h1 class=\"wp-block-heading mobile-headline\">Postarajte se <br><strong>za svoju probavu.<\/strong><\/h1>\n<\/div>\n<\/div>\n\n\n        <\/div>\n    <\/div>\n<\/div>\n\n<div id=\"about\" class=\"ow_container_section  digestion-lifestyle container-989  column-window-height\">\n    <div class=\"container\">\n        <div class=\"content\">\n            \n\n<div class=\"wp-block-columns\">\n<div class=\"wp-block-column is-vertically-aligned-center column-image\" style=\"flex-basis:33.33%\">\n<figure class=\"wp-block-image size-large image-position-absolute\"><img loading=\"lazy\" decoding=\"async\" width=\"475\" height=\"1024\" src=\"https:\/\/www.donat.com\/wp-content\/uploads\/2021\/03\/tekac-1-475x1024.png\" alt=\"\" class=\"wp-image-5237\" srcset=\"https:\/\/www.donat.com\/wp-content\/uploads\/2021\/03\/tekac-1-475x1024.png 475w, https:\/\/www.donat.com\/wp-content\/uploads\/2021\/03\/tekac-1-139x300.png 139w, https:\/\/www.donat.com\/wp-content\/uploads\/2021\/03\/tekac-1.png 482w\" sizes=\"auto, (max-width: 475px) 100vw, 475px\" \/><\/figure>\n<\/div>\n\n\n\n<div class=\"wp-block-column is-vertically-aligned-center text-576 column-text\" style=\"flex-basis:66.66%\">\n<p>Dana\u0161nji na\u010din \u017eivota \u010desto uklju\u010duje unapred pripremljenu hranu, nedostatak kretanja i druge nezdrave navike. A budu\u0107i da je va\u0161e telo samo odgovor na to kako se nosite sa njim, to \u010desto dovodi do poreme\u0107ene probave i lo\u0161eg uticaja na va\u0161e blagostanje.<\/p>\n<\/div>\n<\/div>\n\n\n        <\/div>\n    <\/div>\n<\/div>\n\n<div id=\"\" class=\"ow_container_section  digestion-balance-of-digestion  container-989 move-headline-section\">\n    <div class=\"container\">\n        <div class=\"content\">\n            \n\n<div class=\"wp-block-columns\">\n<div class=\"wp-block-column is-vertically-aligned-center default-column-text column-text\">\n<h2 class=\"wp-block-heading\"><strong>Za uravnote\u017eenost <\/strong><br>va\u0161e probave<\/h2>\n\n\n\n<p>Da li ste znali da je na\u0161 probavni trakt dom za vi\u0161e od 38 hiljada milijardi \u017eivih bakterija? I budu\u0107i da svaka obavlja svoju funkciju, tim je va\u017enije da ih odr\u017eavamo u ravnote\u017ei.<\/p>\n\n\n\n<div class=\"wp-block-buttons\">\n<div class=\"wp-block-button parent-btn--green--16\"><a class=\"wp-block-button__link wp-element-button\" href=\"https:\/\/www.donat.com\/sr\/o-donatu\/#kako-piti-donat\">Kako piti Donat<\/a><\/div>\n<\/div>\n<\/div>\n\n\n\n<div class=\"wp-block-column is-vertically-aligned-center default-column-text column-image\">\n<h2 class=\"wp-block-heading mobile-headline\"><strong>Za uravnote\u017eenost <\/strong><br>va\u0161e probave<\/h2>\n\n\n<div class=\"wp-block-image\">\n<figure class=\"alignright size-full\"><img loading=\"lazy\" decoding=\"async\" width=\"410\" height=\"524\" src=\"https:\/\/www.donat.com\/wp-content\/uploads\/2021\/03\/crevo-ravnovesje-v2.png\" alt=\"\" class=\"wp-image-4258\" srcset=\"https:\/\/www.donat.com\/wp-content\/uploads\/2021\/03\/crevo-ravnovesje-v2.png 410w, https:\/\/www.donat.com\/wp-content\/uploads\/2021\/03\/crevo-ravnovesje-v2-235x300.png 235w\" sizes=\"auto, (max-width: 410px) 100vw, 410px\" \/><\/figure>\n<\/div><\/div>\n<\/div>\n\n\n        <\/div>\n    <\/div>\n<\/div>\n\n<div id=\"\" class=\"ow_container_section  container-989 digestion-medically-proven column-window-height move-headline-section\">\n    <div class=\"container\">\n        <div class=\"content\">\n            \n\n<div class=\"wp-block-columns column-image-absolute\">\n<div class=\"wp-block-column is-vertically-aligned-center column-image default-column-text\">\n<h2 class=\"wp-block-heading mobile-headline\"><strong>Nau\u010dno dokazana<\/strong> <br>efikasnost Donata<\/h2>\n\n\n<div class=\"wp-block-image image-position-absolute\">\n<figure class=\"alignleft size-large\"><img loading=\"lazy\" decoding=\"async\" width=\"1024\" height=\"907\" src=\"https:\/\/www.donat.com\/wp-content\/uploads\/2021\/03\/lab-min-1024x907.png\" alt=\"\" class=\"wp-image-6128\" srcset=\"https:\/\/www.donat.com\/wp-content\/uploads\/2021\/03\/lab-min-1024x907.png 1024w, https:\/\/www.donat.com\/wp-content\/uploads\/2021\/03\/lab-min-300x266.png 300w, https:\/\/www.donat.com\/wp-content\/uploads\/2021\/03\/lab-min-113x100.png 113w, https:\/\/www.donat.com\/wp-content\/uploads\/2021\/03\/lab-min-750x664.png 750w, https:\/\/www.donat.com\/wp-content\/uploads\/2021\/03\/lab-min-900x797.png 900w, https:\/\/www.donat.com\/wp-content\/uploads\/2021\/03\/lab-min.png 1084w\" sizes=\"auto, (max-width: 1024px) 100vw, 1024px\" \/><\/figure>\n<\/div><\/div>\n\n\n\n<div class=\"wp-block-column is-vertically-aligned-center default-column-text column-text\">\n<h2 class=\"wp-block-heading\"><strong>Nau\u010dno dokazana<\/strong> <br>efikasnost Donata<\/h2>\n\n\n\n<p>Efekat Donata na probavu nau\u010dno je dokazan u klini\u010dkoj studiji u Nema\u010dkoj 2015. godine. Studija u kojoj su u\u010destvovali mnogi u\u010desnici trajala je \u0161est nedelja i provedena je u skladu sa svim pravilima struke koja se primenjuju na klini\u010dka ispitivanja lekova.<\/p>\n\n\n\n<p>Studijom smo dokazali da Donat uti\u010de na probavu i blagotvorno deluje na organizam.<\/p>\n\n\n\n<div class=\"wp-block-buttons\">\n<div class=\"wp-block-button parent-btn--green--16\"><a class=\"wp-block-button__link wp-element-button\" href=\"https:\/\/www.donat.com\/sr\/o-donatu\/#kako-piti-donat\">Kako piti Donat<\/a><\/div>\n<\/div>\n<\/div>\n<\/div>\n\n\n        <\/div>\n    <\/div>\n<\/div>\n\n<div id=\"\" class=\"ow_container_section  digestion-best-advice container-989 move-headline-section \">\n    <div class=\"container\">\n        <div class=\"content\">\n            \n\n<div class=\"wp-block-columns\">\n<div class=\"wp-block-column is-vertically-aligned-center column-text #primary default-column-text h48p32\">\n<h2 class=\"wp-block-heading\"><strong>Najbolji savet za urednu probavu i dobrobit organizma?<\/strong><br>Umerenost.<\/h2>\n\n\n\n<p>Najbolje stvari u \u017eivotu su jednostavne, a to se odnosi i na savete o tome kako odr\u017eavati nesmetanu probavu.<\/p>\n\n\n\n<h3 class=\"wp-block-heading\">O \u010demu se radi?<\/h3>\n\n\n\n<ul class=\"wp-block-list\">\n<li>Izbegavajte unapred pripremljenu hranu (npr. smrznutu picu, supu iz mikrotalasne pe\u0107nice).<\/li>\n\n\n\n<li>Redovno se kre\u0107ite, ve\u0107 i \u0161etnja se broji.<\/li>\n\n\n\n<li>Unosite dovoljno te\u010dnosti, daleko najbolji izbor je voda.<\/li>\n\n\n\n<li>Unosite zadovoljavaju\u0107u koli\u010dinu vlakana.<\/li>\n\n\n\n<li>Izbegavajte ve\u0161ta\u010dke laksative jer brzo dovode do dodatnih tegoba.<\/li>\n<\/ul>\n<\/div>\n\n\n\n<div class=\"wp-block-column is-vertically-aligned-center column-image default-column-text h48p32\">\n<h2 class=\"wp-block-heading mobile-headline\"><strong>Najbolji savet za urednu probavu i dobrobit organizma?<\/strong><br>Umerenost.<\/h2>\n\n\n<div class=\"wp-block-image\">\n<figure class=\"alignright size-large\"><img loading=\"lazy\" decoding=\"async\" width=\"871\" height=\"1024\" src=\"https:\/\/www.donat.com\/wp-content\/uploads\/2025\/07\/Bottle-and-Glass-SRB-2-1-2-871x1024.png\" alt=\"\" class=\"wp-image-221654\" srcset=\"https:\/\/www.donat.com\/wp-content\/uploads\/2025\/07\/Bottle-and-Glass-SRB-2-1-2-871x1024.png 871w, https:\/\/www.donat.com\/wp-content\/uploads\/2025\/07\/Bottle-and-Glass-SRB-2-1-2-255x300.png 255w, https:\/\/www.donat.com\/wp-content\/uploads\/2025\/07\/Bottle-and-Glass-SRB-2-1-2-85x100.png 85w, https:\/\/www.donat.com\/wp-content\/uploads\/2025\/07\/Bottle-and-Glass-SRB-2-1-2-750x882.png 750w, https:\/\/www.donat.com\/wp-content\/uploads\/2025\/07\/Bottle-and-Glass-SRB-2-1-2-900x1058.png 900w, https:\/\/www.donat.com\/wp-content\/uploads\/2025\/07\/Bottle-and-Glass-SRB-2-1-2.png 1236w\" sizes=\"auto, (max-width: 871px) 100vw, 871px\" \/><\/figure>\n<\/div><\/div>\n<\/div>\n\n\n        <\/div>\n    <\/div>\n<\/div>","protected":false},"excerpt":{"rendered":"","protected":false},"author":1,"featured_media":0,"parent":0,"menu_order":0,"comment_status":"closed","ping_status":"closed","template":"","meta":{"_acf_changed":false,"footnotes":""},"class_list":["post-221399","page","type-page","status-publish","hentry"],"acf":[],"_links":{"self":[{"href":"https:\/\/www.donat.com\/sr\/wp-json\/wp\/v2\/pages\/221399","targetHints":{"allow":["GET"]}}],"collection":[{"href":"https:\/\/www.donat.com\/sr\/wp-json\/wp\/v2\/pages"}],"about":[{"href":"https:\/\/www.donat.com\/sr\/wp-json\/wp\/v2\/types\/page"}],"author":[{"embeddable":true,"href":"https:\/\/www.donat.com\/sr\/wp-json\/wp\/v2\/users\/1"}],"replies":[{"embeddable":true,"href":"https:\/\/www.donat.com\/sr\/wp-json\/wp\/v2\/comments?post=221399"}],"version-history":[{"count":9,"href":"https:\/\/www.donat.com\/sr\/wp-json\/wp\/v2\/pages\/221399\/revisions"}],"predecessor-version":[{"id":221695,"href":"https:\/\/www.donat.com\/sr\/wp-json\/wp\/v2\/pages\/221399\/revisions\/221695"}],"wp:attachment":[{"href":"https:\/\/www.donat.com\/sr\/wp-json\/wp\/v2\/media?parent=221399"}],"curies":[{"name":"wp","href":"https:\/\/api.w.org\/{rel}","templated":true}]}}