{"id":223863,"date":"2021-02-23T06:09:24","date_gmt":"2021-02-23T06:09:24","guid":{"rendered":"https:\/\/www.donat.com\/pravila-zasebnosti\/"},"modified":"2026-02-20T10:10:27","modified_gmt":"2026-02-20T08:10:27","slug":"politika-privatnosti","status":"publish","type":"page","link":"https:\/\/www.donat.com\/sr\/politika-privatnosti\/","title":{"rendered":"Politika privatnosti"},"content":{"rendered":"\n<h1 class=\"wp-block-heading\"><strong>Politika privatnosti<\/strong><\/h1>\n\n\n\n<p>Dru\u0161tvo Atlantic Droga Kolinska d.o.o. (dalje u tekstu: \u201eDru\u0161tvo\u201c) deo je poslovnog sistema Atlantic Grupe, u okviru kojeg su uspostavljeni i primenjuju se visoki standardi korporativnog upravljanja i transparentnog poslovanja. To podrazumeva odgovorno, zakonito i eti\u010dki utemeljeno pona\u0161anje svih pravnih subjekata Atlantic Grupe, uklju\u010duju\u0107i i po\u0161tovanje privatnosti i za\u0161titu li\u010dnih podataka.<\/p>\n\n\n\n<p>U skladu s navedenim standardima, Dru\u0161tvo kao organizator obrade unutar poslovnog sistema Atlantic Grupe, prikuplja i obra\u0111uje li\u010dne podatke zakonito, po\u0161teno i transparentno, u skladu s va\u017ee\u0107im propisima i primenjuje odgovaraju\u0107e tehni\u010dke i organizacione mere u cilju za\u0161tite li\u010dnih podataka od nezakonitog pristupa i zloupotrebe.<\/p>\n\n\n\n<p>Dru\u0161tvo je svesno da je za\u0161tita li\u010dnih podataka va\u017ena kako na\u0161im korisnicima, tako i drugim pojedincima. Upravo zato \u017eelimo da vas obavestimo koje li\u010dne podatke prikupljamo, kako njima upravljamo i kako brinemo o njihovoj sigurnosti.<\/p>\n\n\n\n<h3 class=\"wp-block-heading\"><strong>Svrha, obim i pravna osnova obrade<\/strong><\/h3>\n\n\n\n<p>Li\u010dni podaci prikupljaju se u nu\u017enom obimu za posebne, izri\u010dite i zakonite svrhe te se obra\u0111uju na na\u010din koji je uskla\u0111en s tim svrhama.<\/p>\n\n\n\n<p>Dru\u0161tvo \u0107e prikupljati i obra\u0111ivati li\u010dne podatke samo u slu\u010dajevima kada je to dopu\u0161teno propisima:<\/p>\n\n\n\n<ul class=\"wp-block-list\">\n<li>kada je obrada nu\u017ena radi ispunjavanja zakonske obaveze<\/li>\n\n\n\n<li>kada je korisnik dao dozvolu za obradu svojih li\u010dnih podataka<\/li>\n\n\n\n<li>kada je obrada nu\u017ena za izvr\u0161enje ugovora u kojem je korisnik, na kojeg se odnose li\u010dni podaci, stranka ili za sprovo\u0111enje radnji na zahtev takvog korisnika pre sklapanja ugovora<\/li>\n\n\n\n<li>kada je obrada nu\u017ena radi za\u0161tite klju\u010dnih interesa korisnika na kojeg se odnose li\u010dni podaci ili drugog fizi\u010dkog lica<\/li>\n\n\n\n<li>kada je obrada nu\u017ena za legitimne interese Dru\u0161tva ili povezanih dru\u0161tava<\/li>\n<\/ul>\n\n\n\n<h3 class=\"wp-block-heading\"><strong>Prikupljanje i upotreba li\u010dnih podataka<\/strong><\/h3>\n\n\n\n<p>Li\u010dni podaci su informacije koje vas direktno ili indirektno identifikuju. To su, na primer, va\u0161e ime i prezime, adresa elektronske po\u0161te, telefonski broj, IP adresa ili po\u0161tanska adresa.<\/p>\n\n\n\n<p>Dru\u0161tvo ne prikuplja va\u0161e li\u010dne podatke, osim ako ih vi sami izri\u010dito ne ustupite (na primer upitom o odre\u0111enom proizvodu ili usluzi, sklapanjem ugovora, zahtevom za odre\u0111enim postupanjima pre sklapanja ugovora, uklju\u010divanjem u programe lojalnosti, prijavom na bilten, u\u010destvovanjem u anketama, takmi\u010denjima i nagradnim igrama, naru\u010divanjem uzoraka ili bro\u0161ura, podno\u0161enjem zahteva za donaciju, tra\u017eenjem odre\u0111enih informacija, slanjem biografije ili otvorene molbe, prijavom na konkurse za slobodna radna mesta ili zaposlenjem u na\u0161em Dru\u0161tvu\u2026).<\/p>\n\n\n\n<p>Va\u0161e li\u010dne podatke prikupljamo, skladi\u0161timo, koristimo ili prenosimo u sadr\u017eajnom i vremenskom obimu koji je potreban u odgovaraju\u0107em slu\u010daju \u2013 na primer da odgovorimo na va\u0161 upit, ispunimo va\u0161 zahtev, obavestimo vas o na\u0161im proizvodima ili rezultatima takmi\u010denja ili nagradne igre, ispunimo ugovornu obavezu ili izvr\u0161imo nu\u017ene radnje pre sklapanja ugovora, kao i radi ispunjavanja drugih zakonskih i pravnih obaveza. Iz navedenih razloga, Dru\u0161tvo ponekad mora preneti li\u010dne podatke drugim dru\u0161tvima unutar Atlantic Grupe i povezanim dru\u0161tvima ili spolja\u0161njim pru\u017eaocima usluga na dalju obradu. Pru\u017eaoci usluga mogu biti anga\u017eovani, na primer, u okviru usluga kol-centara, distribucije robe ili reklamnog materijala, kao i za organizaciju i sprovo\u0111enje nagradnih igara. Dru\u0161tvo od takvih subjekata zahteva po\u0161tovanje va\u017ee\u0107ih zakonskih propisa, postupanje u skladu s na\u0161im uputstvima, pridr\u017eavanje na\u0161e interne politike o za\u0161titi li\u010dnih podataka, kao i primenu odgovaraju\u0107ih organizacionih i tehni\u010dkih mera za\u0161tite. Zbog navedenih razloga, va\u0161i li\u010dni podaci mogu biti preneseni i u druge dr\u017eave \u010dlanice EU ili dr\u017eave izvan EU, ali \u0107e Dru\u0161tvo u svakom takvom slu\u010daju osigurati da prenos bude u potpunosti zakonit i da se sprovodi uz sve raspolo\u017eive i primenjive mere za\u0161tite li\u010dnih podataka.<\/p>\n\n\n\n<p>Dru\u0161tvo garantuje da va\u0161e li\u010dne podatke ne\u0107e prodavati, ustupati ili pozajmljivati tre\u0107im stranama, osim ako je to nu\u017eno za ostvarenje odre\u0111ene svrhe radi koje ste nam podatke dali, kao i da va\u0161i li\u010dni podaci ne\u0107e biti dostupni neovla\u0161\u0107enim primaocima.<\/p>\n\n\n\n<p>Postoji mogu\u0107nost da \u0107emo va\u0161e li\u010dne podatke morati da dostavimo nadle\u017enom telu dr\u017eavnih organa ako je to propisano zakonom ili drugim obavezuju\u0107im propisom.<\/p>\n\n\n\n<p>Prikupljeni podaci \u010duva\u0107e se onoliko dugo koliko je to potrebno za svrhu za koju su prikupljeni, odnosno do isteka roka propisanog va\u017ee\u0107im propisima.<\/p>\n\n\n\n<h3 class=\"wp-block-heading\"><strong>Upotreba li\u010dnih podataka u svrhe ogla\u0161avanja i marketinga<\/strong><\/h3>\n\n\n\n<p>Kada se va\u0161i li\u010dni podaci upotrebljavaju u svrhe ogla\u0161avanja i marketinga u skladu s va\u017ee\u0107im propisima iz podru\u010dja za\u0161tite li\u010dnih podataka, va\u0161i podaci \u0107e se skladi\u0161titi i upotrebljavati u te svrhe, na primer za slanje elektronskih obave\u0161tenja, uzoraka proizvoda, poziva na u\u010destvovanje u takmi\u010denjima i nagradnim igrama putem elektronske po\u0161te, po\u0161te ili drugog komunikacijskog kanala koji ste prihvatili.<\/p>\n\n\n\n<p>Ako bi se va\u0161i li\u010dni podaci upotrebili u svrhu slanja individualno (Vama) prilago\u0111enih oglasa i promocija radi izrade i odr\u017eavanja korisni\u010dkog profila, o tome \u0107ete biti unapred obave\u0161teni, odnosno pre slanja takvih oglasa i promocija, a pre takve obrade li\u010dnih podataka od vas \u0107emo u svakom slu\u010daju zatra\u017eiti posebnu, izri\u010ditu i informisanu dozvolu.<\/p>\n\n\n\n<p>Va\u0161e podatke \u0107emo upotrebljavati i u slu\u010daju kada \u017eelimo da analiziramo i unapredimo efikasnost na\u0161ih onlajn usluga, ogla\u0161avanja, marketinga, istra\u017eivanja tr\u017ei\u0161ta i prodajnih aktivnosti, na primer putem anketa ili drugih upitnika, ili na na\u010din koji osigurava da se va\u0161i li\u010dni podaci ne navode imenom odnosno da se ne mogu povezati s konkretnom osobom.<\/p>\n\n\n\n<h3 class=\"wp-block-heading\"><strong>Ostvarivanje prava korisnika<\/strong><\/h3>\n\n\n\n<p>U svakom trenutku mo\u017eete od nas zatra\u017eiti informaciju o li\u010dnim podacima koje obra\u0111ujemo, zatra\u017eiti njihovu ispravku, povu\u0107i njihovu upotrebu ili zatra\u017eiti brisanje svojih li\u010dnih podataka, odnosno povu\u0107i dozvolu za sve ili samo za odre\u0111ene svrhe (osim u slu\u010dajevima kada to nije mogu\u0107e, na primer kod obrade podataka u statisti\u010dke svrhe, kada li\u010dni podaci ni na koji na\u010din ne omogu\u0107avaju identifikaciju). Tako\u0111e mo\u017eete, pod zakonskim uslovima, zabraniti prenos podataka drugom organizatoru obrade, kao i odjaviti se od primanja na\u0161ih informativnih i promotivnih materijala.<\/p>\n\n\n\n<p>Imate pravo i na podno\u0161enje prigovora na upotrebu va\u0161ih li\u010dnih podataka u situacijama koje se temelje na na\u0161em legitimnom interesu, naro\u010dito kada se podaci upotrebljavaju u svrhe direktnog marketinga.<\/p>\n\n\n\n<p>S na\u0161e strane ulo\u017ei\u0107emo najve\u0107e mogu\u0107e i razumne napore kako bi li\u010dni podaci koje ste nam stavili na raspolaganje bili pravilno evidentirani. Me\u0111utim, istovremeno isti\u010demo da je odgovornost za njihovu ta\u010dnost delimi\u010dno i na vama, stoga vas molimo da podatke redovno i blagovremeno a\u017eurirate, odnosno da nam dostavite zahtev za upis promene ili ispravku podataka.<\/p>\n\n\n\n<p>Radi ostvarivanja svih svojih prava i obaveza vezanih uz upotrebu li\u010dnih podataka mo\u017eete nam se obratiti putem adrese elektronske po\u0161te ili adrese sedi\u0161ta Dru\u0161tva koje su navedene na internet stranicama na\u0161eg Dru\u0161tva. Mo\u017eete nam se isto tako u te svrhe javiti putem elektronske po\u0161te na adresu <a href=\"mailto:dpo@atlanticgrupa.com\">dpo@atlanticgrupa.com<\/a> ili postupiti prema uputstvima navedenim u dostavljenim odgovaraju\u0107im promotivnim materijalima.<\/p>\n\n\n\n<p>Prilikom uspostavljanja kontakta i primanja navedenih zahteva, preduze\u0107emo razumne mere kako bismo potvrdili va\u0161 identitet i spre\u010dili neovla\u0161\u0107enu obradu li\u010dnih podataka.<\/p>\n\n\n\n<p>Po primanju va\u0161ih zahteva, tra\u017eenu radnju \u0107emo izvr\u0161iti u primerenom roku, a svakako najkasnije u roku od 30 dana od primanja zahteva te \u0107emo vas o tome, prema potrebi, obavestiti, sve u skladu sa zakonom.<\/p>\n\n\n\n<h3 class=\"wp-block-heading\"><strong>Deca<\/strong><\/h3>\n\n\n\n<p>Po pravilu ne prikupljamo podatke o deci. Ako utvrdimo da su nam takvi podaci dostavljeni bez dozvole roditelja ili zakonskih zastupnika, izbrisa\u0107emo ih u najkra\u0107em mogu\u0107em roku. Pritom \u0107emo postupati u skladu sa smernicama koje dobijemo od Vas kao roditelja ili zakonskog staratelja.<\/p>\n\n\n\n<p>Ako bismo ipak, za odre\u0111ene svrhe, prikupljali podatke o deci koja su, u skladu s va\u017ee\u0107im zakonima, u uzrastu za koji je za obradu njihovih li\u010dnih podataka potrebna dozvola roditelja, o tome \u0107emo objaviti odgovaraju\u0107e obave\u0161tenje i preduzeti razumne mere kako bismo utvrdili imaju li deca dozvolu roditelja odnosno zakonskog staratelja.<\/p>\n\n\n\n<h3 class=\"wp-block-heading\"><strong>Bezbednost podataka<\/strong><\/h3>\n\n\n\n<p>Sproveli smo tehni\u010dke i organizacione mere radi spre\u010davanja gubitka va\u0161ih podataka, njihove izmene, otu\u0111enja ili pristupa neovla\u0161\u0107enih tre\u0107ih lica, odnosno bilo kakve neovla\u0161\u0107ene obrade. Pristup va\u0161im li\u010dnim podacima ograni\u010den je isklju\u010divo na one zaposlene kojima su ti podaci potrebni radi pru\u017eanja na\u0161ih usluga odnosno re\u0161avanja va\u0161eg upita. Na\u0161e zaposlene kontinuirano edukujemo o va\u017enosti poverljivosti podataka, za\u0161tite privatnosti i bezbednosti va\u0161ih li\u010dnih podataka. Prikupljamo samo one podatke koji su nu\u017eni za odre\u0111enu obradu te ih ne \u010duvamo du\u017ee nego \u0161to je potrebno, odnosno koliko to nala\u017eu va\u017ee\u0107i zakonski propisi.<\/p>\n\n\n\n<p>Na na\u0161im internet stranicama povremeno se mogu na\u0107i linkovi koje vode na druge internet stranice ili portale, a mo\u017eemo vam ponuditi i funkcionalnosti dru\u0161tvenih mre\u017ea koje omogu\u0107uju deljenje li\u010dnih podataka na dru\u0161tvenim mre\u017eama. Preporu\u010dujemo da pre pristupanja svakako pro\u010ditate pravila o za\u0161titi li\u010dnih podataka tih portala, dru\u0161tvenih mre\u017ea ili tre\u0107ih lica, kao i informacije o merama za\u0161tite koje primenjuju, budu\u0107i da se one mogu razlikovati od ove Politike i na\u0161ih primenjenih mera, za \u0161ta ne mo\u017eemo preuzeti odgovornost.<\/p>\n\n\n\n<h3 class=\"wp-block-heading\"><strong>Ograni\u010denje odgovornosti<\/strong><\/h3>\n\n\n\n<p>Iako primenjujemo dostupne tehni\u010dke, organizacione i kadrovske mere radi za\u0161tite li\u010dnih podataka od slu\u010dajne ili namerne zloupotrebe, uni\u0161tenja, gubitka, neovla\u0161\u0107enih izmena ili pristupa, ne mo\u017eemo garantovati da odre\u0111eni li\u010dni podaci koje prikupimo, uprkos odredbama ove Politike o za\u0161titi privatnosti, nikada ne\u0107e biti slu\u010dajno otkriveni.<\/p>\n\n\n\n<p>U najve\u0107oj meri dopu\u0161tenoj zakonom isklju\u010dujemo odgovornost za \u0161tetu nastalu korisnicima ili tre\u0107im licima usled slu\u010dajnog otkrivanja li\u010dnih podataka.<\/p>\n\n\n\n<p>Kako nemamo nadzor nad li\u010dnim podacima koje dostavljate prilikom pristupa drugim portalima i njihovim kori\u0161\u0107enjem ili koje drektno dostavljate tre\u0107im licima (na primer pri u\u010destvovanju u sponzorisanim aktivnostima), u najve\u0107oj meri dopu\u0161tenoj zakonom isklju\u010dujemo odgovornost za \u0161tetu koja bi vama ili tre\u0107im licima mogla nastati usled dostave li\u010dnih podataka.<\/p>\n\n\n\n<h3 class=\"wp-block-heading\"><strong>A\u017euriranje i izmene<\/strong><\/h3>\n\n\n\n<p>Zadr\u017eavamo pravo izmene ili a\u017euriranja delova ove Politike u bilo kojem trenutku i bez prethodne najave. Preporu\u010dujemo da povremeno posetite na\u0161e internet stranice kako biste bili upoznati s eventualnim izmenama ili a\u017euriranjima Politke. Datum stupanja na snagu va\u017ee\u0107e verzije Politike bi\u0107e objavljen.<\/p>\n\n\n\n<p>Ova Pravila su poslednji put izmenjena 24. 5. 2018.<\/p>\n","protected":false},"excerpt":{"rendered":"<p>Politika privatnosti Dru\u0161tvo Atlantic Droga Kolinska d.o.o. (dalje u tekstu: \u201eDru\u0161tvo\u201c) deo je poslovnog sistema Atlantic Grupe, u okviru kojeg su uspostavljeni i primenjuju se visoki standardi korporativnog upravljanja i transparentnog poslovanja. To podrazumeva odgovorno, zakonito i eti\u010dki utemeljeno pona\u0161anje svih pravnih subjekata Atlantic Grupe, uklju\u010duju\u0107i i po\u0161tovanje privatnosti i za\u0161titu li\u010dnih podataka. U skladu <a href=\"https:\/\/www.donat.com\/sr\/politika-privatnosti\/\" class=\"more-link\">&#8230;<\/a><\/p>\n","protected":false},"author":5,"featured_media":0,"parent":0,"menu_order":0,"comment_status":"closed","ping_status":"open","template":"","meta":{"_acf_changed":false,"footnotes":""},"class_list":["post-223863","page","type-page","status-publish","hentry"],"acf":[],"_links":{"self":[{"href":"https:\/\/www.donat.com\/sr\/wp-json\/wp\/v2\/pages\/223863","targetHints":{"allow":["GET"]}}],"collection":[{"href":"https:\/\/www.donat.com\/sr\/wp-json\/wp\/v2\/pages"}],"about":[{"href":"https:\/\/www.donat.com\/sr\/wp-json\/wp\/v2\/types\/page"}],"author":[{"embeddable":true,"href":"https:\/\/www.donat.com\/sr\/wp-json\/wp\/v2\/users\/5"}],"replies":[{"embeddable":true,"href":"https:\/\/www.donat.com\/sr\/wp-json\/wp\/v2\/comments?post=223863"}],"version-history":[{"count":4,"href":"https:\/\/www.donat.com\/sr\/wp-json\/wp\/v2\/pages\/223863\/revisions"}],"predecessor-version":[{"id":224477,"href":"https:\/\/www.donat.com\/sr\/wp-json\/wp\/v2\/pages\/223863\/revisions\/224477"}],"wp:attachment":[{"href":"https:\/\/www.donat.com\/sr\/wp-json\/wp\/v2\/media?parent=223863"}],"curies":[{"name":"wp","href":"https:\/\/api.w.org\/{rel}","templated":true}]}}