{"id":223880,"date":"2021-02-22T14:20:05","date_gmt":"2021-02-22T14:20:05","guid":{"rendered":"https:\/\/www.donat.com\/piskotki\/"},"modified":"2026-03-30T06:57:17","modified_gmt":"2026-03-30T04:57:17","slug":"piskotki","status":"publish","type":"page","link":"https:\/\/www.donat.com\/sr\/piskotki\/","title":{"rendered":"Politika kola\u010di\u0107a"},"content":{"rendered":"\n<h1 class=\"wp-block-heading\"><strong>Politika kola\u010di\u0107a<\/strong><\/h1>\n\n\n\n<p>Minimalna koli\u010dina informacija (kola\u010di\u0107i) mora da bude sa\u010duvana na va\u0161em ra\u010dunaru kako bi internet stranica mogla pravilno da funkcioni\u0161e i kako bi moglo da se nadogra\u0111uje i pobolj\u0161ava va\u0161e korisni\u010dko iskustvo pri pregledanju. Vi\u0161e od 90% internet stranica primenjuje praksu upotrebe kola\u010di\u0107a, ali prema pravilima Evropske unije, u obavezi su da zatra\u017ee dozvolu korisnika. Posetom ovoj internet stranici pristajete na upotrebu kola\u010di\u0107a. Ako ne prihvatite kola\u010di\u0107e, i dalje mo\u017eete pregledati stranicu, ali odre\u0111ene funkcije mo\u017eda ne\u0107e mo\u0107i da se ispravno prika\u017eu ili izvr\u0161e.<\/p>\n\n\n\n<h3 class=\"wp-block-heading\"><strong>\u0160ta su kola\u010di\u0107i?<\/strong><\/h3>\n\n\n\n<p>Kola\u010di\u0107 je informacija koju na va\u0161 ra\u010dunar pohranjuje internet stranica koju ste posetili. Kola\u010di\u0107i obi\u010dno \u010duvaju va\u0161e postavke za odre\u0111enu stranicu, poput \u017eeljenog jezika ili adrese. Kada ponovo otvorite istu stranicu, pretra\u017eiva\u010d \u0161alje natrag kola\u010di\u0107e koji pripadaju toj stranici. To omogu\u0107ava stranici da prika\u017ee informacije prilago\u0111ene va\u0161im potrebama.<\/p>\n\n\n\n<p>Kola\u010di\u0107i mogu \u010duvati \u0161irok spektar informacija, uklju\u010duju\u0107i li\u010dne podatke (va\u0161e ime ili adresu e-po\u0161te). Me\u0111utim, te informacije mogu da se sa\u010duvaju samo ako vi to omogu\u0107ite \u2013 internet stranice ne mogu da pristupe informacijama ako im vi to niste dopustili, kao \u0161to ne mogu ni da pristupe drugim datotekama na va\u0161em ra\u010dunaru ili mobilnom ure\u0111aju. Zadate postavke za \u010duvanje i slanje kola\u010di\u0107a nisu vidljive korisniku, ali mogu da se promene u postavkama va\u0161eg pretra\u017eiva\u010da \u2013 tamo mo\u017eete sami da odaberete da li \u017eelite da prihvatite ili odbijete zahteve za \u010duvanje kola\u010di\u0107a, kao i da automatski bri\u0161ete sa\u010duvane kola\u010di\u0107e pri zatvaranju pretra\u017eiva\u010da i sli\u010dno.<\/p>\n\n\n\n<h3 class=\"wp-block-heading\"><strong>Kako odbiti kola\u010di\u0107e?<\/strong><\/h3>\n\n\n\n<p>Odbijanjem kola\u010di\u0107a odlu\u010dujete \u017eelite li da dozvolite \u010duvanje kola\u010di\u0107a na va\u0161em ra\u010dunaru ili mobilnom ure\u0111aju. Postavke kola\u010di\u0107a mogu se nadzirati i prilago\u0111avati u va\u0161em internet pretra\u017eiva\u010du. Ako ne prihvatite kola\u010di\u0107e, mogu\u0107e je da neke funkcije internetske stranice ne\u0107e raditi ispravno.<\/p>\n\n\n\n<h3 class=\"wp-block-heading\"><strong>\u0160ta su privremeni kola\u010di\u0107i?<\/strong><\/h3>\n\n\n\n<p>Privremeni ili sesijski kola\u010di\u0107i bri\u0161u se s va\u0161eg ure\u0111aja nakon \u0161to zatvorite internet pretra\u017eiva\u010d. Pomo\u0107u njih internet stranice skladi\u0161te privremene podatke, na primer artikle u korpi za kupovinu.<\/p>\n\n\n\n<h3 class=\"wp-block-heading\"><strong>\u0160ta su trajni kola\u010di\u0107i?<\/strong><\/h3>\n\n\n\n<p>Trajni ili pohranjeni kola\u010di\u0107i ostaju na va\u0161em ure\u0111aju i nakon \u0161to zatvorite pretra\u017eiva\u010d. Pomo\u0107u njih internet stranice pamte podatke poput korisni\u010dkog imena i lozinke, tako da ne morate ponovo da se prijavljujete prilikom svake posete. Trajni kola\u010di\u0107i mogu ostati na va\u0161em ure\u0111aju danima, mesecima, pa \u010dak i godinama.<\/p>\n\n\n\n<h3 class=\"wp-block-heading\"><strong>\u0160ta su kola\u010di\u0107i prve strane?<\/strong><\/h3>\n\n\n\n<p>Kola\u010di\u0107i prve strane (sopstveni kola\u010di\u0107i) poti\u010du s internet stranice koju korisnik pose\u0107uje i mogu biti privremeni ili trajni. Uz njihovu pomo\u0107 stranica pamti podatke koje \u0107e ponovno koristiti prilikom slede\u0107e posete istog korisnika.<\/p>\n\n\n\n<h3 class=\"wp-block-heading\"><strong>\u0160ta su kola\u010di\u0107i tre\u0107e strane?<\/strong><\/h3>\n\n\n\n<p><strong>Kola\u010di\u0107i tre\u0107e strane<\/strong> (tu\u0111i kola\u010di\u0107i) dolaze s drugih, partnerskih internet stranica (npr. pop up prozora ili oglasa) koje se nalaze na stranici koju pose\u0107ujete. Pomo\u0107u tih kola\u010di\u0107a mogu\u0107e je pratiti korisnikovo pona\u0161anje na internetu, naj\u010de\u0161\u0107e u marketin\u0161ke svrhe.<\/p>\n\n\n\n<h3 class=\"wp-block-heading\"><strong>Da li ova stranica upotrebljeva kola\u010di\u0107e?<\/strong><\/h3>\n\n\n\n<p>Da, s osnovnim ciljem da korisnicim pru\u017ei najbolje mogu\u0107e korisni\u010dko iskustvo.<\/p>\n\n\n\n<h3 class=\"wp-block-heading\"><strong>Koje kola\u010di\u0107e upotrebljava ova stranica i za\u0161to?<\/strong><\/h3>\n\n\n\n<p>Privremeni ili sesijski kola\u010di\u0107i (Session cookies) \u2013 automatski se bri\u0161u kada zatvorite pretra\u017eiva\u010d. Upotrebljavamo ih kako bismo osigurali optimalno korisni\u010dko iskustvo tokom kori\u0161\u0107enja na\u0161e stranice.<\/p>\n\n\n\n<p>Trajni ili pohranjeni kola\u010di\u0107i (Persistent cookies) \u2013 imaju rok trajanja u budu\u0107nosti i ostaju u va\u0161em pretra\u017eiva\u010du dok ne isteknu ili dok ih ru\u010dno ne izbri\u0161ete. Upotrebljavamo ih kako bismo bolje razumeli navike korisnika i na osnovu tih podataka unapre\u0111ivali sadr\u017eaj i funkcionalnosti stranice. Na osnovu tako prikupljenih podataka nije mogu\u0107e identifikovati pojedinog korisnika, a podaci se koriste isklju\u010divo u statisti\u010dke svrhe.<\/p>\n\n\n\n<h3 class=\"wp-block-heading\"><strong>Da li postoje kola\u010di\u0107i tre\u0107ih strana na ovoj internetskoj stranici?<\/strong><\/h3>\n\n\n\n<p>Na stranici se koristi nekoliko spolja\u0161njih servisa koji korisnicima pohranjuju ograni\u010dene kola\u010di\u0107e. Ti kola\u010di\u0107i nisu postavljeni od strane ove internet stranice, ali su neki od njih nu\u017eni za pravilan rad pojedinih funkcija koje korisnicima olak\u0161avaju pristup sadr\u017eaju. Zbog toga informacije o za\u0161titi li\u010dnih podataka koje su navedene ovde va\u017ee isklju\u010divo za ovu internet stranicu, dok je politiku privatnosti spolja\u0161njih servisa potrebno proveriti na njihovim slu\u017ebenim stranicama.<\/p>\n\n\n\n<p>Trenutno omogu\u0107avamo:<\/p>\n\n\n\n<h3 class=\"wp-block-heading\"><strong>Pra\u0107enje pose\u0107enosti<\/strong><\/h3>\n\n\n\n<p>Ova internet stranica upotrebljava servise za pra\u0107enje broja korisnika, odnosno konkretno Google Analytics. Na osnovu tako prikupljenih podataka nije mogu\u0107e identifikovati korisnike, a svi podaci koriste se isklju\u010divo u statisti\u010dke svrhe. Ako \u017eelite da onemogu\u0107ite da vam navedeni servisi pohranjuju kola\u010di\u0107e, mo\u017eete ih pojedina\u010dno odbiti putem slede\u0107eg linka:<\/p>\n\n\n\n<ul class=\"wp-block-list\">\n<li>Google Analytics &#8211; <a href=\"https:\/\/tools.google.com\/dlpage\/gaoptout\">https:\/\/tools.google.com\/dlpage\/gaoptout<\/a><\/li>\n<\/ul>\n\n\n\n<h3 class=\"wp-block-heading\"><strong>Dodatne informacije o odbijanju kola\u010di\u0107a<\/strong><\/h3>\n\n\n\n<p>Trenutno postoji vi\u0161e internet stranica koje omogu\u0107avaju odbijanje \u010duvanja kola\u010di\u0107a za razli\u010dite servise.<\/p>\n\n\n\n<p>Vi\u0161e informacija mo\u017eete prona\u0107i na slede\u0107im linkovima:<\/p>\n\n\n\n<ul class=\"wp-block-list\">\n<li><a href=\"http:\/\/www.allaboutcookies.org\/\">http:\/\/www.allaboutcookies.org\/<\/a><\/li>\n<\/ul>\n\n\n\n<script id=\"CookieDeclaration\" src=\"https:\/\/consent.cookiebot.com\/77ac2b37-7535-45a6-9b61-7a76161fc6f5\/cd.js\" type=\"text\/javascript\" async><\/script>\n","protected":false},"excerpt":{"rendered":"<p>Politika kola\u010di\u0107a Minimalna koli\u010dina informacija (kola\u010di\u0107i) mora da bude sa\u010duvana na va\u0161em ra\u010dunaru kako bi internet stranica mogla pravilno da funkcioni\u0161e i kako bi moglo da se nadogra\u0111uje i pobolj\u0161ava va\u0161e korisni\u010dko iskustvo pri pregledanju. Vi\u0161e od 90% internet stranica primenjuje praksu upotrebe kola\u010di\u0107a, ali prema pravilima Evropske unije, u obavezi su da zatra\u017ee dozvolu <a href=\"https:\/\/www.donat.com\/sr\/piskotki\/\" class=\"more-link\">&#8230;<\/a><\/p>\n","protected":false},"author":5,"featured_media":0,"parent":0,"menu_order":0,"comment_status":"closed","ping_status":"closed","template":"","meta":{"_acf_changed":false,"footnotes":""},"class_list":["post-223880","page","type-page","status-publish","hentry"],"acf":[],"_links":{"self":[{"href":"https:\/\/www.donat.com\/sr\/wp-json\/wp\/v2\/pages\/223880","targetHints":{"allow":["GET"]}}],"collection":[{"href":"https:\/\/www.donat.com\/sr\/wp-json\/wp\/v2\/pages"}],"about":[{"href":"https:\/\/www.donat.com\/sr\/wp-json\/wp\/v2\/types\/page"}],"author":[{"embeddable":true,"href":"https:\/\/www.donat.com\/sr\/wp-json\/wp\/v2\/users\/5"}],"replies":[{"embeddable":true,"href":"https:\/\/www.donat.com\/sr\/wp-json\/wp\/v2\/comments?post=223880"}],"version-history":[{"count":10,"href":"https:\/\/www.donat.com\/sr\/wp-json\/wp\/v2\/pages\/223880\/revisions"}],"predecessor-version":[{"id":224594,"href":"https:\/\/www.donat.com\/sr\/wp-json\/wp\/v2\/pages\/223880\/revisions\/224594"}],"wp:attachment":[{"href":"https:\/\/www.donat.com\/sr\/wp-json\/wp\/v2\/media?parent=223880"}],"curies":[{"name":"wp","href":"https:\/\/api.w.org\/{rel}","templated":true}]}}