{"id":224518,"date":"2026-03-27T08:15:50","date_gmt":"2026-03-27T06:15:50","guid":{"rendered":"https:\/\/www.donat.com\/?page_id=224518"},"modified":"2026-03-27T10:59:42","modified_gmt":"2026-03-27T08:59:42","slug":"vodeni-program-zdravlja-donat","status":"publish","type":"page","link":"https:\/\/www.donat.com\/sr\/vodeni-program-zdravlja-donat\/","title":{"rendered":"Vo\u0111eni program zdravlja Donat"},"content":{"rendered":"<div id=\"\" class=\"ow_container_section  container-1120 content_90_80\">\n    <div class=\"container\">\n        <div class=\"content\">\n            \n\n<div class=\"wp-block-columns column-image-absolute\">\n<div class=\"wp-block-column is-vertically-aligned-top default-column-text h64p22 column-text\" style=\"flex-basis:50%\">\n<h1 class=\"wp-block-heading\">Vo\u0111eni program<br>zdravlja Donat<br><\/h1>\n<\/div>\n\n\n\n<div class=\"wp-block-column is-vertically-aligned-center column-image default-column-text\">\n<p class=\"ow_hide_on_mobile\" id=\"v-60-dneh-do-bolj-vitalnega-telesa\">Mi u Donatu obavezali smo se da \u0107emo se postarati za va\u0161u probavu i blagostanje pomo\u0107u prirodne mineralne vode Donat, ali \u017eelimo da u\u010dinimo jo\u0161 jedan dodatni korak.<\/p>\n\n\n\n<p class=\"ow_hide_on_mobile\" id=\"v-60-dneh-do-bolj-vitalnega-telesa\">Za vas smo u saradnji sa stru\u010dnjacima pripremili dva besplatna vo\u0111ena programa zdravlja: Donat Detox i program Za 6 dana do bolje probave. Oni \u0107e vas usmeravati na putu prema ure\u0111enoj probavi, zdravim navikama i blagostanju, a time i prema kvalitetnijem \u017eivotu.<\/p>\n<\/div>\n<\/div>\n\n\n        <\/div>\n    <\/div>\n<\/div>\n\n<div id=\"\" class=\"ow_container_section  container-1440 ow-all-programs-block default-column-text\">\n    <div class=\"container\">\n        <div class=\"content\">\n            \n\n<div class=\"wp-block-columns\">\n<div class=\"wp-block-column\"><\/div>\n\n\n\n<div class=\"wp-block-column is-vertically-aligned-top default-column-text column-text\">\n<div class=\"wp-block-group ow-all-programs-block-image\"><div class=\"wp-block-group__inner-container\">\n<figure class=\"wp-block-image size-full\"><img loading=\"lazy\" decoding=\"async\" width=\"470\" height=\"520\" src=\"https:\/\/www.donat.com\/wp-content\/uploads\/2024\/05\/Donat_UrsaPremik_30480_gradient.png\" alt=\"\" class=\"wp-image-216706\" srcset=\"https:\/\/www.donat.com\/wp-content\/uploads\/2024\/05\/Donat_UrsaPremik_30480_gradient.png 470w, https:\/\/www.donat.com\/wp-content\/uploads\/2024\/05\/Donat_UrsaPremik_30480_gradient-271x300.png 271w, https:\/\/www.donat.com\/wp-content\/uploads\/2024\/05\/Donat_UrsaPremik_30480_gradient-90x100.png 90w\" sizes=\"auto, (max-width: 470px) 100vw, 470px\" \/><\/figure>\n\n\n\n<figure class=\"wp-block-image size-full badge\"><img loading=\"lazy\" decoding=\"async\" width=\"179\" height=\"175\" src=\"https:\/\/www.donat.com\/wp-content\/uploads\/2022\/04\/kolescek-1.png\" alt=\"\" class=\"wp-image-90169\" srcset=\"https:\/\/www.donat.com\/wp-content\/uploads\/2022\/04\/kolescek-1.png 179w, https:\/\/www.donat.com\/wp-content\/uploads\/2022\/04\/kolescek-1-102x100.png 102w\" sizes=\"auto, (max-width: 179px) 100vw, 179px\" \/><\/figure>\n<\/div><\/div>\n\n\n\n<div class=\"wp-block-group ow-all-programs-block-single-bottom\"><div class=\"wp-block-group__inner-container\">\n<h3 class=\"wp-block-heading\">Donat <strong>Detox<\/strong><\/h3>\n\n\n\n<p class=\"ow-all-programs-block-single-description\">Besplatni program Donat Detox u trajanju od 21 dan vodi vas kroz osnove \u010di\u0161\u0107enja tela i poma\u017ee vam sastaviti jelovnike i dnevne rituale.<\/p>\n\n\n\n<div class=\"wp-block-buttons\">\n<div class=\"wp-block-button  parent-btn--green--16\"><a class=\"wp-block-button__link wp-element-button\" href=\"https:\/\/www.donat.com\/sr\/detox\/\">VI\u0160E O PROGRAMU DONAT DETOX<\/a><\/div>\n<\/div>\n<\/div><\/div>\n<\/div>\n\n\n\n<div class=\"wp-block-column is-vertically-aligned-stretch default-column-text column-text program-column4\">\n<div class=\"wp-block-group ow-all-programs-block-image\"><div class=\"wp-block-group__inner-container\">\n<div class=\"wp-block-group\"><div class=\"wp-block-group__inner-container\">\n<figure class=\"wp-block-image size-full first-image\"><img loading=\"lazy\" decoding=\"async\" width=\"470\" height=\"520\" src=\"https:\/\/www.donat.com\/wp-content\/uploads\/2024\/05\/Donat_UrsaPremik_44382_gradient.png\" alt=\"\" class=\"wp-image-216685\" srcset=\"https:\/\/www.donat.com\/wp-content\/uploads\/2024\/05\/Donat_UrsaPremik_44382_gradient.png 470w, https:\/\/www.donat.com\/wp-content\/uploads\/2024\/05\/Donat_UrsaPremik_44382_gradient-271x300.png 271w, https:\/\/www.donat.com\/wp-content\/uploads\/2024\/05\/Donat_UrsaPremik_44382_gradient-90x100.png 90w\" sizes=\"auto, (max-width: 470px) 100vw, 470px\" \/><\/figure>\n\n\n\n<figure class=\"wp-block-image size-full is-resized badge\"><img loading=\"lazy\" decoding=\"async\" width=\"667\" height=\"667\" src=\"https:\/\/www.donat.com\/wp-content\/uploads\/2025\/02\/DONAT-VITAL-PNGs-MAR22-V19.png\" alt=\"\" class=\"wp-image-219243\" style=\"object-fit:cover;width:179px;height:179px\" srcset=\"https:\/\/www.donat.com\/wp-content\/uploads\/2025\/02\/DONAT-VITAL-PNGs-MAR22-V19.png 667w, https:\/\/www.donat.com\/wp-content\/uploads\/2025\/02\/DONAT-VITAL-PNGs-MAR22-V19-300x300.png 300w, https:\/\/www.donat.com\/wp-content\/uploads\/2025\/02\/DONAT-VITAL-PNGs-MAR22-V19-150x150.png 150w, https:\/\/www.donat.com\/wp-content\/uploads\/2025\/02\/DONAT-VITAL-PNGs-MAR22-V19-400x400.png 400w, https:\/\/www.donat.com\/wp-content\/uploads\/2025\/02\/DONAT-VITAL-PNGs-MAR22-V19-600x600.png 600w, https:\/\/www.donat.com\/wp-content\/uploads\/2025\/02\/DONAT-VITAL-PNGs-MAR22-V19-550x550.png 550w, https:\/\/www.donat.com\/wp-content\/uploads\/2025\/02\/DONAT-VITAL-PNGs-MAR22-V19-100x100.png 100w\" sizes=\"auto, (max-width: 667px) 100vw, 667px\" \/><\/figure>\n<\/div><\/div>\n<\/div><\/div>\n\n\n\n<div class=\"wp-block-group ow-all-programs-block-single-bottom\"><div class=\"wp-block-group__inner-container\">\n<h3 class=\"wp-block-heading\">Za 6 dana <strong>do bolje probave<\/strong><\/h3>\n\n\n\n<p class=\"ow-all-programs-block-single-description\">Besplatni program u trajanju od 6 dana pomo\u0107i \u0107e vam da efikasno uredite probavu pomo\u0107u jelovnika, ve\u017ebanja i saveta za pijenje Donata.<\/p>\n\n\n\n<div class=\"wp-block-buttons\">\n<div class=\"wp-block-button parent-btn--green--16\"><a class=\"wp-block-button__link wp-element-button\" href=\"https:\/\/donat.com\/sr\/v-6-dneh-do-boljse-prebave\/\">VI\u0160E O PROGRAMU<\/a><\/div>\n<\/div>\n<\/div><\/div>\n<\/div>\n\n\n\n<div class=\"wp-block-column\"><\/div>\n<\/div>\n\n\n        <\/div>\n    <\/div>\n<\/div>\n\n<div id=\"\" class=\"ow_container_section  container-989 column-window-height-v2 all-progrmas-how-does-guided-program-work move-headline-section\">\n    <div class=\"container\">\n        <div class=\"content\">\n            \n\n<div class=\"wp-block-columns column-image-absolute\">\n<div class=\"wp-block-column is-vertically-aligned-center column-image default-column-text\">\n<h2 class=\"wp-block-heading mobile-headline\" id=\"kdaj-priporocamo-pitje-donata\">Kako deluje vo\u0111eni program zdravlja?<\/h2>\n\n\n<div class=\"wp-block-image image-position-absolute\">\n<figure class=\"alignleft size-full\"><img loading=\"lazy\" decoding=\"async\" width=\"2560\" height=\"1920\" src=\"https:\/\/www.donat.com\/wp-content\/uploads\/2026\/01\/Donat-DETOX-PRIROCNIK-SRB-DEC24-2-scaled.jpg\" alt=\"\" class=\"wp-image-223926\" srcset=\"https:\/\/www.donat.com\/wp-content\/uploads\/2026\/01\/Donat-DETOX-PRIROCNIK-SRB-DEC24-2-scaled.jpg 2560w, https:\/\/www.donat.com\/wp-content\/uploads\/2026\/01\/Donat-DETOX-PRIROCNIK-SRB-DEC24-2-300x225.jpg 300w, https:\/\/www.donat.com\/wp-content\/uploads\/2026\/01\/Donat-DETOX-PRIROCNIK-SRB-DEC24-2-1024x768.jpg 1024w, https:\/\/www.donat.com\/wp-content\/uploads\/2026\/01\/Donat-DETOX-PRIROCNIK-SRB-DEC24-2-1536x1152.jpg 1536w, https:\/\/www.donat.com\/wp-content\/uploads\/2026\/01\/Donat-DETOX-PRIROCNIK-SRB-DEC24-2-2048x1536.jpg 2048w, https:\/\/www.donat.com\/wp-content\/uploads\/2026\/01\/Donat-DETOX-PRIROCNIK-SRB-DEC24-2-133x100.jpg 133w, https:\/\/www.donat.com\/wp-content\/uploads\/2026\/01\/Donat-DETOX-PRIROCNIK-SRB-DEC24-2-750x563.jpg 750w, https:\/\/www.donat.com\/wp-content\/uploads\/2026\/01\/Donat-DETOX-PRIROCNIK-SRB-DEC24-2-900x675.jpg 900w\" sizes=\"auto, (max-width: 2560px) 100vw, 2560px\" \/><\/figure>\n<\/div><\/div>\n\n\n\n<div class=\"wp-block-column is-vertically-aligned-center default-column-text column-text\">\n<h2 class=\"wp-block-heading\" id=\"kdaj-priporocamo-pitje-donata\">Kako deluje vo\u0111eni program zdravlja?<\/h2>\n\n\n\n<p>Sa programom mo\u017eete da po\u010dnete kad god \u017eelite, a ako vam to pru\u017ea ve\u0107u motivaciju, mo\u017eete krenuti i zajedno sa Donatovom zajednicom (datume zajedni\u010dkih po\u010detaka objavi\u0107emo na vreme).<\/p>\n\n\n\n<div class=\"wp-block-buttons\">\n<div class=\"wp-block-button parent-btn--green--16\"><a class=\"wp-block-button__link wp-element-button\" href=\"#zacni-program\">Zapo\u010dni program<\/a><\/div>\n<\/div>\n<\/div>\n<\/div>\n\n\n        <\/div>\n    <\/div>\n<\/div>\n\n<div id=\"\" class=\"ow_container_section  container-989 detox-page-benefits column-window-height move-headline-section\">\n    <div class=\"container\">\n        <div class=\"content\">\n            \n\n<div class=\"wp-block-columns column-image-absolute\">\n<div class=\"wp-block-column is-vertically-aligned-center column-image default-column-text h40p20\">\n<h2 class=\"wp-block-heading mobile-headline\">\u0160ta programi imaju<br>zajedni\u010dko?<\/h2>\n\n\n<div class=\"wp-block-image image-position-absolute\">\n<figure class=\"alignleft size-full\"><img loading=\"lazy\" decoding=\"async\" width=\"706\" height=\"902\" src=\"https:\/\/www.donat.com\/wp-content\/uploads\/2024\/05\/donat-vodeni-programi_706\u200a\u00d7\u200a902.jpeg\" alt=\"\" class=\"wp-image-216739\" srcset=\"https:\/\/www.donat.com\/wp-content\/uploads\/2024\/05\/donat-vodeni-programi_706\u200a\u00d7\u200a902.jpeg 706w, https:\/\/www.donat.com\/wp-content\/uploads\/2024\/05\/donat-vodeni-programi_706\u200a\u00d7\u200a902-235x300.jpeg 235w, https:\/\/www.donat.com\/wp-content\/uploads\/2024\/05\/donat-vodeni-programi_706\u200a\u00d7\u200a902-78x100.jpeg 78w\" sizes=\"auto, (max-width: 706px) 100vw, 706px\" \/><\/figure>\n<\/div><\/div>\n\n\n\n<div class=\"wp-block-column is-vertically-aligned-center default-column-text column-text h40p20\">\n<h2 class=\"wp-block-heading\">\u0160ta programi imaju<br>zajedni\u010dko?<\/h2>\n\n\n\n<ul class=\"wp-block-list\">\n<li>Stvoreni su u saradnji sa stru\u010dnjacima.<\/li>\n\n\n\n<li>Potpuno su besplatni.<\/li>\n\n\n\n<li>Uklju\u010duju jelovnike i savete za redovno kretanje.<\/li>\n\n\n\n<li>Uklju\u010duj redovno pijenje Donata, koji je osnova ure\u0111ene probave.<\/li>\n<\/ul>\n<\/div>\n<\/div>\n\n\n        <\/div>\n    <\/div>\n<\/div>\n\n<div id=\"zacni-program\" class=\"ow_container_section  container-1440 ow-all-programs-block default-column-text\">\n    <div class=\"container\">\n        <div class=\"content\">\n            \n\n<div class=\"wp-block-columns\">\n<div class=\"wp-block-column is-vertically-aligned-stretch default-column-text column-text program-column4\"><\/div>\n\n\n\n<div class=\"wp-block-column is-vertically-aligned-top default-column-text column-text\">\n<div class=\"wp-block-group ow-all-programs-block-image\"><div class=\"wp-block-group__inner-container\">\n<figure class=\"wp-block-image size-full\"><img loading=\"lazy\" decoding=\"async\" width=\"470\" height=\"520\" src=\"https:\/\/www.donat.com\/wp-content\/uploads\/2024\/05\/Donat_UrsaPremik_30480_gradient.png\" alt=\"\" class=\"wp-image-216706\" srcset=\"https:\/\/www.donat.com\/wp-content\/uploads\/2024\/05\/Donat_UrsaPremik_30480_gradient.png 470w, https:\/\/www.donat.com\/wp-content\/uploads\/2024\/05\/Donat_UrsaPremik_30480_gradient-271x300.png 271w, https:\/\/www.donat.com\/wp-content\/uploads\/2024\/05\/Donat_UrsaPremik_30480_gradient-90x100.png 90w\" sizes=\"auto, (max-width: 470px) 100vw, 470px\" \/><\/figure>\n\n\n\n<figure class=\"wp-block-image size-full badge\"><img loading=\"lazy\" decoding=\"async\" width=\"179\" height=\"175\" src=\"https:\/\/www.donat.com\/wp-content\/uploads\/2022\/04\/kolescek-1.png\" alt=\"\" class=\"wp-image-90169\" srcset=\"https:\/\/www.donat.com\/wp-content\/uploads\/2022\/04\/kolescek-1.png 179w, https:\/\/www.donat.com\/wp-content\/uploads\/2022\/04\/kolescek-1-102x100.png 102w\" sizes=\"auto, (max-width: 179px) 100vw, 179px\" \/><\/figure>\n<\/div><\/div>\n\n\n\n<div class=\"wp-block-group ow-all-programs-block-single-bottom\"><div class=\"wp-block-group__inner-container\">\n<h3 class=\"wp-block-heading\"><strong>Donat<\/strong> Detox<\/h3>\n\n\n\n<p class=\"ow-all-programs-block-single-description\">Besplatni program Donat Detox u trajanju od 21 dan vodi\u0107e vas kroz osnove celovite detoksikacije uz unapred pripremljene jelovnike i predloge dnevnih rituala, \u0161to \u0107e vam pomo\u0107i da celovito pristupite detoksikaciji, koja se preporu\u010duje najmanje jednom godi\u0161nje.<\/p>\n\n\n\n<div class=\"wp-block-buttons\">\n<div class=\"wp-block-button parent-btn--green--16\"><a class=\"wp-block-button__link wp-element-button\" href=\"https:\/\/donat.com\/sr\/detox\/\">VI\u0160E O PROGRAMU DONAT DETOX<\/a><\/div>\n<\/div>\n<\/div><\/div>\n<\/div>\n\n\n\n<div class=\"wp-block-column is-vertically-aligned-stretch default-column-text column-text program-column4\">\n<div class=\"wp-block-group ow-all-programs-block-image\"><div class=\"wp-block-group__inner-container\">\n<div class=\"wp-block-group\"><div class=\"wp-block-group__inner-container\">\n<figure class=\"wp-block-image size-full first-image\"><img loading=\"lazy\" decoding=\"async\" width=\"470\" height=\"520\" src=\"https:\/\/www.donat.com\/wp-content\/uploads\/2024\/05\/Donat_UrsaPremik_44382_gradient.png\" alt=\"\" class=\"wp-image-216685\" srcset=\"https:\/\/www.donat.com\/wp-content\/uploads\/2024\/05\/Donat_UrsaPremik_44382_gradient.png 470w, https:\/\/www.donat.com\/wp-content\/uploads\/2024\/05\/Donat_UrsaPremik_44382_gradient-271x300.png 271w, https:\/\/www.donat.com\/wp-content\/uploads\/2024\/05\/Donat_UrsaPremik_44382_gradient-90x100.png 90w\" sizes=\"auto, (max-width: 470px) 100vw, 470px\" \/><\/figure>\n\n\n\n<figure class=\"wp-block-image size-full is-resized badge\"><img loading=\"lazy\" decoding=\"async\" width=\"667\" height=\"667\" src=\"https:\/\/www.donat.com\/wp-content\/uploads\/2025\/02\/DONAT-VITAL-PNGs-MAR22-V19.png\" alt=\"\" class=\"wp-image-219243\" style=\"object-fit:cover;width:179px;height:179px\" srcset=\"https:\/\/www.donat.com\/wp-content\/uploads\/2025\/02\/DONAT-VITAL-PNGs-MAR22-V19.png 667w, https:\/\/www.donat.com\/wp-content\/uploads\/2025\/02\/DONAT-VITAL-PNGs-MAR22-V19-300x300.png 300w, https:\/\/www.donat.com\/wp-content\/uploads\/2025\/02\/DONAT-VITAL-PNGs-MAR22-V19-150x150.png 150w, https:\/\/www.donat.com\/wp-content\/uploads\/2025\/02\/DONAT-VITAL-PNGs-MAR22-V19-400x400.png 400w, https:\/\/www.donat.com\/wp-content\/uploads\/2025\/02\/DONAT-VITAL-PNGs-MAR22-V19-600x600.png 600w, https:\/\/www.donat.com\/wp-content\/uploads\/2025\/02\/DONAT-VITAL-PNGs-MAR22-V19-550x550.png 550w, https:\/\/www.donat.com\/wp-content\/uploads\/2025\/02\/DONAT-VITAL-PNGs-MAR22-V19-100x100.png 100w\" sizes=\"auto, (max-width: 667px) 100vw, 667px\" \/><\/figure>\n<\/div><\/div>\n<\/div><\/div>\n\n\n\n<div class=\"wp-block-group ow-all-programs-block-single-bottom\"><div class=\"wp-block-group__inner-container\">\n<h3 class=\"wp-block-heading\"><strong>Za 6<\/strong> <strong>dana<\/strong> <strong>do bolje probave<\/strong><\/h3>\n\n\n\n<p class=\"ow-all-programs-block-single-description\">Spora probava i zatvor izazivaju nepotrebno zadr\u017eavanje \u0161tetnih supstanci u organizmu, smanjuju efikasnost imuniteta i ugro\u017eavaju zdravlje. Besplatni program Za 6 dana do bolje probave pomo\u0107i \u0107e vam da re\u0161ite probleme sa sporom probavom ili zatvorom i da uspostavite optimalan rad probavnog sistema u celini.<\/p>\n\n\n\n<div class=\"wp-block-buttons\">\n<div class=\"wp-block-button parent-btn--green--16\"><a class=\"wp-block-button__link wp-element-button\" href=\"https:\/\/donat.com\/sr\/v-6-dneh-do-boljse-prebave\/\">VI\u0160E O PROGRAMU<\/a><\/div>\n<\/div>\n<\/div><\/div>\n<\/div>\n\n\n\n<div class=\"wp-block-column\"><\/div>\n<\/div>\n\n\n        <\/div>\n    <\/div>\n<\/div>","protected":false},"excerpt":{"rendered":"","protected":false},"author":446719,"featured_media":0,"parent":0,"menu_order":0,"comment_status":"closed","ping_status":"closed","template":"","meta":{"_acf_changed":false,"footnotes":""},"class_list":["post-224518","page","type-page","status-publish","hentry"],"acf":[],"_links":{"self":[{"href":"https:\/\/www.donat.com\/sr\/wp-json\/wp\/v2\/pages\/224518","targetHints":{"allow":["GET"]}}],"collection":[{"href":"https:\/\/www.donat.com\/sr\/wp-json\/wp\/v2\/pages"}],"about":[{"href":"https:\/\/www.donat.com\/sr\/wp-json\/wp\/v2\/types\/page"}],"author":[{"embeddable":true,"href":"https:\/\/www.donat.com\/sr\/wp-json\/wp\/v2\/users\/446719"}],"replies":[{"embeddable":true,"href":"https:\/\/www.donat.com\/sr\/wp-json\/wp\/v2\/comments?post=224518"}],"version-history":[{"count":15,"href":"https:\/\/www.donat.com\/sr\/wp-json\/wp\/v2\/pages\/224518\/revisions"}],"predecessor-version":[{"id":224580,"href":"https:\/\/www.donat.com\/sr\/wp-json\/wp\/v2\/pages\/224518\/revisions\/224580"}],"wp:attachment":[{"href":"https:\/\/www.donat.com\/sr\/wp-json\/wp\/v2\/media?parent=224518"}],"curies":[{"name":"wp","href":"https:\/\/api.w.org\/{rel}","templated":true}]}}